{"id":134198,"date":"2021-10-05T10:32:55","date_gmt":"2021-10-05T08:32:55","guid":{"rendered":"https:\/\/www.graef-gnu.com\/empresa\/gestion-de-la-calidad\/"},"modified":"2025-07-07T16:54:04","modified_gmt":"2025-07-07T14:54:04","slug":"gestion-de-la-calidad","status":"publish","type":"page","link":"https:\/\/graef-gnu.com\/es\/empresa\/gestion-de-la-calidad\/","title":{"rendered":"Gesti\u00f3n de la calidad"},"content":{"rendered":"<div class=\"avia-section main_color slider-section size-small  \">\n\t<div class=\"slider-section-wrapper \">\n\t\t\t\t<div class=\"slider-section-slide align-left header-animation-simple-global \">\n\t\t\t\t<div class=\"slider-section-background-wrap\">\n\t\t\t\t\t\t\t\t\t\t<div class=\"slider-section-background\" style=\"background-image: url('https:\/\/graef-gnu.com\/wp-content\/uploads\/Qualitaetsmanagement_Header.jpg'); background-position: center right;background-size: cover;background-repeat: no-repeat;\"><\/div>\n\t\t\t\t\t\t\t\t\t\t\t\t\t\t\t\t\t\t\t<\/div>\n\n\t\t\t\t<div class=\"slider-section-inner container\">\n\t\t\t\t\t<div class=\"slider-section-content-wrap\">\n\t\t\t\t\t\t\t\t\t\t\t\t\t\t\t\t\t\t<div class=\"slider-section-text-wrap\">\n\t\t\t\t\t\t\t<span class=\"slider-section-headline\">Seguridad certificada<br \/>\nde los productos<\/span>\t\t\t\t\t\t\t<span class=\"slider-section-subline\">Y mejora continua<\/span>\t\t\t\t\t\t\t\t\t\t\t\t\t<\/div>\n\t\t\t\t\t\t\t\t\t\t\t<\/div>\n\t\t\t\t\t\t\t\t\t\t<\/div>\n\t\t\t<\/div>\n\t\t<\/div>\n\n\n<\/div>\n<\/div><\/div><\/div><!-- close content main div --><\/div><\/div><div id='av_section_1'  class='avia-section av-71ou4-d36e21e2688e5034bcc20c7e790905c7 main_color avia-section-default avia-no-border-styling  avia-builder-el-1  el_after_pixel_headimage  el_before_av_postcontent  gradient-background section-pseudo-element section-quality avia-bg-style-scroll container_wrap fullsize'  ><div class='container av-section-cont-open' ><div class='template-page content  av-content-full alpha units'><div class='post-entry post-entry-type-page post-entry-134198'><div class='entry-content-wrapper clearfix'>\n<div  class='flex_column av-lvm7ubi4-d6f03e15fc146e30869c042145f1b945 av_one_full  avia-builder-el-2  el_before_av_one_half  avia-builder-el-first  first flex_column_div av-animated-generic left-to-right  '     ><div class=\"pixel-headline align-left no-margin  sub-bottom  \">\n\t\t<div class=\"headline-wrap-inner\">\n\t\t\t\t<h1 class=\"headline-content headline-primary  \">Gesti\u00f3n de la calidad<\/h1>\t\t<h3 class=\"headline-content headline-secondary  \">Cualificado y certificado<\/h3>\t<\/div>\n<\/div><\/div>\n<style type=\"text\/css\" data-created_by=\"avia_inline_auto\" id=\"style-css-av-6jxy4-0db0373a03f6614d8a1fa8b9247d8114\">\n.flex_column.av-6jxy4-0db0373a03f6614d8a1fa8b9247d8114{\nborder-radius:0px 0px 0px 0px;\npadding:0px 0px 0px 0px;\n}\n<\/style>\n<div  class='flex_column av-6jxy4-0db0373a03f6614d8a1fa8b9247d8114 av_one_half  avia-builder-el-4  el_after_av_one_full  el_before_av_one_half  first flex_column_div av-animated-generic left-to-right av-zero-column-padding  column-top-margin'     ><section  class='av_textblock_section av-kfmh2yst-fcc0b9bd9af17b7445fb9cac6f20b70c '   itemscope=\"itemscope\" itemtype=\"https:\/\/schema.org\/CreativeWork\" ><div class='avia_textblock'  itemprop=\"text\" ><p>Cumplir plenamente los requisitos de calidad y rendimiento de los socios y clientes es una prioridad absoluta para GNU. Todos los pasos de la producci\u00f3n se rastrean con la ayuda de un sistema ERP inteligente. Al mismo tiempo, se comprueba varias veces la calidad y la precisi\u00f3n de cada producto mediante m\u00e9todos de medici\u00f3n modernos y tambi\u00e9n tradicionales. El control de calidad continuo en todos los pasos de la producci\u00f3n le ofrece a usted, como cliente, la seguridad de una calidad constante de nuestros productos probados y duraderos.<\/p>\n<\/div><\/section><\/div>\n<style type=\"text\/css\" data-created_by=\"avia_inline_auto\" id=\"style-css-av-6jxy4-8276abcb80493991e1ad30af2d50632b\">\n.flex_column.av-6jxy4-8276abcb80493991e1ad30af2d50632b{\nborder-radius:0px 0px 0px 0px;\npadding:0px 0px 0px 0px;\n}\n<\/style>\n<div  class='flex_column av-6jxy4-8276abcb80493991e1ad30af2d50632b av_one_half  avia-builder-el-6  el_after_av_one_half  el_before_av_one_third  flex_column_div av-animated-generic right-to-left av-zero-column-padding  column-top-margin'     ><section  class='av_textblock_section av-kfmh2yst-fcc0b9bd9af17b7445fb9cac6f20b70c '   itemscope=\"itemscope\" itemtype=\"https:\/\/schema.org\/CreativeWork\" ><div class='avia_textblock'  itemprop=\"text\" ><p>Otra caracter\u00edstica de calidad es la grabaci\u00f3n digital de todos los productos y pedidos incluso antes de su env\u00edo. Fabricamos voluntariamente seg\u00fan las especificaciones y normas de la Uni\u00f3n Europea de Troquelado (ESU). Adem\u00e1s, nuestra gesti\u00f3n de calidad est\u00e1 certificada por T\u00dcV Rheinland.<\/p>\n<\/div><\/section><\/div><div  class='flex_column av-lvm7uttf-df4006120a35037a7322ec8edaac6697 av_one_third  avia-builder-el-8  el_after_av_one_half  el_before_av_one_third  first flex_column_div av-animated-generic bottom-to-top  column-top-margin'     ><a class=\"pixel-imagebox media-image\" href=\"\/wp-content\/uploads\/ISO-9001_DE.pdf\" target=\"_blank\" rel=\"noopener\">\n\n    \n    <div class=\"pixel-imagebox-media\">\n\t\t\t\t<img decoding=\"async\" src=\"https:\/\/graef-gnu.com\/wp-content\/uploads\/gnu_zertifikat_iso9001_DE.jpg\" alt=\"https:\/\/graef-gnu.com\/wp-content\/uploads\/gnu_zertifikat_iso9001_DE.jpg\" \/>\t\t    <\/div>\n\n    \n    \n\t<div class=\"pixel-imagebox-content\">\n\t\tCertificado ISO 9001:2015\n\t<\/div>\n\n\t\n<\/a><\/div><div  class='flex_column av-lvm7v67n-01da8d523e1c378552f2601e91dffa8b av_one_third  avia-builder-el-10  el_after_av_one_third  el_before_av_one_third  flex_column_div av-animated-generic bottom-to-top  column-top-margin'     ><a class=\"pixel-imagebox media-image\" href=\"https:\/\/graef-gnu.com\/wp-content\/uploads\/63282e.pdf\" target=\"_blank\" rel=\"noopener\">\n\n    \n    <div class=\"pixel-imagebox-media\">\n\t\t\t\t<img decoding=\"async\" src=\"https:\/\/graef-gnu.com\/wp-content\/uploads\/gnu_zertifikat_isega_colorcell_DE.jpg\" alt=\"https:\/\/graef-gnu.com\/wp-content\/uploads\/gnu_zertifikat_isega_colorcell_DE.jpg\" \/>\t\t    <\/div>\n\n    \n    \n\t<div class=\"pixel-imagebox-content\">\n\t\tCertificado ISEGA ColorCell\u00ae\n\t<\/div>\n\n\t\n<\/a><\/div><div  class='flex_column av-lvm7v9nw-8239ccf894d90a32fd91832761a64d89 av_one_third  avia-builder-el-12  el_after_av_one_third  avia-builder-el-last  flex_column_div av-animated-generic bottom-to-top  column-top-margin'     ><a class=\"pixel-imagebox media-image\" href=\"https:\/\/graef-gnu.com\/wp-content\/uploads\/63283e.pdf\" target=\"_blank\" rel=\"noopener\">\n\n    \n    <div class=\"pixel-imagebox-media\">\n\t\t\t\t<img decoding=\"async\" src=\"https:\/\/graef-gnu.com\/wp-content\/uploads\/gnu_zertifikat_isega_profile_sprintelast_DE.jpg\" alt=\"https:\/\/graef-gnu.com\/wp-content\/uploads\/gnu_zertifikat_isega_profile_sprintelast_DE.jpg\" \/>\t\t    <\/div>\n\n    \n    \n\t<div class=\"pixel-imagebox-content\">\n\t\tCertificado ISEGA Profile Sprintelast\u00ae\n\t<\/div>\n\n\t\n<\/a><\/div>[av_section min_height='' min_height_pc='25' min_height_px='500px' shadow='no-border-styling' bottom_border='no-border-styling' bottom_border_diagonal_color='#333333' bottom_border_diagonal_direction='' bottom_border_style='' padding='small' custom_margin='0px' custom_margin_sync='true' av-desktop-custom_margin='' av-desktop-custom_margin_sync='true' av-medium-custom_margin='' av-medium-custom_margin_sync='true' av-small-custom_margin='' av-small-custom_margin_sync='true' av-mini-custom_margin='' av-mini-custom_margin_sync='true' svg_div_top='' svg_div_top_color='#333333' svg_div_top_width='100' svg_div_top_height='50' svg_div_top_max_height='none' svg_div_top_opacity='' svg_div_bottom='' svg_div_bottom_color='#333333' svg_div_bottom_width='100' svg_div_bottom_height='50' svg_div_bottom_max_height='none' svg_div_bottom_opacity='' fold_type='' fold_height='' fold_more='Weiterlesen' fold_less='Read less' fold_text_style='' fold_btn_align='' color='alternate_color' background='bg_color' custom_bg='' background_gradient_direction='vertical' background_gradient_color1='' background_gradient_color2='' background_gradient_color3='' src='' attachment='' attachment_size='' attach='scroll' position='top center' repeat='stretch' video='' video_ratio='16:9' overlay_opacity='0.5' overlay_color='' overlay_pattern='' overlay_custom_pattern='' custom_arrow_bg='' fold_overlay_color='' fold_text_color='' fold_btn_color='theme-color' fold_btn_bg_color='' fold_btn_font_color='' size-btn-text='' av-desktop-font-size-btn-text='' av-medium-font-size-btn-text='' av-small-font-size-btn-text='' av-mini-font-size-btn-text='' fold_timer='' z_index_fold='' css_position_z_index='' av-desktop-css_position_z_index='' av-medium-css_position_z_index='' av-small-css_position_z_index='' av-mini-css_position_z_index='' id='' custom_class='' template_class='' aria_label='' av_element_hidden_in_editor='0' av_uid='av-1q5tn' sc_version='1.0']\r\n\r\n[av_one_full first min_height='' vertical_alignment='av-align-top' space='' row_boxshadow_width='10' row_boxshadow_color='' margin='0px' margin_sync='true' av-desktop-margin='' av-desktop-margin_sync='true' av-medium-margin='' av-medium-margin_sync='true' av-small-margin='' av-small-margin_sync='true' av-mini-margin='' av-mini-margin_sync='true' mobile_breaking='' mobile_column_order='' border='' border_style='solid' border_color='' radius='0px' radius_sync='true' min_col_height='' padding='0px' padding_sync='true' av-desktop-padding='' av-desktop-padding_sync='true' av-medium-padding='' av-medium-padding_sync='true' av-small-padding='' av-small-padding_sync='true' av-mini-padding='' av-mini-padding_sync='true' svg_div_top='' svg_div_top_color='#333333' svg_div_top_width='100' svg_div_top_height='50' svg_div_top_max_height='none' svg_div_top_opacity='' svg_div_bottom='' svg_div_bottom_color='#333333' svg_div_bottom_width='100' svg_div_bottom_height='50' svg_div_bottom_max_height='none' svg_div_bottom_opacity='' fold_type='' fold_height='' fold_more='Weiterlesen' fold_less='Read less' fold_text_style='' fold_btn_align='' column_boxshadow_width='10' column_boxshadow_color='' background='bg_color' background_color='' background_gradient_direction='vertical' background_gradient_color1='' background_gradient_color2='' background_gradient_color3='' src='' attachment='' attachment_size='' background_position='top left' background_repeat='no-repeat' highlight_size='1.1' fold_overlay_color='' fold_text_color='' fold_btn_color='theme-color' fold_btn_bg_color='' fold_btn_font_color='' size-btn-text='' av-desktop-font-size-btn-text='' av-medium-font-size-btn-text='' av-small-font-size-btn-text='' av-mini-font-size-btn-text='' animation='bottom-to-top' animation_duration='' animation_custom_bg_color='' animation_z_index_curtain='100' parallax_parallax='' parallax_parallax_speed='' av-desktop-parallax_parallax='' av-desktop-parallax_parallax_speed='' av-medium-parallax_parallax='' av-medium-parallax_parallax_speed='' av-small-parallax_parallax='' av-small-parallax_parallax_speed='' av-mini-parallax_parallax='' av-mini-parallax_parallax_speed='' fold_timer='' z_index_fold='' css_position='' css_position_location=',,,' css_position_z_index='' av-desktop-css_position='' av-desktop-css_position_location=',,,' av-desktop-css_position_z_index='' av-medium-css_position='' av-medium-css_position_location=',,,' av-medium-css_position_z_index='' av-small-css_position='' av-small-css_position_location=',,,' av-small-css_position_z_index='' av-mini-css_position='' av-mini-css_position_location=',,,' av-mini-css_position_z_index='' link='' linktarget='' link_hover='' title_attr='' alt_attr='' mobile_display='' mobile_col_pos='0' id='' custom_class='' template_class='' aria_label='' av_uid='av-10hqz' sc_version='1.0']\r\n\r\n[pixel_sc_headline heading='Contacte con' heading_tag='span' subheading_check='' subheading='' subheading_tag='h3' align='left' heading_alias='-h1' heading_class='' subheading_alias='' subheading_class='' heading_position='' primary_color='color-white' secondary_color='' stroke='' custom_class='' av_uid='av-kfgpm48q'][\/pixel_sc_headline]\r\n\r\n[av_codeblock wrapper_element='' wrapper_element_attributes='' codeblock_type='' deactivate_wrapper='aviaTBdeactivate_wrapper' alb_description='' id='' custom_class='' av_uid='av-kfgonev4']\r\n[contact-form-7 id=\"98\" title=\"Standard\"]\r\n[\/av_codeblock]\r\n\r\n[\/av_one_full][\/av_section]<\/p>\n","protected":false},"excerpt":{"rendered":"","protected":false},"author":1,"featured_media":0,"parent":134178,"menu_order":0,"comment_status":"closed","ping_status":"closed","template":"","meta":{"_acf_changed":false,"footnotes":""},"class_list":["post-134198","page","type-page","status-publish","hentry"],"acf":[],"yoast_head":"<!-- This site is optimized with the Yoast SEO plugin v22.6 - https:\/\/yoast.com\/wordpress\/plugins\/seo\/ -->\n<title>Gesti\u00f3n de la calidad - August Graef GNU<\/title>\n<meta name=\"description\" content=\"Cumplir plenamente los requisitos de calidad y rendimiento de los socios y clientes es una de las principales prioridades de GNU.\" \/>\n<meta name=\"robots\" content=\"index, follow, max-snippet:-1, max-image-preview:large, max-video-preview:-1\" \/>\n<link rel=\"canonical\" href=\"https:\/\/graef-gnu.com\/es\/empresa\/gestion-de-la-calidad\/\" \/>\n<meta property=\"og:locale\" content=\"es_ES\" \/>\n<meta property=\"og:type\" content=\"article\" \/>\n<meta property=\"og:title\" content=\"Gesti\u00f3n de la calidad - August Graef GNU\" \/>\n<meta property=\"og:description\" content=\"Cumplir plenamente los requisitos de calidad y rendimiento de los socios y clientes es una de las principales prioridades de GNU.\" \/>\n<meta property=\"og:url\" content=\"https:\/\/graef-gnu.com\/es\/empresa\/gestion-de-la-calidad\/\" \/>\n<meta property=\"og:site_name\" content=\"August Graef GNU\" \/>\n<meta property=\"article:modified_time\" content=\"2025-07-07T14:54:04+00:00\" \/>\n<meta name=\"twitter:card\" content=\"summary_large_image\" \/>\n<meta name=\"twitter:label1\" content=\"Tiempo de lectura\" \/>\n\t<meta name=\"twitter:data1\" content=\"17 minutos\" \/>\n<script type=\"application\/ld+json\" class=\"yoast-schema-graph\">{\"@context\":\"https:\/\/schema.org\",\"@graph\":[{\"@type\":\"WebPage\",\"@id\":\"https:\/\/graef-gnu.com\/es\/empresa\/gestion-de-la-calidad\/\",\"url\":\"https:\/\/graef-gnu.com\/es\/empresa\/gestion-de-la-calidad\/\",\"name\":\"Gesti\u00f3n de la calidad - August Graef GNU\",\"isPartOf\":{\"@id\":\"https:\/\/graef-gnu.com\/#website\"},\"datePublished\":\"2021-10-05T08:32:55+00:00\",\"dateModified\":\"2025-07-07T14:54:04+00:00\",\"description\":\"Cumplir plenamente los requisitos de calidad y rendimiento de los socios y clientes es una de las principales prioridades de GNU.\",\"breadcrumb\":{\"@id\":\"https:\/\/graef-gnu.com\/es\/empresa\/gestion-de-la-calidad\/#breadcrumb\"},\"inLanguage\":\"es\",\"potentialAction\":[{\"@type\":\"ReadAction\",\"target\":[\"https:\/\/graef-gnu.com\/es\/empresa\/gestion-de-la-calidad\/\"]}]},{\"@type\":\"BreadcrumbList\",\"@id\":\"https:\/\/graef-gnu.com\/es\/empresa\/gestion-de-la-calidad\/#breadcrumb\",\"itemListElement\":[{\"@type\":\"ListItem\",\"position\":1,\"name\":\"Startseite\",\"item\":\"https:\/\/graef-gnu.com\/es\/\"},{\"@type\":\"ListItem\",\"position\":2,\"name\":\"Empresa\",\"item\":\"https:\/\/graef-gnu.com\/es\/empresa\/\"},{\"@type\":\"ListItem\",\"position\":3,\"name\":\"Gesti\u00f3n de la calidad\"}]},{\"@type\":\"WebSite\",\"@id\":\"https:\/\/graef-gnu.com\/#website\",\"url\":\"https:\/\/graef-gnu.com\/\",\"name\":\"August Graef GNU\",\"description\":\"\",\"potentialAction\":[{\"@type\":\"SearchAction\",\"target\":{\"@type\":\"EntryPoint\",\"urlTemplate\":\"https:\/\/graef-gnu.com\/?s={search_term_string}\"},\"query-input\":\"required name=search_term_string\"}],\"inLanguage\":\"es\"}]}<\/script>\n<!-- \/ Yoast SEO plugin. -->","yoast_head_json":{"title":"Gesti\u00f3n de la calidad - August Graef GNU","description":"Cumplir plenamente los requisitos de calidad y rendimiento de los socios y clientes es una de las principales prioridades de GNU.","robots":{"index":"index","follow":"follow","max-snippet":"max-snippet:-1","max-image-preview":"max-image-preview:large","max-video-preview":"max-video-preview:-1"},"canonical":"https:\/\/graef-gnu.com\/es\/empresa\/gestion-de-la-calidad\/","og_locale":"es_ES","og_type":"article","og_title":"Gesti\u00f3n de la calidad - August Graef GNU","og_description":"Cumplir plenamente los requisitos de calidad y rendimiento de los socios y clientes es una de las principales prioridades de GNU.","og_url":"https:\/\/graef-gnu.com\/es\/empresa\/gestion-de-la-calidad\/","og_site_name":"August Graef GNU","article_modified_time":"2025-07-07T14:54:04+00:00","twitter_card":"summary_large_image","twitter_misc":{"Tiempo de lectura":"17 minutos"},"schema":{"@context":"https:\/\/schema.org","@graph":[{"@type":"WebPage","@id":"https:\/\/graef-gnu.com\/es\/empresa\/gestion-de-la-calidad\/","url":"https:\/\/graef-gnu.com\/es\/empresa\/gestion-de-la-calidad\/","name":"Gesti\u00f3n de la calidad - August Graef GNU","isPartOf":{"@id":"https:\/\/graef-gnu.com\/#website"},"datePublished":"2021-10-05T08:32:55+00:00","dateModified":"2025-07-07T14:54:04+00:00","description":"Cumplir plenamente los requisitos de calidad y rendimiento de los socios y clientes es una de las principales prioridades de GNU.","breadcrumb":{"@id":"https:\/\/graef-gnu.com\/es\/empresa\/gestion-de-la-calidad\/#breadcrumb"},"inLanguage":"es","potentialAction":[{"@type":"ReadAction","target":["https:\/\/graef-gnu.com\/es\/empresa\/gestion-de-la-calidad\/"]}]},{"@type":"BreadcrumbList","@id":"https:\/\/graef-gnu.com\/es\/empresa\/gestion-de-la-calidad\/#breadcrumb","itemListElement":[{"@type":"ListItem","position":1,"name":"Startseite","item":"https:\/\/graef-gnu.com\/es\/"},{"@type":"ListItem","position":2,"name":"Empresa","item":"https:\/\/graef-gnu.com\/es\/empresa\/"},{"@type":"ListItem","position":3,"name":"Gesti\u00f3n de la calidad"}]},{"@type":"WebSite","@id":"https:\/\/graef-gnu.com\/#website","url":"https:\/\/graef-gnu.com\/","name":"August Graef GNU","description":"","potentialAction":[{"@type":"SearchAction","target":{"@type":"EntryPoint","urlTemplate":"https:\/\/graef-gnu.com\/?s={search_term_string}"},"query-input":"required name=search_term_string"}],"inLanguage":"es"}]}},"_links":{"self":[{"href":"https:\/\/graef-gnu.com\/es\/wp-json\/wp\/v2\/pages\/134198","targetHints":{"allow":["GET"]}}],"collection":[{"href":"https:\/\/graef-gnu.com\/es\/wp-json\/wp\/v2\/pages"}],"about":[{"href":"https:\/\/graef-gnu.com\/es\/wp-json\/wp\/v2\/types\/page"}],"author":[{"embeddable":true,"href":"https:\/\/graef-gnu.com\/es\/wp-json\/wp\/v2\/users\/1"}],"replies":[{"embeddable":true,"href":"https:\/\/graef-gnu.com\/es\/wp-json\/wp\/v2\/comments?post=134198"}],"version-history":[{"count":23,"href":"https:\/\/graef-gnu.com\/es\/wp-json\/wp\/v2\/pages\/134198\/revisions"}],"predecessor-version":[{"id":177657,"href":"https:\/\/graef-gnu.com\/es\/wp-json\/wp\/v2\/pages\/134198\/revisions\/177657"}],"up":[{"embeddable":true,"href":"https:\/\/graef-gnu.com\/es\/wp-json\/wp\/v2\/pages\/134178"}],"wp:attachment":[{"href":"https:\/\/graef-gnu.com\/es\/wp-json\/wp\/v2\/media?parent=134198"}],"curies":[{"name":"wp","href":"https:\/\/api.w.org\/{rel}","templated":true}]}}