{"id":134456,"date":"2021-10-05T10:33:25","date_gmt":"2021-10-05T08:33:25","guid":{"rendered":"https:\/\/www.graef-gnu.com\/pie-de-imprenta\/"},"modified":"2024-10-22T13:37:56","modified_gmt":"2024-10-22T11:37:56","slug":"pie-de-imprenta","status":"publish","type":"page","link":"https:\/\/graef-gnu.com\/es\/pie-de-imprenta\/","title":{"rendered":"Pie de imprenta"},"content":{"rendered":"<div id='av_section_1'  class='avia-section av-m4j9f-64a341a216d0fd8531e81e7e16352473 main_color avia-section-default avia-no-border-styling  avia-builder-el-0  avia-builder-el-no-sibling  avia-bg-style-scroll container_wrap fullsize'  ><div class='container av-section-cont-open' ><main  role=\"main\" itemprop=\"mainContentOfPage\"  class='template-page content  av-content-full alpha units'><div class='post-entry post-entry-type-page post-entry-134456'><div class='entry-content-wrapper clearfix'>\n<div  class='flex_column av-av_one_full-41ee899840124b6993b57a87f996c353 av_one_full  avia-builder-el-1  el_before_av_one_third  avia-builder-el-first  first flex_column_div  '     ><div class=\"pixel-headline align-left no-margin  sub-bottom  \">\n\t\t<div class=\"headline-wrap-inner\">\n\t\t\t\t<h1 class=\"headline-content headline-primary  \">Pie de imprenta<\/h1>\t\t\t<\/div>\n<\/div><\/div>\n<style type=\"text\/css\" data-created_by=\"avia_inline_auto\" id=\"style-css-av-fk257-c27290f19e15b4ad4e298c3d4213b558\">\n.flex_column.av-fk257-c27290f19e15b4ad4e298c3d4213b558{\nborder-radius:0px 0px 0px 0px;\npadding:0px 0px 0px 0px;\n}\n<\/style>\n<div  class='flex_column av-fk257-c27290f19e15b4ad4e298c3d4213b558 av_one_third  avia-builder-el-3  el_after_av_one_full  el_before_av_two_third  first flex_column_div av-zero-column-padding  column-top-margin'     ><section  class='av_textblock_section av-kfmb69lc-23fa159f00ef5be00e1782527f01d5da '   itemscope=\"itemscope\" itemtype=\"https:\/\/schema.org\/CreativeWork\" ><div class='avia_textblock'  itemprop=\"text\" ><p>August Graef GNU GmbH<br \/>\nWernerstra\u00dfe 28<br \/>\n42285 Wuppertal<br \/>\nAlemania<\/p>\n<p><strong>Contacto:<\/strong><\/p>\n<p>Tel\u00e9fono: +49 (0) 202 280 44 0<br \/>\nFax: +49 (0) 202 888 91<\/p>\n<p><strong>Tribunal de registro:<\/strong><\/p>\n<p>Tribunal local de Wuppertal HRB 4946<\/p>\n<p><strong>N\u00famero de identificaci\u00f3n del impuesto:<\/strong><\/p>\n<p>DE 811191078<\/p>\n<p><strong>Responsable del contenido:<\/strong><\/p>\n<p>Director General:<br \/>\nDipl.-Kfm. Gerhard Koll<br \/>\nPhilipp Koll (M.A.)<\/p>\n<\/div><\/section><\/div>\n<style type=\"text\/css\" data-created_by=\"avia_inline_auto\" id=\"style-css-av-6s7rv-5d24b84f451a4f4e841352b4f4eea7d4\">\n.flex_column.av-6s7rv-5d24b84f451a4f4e841352b4f4eea7d4{\nborder-radius:0px 0px 0px 0px;\npadding:0px 0px 0px 0px;\n}\n<\/style>\n<div  class='flex_column av-6s7rv-5d24b84f451a4f4e841352b4f4eea7d4 av_two_third  avia-builder-el-5  el_after_av_one_third  avia-builder-el-last  flex_column_div av-zero-column-padding  column-top-margin'     ><section  class='av_textblock_section av-kfmb69lc-a87222901313f0b88a4df4f4b6e10629 '   itemscope=\"itemscope\" itemtype=\"https:\/\/schema.org\/CreativeWork\" ><div class='avia_textblock'  itemprop=\"text\" ><p><strong>1. contenido de la oferta en l\u00ednea<\/strong><\/p>\n<p>El autor no se responsabiliza de la actualidad, exactitud, integridad o calidad de la informaci\u00f3n proporcionada. Quedan excluidas por principio las reclamaciones de responsabilidad contra el autor relativas a da\u00f1os materiales o inmateriales causados por el uso o no uso de la informaci\u00f3n facilitada o por el uso de informaci\u00f3n incorrecta o incompleta, siempre que no exista una culpa intencionada o gravemente negligente demostrable por parte del autor. Todas las ofertas est\u00e1n sujetas a cambios y no son vinculantes. El autor se reserva expresamente el derecho a modificar, completar o eliminar partes de las p\u00e1ginas o la totalidad del sitio web sin previo aviso, o a dejar de publicarlo temporal o definitivamente.<\/p>\n<p><strong>2. referencias y enlaces<\/strong><\/p>\n<p>En el caso de las referencias directas o indirectas a sitios web externos (&#8220;hiperv\u00ednculos&#8221;) que se encuentran fuera del \u00e1mbito de responsabilidad del autor, s\u00f3lo entrar\u00eda en vigor una obligaci\u00f3n de responsabilidad si el autor tuviera conocimiento del contenido y le fuera t\u00e9cnicamente posible y razonable impedir el uso en caso de contenido ilegal. El autor declara expresamente que, en el momento de crear los enlaces, no se apreciaba ning\u00fan contenido ilegal en las p\u00e1ginas enlazadas. El autor no tiene ninguna influencia sobre el dise\u00f1o actual y futuro, el contenido o la autor\u00eda de las p\u00e1ginas enlazadas. Por este motivo, el autor se distancia expresamente de todos los contenidos de todas las p\u00e1ginas enlazadas que hayan sido modificadas despu\u00e9s de la creaci\u00f3n del enlace. Esta declaraci\u00f3n se aplica a todos los enlaces y referencias establecidos dentro de la propia p\u00e1gina web del autor, as\u00ed como a las entradas de terceros en los libros de visitas, foros de discusi\u00f3n, directorios de enlaces, listas de correo y todas las dem\u00e1s formas de bases de datos creadas por el autor a las que sea posible el acceso de escritura externo. De los contenidos ilegales, incorrectos o incompletos y, en particular, de los da\u00f1os y perjuicios derivados del uso o no uso de dicha informaci\u00f3n, el \u00fanico responsable ser\u00e1 el proveedor de la p\u00e1gina a la que se hace referencia, y no la parte que se limita a remitir a la respectiva publicaci\u00f3n mediante enlaces.<\/p>\n<p><strong>3. derecho de autor y de marcas<\/strong><\/p>\n<p>El autor se esfuerza por respetar los derechos de autor de las im\u00e1genes, los gr\u00e1ficos, los documentos sonoros, las secuencias de v\u00eddeo y los textos utilizados en todas las publicaciones, por utilizar im\u00e1genes, gr\u00e1ficos, documentos sonoros, secuencias de v\u00eddeo y textos creados por \u00e9l mismo o por hacer uso de gr\u00e1ficos, documentos sonoros, secuencias de v\u00eddeo y textos libres de licencia. Todos los nombres de marcas y marcas comerciales mencionados en el sitio web y posiblemente protegidos por terceros est\u00e1n sujetos sin restricciones a las disposiciones de la ley de marcas aplicable y a los derechos de propiedad de los respectivos propietarios registrados. La mera menci\u00f3n de una marca no significa que no est\u00e9 protegida por derechos de terceros. Los derechos de autor de los objetos publicados creados por el propio autor siguen siendo exclusivamente del autor de las p\u00e1ginas. No se permite la duplicaci\u00f3n o el uso de objetos como diagramas, sonidos o textos en otras publicaciones electr\u00f3nicas o impresas sin el consentimiento del autor.<\/p>\n<p><strong>4 Validez jur\u00eddica del presente aviso legal<\/strong><\/p>\n<p>Esta exenci\u00f3n de responsabilidad debe considerarse como parte de la publicaci\u00f3n en Internet desde la que se le remiti\u00f3. Si algunas secciones o t\u00e9rminos individuales de esta declaraci\u00f3n no son legales o correctos, el contenido o la validez de las otras partes no se ven afectados por este hecho.<\/p>\n<p><strong>5. resoluci\u00f3n de conflictos<\/strong><\/p>\n<p>La Comisi\u00f3n Europea ofrece una plataforma para la resoluci\u00f3n de litigios en l\u00ednea (ODR):<\/p>\n<p><a href=\"https:\/\/ec.europa.eu\/consumers\/odr\" target=\"_blank\" rel=\"noopener\">https:\/\/ec.europa.eu\/consumers\/odr<\/a><\/p>\n<p>Puede encontrar nuestra direcci\u00f3n de correo electr\u00f3nico en el pie de imprenta de arriba.<\/p>\n<p>No estamos dispuestos ni obligados a participar en un procedimiento de resoluci\u00f3n de conflictos ante una junta de arbitraje de consumo.<\/p>\n<\/div><\/section><\/div>\n","protected":false},"excerpt":{"rendered":"","protected":false},"author":1,"featured_media":0,"parent":0,"menu_order":9,"comment_status":"closed","ping_status":"closed","template":"","meta":{"_acf_changed":false,"footnotes":""},"class_list":["post-134456","page","type-page","status-publish","hentry"],"acf":[],"yoast_head":"<!-- This site is optimized with the Yoast SEO plugin v22.6 - https:\/\/yoast.com\/wordpress\/plugins\/seo\/ -->\n<title>Pie de imprenta - August Graef GNU<\/title>\n<meta name=\"robots\" content=\"index, follow, max-snippet:-1, max-image-preview:large, max-video-preview:-1\" \/>\n<link rel=\"canonical\" href=\"https:\/\/graef-gnu.com\/es\/pie-de-imprenta\/\" \/>\n<meta property=\"og:locale\" content=\"es_ES\" \/>\n<meta property=\"og:type\" content=\"article\" \/>\n<meta property=\"og:title\" content=\"Pie de imprenta - August Graef GNU\" \/>\n<meta property=\"og:url\" content=\"https:\/\/graef-gnu.com\/es\/pie-de-imprenta\/\" \/>\n<meta property=\"og:site_name\" content=\"August Graef GNU\" \/>\n<meta property=\"article:modified_time\" content=\"2024-10-22T11:37:56+00:00\" \/>\n<meta name=\"twitter:card\" content=\"summary_large_image\" \/>\n<meta name=\"twitter:label1\" content=\"Tiempo de lectura\" \/>\n\t<meta name=\"twitter:data1\" content=\"9 minutos\" \/>\n<script type=\"application\/ld+json\" class=\"yoast-schema-graph\">{\"@context\":\"https:\/\/schema.org\",\"@graph\":[{\"@type\":\"WebPage\",\"@id\":\"https:\/\/graef-gnu.com\/es\/pie-de-imprenta\/\",\"url\":\"https:\/\/graef-gnu.com\/es\/pie-de-imprenta\/\",\"name\":\"Pie de imprenta - August Graef GNU\",\"isPartOf\":{\"@id\":\"https:\/\/graef-gnu.com\/#website\"},\"datePublished\":\"2021-10-05T08:33:25+00:00\",\"dateModified\":\"2024-10-22T11:37:56+00:00\",\"breadcrumb\":{\"@id\":\"https:\/\/graef-gnu.com\/es\/pie-de-imprenta\/#breadcrumb\"},\"inLanguage\":\"es\",\"potentialAction\":[{\"@type\":\"ReadAction\",\"target\":[\"https:\/\/graef-gnu.com\/es\/pie-de-imprenta\/\"]}]},{\"@type\":\"BreadcrumbList\",\"@id\":\"https:\/\/graef-gnu.com\/es\/pie-de-imprenta\/#breadcrumb\",\"itemListElement\":[{\"@type\":\"ListItem\",\"position\":1,\"name\":\"Startseite\",\"item\":\"https:\/\/graef-gnu.com\/es\/\"},{\"@type\":\"ListItem\",\"position\":2,\"name\":\"Pie de imprenta\"}]},{\"@type\":\"WebSite\",\"@id\":\"https:\/\/graef-gnu.com\/#website\",\"url\":\"https:\/\/graef-gnu.com\/\",\"name\":\"August Graef GNU\",\"description\":\"\",\"potentialAction\":[{\"@type\":\"SearchAction\",\"target\":{\"@type\":\"EntryPoint\",\"urlTemplate\":\"https:\/\/graef-gnu.com\/?s={search_term_string}\"},\"query-input\":\"required name=search_term_string\"}],\"inLanguage\":\"es\"}]}<\/script>\n<!-- \/ Yoast SEO plugin. -->","yoast_head_json":{"title":"Pie de imprenta - August Graef GNU","robots":{"index":"index","follow":"follow","max-snippet":"max-snippet:-1","max-image-preview":"max-image-preview:large","max-video-preview":"max-video-preview:-1"},"canonical":"https:\/\/graef-gnu.com\/es\/pie-de-imprenta\/","og_locale":"es_ES","og_type":"article","og_title":"Pie de imprenta - August Graef GNU","og_url":"https:\/\/graef-gnu.com\/es\/pie-de-imprenta\/","og_site_name":"August Graef GNU","article_modified_time":"2024-10-22T11:37:56+00:00","twitter_card":"summary_large_image","twitter_misc":{"Tiempo de lectura":"9 minutos"},"schema":{"@context":"https:\/\/schema.org","@graph":[{"@type":"WebPage","@id":"https:\/\/graef-gnu.com\/es\/pie-de-imprenta\/","url":"https:\/\/graef-gnu.com\/es\/pie-de-imprenta\/","name":"Pie de imprenta - August Graef GNU","isPartOf":{"@id":"https:\/\/graef-gnu.com\/#website"},"datePublished":"2021-10-05T08:33:25+00:00","dateModified":"2024-10-22T11:37:56+00:00","breadcrumb":{"@id":"https:\/\/graef-gnu.com\/es\/pie-de-imprenta\/#breadcrumb"},"inLanguage":"es","potentialAction":[{"@type":"ReadAction","target":["https:\/\/graef-gnu.com\/es\/pie-de-imprenta\/"]}]},{"@type":"BreadcrumbList","@id":"https:\/\/graef-gnu.com\/es\/pie-de-imprenta\/#breadcrumb","itemListElement":[{"@type":"ListItem","position":1,"name":"Startseite","item":"https:\/\/graef-gnu.com\/es\/"},{"@type":"ListItem","position":2,"name":"Pie de imprenta"}]},{"@type":"WebSite","@id":"https:\/\/graef-gnu.com\/#website","url":"https:\/\/graef-gnu.com\/","name":"August Graef GNU","description":"","potentialAction":[{"@type":"SearchAction","target":{"@type":"EntryPoint","urlTemplate":"https:\/\/graef-gnu.com\/?s={search_term_string}"},"query-input":"required name=search_term_string"}],"inLanguage":"es"}]}},"_links":{"self":[{"href":"https:\/\/graef-gnu.com\/es\/wp-json\/wp\/v2\/pages\/134456","targetHints":{"allow":["GET"]}}],"collection":[{"href":"https:\/\/graef-gnu.com\/es\/wp-json\/wp\/v2\/pages"}],"about":[{"href":"https:\/\/graef-gnu.com\/es\/wp-json\/wp\/v2\/types\/page"}],"author":[{"embeddable":true,"href":"https:\/\/graef-gnu.com\/es\/wp-json\/wp\/v2\/users\/1"}],"replies":[{"embeddable":true,"href":"https:\/\/graef-gnu.com\/es\/wp-json\/wp\/v2\/comments?post=134456"}],"version-history":[{"count":9,"href":"https:\/\/graef-gnu.com\/es\/wp-json\/wp\/v2\/pages\/134456\/revisions"}],"predecessor-version":[{"id":177413,"href":"https:\/\/graef-gnu.com\/es\/wp-json\/wp\/v2\/pages\/134456\/revisions\/177413"}],"wp:attachment":[{"href":"https:\/\/graef-gnu.com\/es\/wp-json\/wp\/v2\/media?parent=134456"}],"curies":[{"name":"wp","href":"https:\/\/api.w.org\/{rel}","templated":true}]}}