{"id":134500,"date":"2021-10-05T10:33:31","date_gmt":"2021-10-05T08:33:31","guid":{"rendered":"https:\/\/www.graef-gnu.com\/sostenibilidad\/"},"modified":"2024-04-30T15:43:06","modified_gmt":"2024-04-30T13:43:06","slug":"sostenibilidad","status":"publish","type":"page","link":"https:\/\/graef-gnu.com\/es\/empresa\/sostenibilidad\/","title":{"rendered":"Sostenibilidad"},"content":{"rendered":"<div class=\"avia-section main_color slider-section size-small  \">\n\t<div class=\"slider-section-wrapper \">\n\t\t\t\t<div class=\"slider-section-slide align-left header-animation-simple-global \">\n\t\t\t\t<div class=\"slider-section-background-wrap\">\n\t\t\t\t\t\t\t\t\t\t<div class=\"slider-section-background\" style=\"background-image: url('https:\/\/graef-gnu.com\/wp-content\/uploads\/Nachhaltigkeit_Header.jpg'); background-position: center right;background-size: cover;background-repeat: no-repeat;\"><\/div>\n\t\t\t\t\t\t\t\t\t\t\t\t\t\t\t\t\t\t\t<\/div>\n\n\t\t\t\t<div class=\"slider-section-inner container\">\n\t\t\t\t\t<div class=\"slider-section-content-wrap\">\n\t\t\t\t\t\t\t\t\t\t\t\t\t\t\t\t\t\t<div class=\"slider-section-text-wrap\">\n\t\t\t\t\t\t\t<span class=\"slider-section-headline\">Orientado al futuro<\/span>\t\t\t\t\t\t\t<span class=\"slider-section-subline\">Sostenible gracias a una gesti\u00f3n moderna de los recursos<\/span>\t\t\t\t\t\t\t\t\t\t\t\t\t<\/div>\n\t\t\t\t\t\t\t\t\t\t\t<\/div>\n\t\t\t\t\t\t\t\t\t\t<\/div>\n\t\t\t<\/div>\n\t\t<\/div>\n\n\n<\/div>\n<\/div><\/div><\/div><!-- close content main div --><\/div><\/div><div id='av_section_1'  class='avia-section av-71ou4-ef17181bd20a37e098afe82ed15228e8 main_color avia-section-default avia-no-border-styling  avia-builder-el-1  el_after_pixel_headimage  el_before_av_postcontent  section-pseudo-element section-unternehmen avia-bg-style-scroll container_wrap fullsize'  ><div class='container av-section-cont-open' ><div class='template-page content  av-content-full alpha units'><div class='post-entry post-entry-type-page post-entry-134500'><div class='entry-content-wrapper clearfix'>\n<div  class='flex_column av-lvm7t4ap-a5262d55bdcbb0ca06feba077b03e73b av_one_full  avia-builder-el-2  el_before_av_one_half  avia-builder-el-first  first av-break-at-tablet flex_column_div av-animated-generic left-to-right  '     ><div class=\"pixel-headline align-left no-margin  sub-bottom  \">\n\t\t<div class=\"headline-wrap-inner\">\n\t\t\t\t<h1 class=\"headline-content headline-primary  \">Responsabilidad por las generaciones futuras<\/h1>\t\t<h3 class=\"headline-content headline-secondary  \">Gesti\u00f3n de recursos y medio ambiente de GNU<\/h3>\t<\/div>\n<\/div><\/div>\n<style type=\"text\/css\" data-created_by=\"avia_inline_auto\" id=\"style-css-av-6jxy4-ec8c839104ebaa6ce5edc9380130e0fa\">\n.flex_column.av-6jxy4-ec8c839104ebaa6ce5edc9380130e0fa{\nborder-radius:0px 0px 0px 0px;\npadding:0px 0px 0px 0px;\n}\n<\/style>\n<div  class='flex_column av-6jxy4-ec8c839104ebaa6ce5edc9380130e0fa av_one_half  avia-builder-el-4  el_after_av_one_full  el_before_av_one_half  first av-break-at-tablet flex_column_div av-animated-generic left-to-right av-zero-column-padding  column-top-margin'     ><p><section  class='av_textblock_section av-kfmh2yst-e1bb63ef18301f8a97d9fd6fad043f54 '   itemscope=\"itemscope\" itemtype=\"https:\/\/schema.org\/CreativeWork\" ><div class='avia_textblock'  itemprop=\"text\" ><p>Como moderno proveedor de calidad de la industria de envases y bienes de consumo, con relaciones comerciales en todo el mundo, somos conscientes de nuestra responsabilidad con el medio ambiente y las generaciones futuras. Con muchas medidas individuales, nos centramos en el uso sostenible de los recursos en la administraci\u00f3n, la producci\u00f3n y la gesti\u00f3n de env\u00edos y log\u00edstica. Para nosotros, como fabricantes de l\u00edneas de perforaci\u00f3n, es f\u00e1cil ver la chatarra y los residuos como materias primas valiosas. Nos hemos propuesto utilizar tecnolog\u00edas que ahorren recursos en los nuevos desarrollos e inversiones.<\/p>\n<p>El papel, el cart\u00f3n y el cart\u00f3n ondulado se fabrican con materias primas r\u00e1pidamente renovables. Esto significa que el producto terminado tambi\u00e9n puede ser reciclado casi por completo por nuestros socios y sus clientes.<\/p>\n<p>La Verband der Wellpappen-Industrie e. V. (Asociaci\u00f3n de la Industria del Cart\u00f3n Ondulado) sobre el cart\u00f3n ondulado: &#8220;El cart\u00f3n ondulado est\u00e1 compuesto en su totalidad por materias primas renovables y puede reciclarse por completo. De este modo, las mercanc\u00edas de transporte pueden envasarse de forma respetuosa con el medio ambiente. No se talan \u00e1rboles para fabricar cart\u00f3n ondulado. El mantenimiento de los bosques gestionados produce madera quebrada y raleada, la materia prima principal para la producci\u00f3n de papel&#8221;.<\/p>\n<p>En Alemania, sin embargo, la proporci\u00f3n de fibras v\u00edrgenes en el papel base ondulado utilizado es s\u00f3lo del 20% de media. El 80% de este papel est\u00e1 fabricado con material reciclado. <em>(Fuente: Verband der Wellpappen-Industrie e. V., 2016)<\/em><\/p>\n<\/div><\/section><br \/>\n<div class=\"pixel-headline align-left small-margin  sub-bottom  \">\n\t\t<div class=\"headline-wrap-inner\">\n\t\t\t\t\t\t<span class=\"headline-content headline-secondary  \">Fabricaci\u00f3n sostenible de GNU<\/span>\t<\/div>\n<\/div><br \/>\n<section  class='av_textblock_section av-kfmh2yst-e1bb63ef18301f8a97d9fd6fad043f54 '   itemscope=\"itemscope\" itemtype=\"https:\/\/schema.org\/CreativeWork\" ><div class='avia_textblock'  itemprop=\"text\" ><p>A trav\u00e9s de numerosas medidas, subrayamos nuestros esfuerzos para utilizar nuestros recursos lo menos posible y con la mayor moderaci\u00f3n.<\/p>\n<p>Con la ayuda de tecnolog\u00edas de energ\u00eda renovable, como los sistemas fotovoltaicos, la tecnolog\u00eda de conmutaci\u00f3n inteligente, la tecnolog\u00eda en la nube y la recuperaci\u00f3n de calor, as\u00ed como la tecnolog\u00eda de ventilaci\u00f3n, pudimos reducir nuestro consumo de electricidad en alrededor de un 20 % y reducir el uso de combustibles f\u00f3siles para la generaci\u00f3n de calor en alrededor de un 35 %, a pesar del crecimiento continuo.<\/p>\n<p>Nos esforzamos continuamente por hacer que nuestra producci\u00f3n sea sostenible creando ciclos de materias (primas) y reciclando tanto dentro de nuestra empresa como a lo largo de la cadena de suministro con proveedores, clientes y proveedores de servicios.<\/p>\n<\/div><\/section><\/p><\/div>\n<style type=\"text\/css\" data-created_by=\"avia_inline_auto\" id=\"style-css-av-lvm7tb4a-3457cc72fe7879b1778d6b6f562d4c47\">\n.flex_column.av-lvm7tb4a-3457cc72fe7879b1778d6b6f562d4c47{\nborder-radius:0px 0px 0px 0px;\npadding:0px 0px 0px 0px;\n}\n<\/style>\n<div  class='flex_column av-lvm7tb4a-3457cc72fe7879b1778d6b6f562d4c47 av_one_half  avia-builder-el-8  el_after_av_one_half  avia-builder-el-last  av-break-at-tablet flex_column_div av-animated-generic right-to-left av-zero-column-padding  column-top-margin'     ><style type=\"text\/css\" data-created_by=\"avia_inline_auto\" id=\"style-css-av-lvm53r62-0801f6ce055b8aead8baf1a50b155bc4\">\n.avia-image-container.av-lvm53r62-0801f6ce055b8aead8baf1a50b155bc4 img.avia_image{\nbox-shadow:none;\n}\n.avia-image-container.av-lvm53r62-0801f6ce055b8aead8baf1a50b155bc4 .av-image-caption-overlay-center{\ncolor:#ffffff;\n}\n<\/style>\n<div  class='avia-image-container av-lvm53r62-0801f6ce055b8aead8baf1a50b155bc4 av-styling- avia-align-left  avia-builder-el-9  avia-builder-el-no-sibling '   itemprop=\"image\" itemscope=\"itemscope\" itemtype=\"https:\/\/schema.org\/ImageObject\" ><div class=\"avia-image-container-inner\"><div class=\"avia-image-overlay-wrap\"><img decoding=\"async\" class='wp-image-150837 avia-img-lazy-loading-not-150837 avia_image ' src=\"https:\/\/graef-gnu.com\/wp-content\/uploads\/gnu_nachhaltigkeit_solardach-667x300.jpg\" alt='' title='Gnu Nachhaltigkeit Solardach'  height=\"300\" width=\"667\"  itemprop=\"thumbnailUrl\"  \/><\/div><\/div><\/div><\/div>[av_section min_height='' min_height_pc='25' min_height_px='500px' shadow='no-border-styling' bottom_border='no-border-styling' bottom_border_diagonal_color='#333333' bottom_border_diagonal_direction='' bottom_border_style='' padding='small' custom_margin='0px' custom_margin_sync='true' av-desktop-custom_margin='' av-desktop-custom_margin_sync='true' av-medium-custom_margin='' av-medium-custom_margin_sync='true' av-small-custom_margin='' av-small-custom_margin_sync='true' av-mini-custom_margin='' av-mini-custom_margin_sync='true' svg_div_top='' svg_div_top_color='#333333' svg_div_top_width='100' svg_div_top_height='50' svg_div_top_max_height='none' svg_div_top_opacity='' svg_div_bottom='' svg_div_bottom_color='#333333' svg_div_bottom_width='100' svg_div_bottom_height='50' svg_div_bottom_max_height='none' svg_div_bottom_opacity='' fold_type='' fold_height='' fold_more='Weiterlesen' fold_less='Read less' fold_text_style='' fold_btn_align='' color='alternate_color' background='bg_color' custom_bg='' background_gradient_direction='vertical' background_gradient_color1='' background_gradient_color2='' background_gradient_color3='' src='' attachment='' attachment_size='' attach='scroll' position='top center' repeat='stretch' video='' video_ratio='16:9' overlay_opacity='0.5' overlay_color='' overlay_pattern='' overlay_custom_pattern='' custom_arrow_bg='' fold_overlay_color='' fold_text_color='' fold_btn_color='theme-color' fold_btn_bg_color='' fold_btn_font_color='' size-btn-text='' av-desktop-font-size-btn-text='' av-medium-font-size-btn-text='' av-small-font-size-btn-text='' av-mini-font-size-btn-text='' fold_timer='' z_index_fold='' css_position_z_index='' av-desktop-css_position_z_index='' av-medium-css_position_z_index='' av-small-css_position_z_index='' av-mini-css_position_z_index='' id='' custom_class='' template_class='' aria_label='' av_element_hidden_in_editor='0' av_uid='av-1q5tn' sc_version='1.0']\r\n\r\n[av_one_full first min_height='' vertical_alignment='av-align-top' space='' row_boxshadow_width='10' row_boxshadow_color='' margin='0px' margin_sync='true' av-desktop-margin='' av-desktop-margin_sync='true' av-medium-margin='' av-medium-margin_sync='true' av-small-margin='' av-small-margin_sync='true' av-mini-margin='' av-mini-margin_sync='true' mobile_breaking='' mobile_column_order='' border='' border_style='solid' border_color='' radius='0px' radius_sync='true' min_col_height='' padding='0px' padding_sync='true' av-desktop-padding='' av-desktop-padding_sync='true' av-medium-padding='' av-medium-padding_sync='true' av-small-padding='' av-small-padding_sync='true' av-mini-padding='' av-mini-padding_sync='true' svg_div_top='' svg_div_top_color='#333333' svg_div_top_width='100' svg_div_top_height='50' svg_div_top_max_height='none' svg_div_top_opacity='' svg_div_bottom='' svg_div_bottom_color='#333333' svg_div_bottom_width='100' svg_div_bottom_height='50' svg_div_bottom_max_height='none' svg_div_bottom_opacity='' fold_type='' fold_height='' fold_more='Weiterlesen' fold_less='Read less' fold_text_style='' fold_btn_align='' column_boxshadow_width='10' column_boxshadow_color='' background='bg_color' background_color='' background_gradient_direction='vertical' background_gradient_color1='' background_gradient_color2='' background_gradient_color3='' src='' attachment='' attachment_size='' background_position='top left' background_repeat='no-repeat' highlight_size='1.1' fold_overlay_color='' fold_text_color='' fold_btn_color='theme-color' fold_btn_bg_color='' fold_btn_font_color='' size-btn-text='' av-desktop-font-size-btn-text='' av-medium-font-size-btn-text='' av-small-font-size-btn-text='' av-mini-font-size-btn-text='' animation='bottom-to-top' animation_duration='' animation_custom_bg_color='' animation_z_index_curtain='100' parallax_parallax='' parallax_parallax_speed='' av-desktop-parallax_parallax='' av-desktop-parallax_parallax_speed='' av-medium-parallax_parallax='' av-medium-parallax_parallax_speed='' av-small-parallax_parallax='' av-small-parallax_parallax_speed='' av-mini-parallax_parallax='' av-mini-parallax_parallax_speed='' fold_timer='' z_index_fold='' css_position='' css_position_location=',,,' css_position_z_index='' av-desktop-css_position='' av-desktop-css_position_location=',,,' av-desktop-css_position_z_index='' av-medium-css_position='' av-medium-css_position_location=',,,' av-medium-css_position_z_index='' av-small-css_position='' av-small-css_position_location=',,,' av-small-css_position_z_index='' av-mini-css_position='' av-mini-css_position_location=',,,' av-mini-css_position_z_index='' link='' linktarget='' link_hover='' title_attr='' alt_attr='' mobile_display='' mobile_col_pos='0' id='' custom_class='' template_class='' aria_label='' av_uid='av-10hqz' sc_version='1.0']\r\n\r\n[pixel_sc_headline heading='Contacte con' heading_tag='span' subheading_check='' subheading='' subheading_tag='h3' align='left' heading_alias='-h1' heading_class='' subheading_alias='' subheading_class='' heading_position='' primary_color='color-white' secondary_color='' stroke='' custom_class='' av_uid='av-kfgpm48q'][\/pixel_sc_headline]\r\n\r\n[av_codeblock wrapper_element='' wrapper_element_attributes='' codeblock_type='' deactivate_wrapper='aviaTBdeactivate_wrapper' alb_description='' id='' custom_class='' av_uid='av-kfgonev4']\r\n[contact-form-7 id=\"98\" title=\"Standard\"]\r\n[\/av_codeblock]\r\n\r\n[\/av_one_full][\/av_section]<\/p>\n","protected":false},"excerpt":{"rendered":"","protected":false},"author":1,"featured_media":0,"parent":134178,"menu_order":1,"comment_status":"closed","ping_status":"closed","template":"","meta":{"_acf_changed":false,"footnotes":""},"class_list":["post-134500","page","type-page","status-publish","hentry"],"acf":[],"yoast_head":"<!-- This site is optimized with the Yoast SEO plugin v22.6 - https:\/\/yoast.com\/wordpress\/plugins\/seo\/ -->\n<title>Sostenibilidad - August Graef GNU<\/title>\n<meta name=\"description\" content=\"Responsabilidad por las generaciones futuras - Conozca m\u00e1s sobre la Gesti\u00f3n de Recursos y Medio Ambiente de GNU aqu\u00ed.\" \/>\n<meta name=\"robots\" content=\"index, follow, max-snippet:-1, max-image-preview:large, max-video-preview:-1\" \/>\n<link rel=\"canonical\" href=\"https:\/\/graef-gnu.com\/es\/empresa\/sostenibilidad\/\" \/>\n<meta property=\"og:locale\" content=\"es_ES\" \/>\n<meta property=\"og:type\" content=\"article\" \/>\n<meta property=\"og:title\" content=\"Sostenibilidad - August Graef GNU\" \/>\n<meta property=\"og:description\" content=\"Responsabilidad por las generaciones futuras - Conozca m\u00e1s sobre la Gesti\u00f3n de Recursos y Medio Ambiente de GNU aqu\u00ed.\" \/>\n<meta property=\"og:url\" content=\"https:\/\/graef-gnu.com\/es\/empresa\/sostenibilidad\/\" \/>\n<meta property=\"og:site_name\" content=\"August Graef GNU\" \/>\n<meta property=\"article:modified_time\" content=\"2024-04-30T13:43:06+00:00\" \/>\n<meta name=\"twitter:card\" content=\"summary_large_image\" \/>\n<meta name=\"twitter:label1\" content=\"Tiempo de lectura\" \/>\n\t<meta name=\"twitter:data1\" content=\"14 minutos\" \/>\n<script type=\"application\/ld+json\" class=\"yoast-schema-graph\">{\"@context\":\"https:\/\/schema.org\",\"@graph\":[{\"@type\":\"WebPage\",\"@id\":\"https:\/\/graef-gnu.com\/es\/empresa\/sostenibilidad\/\",\"url\":\"https:\/\/graef-gnu.com\/es\/empresa\/sostenibilidad\/\",\"name\":\"Sostenibilidad - August Graef GNU\",\"isPartOf\":{\"@id\":\"https:\/\/graef-gnu.com\/#website\"},\"datePublished\":\"2021-10-05T08:33:31+00:00\",\"dateModified\":\"2024-04-30T13:43:06+00:00\",\"description\":\"Responsabilidad por las generaciones futuras - Conozca m\u00e1s sobre la Gesti\u00f3n de Recursos y Medio Ambiente de GNU aqu\u00ed.\",\"breadcrumb\":{\"@id\":\"https:\/\/graef-gnu.com\/es\/empresa\/sostenibilidad\/#breadcrumb\"},\"inLanguage\":\"es\",\"potentialAction\":[{\"@type\":\"ReadAction\",\"target\":[\"https:\/\/graef-gnu.com\/es\/empresa\/sostenibilidad\/\"]}]},{\"@type\":\"BreadcrumbList\",\"@id\":\"https:\/\/graef-gnu.com\/es\/empresa\/sostenibilidad\/#breadcrumb\",\"itemListElement\":[{\"@type\":\"ListItem\",\"position\":1,\"name\":\"Startseite\",\"item\":\"https:\/\/graef-gnu.com\/es\/\"},{\"@type\":\"ListItem\",\"position\":2,\"name\":\"Empresa\",\"item\":\"https:\/\/graef-gnu.com\/es\/empresa\/\"},{\"@type\":\"ListItem\",\"position\":3,\"name\":\"Sostenibilidad\"}]},{\"@type\":\"WebSite\",\"@id\":\"https:\/\/graef-gnu.com\/#website\",\"url\":\"https:\/\/graef-gnu.com\/\",\"name\":\"August Graef GNU\",\"description\":\"\",\"potentialAction\":[{\"@type\":\"SearchAction\",\"target\":{\"@type\":\"EntryPoint\",\"urlTemplate\":\"https:\/\/graef-gnu.com\/?s={search_term_string}\"},\"query-input\":\"required name=search_term_string\"}],\"inLanguage\":\"es\"}]}<\/script>\n<!-- \/ Yoast SEO plugin. -->","yoast_head_json":{"title":"Sostenibilidad - August Graef GNU","description":"Responsabilidad por las generaciones futuras - Conozca m\u00e1s sobre la Gesti\u00f3n de Recursos y Medio Ambiente de GNU aqu\u00ed.","robots":{"index":"index","follow":"follow","max-snippet":"max-snippet:-1","max-image-preview":"max-image-preview:large","max-video-preview":"max-video-preview:-1"},"canonical":"https:\/\/graef-gnu.com\/es\/empresa\/sostenibilidad\/","og_locale":"es_ES","og_type":"article","og_title":"Sostenibilidad - August Graef GNU","og_description":"Responsabilidad por las generaciones futuras - Conozca m\u00e1s sobre la Gesti\u00f3n de Recursos y Medio Ambiente de GNU aqu\u00ed.","og_url":"https:\/\/graef-gnu.com\/es\/empresa\/sostenibilidad\/","og_site_name":"August Graef GNU","article_modified_time":"2024-04-30T13:43:06+00:00","twitter_card":"summary_large_image","twitter_misc":{"Tiempo de lectura":"14 minutos"},"schema":{"@context":"https:\/\/schema.org","@graph":[{"@type":"WebPage","@id":"https:\/\/graef-gnu.com\/es\/empresa\/sostenibilidad\/","url":"https:\/\/graef-gnu.com\/es\/empresa\/sostenibilidad\/","name":"Sostenibilidad - August Graef GNU","isPartOf":{"@id":"https:\/\/graef-gnu.com\/#website"},"datePublished":"2021-10-05T08:33:31+00:00","dateModified":"2024-04-30T13:43:06+00:00","description":"Responsabilidad por las generaciones futuras - Conozca m\u00e1s sobre la Gesti\u00f3n de Recursos y Medio Ambiente de GNU aqu\u00ed.","breadcrumb":{"@id":"https:\/\/graef-gnu.com\/es\/empresa\/sostenibilidad\/#breadcrumb"},"inLanguage":"es","potentialAction":[{"@type":"ReadAction","target":["https:\/\/graef-gnu.com\/es\/empresa\/sostenibilidad\/"]}]},{"@type":"BreadcrumbList","@id":"https:\/\/graef-gnu.com\/es\/empresa\/sostenibilidad\/#breadcrumb","itemListElement":[{"@type":"ListItem","position":1,"name":"Startseite","item":"https:\/\/graef-gnu.com\/es\/"},{"@type":"ListItem","position":2,"name":"Empresa","item":"https:\/\/graef-gnu.com\/es\/empresa\/"},{"@type":"ListItem","position":3,"name":"Sostenibilidad"}]},{"@type":"WebSite","@id":"https:\/\/graef-gnu.com\/#website","url":"https:\/\/graef-gnu.com\/","name":"August Graef GNU","description":"","potentialAction":[{"@type":"SearchAction","target":{"@type":"EntryPoint","urlTemplate":"https:\/\/graef-gnu.com\/?s={search_term_string}"},"query-input":"required name=search_term_string"}],"inLanguage":"es"}]}},"_links":{"self":[{"href":"https:\/\/graef-gnu.com\/es\/wp-json\/wp\/v2\/pages\/134500","targetHints":{"allow":["GET"]}}],"collection":[{"href":"https:\/\/graef-gnu.com\/es\/wp-json\/wp\/v2\/pages"}],"about":[{"href":"https:\/\/graef-gnu.com\/es\/wp-json\/wp\/v2\/types\/page"}],"author":[{"embeddable":true,"href":"https:\/\/graef-gnu.com\/es\/wp-json\/wp\/v2\/users\/1"}],"replies":[{"embeddable":true,"href":"https:\/\/graef-gnu.com\/es\/wp-json\/wp\/v2\/comments?post=134500"}],"version-history":[{"count":14,"href":"https:\/\/graef-gnu.com\/es\/wp-json\/wp\/v2\/pages\/134500\/revisions"}],"predecessor-version":[{"id":176159,"href":"https:\/\/graef-gnu.com\/es\/wp-json\/wp\/v2\/pages\/134500\/revisions\/176159"}],"up":[{"embeddable":true,"href":"https:\/\/graef-gnu.com\/es\/wp-json\/wp\/v2\/pages\/134178"}],"wp:attachment":[{"href":"https:\/\/graef-gnu.com\/es\/wp-json\/wp\/v2\/media?parent=134500"}],"curies":[{"name":"wp","href":"https:\/\/api.w.org\/{rel}","templated":true}]}}