{"id":140919,"date":"2021-02-11T11:04:33","date_gmt":"2021-10-06T11:52:45","guid":{"rendered":"https:\/\/www.graef-gnu.com\/produkt\/carga-de-sprint\/"},"modified":"2024-05-13T13:44:41","modified_gmt":"2024-05-13T11:44:41","slug":"gnu-sprintelast","status":"publish","type":"product","link":"https:\/\/graef-gnu.com\/es\/produkt\/gnu-sprintelast\/","title":{"rendered":"Sprintelast<sup>&reg;<\/sup>"},"content":{"rendered":"<p>GNU Sprintelast<sup>\u00ae<\/sup> es una goma expulsora potente y de alta calidad para herramientas de perforaci\u00f3n avanzadas. Impresiona por sus buenas propiedades de los materiales y su vida \u00fatil considerablemente m\u00e1s larga. Se ofrece una amplia gama de durezas y alturas.<\/p>\n<ul>\n<li>Alta resistencia al rebote<\/li>\n<li>Elevado alargamiento a la rotura<\/li>\n<li>Baja abrasi\u00f3n<\/li>\n<li>Piel especial contra el polvo y el envejecimiento<\/li>\n<li>Larga vida \u00fatil<\/li>\n<li>Tambi\u00e9n disponible con autoadhesivo<\/li>\n<\/ul>\n<p>GNU Sprintelast<sup>\u00ae<\/sup> est\u00e1 certificado como seguro para la producci\u00f3n de cajas plegables para alimentos.<\/p>\n","protected":false},"excerpt":{"rendered":"<p>GNU Sprintelast<sup>\u00ae<\/sup> es una goma expulsora potente y de alta calidad para herramientas de perforaci\u00f3n avanzadas. Impresiona por sus buenas propiedades de los materiales y su vida \u00fatil considerablemente m\u00e1s larga.<\/p>\n","protected":false},"featured_media":141004,"template":"","meta":{"_acf_changed":false},"product_cat":[8521],"product_tag":[],"class_list":{"0":"post-140919","1":"product","2":"type-product","3":"status-publish","4":"has-post-thumbnail","6":"product_group-placas","7":"product_cat-materiales-de-expulsion","8":"pa_dimension-05-m-es","9":"pa_hoehe-10-mm-es","10":"pa_hoehe-105-mm-es","11":"pa_hoehe-11-mm-es-2","12":"pa_hoehe-12-mm-es","13":"pa_hoehe-13-mm-es","14":"pa_hoehe-135-mm-es","15":"pa_hoehe-14-mm-es","16":"pa_hoehe-15-mm-es","17":"pa_hoehe-155-mm-es","18":"pa_hoehe-16-mm-es","19":"pa_hoehe-17-mm-es","20":"pa_hoehe-175-mm-es","21":"pa_hoehe-18-mm-es","22":"pa_hoehe-19-mm-es","23":"pa_hoehe-2-mm-es","24":"pa_hoehe-20-mm-es","25":"pa_hoehe-21-mm-es","26":"pa_hoehe-3-mm-es","27":"pa_hoehe-4-mm-es","28":"pa_hoehe-5-mm-es","29":"pa_hoehe-6-mm-es","30":"pa_hoehe-7-mm-es","31":"pa_hoehe-8-mm-es","32":"pa_hoehe-9-mm-es","33":"pa_hoehe-95-mm-es","34":"pa_raumgewicht-rg-16-rojo","35":"pa_raumgewicht-rg-22-naranja","36":"pa_raumgewicht-rg-28-amarillo","37":"pa_raumgewicht-rg-40-verde-es","38":"pa_raumgewicht-rg-46-verde-oscuro","39":"pa_raumgewicht-rg-54-gasolina","40":"pa_raumgewicht-rg-66-azul","42":"first","43":"instock","44":"purchasable","45":"product-type-variable"},"acf":[],"yoast_head":"<!-- This site is optimized with the Yoast SEO plugin v22.6 - https:\/\/yoast.com\/wordpress\/plugins\/seo\/ -->\n<title>GNU Sprintelast - Goma expulsora para herramientas de perforaci\u00f3n<\/title>\n<meta name=\"description\" content=\"Goma de expulsi\u00f3n para herramientas de perforaci\u00f3n avanzadas: GNU Sprintelast \u25ba Alta elasticidad de rebote\u2705 Alta elongaci\u00f3n a la rotura\u2705 Baja abrasi\u00f3n\u2705 \u00a1Solicite aqu\u00ed!\" \/>\n<meta name=\"robots\" content=\"index, follow, max-snippet:-1, max-image-preview:large, max-video-preview:-1\" \/>\n<link rel=\"canonical\" href=\"https:\/\/graef-gnu.com\/es\/produkt\/gnu-sprintelast\/\" \/>\n<meta property=\"og:locale\" content=\"es_ES\" \/>\n<meta property=\"og:type\" content=\"article\" \/>\n<meta property=\"og:title\" content=\"GNU Sprintelast - Goma expulsora para herramientas de perforaci\u00f3n\" \/>\n<meta property=\"og:description\" content=\"Goma de expulsi\u00f3n para herramientas de perforaci\u00f3n avanzadas: GNU Sprintelast \u25ba Alta elasticidad de rebote\u2705 Alta elongaci\u00f3n a la rotura\u2705 Baja abrasi\u00f3n\u2705 \u00a1Solicite aqu\u00ed!\" \/>\n<meta property=\"og:url\" content=\"https:\/\/graef-gnu.com\/es\/produkt\/gnu-sprintelast\/\" \/>\n<meta property=\"og:site_name\" content=\"August Graef GNU\" \/>\n<meta property=\"article:modified_time\" content=\"2024-05-13T11:44:41+00:00\" \/>\n<meta property=\"og:image\" content=\"https:\/\/graef-gnu.com\/wp-content\/uploads\/gnu_sprintelast_alle_ecken-4.jpg\" \/>\n\t<meta property=\"og:image:width\" content=\"890\" \/>\n\t<meta property=\"og:image:height\" content=\"300\" \/>\n\t<meta property=\"og:image:type\" content=\"image\/jpeg\" \/>\n<meta name=\"twitter:card\" content=\"summary_large_image\" \/>\n<script type=\"application\/ld+json\" class=\"yoast-schema-graph\">{\"@context\":\"https:\/\/schema.org\",\"@graph\":[{\"@type\":\"WebPage\",\"@id\":\"https:\/\/graef-gnu.com\/es\/produkt\/gnu-sprintelast\/\",\"url\":\"https:\/\/graef-gnu.com\/es\/produkt\/gnu-sprintelast\/\",\"name\":\"GNU Sprintelast - Goma expulsora para herramientas de perforaci\u00f3n\",\"isPartOf\":{\"@id\":\"https:\/\/graef-gnu.com\/#website\"},\"primaryImageOfPage\":{\"@id\":\"https:\/\/graef-gnu.com\/es\/produkt\/gnu-sprintelast\/#primaryimage\"},\"image\":{\"@id\":\"https:\/\/graef-gnu.com\/es\/produkt\/gnu-sprintelast\/#primaryimage\"},\"thumbnailUrl\":\"https:\/\/graef-gnu.com\/wp-content\/uploads\/gnu_sprintelast_alle_ecken-4.jpg\",\"datePublished\":\"2021-10-06T11:52:45+00:00\",\"dateModified\":\"2024-05-13T11:44:41+00:00\",\"description\":\"Goma de expulsi\u00f3n para herramientas de perforaci\u00f3n avanzadas: GNU Sprintelast \u25ba Alta elasticidad de rebote\u2705 Alta elongaci\u00f3n a la rotura\u2705 Baja abrasi\u00f3n\u2705 \u00a1Solicite aqu\u00ed!\",\"breadcrumb\":{\"@id\":\"https:\/\/graef-gnu.com\/es\/produkt\/gnu-sprintelast\/#breadcrumb\"},\"inLanguage\":\"es\",\"potentialAction\":[{\"@type\":\"ReadAction\",\"target\":[\"https:\/\/graef-gnu.com\/es\/produkt\/gnu-sprintelast\/\"]}]},{\"@type\":\"ImageObject\",\"inLanguage\":\"es\",\"@id\":\"https:\/\/graef-gnu.com\/es\/produkt\/gnu-sprintelast\/#primaryimage\",\"url\":\"https:\/\/graef-gnu.com\/wp-content\/uploads\/gnu_sprintelast_alle_ecken-4.jpg\",\"contentUrl\":\"https:\/\/graef-gnu.com\/wp-content\/uploads\/gnu_sprintelast_alle_ecken-4.jpg\",\"width\":890,\"height\":300},{\"@type\":\"BreadcrumbList\",\"@id\":\"https:\/\/graef-gnu.com\/es\/produkt\/gnu-sprintelast\/#breadcrumb\",\"itemListElement\":[{\"@type\":\"ListItem\",\"position\":1,\"name\":\"Startseite\",\"item\":\"https:\/\/graef-gnu.com\/es\/\"},{\"@type\":\"ListItem\",\"position\":2,\"name\":\"Resumen del producto\",\"item\":\"https:\/\/graef-gnu.com\/es\/resumen-del-producto\/\"},{\"@type\":\"ListItem\",\"position\":3,\"name\":\"Sprintelast&reg;\"}]},{\"@type\":\"WebSite\",\"@id\":\"https:\/\/graef-gnu.com\/#website\",\"url\":\"https:\/\/graef-gnu.com\/\",\"name\":\"August Graef GNU\",\"description\":\"\",\"potentialAction\":[{\"@type\":\"SearchAction\",\"target\":{\"@type\":\"EntryPoint\",\"urlTemplate\":\"https:\/\/graef-gnu.com\/?s={search_term_string}\"},\"query-input\":\"required name=search_term_string\"}],\"inLanguage\":\"es\"}]}<\/script>\n<!-- \/ Yoast SEO plugin. -->","yoast_head_json":{"title":"GNU Sprintelast - Goma expulsora para herramientas de perforaci\u00f3n","description":"Goma de expulsi\u00f3n para herramientas de perforaci\u00f3n avanzadas: GNU Sprintelast \u25ba Alta elasticidad de rebote\u2705 Alta elongaci\u00f3n a la rotura\u2705 Baja abrasi\u00f3n\u2705 \u00a1Solicite aqu\u00ed!","robots":{"index":"index","follow":"follow","max-snippet":"max-snippet:-1","max-image-preview":"max-image-preview:large","max-video-preview":"max-video-preview:-1"},"canonical":"https:\/\/graef-gnu.com\/es\/produkt\/gnu-sprintelast\/","og_locale":"es_ES","og_type":"article","og_title":"GNU Sprintelast - Goma expulsora para herramientas de perforaci\u00f3n","og_description":"Goma de expulsi\u00f3n para herramientas de perforaci\u00f3n avanzadas: GNU Sprintelast \u25ba Alta elasticidad de rebote\u2705 Alta elongaci\u00f3n a la rotura\u2705 Baja abrasi\u00f3n\u2705 \u00a1Solicite aqu\u00ed!","og_url":"https:\/\/graef-gnu.com\/es\/produkt\/gnu-sprintelast\/","og_site_name":"August Graef GNU","article_modified_time":"2024-05-13T11:44:41+00:00","og_image":[{"width":890,"height":300,"url":"https:\/\/graef-gnu.com\/wp-content\/uploads\/gnu_sprintelast_alle_ecken-4.jpg","type":"image\/jpeg"}],"twitter_card":"summary_large_image","schema":{"@context":"https:\/\/schema.org","@graph":[{"@type":"WebPage","@id":"https:\/\/graef-gnu.com\/es\/produkt\/gnu-sprintelast\/","url":"https:\/\/graef-gnu.com\/es\/produkt\/gnu-sprintelast\/","name":"GNU Sprintelast - Goma expulsora para herramientas de perforaci\u00f3n","isPartOf":{"@id":"https:\/\/graef-gnu.com\/#website"},"primaryImageOfPage":{"@id":"https:\/\/graef-gnu.com\/es\/produkt\/gnu-sprintelast\/#primaryimage"},"image":{"@id":"https:\/\/graef-gnu.com\/es\/produkt\/gnu-sprintelast\/#primaryimage"},"thumbnailUrl":"https:\/\/graef-gnu.com\/wp-content\/uploads\/gnu_sprintelast_alle_ecken-4.jpg","datePublished":"2021-10-06T11:52:45+00:00","dateModified":"2024-05-13T11:44:41+00:00","description":"Goma de expulsi\u00f3n para herramientas de perforaci\u00f3n avanzadas: GNU Sprintelast \u25ba Alta elasticidad de rebote\u2705 Alta elongaci\u00f3n a la rotura\u2705 Baja abrasi\u00f3n\u2705 \u00a1Solicite aqu\u00ed!","breadcrumb":{"@id":"https:\/\/graef-gnu.com\/es\/produkt\/gnu-sprintelast\/#breadcrumb"},"inLanguage":"es","potentialAction":[{"@type":"ReadAction","target":["https:\/\/graef-gnu.com\/es\/produkt\/gnu-sprintelast\/"]}]},{"@type":"ImageObject","inLanguage":"es","@id":"https:\/\/graef-gnu.com\/es\/produkt\/gnu-sprintelast\/#primaryimage","url":"https:\/\/graef-gnu.com\/wp-content\/uploads\/gnu_sprintelast_alle_ecken-4.jpg","contentUrl":"https:\/\/graef-gnu.com\/wp-content\/uploads\/gnu_sprintelast_alle_ecken-4.jpg","width":890,"height":300},{"@type":"BreadcrumbList","@id":"https:\/\/graef-gnu.com\/es\/produkt\/gnu-sprintelast\/#breadcrumb","itemListElement":[{"@type":"ListItem","position":1,"name":"Startseite","item":"https:\/\/graef-gnu.com\/es\/"},{"@type":"ListItem","position":2,"name":"Resumen del producto","item":"https:\/\/graef-gnu.com\/es\/resumen-del-producto\/"},{"@type":"ListItem","position":3,"name":"Sprintelast&reg;"}]},{"@type":"WebSite","@id":"https:\/\/graef-gnu.com\/#website","url":"https:\/\/graef-gnu.com\/","name":"August Graef GNU","description":"","potentialAction":[{"@type":"SearchAction","target":{"@type":"EntryPoint","urlTemplate":"https:\/\/graef-gnu.com\/?s={search_term_string}"},"query-input":"required name=search_term_string"}],"inLanguage":"es"}]}},"_links":{"self":[{"href":"https:\/\/graef-gnu.com\/es\/wp-json\/wp\/v2\/product\/140919","targetHints":{"allow":["GET"]}}],"collection":[{"href":"https:\/\/graef-gnu.com\/es\/wp-json\/wp\/v2\/product"}],"about":[{"href":"https:\/\/graef-gnu.com\/es\/wp-json\/wp\/v2\/types\/product"}],"wp:featuredmedia":[{"embeddable":true,"href":"https:\/\/graef-gnu.com\/es\/wp-json\/wp\/v2\/media\/141004"}],"wp:attachment":[{"href":"https:\/\/graef-gnu.com\/es\/wp-json\/wp\/v2\/media?parent=140919"}],"wp:term":[{"taxonomy":"product_cat","embeddable":true,"href":"https:\/\/graef-gnu.com\/es\/wp-json\/wp\/v2\/product_cat?post=140919"},{"taxonomy":"product_tag","embeddable":true,"href":"https:\/\/graef-gnu.com\/es\/wp-json\/wp\/v2\/product_tag?post=140919"}],"curies":[{"name":"wp","href":"https:\/\/api.w.org\/{rel}","templated":true}]}}