{"id":142314,"date":"2021-02-11T11:05:00","date_gmt":"2021-10-06T11:54:16","guid":{"rendered":"https:\/\/www.graef-gnu.com\/produkt\/gnu-colorcell-autofix\/"},"modified":"2021-10-06T13:55:11","modified_gmt":"2021-10-06T11:55:11","slug":"gnu-colorcell-autofix","status":"publish","type":"product","link":"https:\/\/graef-gnu.com\/es\/produkt\/gnu-colorcell-autofix\/","title":{"rendered":"GNU ColorCell<sup>&reg;<\/sup> Autofix"},"content":{"rendered":"<p>GNU ColorCell<sup>&reg;<\/sup> Autofix es la nueva y moderna goma de expulsi\u00f3n est\u00e1ndar para troqueles de corte plano que se ha asegurado una gran parte del mercado de la goma en muy poco tiempo. Autofix en versi\u00f3n autoadhesiva. Impresiona por su buena relaci\u00f3n calidad-precio, su resistencia a los rayos UV y al envejecimiento y su dise\u00f1o colorido para realzar el troquel de corte. GNU ColorCell<sup>&reg;<\/sup> est\u00e1 certificado como seguro para la producci\u00f3n de cajas plegables para alimentos. Esta versi\u00f3n autoadhesiva Autofix fue desarrollada en un proceso de producci\u00f3n especial,<br \/>\npara soportar las m\u00e1ximas cargas permanentes y permitir exigencias tales como una r\u00e1pida y f\u00e1cil aplicaci\u00f3n y retirada.<\/p>\n","protected":false},"excerpt":{"rendered":"<p>GNU ColorCell<sup>&reg;<\/sup> es la nueva y moderna goma de expulsi\u00f3n est\u00e1ndar para troqueles de corte plano que se ha asegurado una gran parte del mercado de la goma en muy poco tiempo.<\/p>\n","protected":false},"featured_media":142337,"template":"","meta":{"_acf_changed":false},"product_cat":[8521],"product_tag":[],"class_list":{"0":"post-142314","1":"product","2":"type-product","3":"status-publish","4":"has-post-thumbnail","6":"product_group-placas","7":"product_cat-materiales-de-expulsion","8":"pa_dimension-0828-m-es","9":"pa_dimension-1-m-es","10":"pa_hoehe-10-mm-es","11":"pa_hoehe-11-mm-es-2","12":"pa_hoehe-7-mm-es","13":"pa_hoehe-95-mm-es","14":"pa_shore-haerte-15-shore-a-beige-es","15":"pa_shore-haerte-25-shore-a-amarillo","16":"pa_shore-haerte-35-orilla-a-verde","17":"pa_shore-haerte-45-shore-a-naranja","18":"pa_shore-haerte-55-shore-a-azul","20":"first","21":"instock","22":"purchasable","23":"product-type-variable"},"acf":[],"yoast_head":"<!-- This site is optimized with the Yoast SEO plugin v22.6 - https:\/\/yoast.com\/wordpress\/plugins\/seo\/ -->\n<title>GNU ColorCell&reg; Autofix - August Graef GNU<\/title>\n<meta name=\"description\" content=\"GNU ColorCell&reg; Autofix: goma de expulsi\u00f3n est\u00e1ndar para troqueles de corte plano \u25ba Resistente a los rayos UV y al envejecimiento \u2705 versi\u00f3n autoadhesiva \u2705 \u00a1Informe aqu\u00ed!\" \/>\n<meta name=\"robots\" content=\"index, follow, max-snippet:-1, max-image-preview:large, max-video-preview:-1\" \/>\n<link rel=\"canonical\" href=\"https:\/\/graef-gnu.com\/produkt\/gnu-colorcell-autofix\/\" \/>\n<meta property=\"og:locale\" content=\"es_ES\" \/>\n<meta property=\"og:type\" content=\"article\" \/>\n<meta property=\"og:title\" content=\"GNU ColorCell&reg; Autofix - August Graef GNU\" \/>\n<meta property=\"og:description\" content=\"GNU ColorCell&reg; Autofix: goma de expulsi\u00f3n est\u00e1ndar para troqueles de corte plano \u25ba Resistente a los rayos UV y al envejecimiento \u2705 versi\u00f3n autoadhesiva \u2705 \u00a1Informe aqu\u00ed!\" \/>\n<meta property=\"og:url\" content=\"https:\/\/graef-gnu.com\/produkt\/gnu-colorcell-autofix\/\" \/>\n<meta property=\"og:site_name\" content=\"August Graef GNU\" \/>\n<meta property=\"article:modified_time\" content=\"2021-10-06T11:55:11+00:00\" \/>\n<meta property=\"og:image\" content=\"https:\/\/graef-gnu.com\/wp-content\/uploads\/gnu_colorcell_alle_ecken_autofix-1.jpg\" \/>\n\t<meta property=\"og:image:width\" content=\"890\" \/>\n\t<meta property=\"og:image:height\" content=\"300\" \/>\n\t<meta property=\"og:image:type\" content=\"image\/jpeg\" \/>\n<meta name=\"twitter:card\" content=\"summary_large_image\" \/>\n<meta name=\"twitter:label1\" content=\"Tiempo de lectura\" \/>\n\t<meta name=\"twitter:data1\" content=\"1 minuto\" \/>\n<script type=\"application\/ld+json\" class=\"yoast-schema-graph\">{\"@context\":\"https:\/\/schema.org\",\"@graph\":[{\"@type\":\"WebPage\",\"@id\":\"https:\/\/graef-gnu.com\/produkt\/gnu-colorcell-autofix\/\",\"url\":\"https:\/\/graef-gnu.com\/produkt\/gnu-colorcell-autofix\/\",\"name\":\"GNU ColorCell&reg; Autofix - August Graef GNU\",\"isPartOf\":{\"@id\":\"https:\/\/graef-gnu.com\/#website\"},\"primaryImageOfPage\":{\"@id\":\"https:\/\/graef-gnu.com\/produkt\/gnu-colorcell-autofix\/#primaryimage\"},\"image\":{\"@id\":\"https:\/\/graef-gnu.com\/produkt\/gnu-colorcell-autofix\/#primaryimage\"},\"thumbnailUrl\":\"https:\/\/graef-gnu.com\/wp-content\/uploads\/gnu_colorcell_alle_ecken_autofix-1.jpg\",\"datePublished\":\"2021-10-06T11:54:16+00:00\",\"dateModified\":\"2021-10-06T11:55:11+00:00\",\"description\":\"GNU ColorCell&reg; Autofix: goma de expulsi\u00f3n est\u00e1ndar para troqueles de corte plano \u25ba Resistente a los rayos UV y al envejecimiento \u2705 versi\u00f3n autoadhesiva \u2705 \u00a1Informe aqu\u00ed!\",\"breadcrumb\":{\"@id\":\"https:\/\/graef-gnu.com\/produkt\/gnu-colorcell-autofix\/#breadcrumb\"},\"inLanguage\":\"es\",\"potentialAction\":[{\"@type\":\"ReadAction\",\"target\":[\"https:\/\/graef-gnu.com\/produkt\/gnu-colorcell-autofix\/\"]}]},{\"@type\":\"ImageObject\",\"inLanguage\":\"es\",\"@id\":\"https:\/\/graef-gnu.com\/produkt\/gnu-colorcell-autofix\/#primaryimage\",\"url\":\"https:\/\/graef-gnu.com\/wp-content\/uploads\/gnu_colorcell_alle_ecken_autofix-1.jpg\",\"contentUrl\":\"https:\/\/graef-gnu.com\/wp-content\/uploads\/gnu_colorcell_alle_ecken_autofix-1.jpg\",\"width\":890,\"height\":300},{\"@type\":\"BreadcrumbList\",\"@id\":\"https:\/\/graef-gnu.com\/produkt\/gnu-colorcell-autofix\/#breadcrumb\",\"itemListElement\":[{\"@type\":\"ListItem\",\"position\":1,\"name\":\"Startseite\",\"item\":\"https:\/\/graef-gnu.com\/es\/\"},{\"@type\":\"ListItem\",\"position\":2,\"name\":\"Resumen del producto\",\"item\":\"https:\/\/graef-gnu.com\/es\/resumen-del-producto\/\"},{\"@type\":\"ListItem\",\"position\":3,\"name\":\"GNU ColorCell&reg; Autofix\"}]},{\"@type\":\"WebSite\",\"@id\":\"https:\/\/graef-gnu.com\/#website\",\"url\":\"https:\/\/graef-gnu.com\/\",\"name\":\"August Graef GNU\",\"description\":\"\",\"potentialAction\":[{\"@type\":\"SearchAction\",\"target\":{\"@type\":\"EntryPoint\",\"urlTemplate\":\"https:\/\/graef-gnu.com\/?s={search_term_string}\"},\"query-input\":\"required name=search_term_string\"}],\"inLanguage\":\"es\"}]}<\/script>\n<!-- \/ Yoast SEO plugin. -->","yoast_head_json":{"title":"GNU ColorCell&reg; Autofix - August Graef GNU","description":"GNU ColorCell&reg; Autofix: goma de expulsi\u00f3n est\u00e1ndar para troqueles de corte plano \u25ba Resistente a los rayos UV y al envejecimiento \u2705 versi\u00f3n autoadhesiva \u2705 \u00a1Informe aqu\u00ed!","robots":{"index":"index","follow":"follow","max-snippet":"max-snippet:-1","max-image-preview":"max-image-preview:large","max-video-preview":"max-video-preview:-1"},"canonical":"https:\/\/graef-gnu.com\/produkt\/gnu-colorcell-autofix\/","og_locale":"es_ES","og_type":"article","og_title":"GNU ColorCell&reg; Autofix - August Graef GNU","og_description":"GNU ColorCell&reg; Autofix: goma de expulsi\u00f3n est\u00e1ndar para troqueles de corte plano \u25ba Resistente a los rayos UV y al envejecimiento \u2705 versi\u00f3n autoadhesiva \u2705 \u00a1Informe aqu\u00ed!","og_url":"https:\/\/graef-gnu.com\/produkt\/gnu-colorcell-autofix\/","og_site_name":"August Graef GNU","article_modified_time":"2021-10-06T11:55:11+00:00","og_image":[{"width":890,"height":300,"url":"https:\/\/graef-gnu.com\/wp-content\/uploads\/gnu_colorcell_alle_ecken_autofix-1.jpg","type":"image\/jpeg"}],"twitter_card":"summary_large_image","twitter_misc":{"Tiempo de lectura":"1 minuto"},"schema":{"@context":"https:\/\/schema.org","@graph":[{"@type":"WebPage","@id":"https:\/\/graef-gnu.com\/produkt\/gnu-colorcell-autofix\/","url":"https:\/\/graef-gnu.com\/produkt\/gnu-colorcell-autofix\/","name":"GNU ColorCell&reg; Autofix - August Graef GNU","isPartOf":{"@id":"https:\/\/graef-gnu.com\/#website"},"primaryImageOfPage":{"@id":"https:\/\/graef-gnu.com\/produkt\/gnu-colorcell-autofix\/#primaryimage"},"image":{"@id":"https:\/\/graef-gnu.com\/produkt\/gnu-colorcell-autofix\/#primaryimage"},"thumbnailUrl":"https:\/\/graef-gnu.com\/wp-content\/uploads\/gnu_colorcell_alle_ecken_autofix-1.jpg","datePublished":"2021-10-06T11:54:16+00:00","dateModified":"2021-10-06T11:55:11+00:00","description":"GNU ColorCell&reg; Autofix: goma de expulsi\u00f3n est\u00e1ndar para troqueles de corte plano \u25ba Resistente a los rayos UV y al envejecimiento \u2705 versi\u00f3n autoadhesiva \u2705 \u00a1Informe aqu\u00ed!","breadcrumb":{"@id":"https:\/\/graef-gnu.com\/produkt\/gnu-colorcell-autofix\/#breadcrumb"},"inLanguage":"es","potentialAction":[{"@type":"ReadAction","target":["https:\/\/graef-gnu.com\/produkt\/gnu-colorcell-autofix\/"]}]},{"@type":"ImageObject","inLanguage":"es","@id":"https:\/\/graef-gnu.com\/produkt\/gnu-colorcell-autofix\/#primaryimage","url":"https:\/\/graef-gnu.com\/wp-content\/uploads\/gnu_colorcell_alle_ecken_autofix-1.jpg","contentUrl":"https:\/\/graef-gnu.com\/wp-content\/uploads\/gnu_colorcell_alle_ecken_autofix-1.jpg","width":890,"height":300},{"@type":"BreadcrumbList","@id":"https:\/\/graef-gnu.com\/produkt\/gnu-colorcell-autofix\/#breadcrumb","itemListElement":[{"@type":"ListItem","position":1,"name":"Startseite","item":"https:\/\/graef-gnu.com\/es\/"},{"@type":"ListItem","position":2,"name":"Resumen del producto","item":"https:\/\/graef-gnu.com\/es\/resumen-del-producto\/"},{"@type":"ListItem","position":3,"name":"GNU ColorCell&reg; Autofix"}]},{"@type":"WebSite","@id":"https:\/\/graef-gnu.com\/#website","url":"https:\/\/graef-gnu.com\/","name":"August Graef GNU","description":"","potentialAction":[{"@type":"SearchAction","target":{"@type":"EntryPoint","urlTemplate":"https:\/\/graef-gnu.com\/?s={search_term_string}"},"query-input":"required name=search_term_string"}],"inLanguage":"es"}]}},"_links":{"self":[{"href":"https:\/\/graef-gnu.com\/es\/wp-json\/wp\/v2\/product\/142314","targetHints":{"allow":["GET"]}}],"collection":[{"href":"https:\/\/graef-gnu.com\/es\/wp-json\/wp\/v2\/product"}],"about":[{"href":"https:\/\/graef-gnu.com\/es\/wp-json\/wp\/v2\/types\/product"}],"wp:featuredmedia":[{"embeddable":true,"href":"https:\/\/graef-gnu.com\/es\/wp-json\/wp\/v2\/media\/142337"}],"wp:attachment":[{"href":"https:\/\/graef-gnu.com\/es\/wp-json\/wp\/v2\/media?parent=142314"}],"wp:term":[{"taxonomy":"product_cat","embeddable":true,"href":"https:\/\/graef-gnu.com\/es\/wp-json\/wp\/v2\/product_cat?post=142314"},{"taxonomy":"product_tag","embeddable":true,"href":"https:\/\/graef-gnu.com\/es\/wp-json\/wp\/v2\/product_tag?post=142314"}],"curies":[{"name":"wp","href":"https:\/\/api.w.org\/{rel}","templated":true}]}}