{"id":142956,"date":"2021-02-11T11:04:37","date_gmt":"2021-10-06T12:02:59","guid":{"rendered":"https:\/\/www.graef-gnu.com\/produkt\/gnu-celleject-cuarto-de-vuelta\/"},"modified":"2021-10-06T14:04:12","modified_gmt":"2021-10-06T12:04:12","slug":"gnu-celleject-quarter-round","status":"publish","type":"product","link":"https:\/\/graef-gnu.com\/es\/produkt\/gnu-celleject-quarter-round\/","title":{"rendered":"GNU CellEject cuarto de vuelta"},"content":{"rendered":"<p>GNU CellEject quarter round est\u00e1 fabricado con el exclusivo pl\u00e1stico de alto rendimiento GNU Cellular Collan. Esta goma eyectora de alto rendimiento para herramientas de perforaci\u00f3n de alta calidad puede comprimirse muy bien sin que se produzcan grandes y permanentes deformaciones. Incluso bajo cargas continuas extremas, estos perfiles impresionan por su alta compresibilidad y fuerza de recuperaci\u00f3n, as\u00ed como por su buena resistencia a la abrasi\u00f3n. La aplicaci\u00f3n del perfil ayuda a conseguir bordes de corte limpios a altas velocidades de la m\u00e1quina.<br \/>\n<em><br \/>\nVulkollan\u00ae marca registrada de Bayer AG<\/em><\/p>\n","protected":false},"excerpt":{"rendered":"<p>GNU CellEject quarter round est\u00e1 fabricado con el exclusivo pl\u00e1stico de alto rendimiento GNU Cellular Collan. Esta goma eyectora de alto rendimiento para herramientas de perforaci\u00f3n de alta calidad puede comprimirse muy bien sin que se produzcan grandes y permanentes deformaciones.<\/p>\n","protected":false},"featured_media":142978,"template":"","meta":{"_acf_changed":false},"product_cat":[8521],"product_tag":[],"class_list":{"0":"post-142956","1":"product","2":"type-product","3":"status-publish","4":"has-post-thumbnail","6":"product_group-perfiles","7":"product_cat-materiales-de-expulsion","8":"pa_ablaengung-a-1-m-es-2","9":"pa_abstandhalter-quetschfase-con-espaciador","10":"pa_abstandhalter-quetschfase-n-a-es","11":"pa_hoehe-10-mm-es","12":"pa_hoehe-12-mm-es","13":"pa_hoehe-13-mm-es","14":"pa_hoehe-14-mm-es","15":"pa_hoehe-7-mm-es","16":"pa_profilbreite-10-mm-es","17":"pa_profilbreite-12-mm-es","18":"pa_profilbreite-13-mm-es","19":"pa_profilbreite-14-mm-es","20":"pa_profilbreite-7-mm-es","21":"pa_raumgewicht-rg-35-40-es","22":"pa_raumgewicht-rg-45-50-es-2","23":"pa_raumgewicht-rg-60-65-es-2","25":"first","26":"instock","27":"purchasable","28":"product-type-variable"},"acf":[],"yoast_head":"<!-- This site is optimized with the Yoast SEO plugin v22.6 - https:\/\/yoast.com\/wordpress\/plugins\/seo\/ -->\n<title>GNU CellEject cuarto de vuelta - August Graef GNU<\/title>\n<meta name=\"description\" content=\"GNU CellEject cuarto redondo hecho de GNU Cellular Collan \u25ba adecuado para cargas continuas extremas \u2705 buena resistencia a la abrasi\u00f3n\u2705 \u00a1Aprenda m\u00e1s aqu\u00ed!\" \/>\n<meta name=\"robots\" content=\"index, follow, max-snippet:-1, max-image-preview:large, max-video-preview:-1\" \/>\n<link rel=\"canonical\" href=\"https:\/\/graef-gnu.com\/produkt\/gnu-celleject-viertelrund\/\" \/>\n<meta property=\"og:locale\" content=\"es_ES\" \/>\n<meta property=\"og:type\" content=\"article\" \/>\n<meta property=\"og:title\" content=\"GNU CellEject cuarto de vuelta - August Graef GNU\" \/>\n<meta property=\"og:description\" content=\"GNU CellEject cuarto redondo hecho de GNU Cellular Collan \u25ba adecuado para cargas continuas extremas \u2705 buena resistencia a la abrasi\u00f3n\u2705 \u00a1Aprenda m\u00e1s aqu\u00ed!\" \/>\n<meta property=\"og:url\" content=\"https:\/\/graef-gnu.com\/produkt\/gnu-celleject-viertelrund\/\" \/>\n<meta property=\"og:site_name\" content=\"August Graef GNU\" \/>\n<meta property=\"article:modified_time\" content=\"2021-10-06T12:04:12+00:00\" \/>\n<meta property=\"og:image\" content=\"https:\/\/graef-gnu.com\/wp-content\/uploads\/gnu_celleject_viertelrund-2.jpg\" \/>\n\t<meta property=\"og:image:width\" content=\"890\" \/>\n\t<meta property=\"og:image:height\" content=\"300\" \/>\n\t<meta property=\"og:image:type\" content=\"image\/jpeg\" \/>\n<meta name=\"twitter:card\" content=\"summary_large_image\" \/>\n<script type=\"application\/ld+json\" class=\"yoast-schema-graph\">{\"@context\":\"https:\/\/schema.org\",\"@graph\":[{\"@type\":\"WebPage\",\"@id\":\"https:\/\/graef-gnu.com\/produkt\/gnu-celleject-viertelrund\/\",\"url\":\"https:\/\/graef-gnu.com\/produkt\/gnu-celleject-viertelrund\/\",\"name\":\"GNU CellEject cuarto de vuelta - August Graef GNU\",\"isPartOf\":{\"@id\":\"https:\/\/graef-gnu.com\/#website\"},\"primaryImageOfPage\":{\"@id\":\"https:\/\/graef-gnu.com\/produkt\/gnu-celleject-viertelrund\/#primaryimage\"},\"image\":{\"@id\":\"https:\/\/graef-gnu.com\/produkt\/gnu-celleject-viertelrund\/#primaryimage\"},\"thumbnailUrl\":\"https:\/\/graef-gnu.com\/wp-content\/uploads\/gnu_celleject_viertelrund-2.jpg\",\"datePublished\":\"2021-10-06T12:02:59+00:00\",\"dateModified\":\"2021-10-06T12:04:12+00:00\",\"description\":\"GNU CellEject cuarto redondo hecho de GNU Cellular Collan \u25ba adecuado para cargas continuas extremas \u2705 buena resistencia a la abrasi\u00f3n\u2705 \u00a1Aprenda m\u00e1s aqu\u00ed!\",\"breadcrumb\":{\"@id\":\"https:\/\/graef-gnu.com\/produkt\/gnu-celleject-viertelrund\/#breadcrumb\"},\"inLanguage\":\"es\",\"potentialAction\":[{\"@type\":\"ReadAction\",\"target\":[\"https:\/\/graef-gnu.com\/produkt\/gnu-celleject-viertelrund\/\"]}]},{\"@type\":\"ImageObject\",\"inLanguage\":\"es\",\"@id\":\"https:\/\/graef-gnu.com\/produkt\/gnu-celleject-viertelrund\/#primaryimage\",\"url\":\"https:\/\/graef-gnu.com\/wp-content\/uploads\/gnu_celleject_viertelrund-2.jpg\",\"contentUrl\":\"https:\/\/graef-gnu.com\/wp-content\/uploads\/gnu_celleject_viertelrund-2.jpg\",\"width\":890,\"height\":300},{\"@type\":\"BreadcrumbList\",\"@id\":\"https:\/\/graef-gnu.com\/produkt\/gnu-celleject-viertelrund\/#breadcrumb\",\"itemListElement\":[{\"@type\":\"ListItem\",\"position\":1,\"name\":\"Startseite\",\"item\":\"https:\/\/graef-gnu.com\/es\/\"},{\"@type\":\"ListItem\",\"position\":2,\"name\":\"Resumen del producto\",\"item\":\"https:\/\/graef-gnu.com\/es\/resumen-del-producto\/\"},{\"@type\":\"ListItem\",\"position\":3,\"name\":\"GNU CellEject cuarto de vuelta\"}]},{\"@type\":\"WebSite\",\"@id\":\"https:\/\/graef-gnu.com\/#website\",\"url\":\"https:\/\/graef-gnu.com\/\",\"name\":\"August Graef GNU\",\"description\":\"\",\"potentialAction\":[{\"@type\":\"SearchAction\",\"target\":{\"@type\":\"EntryPoint\",\"urlTemplate\":\"https:\/\/graef-gnu.com\/?s={search_term_string}\"},\"query-input\":\"required name=search_term_string\"}],\"inLanguage\":\"es\"}]}<\/script>\n<!-- \/ Yoast SEO plugin. -->","yoast_head_json":{"title":"GNU CellEject cuarto de vuelta - August Graef GNU","description":"GNU CellEject cuarto redondo hecho de GNU Cellular Collan \u25ba adecuado para cargas continuas extremas \u2705 buena resistencia a la abrasi\u00f3n\u2705 \u00a1Aprenda m\u00e1s aqu\u00ed!","robots":{"index":"index","follow":"follow","max-snippet":"max-snippet:-1","max-image-preview":"max-image-preview:large","max-video-preview":"max-video-preview:-1"},"canonical":"https:\/\/graef-gnu.com\/produkt\/gnu-celleject-viertelrund\/","og_locale":"es_ES","og_type":"article","og_title":"GNU CellEject cuarto de vuelta - August Graef GNU","og_description":"GNU CellEject cuarto redondo hecho de GNU Cellular Collan \u25ba adecuado para cargas continuas extremas \u2705 buena resistencia a la abrasi\u00f3n\u2705 \u00a1Aprenda m\u00e1s aqu\u00ed!","og_url":"https:\/\/graef-gnu.com\/produkt\/gnu-celleject-viertelrund\/","og_site_name":"August Graef GNU","article_modified_time":"2021-10-06T12:04:12+00:00","og_image":[{"width":890,"height":300,"url":"https:\/\/graef-gnu.com\/wp-content\/uploads\/gnu_celleject_viertelrund-2.jpg","type":"image\/jpeg"}],"twitter_card":"summary_large_image","schema":{"@context":"https:\/\/schema.org","@graph":[{"@type":"WebPage","@id":"https:\/\/graef-gnu.com\/produkt\/gnu-celleject-viertelrund\/","url":"https:\/\/graef-gnu.com\/produkt\/gnu-celleject-viertelrund\/","name":"GNU CellEject cuarto de vuelta - August Graef GNU","isPartOf":{"@id":"https:\/\/graef-gnu.com\/#website"},"primaryImageOfPage":{"@id":"https:\/\/graef-gnu.com\/produkt\/gnu-celleject-viertelrund\/#primaryimage"},"image":{"@id":"https:\/\/graef-gnu.com\/produkt\/gnu-celleject-viertelrund\/#primaryimage"},"thumbnailUrl":"https:\/\/graef-gnu.com\/wp-content\/uploads\/gnu_celleject_viertelrund-2.jpg","datePublished":"2021-10-06T12:02:59+00:00","dateModified":"2021-10-06T12:04:12+00:00","description":"GNU CellEject cuarto redondo hecho de GNU Cellular Collan \u25ba adecuado para cargas continuas extremas \u2705 buena resistencia a la abrasi\u00f3n\u2705 \u00a1Aprenda m\u00e1s aqu\u00ed!","breadcrumb":{"@id":"https:\/\/graef-gnu.com\/produkt\/gnu-celleject-viertelrund\/#breadcrumb"},"inLanguage":"es","potentialAction":[{"@type":"ReadAction","target":["https:\/\/graef-gnu.com\/produkt\/gnu-celleject-viertelrund\/"]}]},{"@type":"ImageObject","inLanguage":"es","@id":"https:\/\/graef-gnu.com\/produkt\/gnu-celleject-viertelrund\/#primaryimage","url":"https:\/\/graef-gnu.com\/wp-content\/uploads\/gnu_celleject_viertelrund-2.jpg","contentUrl":"https:\/\/graef-gnu.com\/wp-content\/uploads\/gnu_celleject_viertelrund-2.jpg","width":890,"height":300},{"@type":"BreadcrumbList","@id":"https:\/\/graef-gnu.com\/produkt\/gnu-celleject-viertelrund\/#breadcrumb","itemListElement":[{"@type":"ListItem","position":1,"name":"Startseite","item":"https:\/\/graef-gnu.com\/es\/"},{"@type":"ListItem","position":2,"name":"Resumen del producto","item":"https:\/\/graef-gnu.com\/es\/resumen-del-producto\/"},{"@type":"ListItem","position":3,"name":"GNU CellEject cuarto de vuelta"}]},{"@type":"WebSite","@id":"https:\/\/graef-gnu.com\/#website","url":"https:\/\/graef-gnu.com\/","name":"August Graef GNU","description":"","potentialAction":[{"@type":"SearchAction","target":{"@type":"EntryPoint","urlTemplate":"https:\/\/graef-gnu.com\/?s={search_term_string}"},"query-input":"required name=search_term_string"}],"inLanguage":"es"}]}},"_links":{"self":[{"href":"https:\/\/graef-gnu.com\/es\/wp-json\/wp\/v2\/product\/142956","targetHints":{"allow":["GET"]}}],"collection":[{"href":"https:\/\/graef-gnu.com\/es\/wp-json\/wp\/v2\/product"}],"about":[{"href":"https:\/\/graef-gnu.com\/es\/wp-json\/wp\/v2\/types\/product"}],"wp:featuredmedia":[{"embeddable":true,"href":"https:\/\/graef-gnu.com\/es\/wp-json\/wp\/v2\/media\/142978"}],"wp:attachment":[{"href":"https:\/\/graef-gnu.com\/es\/wp-json\/wp\/v2\/media?parent=142956"}],"wp:term":[{"taxonomy":"product_cat","embeddable":true,"href":"https:\/\/graef-gnu.com\/es\/wp-json\/wp\/v2\/product_cat?post=142956"},{"taxonomy":"product_tag","embeddable":true,"href":"https:\/\/graef-gnu.com\/es\/wp-json\/wp\/v2\/product_tag?post=142956"}],"curies":[{"name":"wp","href":"https:\/\/api.w.org\/{rel}","templated":true}]}}