{"id":143004,"date":"2021-02-11T11:04:40","date_gmt":"2021-10-06T12:03:03","guid":{"rendered":"https:\/\/www.graef-gnu.com\/produkt\/gnu-celleject-cuarto-de-vuelta-autofix\/"},"modified":"2021-10-06T14:04:18","modified_gmt":"2021-10-06T12:04:18","slug":"gnu-celleject-quarter-round-autofix","status":"publish","type":"product","link":"https:\/\/graef-gnu.com\/es\/produkt\/gnu-celleject-quarter-round-autofix\/","title":{"rendered":"GNU CellEject cuarto de vuelta Autofix"},"content":{"rendered":"<p>GNU CellEject quarter round est\u00e1 fabricado con el exclusivo pl\u00e1stico de alto rendimiento GNU Cellular Collan. Esta goma eyectora de alto rendimiento para herramientas de perforaci\u00f3n de alta calidad puede comprimirse muy bien sin que se produzcan grandes y permanentes deformaciones. Incluso bajo cargas continuas extremas, estos perfiles impresionan por su alta compresibilidad y fuerza de recuperaci\u00f3n, as\u00ed como por su buena resistencia a la abrasi\u00f3n. La aplicaci\u00f3n del perfil ayuda a conseguir bordes de corte limpios a altas velocidades de la m\u00e1quina. Tambi\u00e9n disponible en versi\u00f3n autoadhesiva.<br \/>\n<em><br \/>\nVulkollan\u00ae marca registrada de Bayer AG<\/em><\/p>\n","protected":false},"excerpt":{"rendered":"<p>GNU CellEject quarter round est\u00e1 fabricado con el exclusivo pl\u00e1stico de alto rendimiento GNU Cellular Collan. Esta goma eyectora de alto rendimiento para herramientas de perforaci\u00f3n de alta calidad puede comprimirse muy bien sin que se produzcan grandes y permanentes deformaciones.<\/p>\n","protected":false},"featured_media":143009,"template":"","meta":{"_acf_changed":false},"product_cat":[8521],"product_tag":[],"class_list":{"0":"post-143004","1":"product","2":"type-product","3":"status-publish","4":"has-post-thumbnail","6":"product_group-perfiles","7":"product_cat-materiales-de-expulsion","8":"pa_ablaengung-a-1-m-es-2","9":"pa_hoehe-10-mm-es","10":"pa_hoehe-12-mm-es","11":"pa_hoehe-14-mm-es","12":"pa_profilbreite-10-mm-es","13":"pa_profilbreite-12-mm-es","14":"pa_profilbreite-14-mm-es","15":"pa_raumgewicht-rg-35-40-es","16":"pa_raumgewicht-rg-45-50-es-2","18":"first","19":"instock","20":"purchasable","21":"product-type-variable"},"acf":[],"yoast_head":"<!-- This site is optimized with the Yoast SEO plugin v22.6 - https:\/\/yoast.com\/wordpress\/plugins\/seo\/ -->\n<title>GNU CellEject cuarto de vuelta Autofix - August Graef GNU<\/title>\n<meta name=\"description\" content=\"GNU CellEject cuarto redondo \u25ba alta compresibilidad y fuerza restauradora \u2705 autoadhesivo disponible \u2705 \u00a1Solicite en l\u00ednea aqu\u00ed!\" \/>\n<meta name=\"robots\" content=\"index, follow, max-snippet:-1, max-image-preview:large, max-video-preview:-1\" \/>\n<link rel=\"canonical\" href=\"https:\/\/graef-gnu.com\/produkt\/gnu-celleject-viertelrund-autofix\/\" \/>\n<meta property=\"og:locale\" content=\"es_ES\" \/>\n<meta property=\"og:type\" content=\"article\" \/>\n<meta property=\"og:title\" content=\"GNU CellEject cuarto de vuelta Autofix - August Graef GNU\" \/>\n<meta property=\"og:description\" content=\"GNU CellEject cuarto redondo \u25ba alta compresibilidad y fuerza restauradora \u2705 autoadhesivo disponible \u2705 \u00a1Solicite en l\u00ednea aqu\u00ed!\" \/>\n<meta property=\"og:url\" content=\"https:\/\/graef-gnu.com\/produkt\/gnu-celleject-viertelrund-autofix\/\" \/>\n<meta property=\"og:site_name\" content=\"August Graef GNU\" \/>\n<meta property=\"article:modified_time\" content=\"2021-10-06T12:04:18+00:00\" \/>\n<meta property=\"og:image\" content=\"https:\/\/graef-gnu.com\/wp-content\/uploads\/gnu_celleject_viertelrund-1.jpg\" \/>\n\t<meta property=\"og:image:width\" content=\"890\" \/>\n\t<meta property=\"og:image:height\" content=\"300\" \/>\n\t<meta property=\"og:image:type\" content=\"image\/jpeg\" \/>\n<meta name=\"twitter:card\" content=\"summary_large_image\" \/>\n<meta name=\"twitter:label1\" content=\"Tiempo de lectura\" \/>\n\t<meta name=\"twitter:data1\" content=\"1 minuto\" \/>\n<script type=\"application\/ld+json\" class=\"yoast-schema-graph\">{\"@context\":\"https:\/\/schema.org\",\"@graph\":[{\"@type\":\"WebPage\",\"@id\":\"https:\/\/graef-gnu.com\/produkt\/gnu-celleject-viertelrund-autofix\/\",\"url\":\"https:\/\/graef-gnu.com\/produkt\/gnu-celleject-viertelrund-autofix\/\",\"name\":\"GNU CellEject cuarto de vuelta Autofix - August Graef GNU\",\"isPartOf\":{\"@id\":\"https:\/\/graef-gnu.com\/#website\"},\"primaryImageOfPage\":{\"@id\":\"https:\/\/graef-gnu.com\/produkt\/gnu-celleject-viertelrund-autofix\/#primaryimage\"},\"image\":{\"@id\":\"https:\/\/graef-gnu.com\/produkt\/gnu-celleject-viertelrund-autofix\/#primaryimage\"},\"thumbnailUrl\":\"https:\/\/graef-gnu.com\/wp-content\/uploads\/gnu_celleject_viertelrund-1.jpg\",\"datePublished\":\"2021-10-06T12:03:03+00:00\",\"dateModified\":\"2021-10-06T12:04:18+00:00\",\"description\":\"GNU CellEject cuarto redondo \u25ba alta compresibilidad y fuerza restauradora \u2705 autoadhesivo disponible \u2705 \u00a1Solicite en l\u00ednea aqu\u00ed!\",\"breadcrumb\":{\"@id\":\"https:\/\/graef-gnu.com\/produkt\/gnu-celleject-viertelrund-autofix\/#breadcrumb\"},\"inLanguage\":\"es\",\"potentialAction\":[{\"@type\":\"ReadAction\",\"target\":[\"https:\/\/graef-gnu.com\/produkt\/gnu-celleject-viertelrund-autofix\/\"]}]},{\"@type\":\"ImageObject\",\"inLanguage\":\"es\",\"@id\":\"https:\/\/graef-gnu.com\/produkt\/gnu-celleject-viertelrund-autofix\/#primaryimage\",\"url\":\"https:\/\/graef-gnu.com\/wp-content\/uploads\/gnu_celleject_viertelrund-1.jpg\",\"contentUrl\":\"https:\/\/graef-gnu.com\/wp-content\/uploads\/gnu_celleject_viertelrund-1.jpg\",\"width\":890,\"height\":300},{\"@type\":\"BreadcrumbList\",\"@id\":\"https:\/\/graef-gnu.com\/produkt\/gnu-celleject-viertelrund-autofix\/#breadcrumb\",\"itemListElement\":[{\"@type\":\"ListItem\",\"position\":1,\"name\":\"Startseite\",\"item\":\"https:\/\/graef-gnu.com\/es\/\"},{\"@type\":\"ListItem\",\"position\":2,\"name\":\"Resumen del producto\",\"item\":\"https:\/\/graef-gnu.com\/es\/resumen-del-producto\/\"},{\"@type\":\"ListItem\",\"position\":3,\"name\":\"GNU CellEject cuarto de vuelta Autofix\"}]},{\"@type\":\"WebSite\",\"@id\":\"https:\/\/graef-gnu.com\/#website\",\"url\":\"https:\/\/graef-gnu.com\/\",\"name\":\"August Graef GNU\",\"description\":\"\",\"potentialAction\":[{\"@type\":\"SearchAction\",\"target\":{\"@type\":\"EntryPoint\",\"urlTemplate\":\"https:\/\/graef-gnu.com\/?s={search_term_string}\"},\"query-input\":\"required name=search_term_string\"}],\"inLanguage\":\"es\"}]}<\/script>\n<!-- \/ Yoast SEO plugin. -->","yoast_head_json":{"title":"GNU CellEject cuarto de vuelta Autofix - August Graef GNU","description":"GNU CellEject cuarto redondo \u25ba alta compresibilidad y fuerza restauradora \u2705 autoadhesivo disponible \u2705 \u00a1Solicite en l\u00ednea aqu\u00ed!","robots":{"index":"index","follow":"follow","max-snippet":"max-snippet:-1","max-image-preview":"max-image-preview:large","max-video-preview":"max-video-preview:-1"},"canonical":"https:\/\/graef-gnu.com\/produkt\/gnu-celleject-viertelrund-autofix\/","og_locale":"es_ES","og_type":"article","og_title":"GNU CellEject cuarto de vuelta Autofix - August Graef GNU","og_description":"GNU CellEject cuarto redondo \u25ba alta compresibilidad y fuerza restauradora \u2705 autoadhesivo disponible \u2705 \u00a1Solicite en l\u00ednea aqu\u00ed!","og_url":"https:\/\/graef-gnu.com\/produkt\/gnu-celleject-viertelrund-autofix\/","og_site_name":"August Graef GNU","article_modified_time":"2021-10-06T12:04:18+00:00","og_image":[{"width":890,"height":300,"url":"https:\/\/graef-gnu.com\/wp-content\/uploads\/gnu_celleject_viertelrund-1.jpg","type":"image\/jpeg"}],"twitter_card":"summary_large_image","twitter_misc":{"Tiempo de lectura":"1 minuto"},"schema":{"@context":"https:\/\/schema.org","@graph":[{"@type":"WebPage","@id":"https:\/\/graef-gnu.com\/produkt\/gnu-celleject-viertelrund-autofix\/","url":"https:\/\/graef-gnu.com\/produkt\/gnu-celleject-viertelrund-autofix\/","name":"GNU CellEject cuarto de vuelta Autofix - August Graef GNU","isPartOf":{"@id":"https:\/\/graef-gnu.com\/#website"},"primaryImageOfPage":{"@id":"https:\/\/graef-gnu.com\/produkt\/gnu-celleject-viertelrund-autofix\/#primaryimage"},"image":{"@id":"https:\/\/graef-gnu.com\/produkt\/gnu-celleject-viertelrund-autofix\/#primaryimage"},"thumbnailUrl":"https:\/\/graef-gnu.com\/wp-content\/uploads\/gnu_celleject_viertelrund-1.jpg","datePublished":"2021-10-06T12:03:03+00:00","dateModified":"2021-10-06T12:04:18+00:00","description":"GNU CellEject cuarto redondo \u25ba alta compresibilidad y fuerza restauradora \u2705 autoadhesivo disponible \u2705 \u00a1Solicite en l\u00ednea aqu\u00ed!","breadcrumb":{"@id":"https:\/\/graef-gnu.com\/produkt\/gnu-celleject-viertelrund-autofix\/#breadcrumb"},"inLanguage":"es","potentialAction":[{"@type":"ReadAction","target":["https:\/\/graef-gnu.com\/produkt\/gnu-celleject-viertelrund-autofix\/"]}]},{"@type":"ImageObject","inLanguage":"es","@id":"https:\/\/graef-gnu.com\/produkt\/gnu-celleject-viertelrund-autofix\/#primaryimage","url":"https:\/\/graef-gnu.com\/wp-content\/uploads\/gnu_celleject_viertelrund-1.jpg","contentUrl":"https:\/\/graef-gnu.com\/wp-content\/uploads\/gnu_celleject_viertelrund-1.jpg","width":890,"height":300},{"@type":"BreadcrumbList","@id":"https:\/\/graef-gnu.com\/produkt\/gnu-celleject-viertelrund-autofix\/#breadcrumb","itemListElement":[{"@type":"ListItem","position":1,"name":"Startseite","item":"https:\/\/graef-gnu.com\/es\/"},{"@type":"ListItem","position":2,"name":"Resumen del producto","item":"https:\/\/graef-gnu.com\/es\/resumen-del-producto\/"},{"@type":"ListItem","position":3,"name":"GNU CellEject cuarto de vuelta Autofix"}]},{"@type":"WebSite","@id":"https:\/\/graef-gnu.com\/#website","url":"https:\/\/graef-gnu.com\/","name":"August Graef GNU","description":"","potentialAction":[{"@type":"SearchAction","target":{"@type":"EntryPoint","urlTemplate":"https:\/\/graef-gnu.com\/?s={search_term_string}"},"query-input":"required name=search_term_string"}],"inLanguage":"es"}]}},"_links":{"self":[{"href":"https:\/\/graef-gnu.com\/es\/wp-json\/wp\/v2\/product\/143004","targetHints":{"allow":["GET"]}}],"collection":[{"href":"https:\/\/graef-gnu.com\/es\/wp-json\/wp\/v2\/product"}],"about":[{"href":"https:\/\/graef-gnu.com\/es\/wp-json\/wp\/v2\/types\/product"}],"wp:featuredmedia":[{"embeddable":true,"href":"https:\/\/graef-gnu.com\/es\/wp-json\/wp\/v2\/media\/143009"}],"wp:attachment":[{"href":"https:\/\/graef-gnu.com\/es\/wp-json\/wp\/v2\/media?parent=143004"}],"wp:term":[{"taxonomy":"product_cat","embeddable":true,"href":"https:\/\/graef-gnu.com\/es\/wp-json\/wp\/v2\/product_cat?post=143004"},{"taxonomy":"product_tag","embeddable":true,"href":"https:\/\/graef-gnu.com\/es\/wp-json\/wp\/v2\/product_tag?post=143004"}],"curies":[{"name":"wp","href":"https:\/\/api.w.org\/{rel}","templated":true}]}}