{"id":143271,"date":"2021-02-11T10:58:57","date_gmt":"2021-10-06T12:08:53","guid":{"rendered":"https:\/\/www.graef-gnu.com\/produkt\/striptec-wave-perf\/"},"modified":"2021-10-06T14:09:20","modified_gmt":"2021-10-06T12:09:20","slug":"striptec-wave-perf","status":"publish","type":"product","link":"https:\/\/graef-gnu.com\/es\/produkt\/striptec-wave-perf\/","title":{"rendered":"Striptec<sup>&reg;<\/sup><sup>&reg;<\/sup><sup>&reg;<\/sup>-Wave-Perf"},"content":{"rendered":"<p>L\u00ednea de perforaci\u00f3n de despojo ondulado para la expulsi\u00f3n de residuos de perforaci\u00f3n m\u00e1s amplios y la posible reducci\u00f3n de las l\u00edneas de despojo paralelas.<\/p>\n","protected":false},"excerpt":{"rendered":"<p>L\u00ednea de perforaci\u00f3n de despojo ondulado para la expulsi\u00f3n de residuos de perforaci\u00f3n m\u00e1s amplios y la posible reducci\u00f3n de las l\u00edneas de despojo paralelas.<\/p>\n","protected":false},"featured_media":143272,"template":"","meta":{"_acf_changed":false},"product_cat":[8517],"product_tag":[],"class_list":{"0":"post-143271","1":"product","2":"type-product","3":"status-publish","4":"has-post-thumbnail","6":"product_group-expulsion","7":"product_cat-troquelado-plano","8":"pa_ablaengung-a-1-m-es","9":"pa_haerte-750-850n-es","10":"pa_hoehe-50-mm-es","11":"pa_hoehe-51-mm-es","12":"pa_hoehe-52-mm-es","13":"pa_hoehe-53-mm-es","14":"pa_hoehe-54-mm-es","15":"pa_hoehe-55-mm-es-2","16":"pa_staerke-breite-105-mm-es","17":"pa_teilung-21-mm-es","18":"pa_teilung-41-mm-es","19":"pa_welle-eje-50-60-mm","20":"pa_welle-eje-de-110-mm-corrugado-de-20-mm-de-espesor","21":"pa_welle-eje-de-110-mm-corrugado-de-30-mm-de-espesor","22":"pa_welle-eje-de-110-mm-corrugado-de-35-mm-de-espesor","23":"pa_welle-eje-de-110-mm-corrugado-de-40-mm-de-espesor","24":"pa_welle-eje-de-110-mm-corrugado-de-45-mm-de-espesor","26":"first","27":"instock","28":"purchasable","29":"product-type-variable"},"acf":[],"yoast_head":"<!-- This site is optimized with the Yoast SEO plugin v22.6 - https:\/\/yoast.com\/wordpress\/plugins\/seo\/ -->\n<title>Striptec&reg;&reg;&reg;-Wave-Perf - August Graef GNU<\/title>\n<meta name=\"description\" content=\"L\u00ednea de perforaci\u00f3n de despojo ondulado para expulsar residuos de perforaci\u00f3n m\u00e1s amplios y posible reducci\u00f3n de l\u00edneas de despojo paralelas - \u00a1Informe aqu\u00ed!\" \/>\n<meta name=\"robots\" content=\"index, follow, max-snippet:-1, max-image-preview:large, max-video-preview:-1\" \/>\n<link rel=\"canonical\" href=\"https:\/\/graef-gnu.com\/produkt\/striptec-wave-perf\/\" \/>\n<meta property=\"og:locale\" content=\"es_ES\" \/>\n<meta property=\"og:type\" content=\"article\" \/>\n<meta property=\"og:title\" content=\"Striptec&reg;&reg;&reg;-Wave-Perf - August Graef GNU\" \/>\n<meta property=\"og:description\" content=\"L\u00ednea de perforaci\u00f3n de despojo ondulado para expulsar residuos de perforaci\u00f3n m\u00e1s amplios y posible reducci\u00f3n de l\u00edneas de despojo paralelas - \u00a1Informe aqu\u00ed!\" \/>\n<meta property=\"og:url\" content=\"https:\/\/graef-gnu.com\/produkt\/striptec-wave-perf\/\" \/>\n<meta property=\"og:site_name\" content=\"August Graef GNU\" \/>\n<meta property=\"article:modified_time\" content=\"2021-10-06T12:09:20+00:00\" \/>\n<meta property=\"og:image\" content=\"https:\/\/graef-gnu.com\/wp-content\/uploads\/gnu-striptec-perfect-wave.png\" \/>\n\t<meta property=\"og:image:width\" content=\"890\" \/>\n\t<meta property=\"og:image:height\" content=\"300\" \/>\n\t<meta property=\"og:image:type\" content=\"image\/png\" \/>\n<meta name=\"twitter:card\" content=\"summary_large_image\" \/>\n<script type=\"application\/ld+json\" class=\"yoast-schema-graph\">{\"@context\":\"https:\/\/schema.org\",\"@graph\":[{\"@type\":\"WebPage\",\"@id\":\"https:\/\/graef-gnu.com\/produkt\/striptec-wave-perf\/\",\"url\":\"https:\/\/graef-gnu.com\/produkt\/striptec-wave-perf\/\",\"name\":\"Striptec&reg;&reg;&reg;-Wave-Perf - August Graef GNU\",\"isPartOf\":{\"@id\":\"https:\/\/graef-gnu.com\/#website\"},\"primaryImageOfPage\":{\"@id\":\"https:\/\/graef-gnu.com\/produkt\/striptec-wave-perf\/#primaryimage\"},\"image\":{\"@id\":\"https:\/\/graef-gnu.com\/produkt\/striptec-wave-perf\/#primaryimage\"},\"thumbnailUrl\":\"https:\/\/graef-gnu.com\/wp-content\/uploads\/gnu-striptec-perfect-wave.png\",\"datePublished\":\"2021-10-06T12:08:53+00:00\",\"dateModified\":\"2021-10-06T12:09:20+00:00\",\"description\":\"L\u00ednea de perforaci\u00f3n de despojo ondulado para expulsar residuos de perforaci\u00f3n m\u00e1s amplios y posible reducci\u00f3n de l\u00edneas de despojo paralelas - \u00a1Informe aqu\u00ed!\",\"breadcrumb\":{\"@id\":\"https:\/\/graef-gnu.com\/produkt\/striptec-wave-perf\/#breadcrumb\"},\"inLanguage\":\"es\",\"potentialAction\":[{\"@type\":\"ReadAction\",\"target\":[\"https:\/\/graef-gnu.com\/produkt\/striptec-wave-perf\/\"]}]},{\"@type\":\"ImageObject\",\"inLanguage\":\"es\",\"@id\":\"https:\/\/graef-gnu.com\/produkt\/striptec-wave-perf\/#primaryimage\",\"url\":\"https:\/\/graef-gnu.com\/wp-content\/uploads\/gnu-striptec-perfect-wave.png\",\"contentUrl\":\"https:\/\/graef-gnu.com\/wp-content\/uploads\/gnu-striptec-perfect-wave.png\",\"width\":890,\"height\":300},{\"@type\":\"BreadcrumbList\",\"@id\":\"https:\/\/graef-gnu.com\/produkt\/striptec-wave-perf\/#breadcrumb\",\"itemListElement\":[{\"@type\":\"ListItem\",\"position\":1,\"name\":\"Startseite\",\"item\":\"https:\/\/graef-gnu.com\/es\/\"},{\"@type\":\"ListItem\",\"position\":2,\"name\":\"Resumen del producto\",\"item\":\"https:\/\/graef-gnu.com\/es\/resumen-del-producto\/\"},{\"@type\":\"ListItem\",\"position\":3,\"name\":\"Striptec&reg;&reg;&reg;-Wave-Perf\"}]},{\"@type\":\"WebSite\",\"@id\":\"https:\/\/graef-gnu.com\/#website\",\"url\":\"https:\/\/graef-gnu.com\/\",\"name\":\"August Graef GNU\",\"description\":\"\",\"potentialAction\":[{\"@type\":\"SearchAction\",\"target\":{\"@type\":\"EntryPoint\",\"urlTemplate\":\"https:\/\/graef-gnu.com\/?s={search_term_string}\"},\"query-input\":\"required name=search_term_string\"}],\"inLanguage\":\"es\"}]}<\/script>\n<!-- \/ Yoast SEO plugin. -->","yoast_head_json":{"title":"Striptec&reg;&reg;&reg;-Wave-Perf - August Graef GNU","description":"L\u00ednea de perforaci\u00f3n de despojo ondulado para expulsar residuos de perforaci\u00f3n m\u00e1s amplios y posible reducci\u00f3n de l\u00edneas de despojo paralelas - \u00a1Informe aqu\u00ed!","robots":{"index":"index","follow":"follow","max-snippet":"max-snippet:-1","max-image-preview":"max-image-preview:large","max-video-preview":"max-video-preview:-1"},"canonical":"https:\/\/graef-gnu.com\/produkt\/striptec-wave-perf\/","og_locale":"es_ES","og_type":"article","og_title":"Striptec&reg;&reg;&reg;-Wave-Perf - August Graef GNU","og_description":"L\u00ednea de perforaci\u00f3n de despojo ondulado para expulsar residuos de perforaci\u00f3n m\u00e1s amplios y posible reducci\u00f3n de l\u00edneas de despojo paralelas - \u00a1Informe aqu\u00ed!","og_url":"https:\/\/graef-gnu.com\/produkt\/striptec-wave-perf\/","og_site_name":"August Graef GNU","article_modified_time":"2021-10-06T12:09:20+00:00","og_image":[{"width":890,"height":300,"url":"https:\/\/graef-gnu.com\/wp-content\/uploads\/gnu-striptec-perfect-wave.png","type":"image\/png"}],"twitter_card":"summary_large_image","schema":{"@context":"https:\/\/schema.org","@graph":[{"@type":"WebPage","@id":"https:\/\/graef-gnu.com\/produkt\/striptec-wave-perf\/","url":"https:\/\/graef-gnu.com\/produkt\/striptec-wave-perf\/","name":"Striptec&reg;&reg;&reg;-Wave-Perf - August Graef GNU","isPartOf":{"@id":"https:\/\/graef-gnu.com\/#website"},"primaryImageOfPage":{"@id":"https:\/\/graef-gnu.com\/produkt\/striptec-wave-perf\/#primaryimage"},"image":{"@id":"https:\/\/graef-gnu.com\/produkt\/striptec-wave-perf\/#primaryimage"},"thumbnailUrl":"https:\/\/graef-gnu.com\/wp-content\/uploads\/gnu-striptec-perfect-wave.png","datePublished":"2021-10-06T12:08:53+00:00","dateModified":"2021-10-06T12:09:20+00:00","description":"L\u00ednea de perforaci\u00f3n de despojo ondulado para expulsar residuos de perforaci\u00f3n m\u00e1s amplios y posible reducci\u00f3n de l\u00edneas de despojo paralelas - \u00a1Informe aqu\u00ed!","breadcrumb":{"@id":"https:\/\/graef-gnu.com\/produkt\/striptec-wave-perf\/#breadcrumb"},"inLanguage":"es","potentialAction":[{"@type":"ReadAction","target":["https:\/\/graef-gnu.com\/produkt\/striptec-wave-perf\/"]}]},{"@type":"ImageObject","inLanguage":"es","@id":"https:\/\/graef-gnu.com\/produkt\/striptec-wave-perf\/#primaryimage","url":"https:\/\/graef-gnu.com\/wp-content\/uploads\/gnu-striptec-perfect-wave.png","contentUrl":"https:\/\/graef-gnu.com\/wp-content\/uploads\/gnu-striptec-perfect-wave.png","width":890,"height":300},{"@type":"BreadcrumbList","@id":"https:\/\/graef-gnu.com\/produkt\/striptec-wave-perf\/#breadcrumb","itemListElement":[{"@type":"ListItem","position":1,"name":"Startseite","item":"https:\/\/graef-gnu.com\/es\/"},{"@type":"ListItem","position":2,"name":"Resumen del producto","item":"https:\/\/graef-gnu.com\/es\/resumen-del-producto\/"},{"@type":"ListItem","position":3,"name":"Striptec&reg;&reg;&reg;-Wave-Perf"}]},{"@type":"WebSite","@id":"https:\/\/graef-gnu.com\/#website","url":"https:\/\/graef-gnu.com\/","name":"August Graef GNU","description":"","potentialAction":[{"@type":"SearchAction","target":{"@type":"EntryPoint","urlTemplate":"https:\/\/graef-gnu.com\/?s={search_term_string}"},"query-input":"required name=search_term_string"}],"inLanguage":"es"}]}},"_links":{"self":[{"href":"https:\/\/graef-gnu.com\/es\/wp-json\/wp\/v2\/product\/143271","targetHints":{"allow":["GET"]}}],"collection":[{"href":"https:\/\/graef-gnu.com\/es\/wp-json\/wp\/v2\/product"}],"about":[{"href":"https:\/\/graef-gnu.com\/es\/wp-json\/wp\/v2\/types\/product"}],"wp:featuredmedia":[{"embeddable":true,"href":"https:\/\/graef-gnu.com\/es\/wp-json\/wp\/v2\/media\/143272"}],"wp:attachment":[{"href":"https:\/\/graef-gnu.com\/es\/wp-json\/wp\/v2\/media?parent=143271"}],"wp:term":[{"taxonomy":"product_cat","embeddable":true,"href":"https:\/\/graef-gnu.com\/es\/wp-json\/wp\/v2\/product_cat?post=143271"},{"taxonomy":"product_tag","embeddable":true,"href":"https:\/\/graef-gnu.com\/es\/wp-json\/wp\/v2\/product_tag?post=143271"}],"curies":[{"name":"wp","href":"https:\/\/api.w.org\/{rel}","templated":true}]}}