{"id":143297,"date":"2021-02-11T10:58:46","date_gmt":"2021-10-06T12:10:34","guid":{"rendered":"https:\/\/www.graef-gnu.com\/produkt\/striptec\/"},"modified":"2021-11-15T09:36:30","modified_gmt":"2021-11-15T08:36:30","slug":"striptec-2","status":"publish","type":"product","link":"https:\/\/graef-gnu.com\/es\/produkt\/striptec-2\/","title":{"rendered":"Striptec<sup>&reg;<\/sup>"},"content":{"rendered":"<p>L\u00ednea de extracci\u00f3n lisa para expulsar los residuos de perforaci\u00f3n en la estaci\u00f3n de extracci\u00f3n.<\/p>\n","protected":false},"excerpt":{"rendered":"<p>L\u00ednea de extracci\u00f3n lisa para expulsar los residuos de perforaci\u00f3n en la estaci\u00f3n de extracci\u00f3n.<\/p>\n","protected":false},"featured_media":143298,"template":"","meta":{"_acf_changed":false},"product_cat":[8517],"product_tag":[],"class_list":{"0":"post-143297","1":"product","2":"type-product","3":"status-publish","4":"has-post-thumbnail","6":"product_group-expulsion","7":"product_cat-troquelado-plano","8":"pa_ablaengung-a-1-m-es","9":"pa_ablaengung-en-el-anillo","10":"pa_haerte-750-850n-es","11":"pa_haerte-h2extra-es","12":"pa_hoehe-36-mm-es","13":"pa_hoehe-40-mm-es","14":"pa_hoehe-485-mm-es","15":"pa_hoehe-49-mm-es","16":"pa_hoehe-50-mm-es","17":"pa_hoehe-52-mm-es","18":"pa_hoehe-53-mm-es","19":"pa_hoehe-54-mm-es","20":"pa_hoehe-55-mm-es-2","21":"pa_hoehe-60-mm-es","22":"pa_hoehe-6150-mm-es","23":"pa_hoehe-65-mm-es","24":"pa_staerke-breite-105-mm-es","25":"pa_staerke-breite-142-mm-es","26":"pa_teilung-n-a-es","27":"pa_wicklung-durchmesser-acw-560-mm-es","28":"pa_wicklung-durchmesser-cw-480-mm-es","29":"pa_wicklung-durchmesser-cw-560-mm-es","30":"pa_wicklung-durchmesser-n-a-es","31":"pa_zaehne-n-a-es","33":"first","34":"instock","35":"purchasable","36":"product-type-variable"},"acf":[],"yoast_head":"<!-- This site is optimized with the Yoast SEO plugin v22.6 - https:\/\/yoast.com\/wordpress\/plugins\/seo\/ -->\n<title>Striptec&reg; - August Graef GNU<\/title>\n<meta name=\"description\" content=\"L\u00ednea de extracci\u00f3n lisa para expulsar los residuos de perforaci\u00f3n en la estaci\u00f3n de extracci\u00f3n - \u00a1Solicite aqu\u00ed!\" \/>\n<meta name=\"robots\" content=\"index, follow, max-snippet:-1, max-image-preview:large, max-video-preview:-1\" \/>\n<link rel=\"canonical\" href=\"https:\/\/graef-gnu.com\/produkt\/striptec\/\" \/>\n<meta property=\"og:locale\" content=\"es_ES\" \/>\n<meta property=\"og:type\" content=\"article\" \/>\n<meta property=\"og:title\" content=\"Striptec&reg; - August Graef GNU\" \/>\n<meta property=\"og:description\" content=\"L\u00ednea de extracci\u00f3n lisa para expulsar los residuos de perforaci\u00f3n en la estaci\u00f3n de extracci\u00f3n - \u00a1Solicite aqu\u00ed!\" \/>\n<meta property=\"og:url\" content=\"https:\/\/graef-gnu.com\/produkt\/striptec\/\" \/>\n<meta property=\"og:site_name\" content=\"August Graef GNU\" \/>\n<meta property=\"article:modified_time\" content=\"2021-11-15T08:36:30+00:00\" \/>\n<meta property=\"og:image\" content=\"https:\/\/graef-gnu.com\/wp-content\/uploads\/gnu-striptec.jpg\" \/>\n\t<meta property=\"og:image:width\" content=\"890\" \/>\n\t<meta property=\"og:image:height\" content=\"300\" \/>\n\t<meta property=\"og:image:type\" content=\"image\/jpeg\" \/>\n<meta name=\"twitter:card\" content=\"summary_large_image\" \/>\n<script type=\"application\/ld+json\" class=\"yoast-schema-graph\">{\"@context\":\"https:\/\/schema.org\",\"@graph\":[{\"@type\":\"WebPage\",\"@id\":\"https:\/\/graef-gnu.com\/produkt\/striptec\/\",\"url\":\"https:\/\/graef-gnu.com\/produkt\/striptec\/\",\"name\":\"Striptec&reg; - August Graef GNU\",\"isPartOf\":{\"@id\":\"https:\/\/graef-gnu.com\/#website\"},\"primaryImageOfPage\":{\"@id\":\"https:\/\/graef-gnu.com\/produkt\/striptec\/#primaryimage\"},\"image\":{\"@id\":\"https:\/\/graef-gnu.com\/produkt\/striptec\/#primaryimage\"},\"thumbnailUrl\":\"https:\/\/graef-gnu.com\/wp-content\/uploads\/gnu-striptec.jpg\",\"datePublished\":\"2021-10-06T12:10:34+00:00\",\"dateModified\":\"2021-11-15T08:36:30+00:00\",\"description\":\"L\u00ednea de extracci\u00f3n lisa para expulsar los residuos de perforaci\u00f3n en la estaci\u00f3n de extracci\u00f3n - \u00a1Solicite aqu\u00ed!\",\"breadcrumb\":{\"@id\":\"https:\/\/graef-gnu.com\/produkt\/striptec\/#breadcrumb\"},\"inLanguage\":\"es\",\"potentialAction\":[{\"@type\":\"ReadAction\",\"target\":[\"https:\/\/graef-gnu.com\/produkt\/striptec\/\"]}]},{\"@type\":\"ImageObject\",\"inLanguage\":\"es\",\"@id\":\"https:\/\/graef-gnu.com\/produkt\/striptec\/#primaryimage\",\"url\":\"https:\/\/graef-gnu.com\/wp-content\/uploads\/gnu-striptec.jpg\",\"contentUrl\":\"https:\/\/graef-gnu.com\/wp-content\/uploads\/gnu-striptec.jpg\",\"width\":890,\"height\":300},{\"@type\":\"BreadcrumbList\",\"@id\":\"https:\/\/graef-gnu.com\/produkt\/striptec\/#breadcrumb\",\"itemListElement\":[{\"@type\":\"ListItem\",\"position\":1,\"name\":\"Startseite\",\"item\":\"https:\/\/graef-gnu.com\/es\/\"},{\"@type\":\"ListItem\",\"position\":2,\"name\":\"Resumen del producto\",\"item\":\"https:\/\/graef-gnu.com\/es\/resumen-del-producto\/\"},{\"@type\":\"ListItem\",\"position\":3,\"name\":\"Striptec&reg;\"}]},{\"@type\":\"WebSite\",\"@id\":\"https:\/\/graef-gnu.com\/#website\",\"url\":\"https:\/\/graef-gnu.com\/\",\"name\":\"August Graef GNU\",\"description\":\"\",\"potentialAction\":[{\"@type\":\"SearchAction\",\"target\":{\"@type\":\"EntryPoint\",\"urlTemplate\":\"https:\/\/graef-gnu.com\/?s={search_term_string}\"},\"query-input\":\"required name=search_term_string\"}],\"inLanguage\":\"es\"}]}<\/script>\n<!-- \/ Yoast SEO plugin. -->","yoast_head_json":{"title":"Striptec&reg; - August Graef GNU","description":"L\u00ednea de extracci\u00f3n lisa para expulsar los residuos de perforaci\u00f3n en la estaci\u00f3n de extracci\u00f3n - \u00a1Solicite aqu\u00ed!","robots":{"index":"index","follow":"follow","max-snippet":"max-snippet:-1","max-image-preview":"max-image-preview:large","max-video-preview":"max-video-preview:-1"},"canonical":"https:\/\/graef-gnu.com\/produkt\/striptec\/","og_locale":"es_ES","og_type":"article","og_title":"Striptec&reg; - August Graef GNU","og_description":"L\u00ednea de extracci\u00f3n lisa para expulsar los residuos de perforaci\u00f3n en la estaci\u00f3n de extracci\u00f3n - \u00a1Solicite aqu\u00ed!","og_url":"https:\/\/graef-gnu.com\/produkt\/striptec\/","og_site_name":"August Graef GNU","article_modified_time":"2021-11-15T08:36:30+00:00","og_image":[{"width":890,"height":300,"url":"https:\/\/graef-gnu.com\/wp-content\/uploads\/gnu-striptec.jpg","type":"image\/jpeg"}],"twitter_card":"summary_large_image","schema":{"@context":"https:\/\/schema.org","@graph":[{"@type":"WebPage","@id":"https:\/\/graef-gnu.com\/produkt\/striptec\/","url":"https:\/\/graef-gnu.com\/produkt\/striptec\/","name":"Striptec&reg; - August Graef GNU","isPartOf":{"@id":"https:\/\/graef-gnu.com\/#website"},"primaryImageOfPage":{"@id":"https:\/\/graef-gnu.com\/produkt\/striptec\/#primaryimage"},"image":{"@id":"https:\/\/graef-gnu.com\/produkt\/striptec\/#primaryimage"},"thumbnailUrl":"https:\/\/graef-gnu.com\/wp-content\/uploads\/gnu-striptec.jpg","datePublished":"2021-10-06T12:10:34+00:00","dateModified":"2021-11-15T08:36:30+00:00","description":"L\u00ednea de extracci\u00f3n lisa para expulsar los residuos de perforaci\u00f3n en la estaci\u00f3n de extracci\u00f3n - \u00a1Solicite aqu\u00ed!","breadcrumb":{"@id":"https:\/\/graef-gnu.com\/produkt\/striptec\/#breadcrumb"},"inLanguage":"es","potentialAction":[{"@type":"ReadAction","target":["https:\/\/graef-gnu.com\/produkt\/striptec\/"]}]},{"@type":"ImageObject","inLanguage":"es","@id":"https:\/\/graef-gnu.com\/produkt\/striptec\/#primaryimage","url":"https:\/\/graef-gnu.com\/wp-content\/uploads\/gnu-striptec.jpg","contentUrl":"https:\/\/graef-gnu.com\/wp-content\/uploads\/gnu-striptec.jpg","width":890,"height":300},{"@type":"BreadcrumbList","@id":"https:\/\/graef-gnu.com\/produkt\/striptec\/#breadcrumb","itemListElement":[{"@type":"ListItem","position":1,"name":"Startseite","item":"https:\/\/graef-gnu.com\/es\/"},{"@type":"ListItem","position":2,"name":"Resumen del producto","item":"https:\/\/graef-gnu.com\/es\/resumen-del-producto\/"},{"@type":"ListItem","position":3,"name":"Striptec&reg;"}]},{"@type":"WebSite","@id":"https:\/\/graef-gnu.com\/#website","url":"https:\/\/graef-gnu.com\/","name":"August Graef GNU","description":"","potentialAction":[{"@type":"SearchAction","target":{"@type":"EntryPoint","urlTemplate":"https:\/\/graef-gnu.com\/?s={search_term_string}"},"query-input":"required name=search_term_string"}],"inLanguage":"es"}]}},"_links":{"self":[{"href":"https:\/\/graef-gnu.com\/es\/wp-json\/wp\/v2\/product\/143297","targetHints":{"allow":["GET"]}}],"collection":[{"href":"https:\/\/graef-gnu.com\/es\/wp-json\/wp\/v2\/product"}],"about":[{"href":"https:\/\/graef-gnu.com\/es\/wp-json\/wp\/v2\/types\/product"}],"wp:featuredmedia":[{"embeddable":true,"href":"https:\/\/graef-gnu.com\/es\/wp-json\/wp\/v2\/media\/143298"}],"wp:attachment":[{"href":"https:\/\/graef-gnu.com\/es\/wp-json\/wp\/v2\/media?parent=143297"}],"wp:term":[{"taxonomy":"product_cat","embeddable":true,"href":"https:\/\/graef-gnu.com\/es\/wp-json\/wp\/v2\/product_cat?post=143297"},{"taxonomy":"product_tag","embeddable":true,"href":"https:\/\/graef-gnu.com\/es\/wp-json\/wp\/v2\/product_tag?post=143297"}],"curies":[{"name":"wp","href":"https:\/\/api.w.org\/{rel}","templated":true}]}}