{"id":143729,"date":"2021-02-11T10:59:03","date_gmt":"2021-10-06T12:21:17","guid":{"rendered":"https:\/\/www.graef-gnu.com\/produkt\/perftec\/"},"modified":"2021-10-06T14:22:11","modified_gmt":"2021-10-06T12:22:11","slug":"perftec","status":"publish","type":"product","link":"https:\/\/graef-gnu.com\/es\/produkt\/perftec\/","title":{"rendered":"Perftec<sup>&reg;<\/sup>"},"content":{"rendered":"<p>Las l\u00edneas de perforaci\u00f3n Perftec<sup>&reg;<\/sup> est\u00e1n disponibles sin rebabas en una amplia gama de pasos de dientes (relaci\u00f3n de corte).<\/p>\n","protected":false},"excerpt":{"rendered":"<p>Las l\u00edneas de perforaci\u00f3n Perftec<sup>&reg;<\/sup> est\u00e1n disponibles sin rebabas en una amplia gama de pasos de diente (relaci\u00f3n espacio-corte).<\/p>\n","protected":false},"featured_media":143731,"template":"","meta":{"_acf_changed":false},"product_cat":[8517],"product_tag":[],"class_list":{"0":"post-143729","1":"product","2":"type-product","3":"status-publish","4":"has-post-thumbnail","6":"product_group-perforar","7":"product_cat-troquelado-plano","8":"pa_ablaengung-a-1-m-es","9":"pa_ablaengung-en-el-anillo","10":"pa_hoehe-2256-mm-es","11":"pa_hoehe-226-mm-es","12":"pa_hoehe-228-mm-es","13":"pa_hoehe-233-mm-es","14":"pa_hoehe-235-mm-es","15":"pa_hoehe-2356-mm-es","16":"pa_hoehe-236-mm-es","17":"pa_hoehe-2365-mm-es","18":"pa_hoehe-238-mm-es","19":"pa_staerke-breite-07-mm-es","20":"pa_staerke-breite-105-mm-es","21":"pa_teilung-0712-mm-es","22":"pa_teilung-073-mm-es","23":"pa_teilung-0735-mm-es","24":"pa_teilung-076-mm-es","25":"pa_teilung-077-mm-es","26":"pa_teilung-0786-mm-es","27":"pa_teilung-0825-mm-es","28":"pa_teilung-0827-mm-es","29":"pa_teilung-084-mm-es","30":"pa_teilung-1515-mm-es-2","31":"pa_teilung-1510-mm-es","32":"pa_teilung-1515-mm-es-3","33":"pa_teilung-1520-mm-es","34":"pa_teilung-153-mm-es","35":"pa_teilung-1530-mm-es","36":"pa_teilung-11-mm-es","37":"pa_teilung-11-pt-es","38":"pa_teilung-110-mm-es","39":"pa_teilung-115-mm-es","40":"pa_teilung-116-mm-es","41":"pa_teilung-11mm-es","42":"pa_teilung-12-mm-es","43":"pa_teilung-12-pt-es","44":"pa_teilung-13-mm-es","45":"pa_teilung-13-pt-es","46":"pa_teilung-130-mm-es","47":"pa_teilung-14-mm-es","48":"pa_teilung-15-mm-es","49":"pa_teilung-16-mm-es","50":"pa_teilung-17-mm-es","51":"pa_teilung-18-mm-es","52":"pa_teilung-1010-mm-es","53":"pa_teilung-1010-pt-es","54":"pa_teilung-1212-mm-es","55":"pa_teilung-1212-pt-es","56":"pa_teilung-1515-mm-es","57":"pa_teilung-2525-mm-es","58":"pa_teilung-210-mm-es","59":"pa_teilung-210-pt-es","60":"pa_teilung-212-pt-es","61":"pa_teilung-214-pt-es","62":"pa_teilung-215-mm-es","63":"pa_teilung-216-pt-es","64":"pa_teilung-218-pt-es","65":"pa_teilung-22-mm-es","66":"pa_teilung-22-pt-es","67":"pa_teilung-220-mm-es","68":"pa_teilung-224-pt-es","69":"pa_teilung-23-mm-es-2","70":"pa_teilung-23-pt-es","71":"pa_teilung-230-pt-es","72":"pa_teilung-236-pt-es","73":"pa_teilung-24-mm-es","74":"pa_teilung-24-pt-es","75":"pa_teilung-25-mm-es","76":"pa_teilung-25-pt-es","77":"pa_teilung-26-pt-es","78":"pa_teilung-27-mm-es","79":"pa_teilung-27-pt-es","80":"pa_teilung-28-pt-es","81":"pa_teilung-2020-mm-es","82":"pa_teilung-310-mm-es","83":"pa_teilung-310-pt-es","84":"pa_teilung-312-mm-es","85":"pa_teilung-312-pt-es","86":"pa_teilung-33-mm-es","87":"pa_teilung-33-pt-es","88":"pa_teilung-34-mm-es","89":"pa_teilung-34-pt-es","90":"pa_teilung-35-mm-es","91":"pa_teilung-35-pt-es","92":"pa_teilung-36-mm-es","93":"pa_teilung-36-pt-es","94":"pa_teilung-37-mm-es","95":"pa_teilung-38-mm-es","96":"pa_teilung-38-pt-es","97":"pa_teilung-39-mm-es","98":"pa_teilung-410-mm-es","99":"pa_teilung-410-pt-es","100":"pa_teilung-412-pt-es","101":"pa_teilung-432-pt-es","102":"pa_teilung-44-mm-es","103":"pa_teilung-44-pt-es","104":"pa_teilung-46-mm-es","105":"pa_teilung-46-pt-es","106":"pa_teilung-47-mm-es","107":"pa_teilung-48-mm-es","108":"pa_teilung-48-pt-es","109":"pa_teilung-510-mm-es","110":"pa_teilung-55-mm-es","111":"pa_teilung-55-pt-es","112":"pa_teilung-612-pt-es","113":"pa_teilung-614-pt-es","114":"pa_teilung-64-mm-es","115":"pa_teilung-66-mm-es","116":"pa_teilung-66-pt-es","117":"pa_teilung-68-pt-es","118":"pa_teilung-69-pt-es","119":"pa_teilung-77-mm-es","120":"pa_teilung-88-mm-es","121":"pa_teilung-88-pt-es","122":"pa_teilung-912-pt-es","123":"pa_wicklung-durchmesser-acw-480-mm-es","124":"pa_wicklung-durchmesser-acw-560-mm-es","125":"pa_wicklung-durchmesser-cw-480-mm-es","126":"pa_wicklung-durchmesser-cw-560-mm-es","127":"pa_wicklung-durchmesser-n-a-es","129":"first","130":"instock","131":"purchasable","132":"product-type-variable"},"acf":[],"yoast_head":"<!-- This site is optimized with the Yoast SEO plugin v22.6 - https:\/\/yoast.com\/wordpress\/plugins\/seo\/ -->\n<title>Perftec&reg; - August Graef GNU<\/title>\n<meta name=\"description\" content=\"L\u00edneas de perforaci\u00f3n Perftec&reg; en varios pasos de diente (relaci\u00f3n de corte) disponibles sin rebabas - \u00a1Informe aqu\u00ed!\" \/>\n<meta name=\"robots\" content=\"index, follow, max-snippet:-1, max-image-preview:large, max-video-preview:-1\" \/>\n<link rel=\"canonical\" href=\"https:\/\/graef-gnu.com\/produkt\/perftec\/\" \/>\n<meta property=\"og:locale\" content=\"es_ES\" \/>\n<meta property=\"og:type\" content=\"article\" \/>\n<meta property=\"og:title\" content=\"Perftec&reg; - August Graef GNU\" \/>\n<meta property=\"og:description\" content=\"L\u00edneas de perforaci\u00f3n Perftec&reg; en varios pasos de diente (relaci\u00f3n de corte) disponibles sin rebabas - \u00a1Informe aqu\u00ed!\" \/>\n<meta property=\"og:url\" content=\"https:\/\/graef-gnu.com\/produkt\/perftec\/\" \/>\n<meta property=\"og:site_name\" content=\"August Graef GNU\" \/>\n<meta property=\"article:modified_time\" content=\"2021-10-06T12:22:11+00:00\" \/>\n<meta property=\"og:image\" content=\"https:\/\/graef-gnu.com\/wp-content\/uploads\/gnu-perftec-2pt.jpg\" \/>\n\t<meta property=\"og:image:width\" content=\"890\" \/>\n\t<meta property=\"og:image:height\" content=\"300\" \/>\n\t<meta property=\"og:image:type\" content=\"image\/jpeg\" \/>\n<meta name=\"twitter:card\" content=\"summary_large_image\" \/>\n<script type=\"application\/ld+json\" class=\"yoast-schema-graph\">{\"@context\":\"https:\/\/schema.org\",\"@graph\":[{\"@type\":\"WebPage\",\"@id\":\"https:\/\/graef-gnu.com\/produkt\/perftec\/\",\"url\":\"https:\/\/graef-gnu.com\/produkt\/perftec\/\",\"name\":\"Perftec&reg; - August Graef GNU\",\"isPartOf\":{\"@id\":\"https:\/\/graef-gnu.com\/#website\"},\"primaryImageOfPage\":{\"@id\":\"https:\/\/graef-gnu.com\/produkt\/perftec\/#primaryimage\"},\"image\":{\"@id\":\"https:\/\/graef-gnu.com\/produkt\/perftec\/#primaryimage\"},\"thumbnailUrl\":\"https:\/\/graef-gnu.com\/wp-content\/uploads\/gnu-perftec-2pt.jpg\",\"datePublished\":\"2021-10-06T12:21:17+00:00\",\"dateModified\":\"2021-10-06T12:22:11+00:00\",\"description\":\"L\u00edneas de perforaci\u00f3n Perftec&reg; en varios pasos de diente (relaci\u00f3n de corte) disponibles sin rebabas - \u00a1Informe aqu\u00ed!\",\"breadcrumb\":{\"@id\":\"https:\/\/graef-gnu.com\/produkt\/perftec\/#breadcrumb\"},\"inLanguage\":\"es\",\"potentialAction\":[{\"@type\":\"ReadAction\",\"target\":[\"https:\/\/graef-gnu.com\/produkt\/perftec\/\"]}]},{\"@type\":\"ImageObject\",\"inLanguage\":\"es\",\"@id\":\"https:\/\/graef-gnu.com\/produkt\/perftec\/#primaryimage\",\"url\":\"https:\/\/graef-gnu.com\/wp-content\/uploads\/gnu-perftec-2pt.jpg\",\"contentUrl\":\"https:\/\/graef-gnu.com\/wp-content\/uploads\/gnu-perftec-2pt.jpg\",\"width\":890,\"height\":300},{\"@type\":\"BreadcrumbList\",\"@id\":\"https:\/\/graef-gnu.com\/produkt\/perftec\/#breadcrumb\",\"itemListElement\":[{\"@type\":\"ListItem\",\"position\":1,\"name\":\"Startseite\",\"item\":\"https:\/\/graef-gnu.com\/es\/\"},{\"@type\":\"ListItem\",\"position\":2,\"name\":\"Resumen del producto\",\"item\":\"https:\/\/graef-gnu.com\/es\/resumen-del-producto\/\"},{\"@type\":\"ListItem\",\"position\":3,\"name\":\"Perftec&reg;\"}]},{\"@type\":\"WebSite\",\"@id\":\"https:\/\/graef-gnu.com\/#website\",\"url\":\"https:\/\/graef-gnu.com\/\",\"name\":\"August Graef GNU\",\"description\":\"\",\"potentialAction\":[{\"@type\":\"SearchAction\",\"target\":{\"@type\":\"EntryPoint\",\"urlTemplate\":\"https:\/\/graef-gnu.com\/?s={search_term_string}\"},\"query-input\":\"required name=search_term_string\"}],\"inLanguage\":\"es\"}]}<\/script>\n<!-- \/ Yoast SEO plugin. -->","yoast_head_json":{"title":"Perftec&reg; - August Graef GNU","description":"L\u00edneas de perforaci\u00f3n Perftec&reg; en varios pasos de diente (relaci\u00f3n de corte) disponibles sin rebabas - \u00a1Informe aqu\u00ed!","robots":{"index":"index","follow":"follow","max-snippet":"max-snippet:-1","max-image-preview":"max-image-preview:large","max-video-preview":"max-video-preview:-1"},"canonical":"https:\/\/graef-gnu.com\/produkt\/perftec\/","og_locale":"es_ES","og_type":"article","og_title":"Perftec&reg; - August Graef GNU","og_description":"L\u00edneas de perforaci\u00f3n Perftec&reg; en varios pasos de diente (relaci\u00f3n de corte) disponibles sin rebabas - \u00a1Informe aqu\u00ed!","og_url":"https:\/\/graef-gnu.com\/produkt\/perftec\/","og_site_name":"August Graef GNU","article_modified_time":"2021-10-06T12:22:11+00:00","og_image":[{"width":890,"height":300,"url":"https:\/\/graef-gnu.com\/wp-content\/uploads\/gnu-perftec-2pt.jpg","type":"image\/jpeg"}],"twitter_card":"summary_large_image","schema":{"@context":"https:\/\/schema.org","@graph":[{"@type":"WebPage","@id":"https:\/\/graef-gnu.com\/produkt\/perftec\/","url":"https:\/\/graef-gnu.com\/produkt\/perftec\/","name":"Perftec&reg; - August Graef GNU","isPartOf":{"@id":"https:\/\/graef-gnu.com\/#website"},"primaryImageOfPage":{"@id":"https:\/\/graef-gnu.com\/produkt\/perftec\/#primaryimage"},"image":{"@id":"https:\/\/graef-gnu.com\/produkt\/perftec\/#primaryimage"},"thumbnailUrl":"https:\/\/graef-gnu.com\/wp-content\/uploads\/gnu-perftec-2pt.jpg","datePublished":"2021-10-06T12:21:17+00:00","dateModified":"2021-10-06T12:22:11+00:00","description":"L\u00edneas de perforaci\u00f3n Perftec&reg; en varios pasos de diente (relaci\u00f3n de corte) disponibles sin rebabas - \u00a1Informe aqu\u00ed!","breadcrumb":{"@id":"https:\/\/graef-gnu.com\/produkt\/perftec\/#breadcrumb"},"inLanguage":"es","potentialAction":[{"@type":"ReadAction","target":["https:\/\/graef-gnu.com\/produkt\/perftec\/"]}]},{"@type":"ImageObject","inLanguage":"es","@id":"https:\/\/graef-gnu.com\/produkt\/perftec\/#primaryimage","url":"https:\/\/graef-gnu.com\/wp-content\/uploads\/gnu-perftec-2pt.jpg","contentUrl":"https:\/\/graef-gnu.com\/wp-content\/uploads\/gnu-perftec-2pt.jpg","width":890,"height":300},{"@type":"BreadcrumbList","@id":"https:\/\/graef-gnu.com\/produkt\/perftec\/#breadcrumb","itemListElement":[{"@type":"ListItem","position":1,"name":"Startseite","item":"https:\/\/graef-gnu.com\/es\/"},{"@type":"ListItem","position":2,"name":"Resumen del producto","item":"https:\/\/graef-gnu.com\/es\/resumen-del-producto\/"},{"@type":"ListItem","position":3,"name":"Perftec&reg;"}]},{"@type":"WebSite","@id":"https:\/\/graef-gnu.com\/#website","url":"https:\/\/graef-gnu.com\/","name":"August Graef GNU","description":"","potentialAction":[{"@type":"SearchAction","target":{"@type":"EntryPoint","urlTemplate":"https:\/\/graef-gnu.com\/?s={search_term_string}"},"query-input":"required name=search_term_string"}],"inLanguage":"es"}]}},"_links":{"self":[{"href":"https:\/\/graef-gnu.com\/es\/wp-json\/wp\/v2\/product\/143729","targetHints":{"allow":["GET"]}}],"collection":[{"href":"https:\/\/graef-gnu.com\/es\/wp-json\/wp\/v2\/product"}],"about":[{"href":"https:\/\/graef-gnu.com\/es\/wp-json\/wp\/v2\/types\/product"}],"wp:featuredmedia":[{"embeddable":true,"href":"https:\/\/graef-gnu.com\/es\/wp-json\/wp\/v2\/media\/143731"}],"wp:attachment":[{"href":"https:\/\/graef-gnu.com\/es\/wp-json\/wp\/v2\/media?parent=143729"}],"wp:term":[{"taxonomy":"product_cat","embeddable":true,"href":"https:\/\/graef-gnu.com\/es\/wp-json\/wp\/v2\/product_cat?post=143729"},{"taxonomy":"product_tag","embeddable":true,"href":"https:\/\/graef-gnu.com\/es\/wp-json\/wp\/v2\/product_tag?post=143729"}],"curies":[{"name":"wp","href":"https:\/\/api.w.org\/{rel}","templated":true}]}}