{"id":144606,"date":"2021-02-11T10:59:31","date_gmt":"2021-10-06T12:22:29","guid":{"rendered":"https:\/\/www.graef-gnu.com\/produkt\/perftec-easyfold\/"},"modified":"2021-10-06T14:22:29","modified_gmt":"2021-10-06T12:22:29","slug":"perftec-easyfold-2","status":"publish","type":"product","link":"https:\/\/graef-gnu.com\/es\/produkt\/perftec-easyfold-2\/","title":{"rendered":"Perftec<sup>&reg;<\/sup>-EasyFold"},"content":{"rendered":"<p>Perftec<sup>&reg;<\/sup>-EasyFold: perforaci\u00f3n especial para abrir el cart\u00f3n especialmente desarrollada para el comercio mayorista y minorista, que facilita la apertura del cart\u00f3n y cubre una amplia gama de tipos y grosores de material.<\/p>\n","protected":false},"excerpt":{"rendered":"<p>Perftec<sup>&reg;<\/sup>-EasyFold: perforaci\u00f3n especial para abrir el cart\u00f3n especialmente desarrollada para el comercio mayorista y minorista, que facilita la apertura del cart\u00f3n y cubre una amplia gama de tipos y grosores de material.<\/p>\n","protected":false},"featured_media":144623,"template":"","meta":{"_acf_changed":false},"product_cat":[8517],"product_tag":[],"class_list":{"0":"post-144606","1":"product","2":"type-product","3":"status-publish","4":"has-post-thumbnail","6":"product_group-perforar","7":"product_cat-troquelado-plano","8":"pa_ablaengung-a-1-m-es","9":"pa_hoehe-238-mm-es","10":"pa_staerke-breite-105-mm-es","11":"pa_teilung-3-es","12":"pa_teilung-3pc-es","13":"pa_teilung-6-es","14":"pa_teilung-6pc-es","15":"pa_teilung-9-es","16":"pa_teilung-bwf-es","17":"pa_teilung-bxf-es","18":"pa_teilung-estandar","19":"pa_teilung-exf-es","21":"first","22":"instock","23":"purchasable","24":"product-type-variable"},"acf":[],"yoast_head":"<!-- This site is optimized with the Yoast SEO plugin v22.6 - https:\/\/yoast.com\/wordpress\/plugins\/seo\/ -->\n<title>Perftec&reg;-EasyFold - August Graef GNU<\/title>\n<meta name=\"description\" content=\"Facilita el desgarro de los cartones por el Perftec&reg;-EasyFold \u2705 Cubre una amplia gama de tipos y espesores de material \u2705 \u00a1Informe y pregunte aqu\u00ed!\" \/>\n<meta name=\"robots\" content=\"index, follow, max-snippet:-1, max-image-preview:large, max-video-preview:-1\" \/>\n<link rel=\"canonical\" href=\"https:\/\/graef-gnu.com\/produkt\/perftec-easyfold\/\" \/>\n<meta property=\"og:locale\" content=\"es_ES\" \/>\n<meta property=\"og:type\" content=\"article\" \/>\n<meta property=\"og:title\" content=\"Perftec&reg;-EasyFold - August Graef GNU\" \/>\n<meta property=\"og:description\" content=\"Facilita el desgarro de los cartones por el Perftec&reg;-EasyFold \u2705 Cubre una amplia gama de tipos y espesores de material \u2705 \u00a1Informe y pregunte aqu\u00ed!\" \/>\n<meta property=\"og:url\" content=\"https:\/\/graef-gnu.com\/produkt\/perftec-easyfold\/\" \/>\n<meta property=\"og:site_name\" content=\"August Graef GNU\" \/>\n<meta property=\"og:image\" content=\"https:\/\/graef-gnu.com\/wp-content\/uploads\/gnu_easy_fold.jpg\" \/>\n\t<meta property=\"og:image:width\" content=\"890\" \/>\n\t<meta property=\"og:image:height\" content=\"300\" \/>\n\t<meta property=\"og:image:type\" content=\"image\/jpeg\" \/>\n<meta name=\"twitter:card\" content=\"summary_large_image\" \/>\n<script type=\"application\/ld+json\" class=\"yoast-schema-graph\">{\"@context\":\"https:\/\/schema.org\",\"@graph\":[{\"@type\":\"WebPage\",\"@id\":\"https:\/\/graef-gnu.com\/produkt\/perftec-easyfold\/\",\"url\":\"https:\/\/graef-gnu.com\/produkt\/perftec-easyfold\/\",\"name\":\"Perftec&reg;-EasyFold - August Graef GNU\",\"isPartOf\":{\"@id\":\"https:\/\/graef-gnu.com\/#website\"},\"primaryImageOfPage\":{\"@id\":\"https:\/\/graef-gnu.com\/produkt\/perftec-easyfold\/#primaryimage\"},\"image\":{\"@id\":\"https:\/\/graef-gnu.com\/produkt\/perftec-easyfold\/#primaryimage\"},\"thumbnailUrl\":\"https:\/\/graef-gnu.com\/wp-content\/uploads\/gnu_easy_fold.jpg\",\"datePublished\":\"2021-10-06T12:22:29+00:00\",\"dateModified\":\"2021-10-06T12:22:29+00:00\",\"description\":\"Facilita el desgarro de los cartones por el Perftec&reg;-EasyFold \u2705 Cubre una amplia gama de tipos y espesores de material \u2705 \u00a1Informe y pregunte aqu\u00ed!\",\"breadcrumb\":{\"@id\":\"https:\/\/graef-gnu.com\/produkt\/perftec-easyfold\/#breadcrumb\"},\"inLanguage\":\"es\",\"potentialAction\":[{\"@type\":\"ReadAction\",\"target\":[\"https:\/\/graef-gnu.com\/produkt\/perftec-easyfold\/\"]}]},{\"@type\":\"ImageObject\",\"inLanguage\":\"es\",\"@id\":\"https:\/\/graef-gnu.com\/produkt\/perftec-easyfold\/#primaryimage\",\"url\":\"https:\/\/graef-gnu.com\/wp-content\/uploads\/gnu_easy_fold.jpg\",\"contentUrl\":\"https:\/\/graef-gnu.com\/wp-content\/uploads\/gnu_easy_fold.jpg\",\"width\":890,\"height\":300},{\"@type\":\"BreadcrumbList\",\"@id\":\"https:\/\/graef-gnu.com\/produkt\/perftec-easyfold\/#breadcrumb\",\"itemListElement\":[{\"@type\":\"ListItem\",\"position\":1,\"name\":\"Startseite\",\"item\":\"https:\/\/graef-gnu.com\/es\/\"},{\"@type\":\"ListItem\",\"position\":2,\"name\":\"Resumen del producto\",\"item\":\"https:\/\/graef-gnu.com\/es\/resumen-del-producto\/\"},{\"@type\":\"ListItem\",\"position\":3,\"name\":\"Perftec&reg;-EasyFold\"}]},{\"@type\":\"WebSite\",\"@id\":\"https:\/\/graef-gnu.com\/#website\",\"url\":\"https:\/\/graef-gnu.com\/\",\"name\":\"August Graef GNU\",\"description\":\"\",\"potentialAction\":[{\"@type\":\"SearchAction\",\"target\":{\"@type\":\"EntryPoint\",\"urlTemplate\":\"https:\/\/graef-gnu.com\/?s={search_term_string}\"},\"query-input\":\"required name=search_term_string\"}],\"inLanguage\":\"es\"}]}<\/script>\n<!-- \/ Yoast SEO plugin. -->","yoast_head_json":{"title":"Perftec&reg;-EasyFold - August Graef GNU","description":"Facilita el desgarro de los cartones por el Perftec&reg;-EasyFold \u2705 Cubre una amplia gama de tipos y espesores de material \u2705 \u00a1Informe y pregunte aqu\u00ed!","robots":{"index":"index","follow":"follow","max-snippet":"max-snippet:-1","max-image-preview":"max-image-preview:large","max-video-preview":"max-video-preview:-1"},"canonical":"https:\/\/graef-gnu.com\/produkt\/perftec-easyfold\/","og_locale":"es_ES","og_type":"article","og_title":"Perftec&reg;-EasyFold - August Graef GNU","og_description":"Facilita el desgarro de los cartones por el Perftec&reg;-EasyFold \u2705 Cubre una amplia gama de tipos y espesores de material \u2705 \u00a1Informe y pregunte aqu\u00ed!","og_url":"https:\/\/graef-gnu.com\/produkt\/perftec-easyfold\/","og_site_name":"August Graef GNU","og_image":[{"width":890,"height":300,"url":"https:\/\/graef-gnu.com\/wp-content\/uploads\/gnu_easy_fold.jpg","type":"image\/jpeg"}],"twitter_card":"summary_large_image","schema":{"@context":"https:\/\/schema.org","@graph":[{"@type":"WebPage","@id":"https:\/\/graef-gnu.com\/produkt\/perftec-easyfold\/","url":"https:\/\/graef-gnu.com\/produkt\/perftec-easyfold\/","name":"Perftec&reg;-EasyFold - August Graef GNU","isPartOf":{"@id":"https:\/\/graef-gnu.com\/#website"},"primaryImageOfPage":{"@id":"https:\/\/graef-gnu.com\/produkt\/perftec-easyfold\/#primaryimage"},"image":{"@id":"https:\/\/graef-gnu.com\/produkt\/perftec-easyfold\/#primaryimage"},"thumbnailUrl":"https:\/\/graef-gnu.com\/wp-content\/uploads\/gnu_easy_fold.jpg","datePublished":"2021-10-06T12:22:29+00:00","dateModified":"2021-10-06T12:22:29+00:00","description":"Facilita el desgarro de los cartones por el Perftec&reg;-EasyFold \u2705 Cubre una amplia gama de tipos y espesores de material \u2705 \u00a1Informe y pregunte aqu\u00ed!","breadcrumb":{"@id":"https:\/\/graef-gnu.com\/produkt\/perftec-easyfold\/#breadcrumb"},"inLanguage":"es","potentialAction":[{"@type":"ReadAction","target":["https:\/\/graef-gnu.com\/produkt\/perftec-easyfold\/"]}]},{"@type":"ImageObject","inLanguage":"es","@id":"https:\/\/graef-gnu.com\/produkt\/perftec-easyfold\/#primaryimage","url":"https:\/\/graef-gnu.com\/wp-content\/uploads\/gnu_easy_fold.jpg","contentUrl":"https:\/\/graef-gnu.com\/wp-content\/uploads\/gnu_easy_fold.jpg","width":890,"height":300},{"@type":"BreadcrumbList","@id":"https:\/\/graef-gnu.com\/produkt\/perftec-easyfold\/#breadcrumb","itemListElement":[{"@type":"ListItem","position":1,"name":"Startseite","item":"https:\/\/graef-gnu.com\/es\/"},{"@type":"ListItem","position":2,"name":"Resumen del producto","item":"https:\/\/graef-gnu.com\/es\/resumen-del-producto\/"},{"@type":"ListItem","position":3,"name":"Perftec&reg;-EasyFold"}]},{"@type":"WebSite","@id":"https:\/\/graef-gnu.com\/#website","url":"https:\/\/graef-gnu.com\/","name":"August Graef GNU","description":"","potentialAction":[{"@type":"SearchAction","target":{"@type":"EntryPoint","urlTemplate":"https:\/\/graef-gnu.com\/?s={search_term_string}"},"query-input":"required name=search_term_string"}],"inLanguage":"es"}]}},"_links":{"self":[{"href":"https:\/\/graef-gnu.com\/es\/wp-json\/wp\/v2\/product\/144606","targetHints":{"allow":["GET"]}}],"collection":[{"href":"https:\/\/graef-gnu.com\/es\/wp-json\/wp\/v2\/product"}],"about":[{"href":"https:\/\/graef-gnu.com\/es\/wp-json\/wp\/v2\/types\/product"}],"wp:featuredmedia":[{"embeddable":true,"href":"https:\/\/graef-gnu.com\/es\/wp-json\/wp\/v2\/media\/144623"}],"wp:attachment":[{"href":"https:\/\/graef-gnu.com\/es\/wp-json\/wp\/v2\/media?parent=144606"}],"wp:term":[{"taxonomy":"product_cat","embeddable":true,"href":"https:\/\/graef-gnu.com\/es\/wp-json\/wp\/v2\/product_cat?post=144606"},{"taxonomy":"product_tag","embeddable":true,"href":"https:\/\/graef-gnu.com\/es\/wp-json\/wp\/v2\/product_tag?post=144606"}],"curies":[{"name":"wp","href":"https:\/\/api.w.org\/{rel}","templated":true}]}}