{"id":145484,"date":"2021-02-11T11:03:13","date_gmt":"2021-10-06T12:29:17","guid":{"rendered":"https:\/\/www.graef-gnu.com\/produkt\/perftec-easyfold-r\/"},"modified":"2021-10-06T14:30:04","modified_gmt":"2021-10-06T12:30:04","slug":"perftec-easyfold-r","status":"publish","type":"product","link":"https:\/\/graef-gnu.com\/es\/produkt\/perftec-easyfold-r\/","title":{"rendered":"Perftec<sup>&reg;<\/sup>-EasyFold R"},"content":{"rendered":"<p>Perftec<sup>&reg;<\/sup>-EasyFold R: perforaci\u00f3n especial para abrir el cart\u00f3n especialmente desarrollada para el comercio mayorista y minorista, que facilita la apertura del cart\u00f3n y cubre una amplia gama de tipos y grosores de material. Tambi\u00e9n disponible curvado en todos los di\u00e1metros.<\/p>\n","protected":false},"excerpt":{"rendered":"<p>Perftec<sup>&reg;<\/sup>-EasyFold R: perforaci\u00f3n especial para abrir el cart\u00f3n especialmente desarrollada para el comercio mayorista y minorista, que facilita la apertura del cart\u00f3n y cubre una amplia gama de tipos y grosores de material.<\/p>\n","protected":false},"featured_media":145508,"template":"","meta":{"_acf_changed":false},"product_cat":[8519],"product_tag":[],"class_list":{"0":"post-145484","1":"product","2":"type-product","3":"status-publish","4":"has-post-thumbnail","6":"product_group-perforar","7":"product_cat-perforacion-rotativa","8":"pa_ablaengung-a-1-m-es","9":"pa_hoehe-246-mm-es-2","10":"pa_hoehe-246-mm-es","11":"pa_hoehe-248-mm-es","12":"pa_hoehe-251-mm-es","13":"pa_hoehe-254-mm-es","14":"pa_hoehe-264-mm-es","15":"pa_nuten-con-ranuras","16":"pa_nuten-n-a-es","17":"pa_staerke-breite-142-mm-es","18":"pa_teilung-12-es","19":"pa_teilung-3-es","20":"pa_teilung-3pc-es","21":"pa_teilung-6-es","22":"pa_teilung-6pc-es","23":"pa_teilung-9-es","24":"pa_teilung-bwf-es","25":"pa_teilung-bxf-es","26":"pa_teilung-estandar","27":"pa_teilung-ewf-es","28":"pa_teilung-exf-es","29":"pa_teilung-lo-ultimo-en","30":"pa_zaehne-12-tpi-es","32":"first","33":"instock","34":"purchasable","35":"product-type-variable"},"acf":[],"yoast_head":"<!-- This site is optimized with the Yoast SEO plugin v22.6 - https:\/\/yoast.com\/wordpress\/plugins\/seo\/ -->\n<title>Perftec&reg;-EasyFold R - August Graef GNU<\/title>\n<meta name=\"description\" content=\"Perforaci\u00f3n especial para abrir f\u00e1cilmente los cartones \u2705 Tambi\u00e9n disponible curvada en todos los di\u00e1metros \u2705 \u00a1Informe aqu\u00ed!\" \/>\n<meta name=\"robots\" content=\"index, follow, max-snippet:-1, max-image-preview:large, max-video-preview:-1\" \/>\n<link rel=\"canonical\" href=\"https:\/\/graef-gnu.com\/produkt\/perftec-easyfold-r\/\" \/>\n<meta property=\"og:locale\" content=\"es_ES\" \/>\n<meta property=\"og:type\" content=\"article\" \/>\n<meta property=\"og:title\" content=\"Perftec&reg;-EasyFold R - August Graef GNU\" \/>\n<meta property=\"og:description\" content=\"Perforaci\u00f3n especial para abrir f\u00e1cilmente los cartones \u2705 Tambi\u00e9n disponible curvada en todos los di\u00e1metros \u2705 \u00a1Informe aqu\u00ed!\" \/>\n<meta property=\"og:url\" content=\"https:\/\/graef-gnu.com\/produkt\/perftec-easyfold-r\/\" \/>\n<meta property=\"og:site_name\" content=\"August Graef GNU\" \/>\n<meta property=\"article:modified_time\" content=\"2021-10-06T12:30:04+00:00\" \/>\n<meta property=\"og:image\" content=\"https:\/\/graef-gnu.com\/wp-content\/uploads\/gnu-fold-6-r.jpg\" \/>\n\t<meta property=\"og:image:width\" content=\"890\" \/>\n\t<meta property=\"og:image:height\" content=\"300\" \/>\n\t<meta property=\"og:image:type\" content=\"image\/jpeg\" \/>\n<meta name=\"twitter:card\" content=\"summary_large_image\" \/>\n<script type=\"application\/ld+json\" class=\"yoast-schema-graph\">{\"@context\":\"https:\/\/schema.org\",\"@graph\":[{\"@type\":\"WebPage\",\"@id\":\"https:\/\/graef-gnu.com\/produkt\/perftec-easyfold-r\/\",\"url\":\"https:\/\/graef-gnu.com\/produkt\/perftec-easyfold-r\/\",\"name\":\"Perftec&reg;-EasyFold R - August Graef GNU\",\"isPartOf\":{\"@id\":\"https:\/\/graef-gnu.com\/#website\"},\"primaryImageOfPage\":{\"@id\":\"https:\/\/graef-gnu.com\/produkt\/perftec-easyfold-r\/#primaryimage\"},\"image\":{\"@id\":\"https:\/\/graef-gnu.com\/produkt\/perftec-easyfold-r\/#primaryimage\"},\"thumbnailUrl\":\"https:\/\/graef-gnu.com\/wp-content\/uploads\/gnu-fold-6-r.jpg\",\"datePublished\":\"2021-10-06T12:29:17+00:00\",\"dateModified\":\"2021-10-06T12:30:04+00:00\",\"description\":\"Perforaci\u00f3n especial para abrir f\u00e1cilmente los cartones \u2705 Tambi\u00e9n disponible curvada en todos los di\u00e1metros \u2705 \u00a1Informe aqu\u00ed!\",\"breadcrumb\":{\"@id\":\"https:\/\/graef-gnu.com\/produkt\/perftec-easyfold-r\/#breadcrumb\"},\"inLanguage\":\"es\",\"potentialAction\":[{\"@type\":\"ReadAction\",\"target\":[\"https:\/\/graef-gnu.com\/produkt\/perftec-easyfold-r\/\"]}]},{\"@type\":\"ImageObject\",\"inLanguage\":\"es\",\"@id\":\"https:\/\/graef-gnu.com\/produkt\/perftec-easyfold-r\/#primaryimage\",\"url\":\"https:\/\/graef-gnu.com\/wp-content\/uploads\/gnu-fold-6-r.jpg\",\"contentUrl\":\"https:\/\/graef-gnu.com\/wp-content\/uploads\/gnu-fold-6-r.jpg\",\"width\":890,\"height\":300},{\"@type\":\"BreadcrumbList\",\"@id\":\"https:\/\/graef-gnu.com\/produkt\/perftec-easyfold-r\/#breadcrumb\",\"itemListElement\":[{\"@type\":\"ListItem\",\"position\":1,\"name\":\"Startseite\",\"item\":\"https:\/\/graef-gnu.com\/es\/\"},{\"@type\":\"ListItem\",\"position\":2,\"name\":\"Resumen del producto\",\"item\":\"https:\/\/graef-gnu.com\/es\/resumen-del-producto\/\"},{\"@type\":\"ListItem\",\"position\":3,\"name\":\"Perftec&reg;-EasyFold R\"}]},{\"@type\":\"WebSite\",\"@id\":\"https:\/\/graef-gnu.com\/#website\",\"url\":\"https:\/\/graef-gnu.com\/\",\"name\":\"August Graef GNU\",\"description\":\"\",\"potentialAction\":[{\"@type\":\"SearchAction\",\"target\":{\"@type\":\"EntryPoint\",\"urlTemplate\":\"https:\/\/graef-gnu.com\/?s={search_term_string}\"},\"query-input\":\"required name=search_term_string\"}],\"inLanguage\":\"es\"}]}<\/script>\n<!-- \/ Yoast SEO plugin. -->","yoast_head_json":{"title":"Perftec&reg;-EasyFold R - August Graef GNU","description":"Perforaci\u00f3n especial para abrir f\u00e1cilmente los cartones \u2705 Tambi\u00e9n disponible curvada en todos los di\u00e1metros \u2705 \u00a1Informe aqu\u00ed!","robots":{"index":"index","follow":"follow","max-snippet":"max-snippet:-1","max-image-preview":"max-image-preview:large","max-video-preview":"max-video-preview:-1"},"canonical":"https:\/\/graef-gnu.com\/produkt\/perftec-easyfold-r\/","og_locale":"es_ES","og_type":"article","og_title":"Perftec&reg;-EasyFold R - August Graef GNU","og_description":"Perforaci\u00f3n especial para abrir f\u00e1cilmente los cartones \u2705 Tambi\u00e9n disponible curvada en todos los di\u00e1metros \u2705 \u00a1Informe aqu\u00ed!","og_url":"https:\/\/graef-gnu.com\/produkt\/perftec-easyfold-r\/","og_site_name":"August Graef GNU","article_modified_time":"2021-10-06T12:30:04+00:00","og_image":[{"width":890,"height":300,"url":"https:\/\/graef-gnu.com\/wp-content\/uploads\/gnu-fold-6-r.jpg","type":"image\/jpeg"}],"twitter_card":"summary_large_image","schema":{"@context":"https:\/\/schema.org","@graph":[{"@type":"WebPage","@id":"https:\/\/graef-gnu.com\/produkt\/perftec-easyfold-r\/","url":"https:\/\/graef-gnu.com\/produkt\/perftec-easyfold-r\/","name":"Perftec&reg;-EasyFold R - August Graef GNU","isPartOf":{"@id":"https:\/\/graef-gnu.com\/#website"},"primaryImageOfPage":{"@id":"https:\/\/graef-gnu.com\/produkt\/perftec-easyfold-r\/#primaryimage"},"image":{"@id":"https:\/\/graef-gnu.com\/produkt\/perftec-easyfold-r\/#primaryimage"},"thumbnailUrl":"https:\/\/graef-gnu.com\/wp-content\/uploads\/gnu-fold-6-r.jpg","datePublished":"2021-10-06T12:29:17+00:00","dateModified":"2021-10-06T12:30:04+00:00","description":"Perforaci\u00f3n especial para abrir f\u00e1cilmente los cartones \u2705 Tambi\u00e9n disponible curvada en todos los di\u00e1metros \u2705 \u00a1Informe aqu\u00ed!","breadcrumb":{"@id":"https:\/\/graef-gnu.com\/produkt\/perftec-easyfold-r\/#breadcrumb"},"inLanguage":"es","potentialAction":[{"@type":"ReadAction","target":["https:\/\/graef-gnu.com\/produkt\/perftec-easyfold-r\/"]}]},{"@type":"ImageObject","inLanguage":"es","@id":"https:\/\/graef-gnu.com\/produkt\/perftec-easyfold-r\/#primaryimage","url":"https:\/\/graef-gnu.com\/wp-content\/uploads\/gnu-fold-6-r.jpg","contentUrl":"https:\/\/graef-gnu.com\/wp-content\/uploads\/gnu-fold-6-r.jpg","width":890,"height":300},{"@type":"BreadcrumbList","@id":"https:\/\/graef-gnu.com\/produkt\/perftec-easyfold-r\/#breadcrumb","itemListElement":[{"@type":"ListItem","position":1,"name":"Startseite","item":"https:\/\/graef-gnu.com\/es\/"},{"@type":"ListItem","position":2,"name":"Resumen del producto","item":"https:\/\/graef-gnu.com\/es\/resumen-del-producto\/"},{"@type":"ListItem","position":3,"name":"Perftec&reg;-EasyFold R"}]},{"@type":"WebSite","@id":"https:\/\/graef-gnu.com\/#website","url":"https:\/\/graef-gnu.com\/","name":"August Graef GNU","description":"","potentialAction":[{"@type":"SearchAction","target":{"@type":"EntryPoint","urlTemplate":"https:\/\/graef-gnu.com\/?s={search_term_string}"},"query-input":"required name=search_term_string"}],"inLanguage":"es"}]}},"_links":{"self":[{"href":"https:\/\/graef-gnu.com\/es\/wp-json\/wp\/v2\/product\/145484","targetHints":{"allow":["GET"]}}],"collection":[{"href":"https:\/\/graef-gnu.com\/es\/wp-json\/wp\/v2\/product"}],"about":[{"href":"https:\/\/graef-gnu.com\/es\/wp-json\/wp\/v2\/types\/product"}],"wp:featuredmedia":[{"embeddable":true,"href":"https:\/\/graef-gnu.com\/es\/wp-json\/wp\/v2\/media\/145508"}],"wp:attachment":[{"href":"https:\/\/graef-gnu.com\/es\/wp-json\/wp\/v2\/media?parent=145484"}],"wp:term":[{"taxonomy":"product_cat","embeddable":true,"href":"https:\/\/graef-gnu.com\/es\/wp-json\/wp\/v2\/product_cat?post=145484"},{"taxonomy":"product_tag","embeddable":true,"href":"https:\/\/graef-gnu.com\/es\/wp-json\/wp\/v2\/product_tag?post=145484"}],"curies":[{"name":"wp","href":"https:\/\/api.w.org\/{rel}","templated":true}]}}