{"id":146089,"date":"2021-02-11T11:03:38","date_gmt":"2021-10-06T12:36:46","guid":{"rendered":"https:\/\/www.graef-gnu.com\/produkt\/perftec-combo\/"},"modified":"2021-10-06T14:38:03","modified_gmt":"2021-10-06T12:38:03","slug":"perftec-combo","status":"publish","type":"product","link":"https:\/\/graef-gnu.com\/es\/produkt\/perftec-combo\/","title":{"rendered":"Perftec<sup>&reg;<\/sup>-Combo"},"content":{"rendered":"<p>Las l\u00edneas combinadas de corte y hendido permiten un borde de hendido para un plegado eficaz del cart\u00f3n. Tambi\u00e9n est\u00e1 disponible en combinaciones de corte y aumento de longitudes desiguales.<\/p>\n","protected":false},"excerpt":{"rendered":"<p>Las l\u00edneas combinadas de corte y hendido permiten un borde de hendido para un plegado eficaz del cart\u00f3n. Tambi\u00e9n est\u00e1 disponible en combinaciones de corte y aumento de longitudes desiguales.<\/p>\n","protected":false},"featured_media":144791,"template":"","meta":{"_acf_changed":false},"product_cat":[8517],"product_tag":[],"class_list":{"0":"post-146089","1":"product","2":"type-product","3":"status-publish","4":"has-post-thumbnail","6":"product_group-perforar","7":"product_cat-troquelado-plano","8":"pa_ablaengung-a-1-m-es","9":"pa_hoehe-218-mm-210-mm-es","10":"pa_hoehe-231-mm-226-mm-es","11":"pa_hoehe-231-mm-228-mm-es","12":"pa_hoehe-233-mm-226-mm-es","13":"pa_hoehe-234-mm-228-mm-es","14":"pa_hoehe-234-mm-230-mm-es","15":"pa_hoehe-234-mm-231-mm-es","16":"pa_hoehe-235-mm-228-mm-es","17":"pa_hoehe-235-mm-229-mm-es","18":"pa_hoehe-235-mm-230-mm-es","19":"pa_hoehe-235-mm-231-mm-es","20":"pa_hoehe-235-mm-232-mm-es","21":"pa_hoehe-235-mm-233-mm-es","22":"pa_hoehe-236-mm-232-mm-es","23":"pa_hoehe-238-mm-200-mm-es","24":"pa_hoehe-238-mm-210-mm-es","25":"pa_hoehe-238-mm-218-mm-es","26":"pa_hoehe-238-mm-220-mm-es","27":"pa_hoehe-238-mm-221-mm-es","28":"pa_hoehe-238-mm-222-mm-es","29":"pa_hoehe-238-mm-223-mm-es","30":"pa_hoehe-238-mm-224-mm-es","31":"pa_hoehe-238-mm-225-mm-es","32":"pa_hoehe-238-mm-226-mm-es","33":"pa_hoehe-238-mm-227-mm-es","34":"pa_hoehe-238-mm-2275-mm-es","35":"pa_hoehe-238-mm-228-mm-es-2","36":"pa_hoehe-238-mm-228-mm-es","37":"pa_hoehe-238-mm-229-mm-es","38":"pa_hoehe-238-mm-230-mm-es","39":"pa_hoehe-238-mm-231-mm-es","40":"pa_hoehe-238-mm-232-mm-es","41":"pa_hoehe-238-mm-233-mm-es","42":"pa_hoehe-238-mm-234-mm-es","43":"pa_hoehe-238-mm-235-mm-es","44":"pa_hoehe-238-mm-236-mm-es","45":"pa_hoehe-238-mm-238-mm-es","46":"pa_hoehe-238-mm-240-mm-es","47":"pa_hoehe-254-mm-226-mm-es","48":"pa_staerke-breite-07-mm-es","49":"pa_staerke-breite-105-mm-es","50":"pa_staerke-breite-142-mm-es","51":"pa_teilung-1515-mm-es-2","52":"pa_teilung-1525-mm-es","53":"pa_teilung-1010-mm-es-2","54":"pa_teilung-1010-mm-es","55":"pa_teilung-1015-mm-es","56":"pa_teilung-1020-mm-es","57":"pa_teilung-1030-mm-es","58":"pa_teilung-105-m-es","59":"pa_teilung-105-mm-es","60":"pa_teilung-105-mm-es-2","61":"pa_teilung-1212-mm-es","62":"pa_teilung-1510-mm-es-2","63":"pa_teilung-1515-mm-es","64":"pa_teilung-1520-mm-es-2","65":"pa_teilung-1530-mm-es-2","66":"pa_teilung-155-mm-es-3","67":"pa_teilung-2525-mm-es","68":"pa_teilung-22-mm-es","69":"pa_teilung-225-mm-es","70":"pa_teilung-25-mm-es","71":"pa_teilung-2010-mm-es","72":"pa_teilung-2015-mm-es","73":"pa_teilung-2020-mm-es","74":"pa_teilung-205-mm-es","75":"pa_teilung-207-mm-es","76":"pa_teilung-2510-mm-es","77":"pa_teilung-2525-mm-es-2","78":"pa_teilung-310-mm-es","79":"pa_teilung-33-mm-es","80":"pa_teilung-35-mm-es","81":"pa_teilung-37-mm-es","82":"pa_teilung-3010-mm-es","83":"pa_teilung-3015-mm-es","84":"pa_teilung-3020-mm-es","85":"pa_teilung-44-mm-es","86":"pa_teilung-46-mm-es","87":"pa_teilung-47-mm-es","88":"pa_teilung-4020-mm-es","89":"pa_teilung-510-mm-es","90":"pa_teilung-515-mm-es","91":"pa_teilung-520-mm-es","92":"pa_teilung-55-mm-es","93":"pa_teilung-612-mm-es","94":"pa_teilung-615-mm-es","95":"pa_teilung-618-mm-es","96":"pa_teilung-64-mm-es-2","97":"pa_teilung-66-mm-es","98":"pa_teilung-715-mm-es","99":"pa_teilung-75-mm-es","100":"pa_teilung-77-mm-es","101":"pa_teilung-815-mm-es","102":"pa_teilung-85-mm-es","103":"pa_teilung-88-mm-es","105":"first","106":"instock","107":"purchasable","108":"product-type-variable"},"acf":[],"yoast_head":"<!-- This site is optimized with the Yoast SEO plugin v22.6 - https:\/\/yoast.com\/wordpress\/plugins\/seo\/ -->\n<title>Perftec&reg;-Combo - August Graef GNU<\/title>\n<meta name=\"description\" content=\"L\u00edneas combinadas de corte y plegado para el plegado eficiente de cajas de cart\u00f3n\u2705 Disponible en combinaciones de corte y plegado de longitud desigual\u2705 \u00a1Informe aqu\u00ed!\" \/>\n<meta name=\"robots\" content=\"index, follow, max-snippet:-1, max-image-preview:large, max-video-preview:-1\" \/>\n<link rel=\"canonical\" href=\"https:\/\/graef-gnu.com\/produkt\/perftec-combo\/\" \/>\n<meta property=\"og:locale\" content=\"es_ES\" \/>\n<meta property=\"og:type\" content=\"article\" \/>\n<meta property=\"og:title\" content=\"Perftec&reg;-Combo - August Graef GNU\" \/>\n<meta property=\"og:description\" content=\"L\u00edneas combinadas de corte y plegado para el plegado eficiente de cajas de cart\u00f3n\u2705 Disponible en combinaciones de corte y plegado de longitud desigual\u2705 \u00a1Informe aqu\u00ed!\" \/>\n<meta property=\"og:url\" content=\"https:\/\/graef-gnu.com\/produkt\/perftec-combo\/\" \/>\n<meta property=\"og:site_name\" content=\"August Graef GNU\" \/>\n<meta property=\"article:modified_time\" content=\"2021-10-06T12:38:03+00:00\" \/>\n<meta property=\"og:image\" content=\"https:\/\/graef-gnu.com\/wp-content\/uploads\/gnu-perftec-combo.jpg\" \/>\n\t<meta property=\"og:image:width\" content=\"890\" \/>\n\t<meta property=\"og:image:height\" content=\"300\" \/>\n\t<meta property=\"og:image:type\" content=\"image\/jpeg\" \/>\n<meta name=\"twitter:card\" content=\"summary_large_image\" \/>\n<script type=\"application\/ld+json\" class=\"yoast-schema-graph\">{\"@context\":\"https:\/\/schema.org\",\"@graph\":[{\"@type\":\"WebPage\",\"@id\":\"https:\/\/graef-gnu.com\/produkt\/perftec-combo\/\",\"url\":\"https:\/\/graef-gnu.com\/produkt\/perftec-combo\/\",\"name\":\"Perftec&reg;-Combo - August Graef GNU\",\"isPartOf\":{\"@id\":\"https:\/\/graef-gnu.com\/#website\"},\"primaryImageOfPage\":{\"@id\":\"https:\/\/graef-gnu.com\/produkt\/perftec-combo\/#primaryimage\"},\"image\":{\"@id\":\"https:\/\/graef-gnu.com\/produkt\/perftec-combo\/#primaryimage\"},\"thumbnailUrl\":\"https:\/\/graef-gnu.com\/wp-content\/uploads\/gnu-perftec-combo.jpg\",\"datePublished\":\"2021-10-06T12:36:46+00:00\",\"dateModified\":\"2021-10-06T12:38:03+00:00\",\"description\":\"L\u00edneas combinadas de corte y plegado para el plegado eficiente de cajas de cart\u00f3n\u2705 Disponible en combinaciones de corte y plegado de longitud desigual\u2705 \u00a1Informe aqu\u00ed!\",\"breadcrumb\":{\"@id\":\"https:\/\/graef-gnu.com\/produkt\/perftec-combo\/#breadcrumb\"},\"inLanguage\":\"es\",\"potentialAction\":[{\"@type\":\"ReadAction\",\"target\":[\"https:\/\/graef-gnu.com\/produkt\/perftec-combo\/\"]}]},{\"@type\":\"ImageObject\",\"inLanguage\":\"es\",\"@id\":\"https:\/\/graef-gnu.com\/produkt\/perftec-combo\/#primaryimage\",\"url\":\"https:\/\/graef-gnu.com\/wp-content\/uploads\/gnu-perftec-combo.jpg\",\"contentUrl\":\"https:\/\/graef-gnu.com\/wp-content\/uploads\/gnu-perftec-combo.jpg\",\"width\":890,\"height\":300},{\"@type\":\"BreadcrumbList\",\"@id\":\"https:\/\/graef-gnu.com\/produkt\/perftec-combo\/#breadcrumb\",\"itemListElement\":[{\"@type\":\"ListItem\",\"position\":1,\"name\":\"Startseite\",\"item\":\"https:\/\/graef-gnu.com\/es\/\"},{\"@type\":\"ListItem\",\"position\":2,\"name\":\"Resumen del producto\",\"item\":\"https:\/\/graef-gnu.com\/es\/resumen-del-producto\/\"},{\"@type\":\"ListItem\",\"position\":3,\"name\":\"Perftec&reg;-Combo\"}]},{\"@type\":\"WebSite\",\"@id\":\"https:\/\/graef-gnu.com\/#website\",\"url\":\"https:\/\/graef-gnu.com\/\",\"name\":\"August Graef GNU\",\"description\":\"\",\"potentialAction\":[{\"@type\":\"SearchAction\",\"target\":{\"@type\":\"EntryPoint\",\"urlTemplate\":\"https:\/\/graef-gnu.com\/?s={search_term_string}\"},\"query-input\":\"required name=search_term_string\"}],\"inLanguage\":\"es\"}]}<\/script>\n<!-- \/ Yoast SEO plugin. -->","yoast_head_json":{"title":"Perftec&reg;-Combo - August Graef GNU","description":"L\u00edneas combinadas de corte y plegado para el plegado eficiente de cajas de cart\u00f3n\u2705 Disponible en combinaciones de corte y plegado de longitud desigual\u2705 \u00a1Informe aqu\u00ed!","robots":{"index":"index","follow":"follow","max-snippet":"max-snippet:-1","max-image-preview":"max-image-preview:large","max-video-preview":"max-video-preview:-1"},"canonical":"https:\/\/graef-gnu.com\/produkt\/perftec-combo\/","og_locale":"es_ES","og_type":"article","og_title":"Perftec&reg;-Combo - August Graef GNU","og_description":"L\u00edneas combinadas de corte y plegado para el plegado eficiente de cajas de cart\u00f3n\u2705 Disponible en combinaciones de corte y plegado de longitud desigual\u2705 \u00a1Informe aqu\u00ed!","og_url":"https:\/\/graef-gnu.com\/produkt\/perftec-combo\/","og_site_name":"August Graef GNU","article_modified_time":"2021-10-06T12:38:03+00:00","og_image":[{"width":890,"height":300,"url":"https:\/\/graef-gnu.com\/wp-content\/uploads\/gnu-perftec-combo.jpg","type":"image\/jpeg"}],"twitter_card":"summary_large_image","schema":{"@context":"https:\/\/schema.org","@graph":[{"@type":"WebPage","@id":"https:\/\/graef-gnu.com\/produkt\/perftec-combo\/","url":"https:\/\/graef-gnu.com\/produkt\/perftec-combo\/","name":"Perftec&reg;-Combo - August Graef GNU","isPartOf":{"@id":"https:\/\/graef-gnu.com\/#website"},"primaryImageOfPage":{"@id":"https:\/\/graef-gnu.com\/produkt\/perftec-combo\/#primaryimage"},"image":{"@id":"https:\/\/graef-gnu.com\/produkt\/perftec-combo\/#primaryimage"},"thumbnailUrl":"https:\/\/graef-gnu.com\/wp-content\/uploads\/gnu-perftec-combo.jpg","datePublished":"2021-10-06T12:36:46+00:00","dateModified":"2021-10-06T12:38:03+00:00","description":"L\u00edneas combinadas de corte y plegado para el plegado eficiente de cajas de cart\u00f3n\u2705 Disponible en combinaciones de corte y plegado de longitud desigual\u2705 \u00a1Informe aqu\u00ed!","breadcrumb":{"@id":"https:\/\/graef-gnu.com\/produkt\/perftec-combo\/#breadcrumb"},"inLanguage":"es","potentialAction":[{"@type":"ReadAction","target":["https:\/\/graef-gnu.com\/produkt\/perftec-combo\/"]}]},{"@type":"ImageObject","inLanguage":"es","@id":"https:\/\/graef-gnu.com\/produkt\/perftec-combo\/#primaryimage","url":"https:\/\/graef-gnu.com\/wp-content\/uploads\/gnu-perftec-combo.jpg","contentUrl":"https:\/\/graef-gnu.com\/wp-content\/uploads\/gnu-perftec-combo.jpg","width":890,"height":300},{"@type":"BreadcrumbList","@id":"https:\/\/graef-gnu.com\/produkt\/perftec-combo\/#breadcrumb","itemListElement":[{"@type":"ListItem","position":1,"name":"Startseite","item":"https:\/\/graef-gnu.com\/es\/"},{"@type":"ListItem","position":2,"name":"Resumen del producto","item":"https:\/\/graef-gnu.com\/es\/resumen-del-producto\/"},{"@type":"ListItem","position":3,"name":"Perftec&reg;-Combo"}]},{"@type":"WebSite","@id":"https:\/\/graef-gnu.com\/#website","url":"https:\/\/graef-gnu.com\/","name":"August Graef GNU","description":"","potentialAction":[{"@type":"SearchAction","target":{"@type":"EntryPoint","urlTemplate":"https:\/\/graef-gnu.com\/?s={search_term_string}"},"query-input":"required name=search_term_string"}],"inLanguage":"es"}]}},"_links":{"self":[{"href":"https:\/\/graef-gnu.com\/es\/wp-json\/wp\/v2\/product\/146089","targetHints":{"allow":["GET"]}}],"collection":[{"href":"https:\/\/graef-gnu.com\/es\/wp-json\/wp\/v2\/product"}],"about":[{"href":"https:\/\/graef-gnu.com\/es\/wp-json\/wp\/v2\/types\/product"}],"wp:featuredmedia":[{"embeddable":true,"href":"https:\/\/graef-gnu.com\/es\/wp-json\/wp\/v2\/media\/144791"}],"wp:attachment":[{"href":"https:\/\/graef-gnu.com\/es\/wp-json\/wp\/v2\/media?parent=146089"}],"wp:term":[{"taxonomy":"product_cat","embeddable":true,"href":"https:\/\/graef-gnu.com\/es\/wp-json\/wp\/v2\/product_cat?post=146089"},{"taxonomy":"product_tag","embeddable":true,"href":"https:\/\/graef-gnu.com\/es\/wp-json\/wp\/v2\/product_tag?post=146089"}],"curies":[{"name":"wp","href":"https:\/\/api.w.org\/{rel}","templated":true}]}}