{"id":146315,"date":"2021-02-11T11:04:12","date_gmt":"2021-10-06T12:36:59","guid":{"rendered":"https:\/\/www.graef-gnu.com\/produkt\/combo-especial-perftec\/"},"modified":"2021-10-06T14:37:06","modified_gmt":"2021-10-06T12:37:06","slug":"perftec-combo-especial","status":"publish","type":"product","link":"https:\/\/graef-gnu.com\/es\/produkt\/perftec-combo-especial\/","title":{"rendered":"Combo especial Perftec<sup>&reg;<\/sup>"},"content":{"rendered":"<p>Las l\u00edneas combinadas de corte y hendido permiten un borde de hendido para un plegado eficaz del cart\u00f3n. Dise\u00f1o especial con pieza de hendido redonda para cajas de cart\u00f3n de alta calidad.<\/p>\n","protected":false},"excerpt":{"rendered":"<p>Las l\u00edneas combinadas de corte y hendido permiten un borde de hendido para un plegado eficaz del cart\u00f3n. Dise\u00f1o especial con pieza de hendido redonda para cajas de cart\u00f3n de alta calidad.<\/p>\n","protected":false},"featured_media":146382,"template":"","meta":{"_acf_changed":false},"product_cat":[8517],"product_tag":[],"class_list":{"0":"post-146315","1":"product","2":"type-product","3":"status-publish","4":"has-post-thumbnail","6":"product_group-perforar","7":"product_cat-troquelado-plano","8":"pa_ablaengung-a-1-m-es","9":"pa_hoehe-235-mm-232-mm-es","10":"pa_hoehe-236-mm-238-mm-es","11":"pa_hoehe-238-mm-230-mm-es","12":"pa_hoehe-238-mm-232-mm-es","13":"pa_hoehe-238-mm-233-mm-es","14":"pa_hoehe-238-mm-236-mm-es","15":"pa_hoehe-238-mm-238-mm-es","16":"pa_staerke-breite-07-mm-es","17":"pa_staerke-breite-105-mm-es","18":"pa_teilung-1010-mm-es","19":"pa_teilung-1015-mm-es","20":"pa_teilung-1510-mm-es-2","21":"pa_teilung-1515-mm-es","22":"pa_teilung-55-mm-es","24":"first","25":"instock","26":"purchasable","27":"product-type-variable"},"acf":[],"yoast_head":"<!-- This site is optimized with the Yoast SEO plugin v22.6 - https:\/\/yoast.com\/wordpress\/plugins\/seo\/ -->\n<title>Combo especial Perftec&reg; - August Graef GNU<\/title>\n<meta name=\"description\" content=\"L\u00edneas combinadas de corte y hendido - dise\u00f1o especial con parte de hendido de superficie redonda para cajas de cart\u00f3n de especial calidad\u2705 \u00a1Consulte aqu\u00ed!\" \/>\n<meta name=\"robots\" content=\"index, follow, max-snippet:-1, max-image-preview:large, max-video-preview:-1\" \/>\n<link rel=\"canonical\" href=\"https:\/\/graef-gnu.com\/produkt\/perftec-combo-spezial\/\" \/>\n<meta property=\"og:locale\" content=\"es_ES\" \/>\n<meta property=\"og:type\" content=\"article\" \/>\n<meta property=\"og:title\" content=\"Combo especial Perftec&reg; - August Graef GNU\" \/>\n<meta property=\"og:description\" content=\"L\u00edneas combinadas de corte y hendido - dise\u00f1o especial con parte de hendido de superficie redonda para cajas de cart\u00f3n de especial calidad\u2705 \u00a1Consulte aqu\u00ed!\" \/>\n<meta property=\"og:url\" content=\"https:\/\/graef-gnu.com\/produkt\/perftec-combo-spezial\/\" \/>\n<meta property=\"og:site_name\" content=\"August Graef GNU\" \/>\n<meta property=\"article:modified_time\" content=\"2021-10-06T12:37:06+00:00\" \/>\n<meta property=\"og:image\" content=\"https:\/\/graef-gnu.com\/wp-content\/uploads\/gnu-perftec-combo-special.jpg\" \/>\n\t<meta property=\"og:image:width\" content=\"890\" \/>\n\t<meta property=\"og:image:height\" content=\"300\" \/>\n\t<meta property=\"og:image:type\" content=\"image\/jpeg\" \/>\n<meta name=\"twitter:card\" content=\"summary_large_image\" \/>\n<script type=\"application\/ld+json\" class=\"yoast-schema-graph\">{\"@context\":\"https:\/\/schema.org\",\"@graph\":[{\"@type\":\"WebPage\",\"@id\":\"https:\/\/graef-gnu.com\/produkt\/perftec-combo-spezial\/\",\"url\":\"https:\/\/graef-gnu.com\/produkt\/perftec-combo-spezial\/\",\"name\":\"Combo especial Perftec&reg; - August Graef GNU\",\"isPartOf\":{\"@id\":\"https:\/\/graef-gnu.com\/#website\"},\"primaryImageOfPage\":{\"@id\":\"https:\/\/graef-gnu.com\/produkt\/perftec-combo-spezial\/#primaryimage\"},\"image\":{\"@id\":\"https:\/\/graef-gnu.com\/produkt\/perftec-combo-spezial\/#primaryimage\"},\"thumbnailUrl\":\"https:\/\/graef-gnu.com\/wp-content\/uploads\/gnu-perftec-combo-special.jpg\",\"datePublished\":\"2021-10-06T12:36:59+00:00\",\"dateModified\":\"2021-10-06T12:37:06+00:00\",\"description\":\"L\u00edneas combinadas de corte y hendido - dise\u00f1o especial con parte de hendido de superficie redonda para cajas de cart\u00f3n de especial calidad\u2705 \u00a1Consulte aqu\u00ed!\",\"breadcrumb\":{\"@id\":\"https:\/\/graef-gnu.com\/produkt\/perftec-combo-spezial\/#breadcrumb\"},\"inLanguage\":\"es\",\"potentialAction\":[{\"@type\":\"ReadAction\",\"target\":[\"https:\/\/graef-gnu.com\/produkt\/perftec-combo-spezial\/\"]}]},{\"@type\":\"ImageObject\",\"inLanguage\":\"es\",\"@id\":\"https:\/\/graef-gnu.com\/produkt\/perftec-combo-spezial\/#primaryimage\",\"url\":\"https:\/\/graef-gnu.com\/wp-content\/uploads\/gnu-perftec-combo-special.jpg\",\"contentUrl\":\"https:\/\/graef-gnu.com\/wp-content\/uploads\/gnu-perftec-combo-special.jpg\",\"width\":890,\"height\":300},{\"@type\":\"BreadcrumbList\",\"@id\":\"https:\/\/graef-gnu.com\/produkt\/perftec-combo-spezial\/#breadcrumb\",\"itemListElement\":[{\"@type\":\"ListItem\",\"position\":1,\"name\":\"Startseite\",\"item\":\"https:\/\/graef-gnu.com\/es\/\"},{\"@type\":\"ListItem\",\"position\":2,\"name\":\"Resumen del producto\",\"item\":\"https:\/\/graef-gnu.com\/es\/resumen-del-producto\/\"},{\"@type\":\"ListItem\",\"position\":3,\"name\":\"Combo especial Perftec&reg;\"}]},{\"@type\":\"WebSite\",\"@id\":\"https:\/\/graef-gnu.com\/#website\",\"url\":\"https:\/\/graef-gnu.com\/\",\"name\":\"August Graef GNU\",\"description\":\"\",\"potentialAction\":[{\"@type\":\"SearchAction\",\"target\":{\"@type\":\"EntryPoint\",\"urlTemplate\":\"https:\/\/graef-gnu.com\/?s={search_term_string}\"},\"query-input\":\"required name=search_term_string\"}],\"inLanguage\":\"es\"}]}<\/script>\n<!-- \/ Yoast SEO plugin. -->","yoast_head_json":{"title":"Combo especial Perftec&reg; - August Graef GNU","description":"L\u00edneas combinadas de corte y hendido - dise\u00f1o especial con parte de hendido de superficie redonda para cajas de cart\u00f3n de especial calidad\u2705 \u00a1Consulte aqu\u00ed!","robots":{"index":"index","follow":"follow","max-snippet":"max-snippet:-1","max-image-preview":"max-image-preview:large","max-video-preview":"max-video-preview:-1"},"canonical":"https:\/\/graef-gnu.com\/produkt\/perftec-combo-spezial\/","og_locale":"es_ES","og_type":"article","og_title":"Combo especial Perftec&reg; - August Graef GNU","og_description":"L\u00edneas combinadas de corte y hendido - dise\u00f1o especial con parte de hendido de superficie redonda para cajas de cart\u00f3n de especial calidad\u2705 \u00a1Consulte aqu\u00ed!","og_url":"https:\/\/graef-gnu.com\/produkt\/perftec-combo-spezial\/","og_site_name":"August Graef GNU","article_modified_time":"2021-10-06T12:37:06+00:00","og_image":[{"width":890,"height":300,"url":"https:\/\/graef-gnu.com\/wp-content\/uploads\/gnu-perftec-combo-special.jpg","type":"image\/jpeg"}],"twitter_card":"summary_large_image","schema":{"@context":"https:\/\/schema.org","@graph":[{"@type":"WebPage","@id":"https:\/\/graef-gnu.com\/produkt\/perftec-combo-spezial\/","url":"https:\/\/graef-gnu.com\/produkt\/perftec-combo-spezial\/","name":"Combo especial Perftec&reg; - August Graef GNU","isPartOf":{"@id":"https:\/\/graef-gnu.com\/#website"},"primaryImageOfPage":{"@id":"https:\/\/graef-gnu.com\/produkt\/perftec-combo-spezial\/#primaryimage"},"image":{"@id":"https:\/\/graef-gnu.com\/produkt\/perftec-combo-spezial\/#primaryimage"},"thumbnailUrl":"https:\/\/graef-gnu.com\/wp-content\/uploads\/gnu-perftec-combo-special.jpg","datePublished":"2021-10-06T12:36:59+00:00","dateModified":"2021-10-06T12:37:06+00:00","description":"L\u00edneas combinadas de corte y hendido - dise\u00f1o especial con parte de hendido de superficie redonda para cajas de cart\u00f3n de especial calidad\u2705 \u00a1Consulte aqu\u00ed!","breadcrumb":{"@id":"https:\/\/graef-gnu.com\/produkt\/perftec-combo-spezial\/#breadcrumb"},"inLanguage":"es","potentialAction":[{"@type":"ReadAction","target":["https:\/\/graef-gnu.com\/produkt\/perftec-combo-spezial\/"]}]},{"@type":"ImageObject","inLanguage":"es","@id":"https:\/\/graef-gnu.com\/produkt\/perftec-combo-spezial\/#primaryimage","url":"https:\/\/graef-gnu.com\/wp-content\/uploads\/gnu-perftec-combo-special.jpg","contentUrl":"https:\/\/graef-gnu.com\/wp-content\/uploads\/gnu-perftec-combo-special.jpg","width":890,"height":300},{"@type":"BreadcrumbList","@id":"https:\/\/graef-gnu.com\/produkt\/perftec-combo-spezial\/#breadcrumb","itemListElement":[{"@type":"ListItem","position":1,"name":"Startseite","item":"https:\/\/graef-gnu.com\/es\/"},{"@type":"ListItem","position":2,"name":"Resumen del producto","item":"https:\/\/graef-gnu.com\/es\/resumen-del-producto\/"},{"@type":"ListItem","position":3,"name":"Combo especial Perftec&reg;"}]},{"@type":"WebSite","@id":"https:\/\/graef-gnu.com\/#website","url":"https:\/\/graef-gnu.com\/","name":"August Graef GNU","description":"","potentialAction":[{"@type":"SearchAction","target":{"@type":"EntryPoint","urlTemplate":"https:\/\/graef-gnu.com\/?s={search_term_string}"},"query-input":"required name=search_term_string"}],"inLanguage":"es"}]}},"_links":{"self":[{"href":"https:\/\/graef-gnu.com\/es\/wp-json\/wp\/v2\/product\/146315","targetHints":{"allow":["GET"]}}],"collection":[{"href":"https:\/\/graef-gnu.com\/es\/wp-json\/wp\/v2\/product"}],"about":[{"href":"https:\/\/graef-gnu.com\/es\/wp-json\/wp\/v2\/types\/product"}],"wp:featuredmedia":[{"embeddable":true,"href":"https:\/\/graef-gnu.com\/es\/wp-json\/wp\/v2\/media\/146382"}],"wp:attachment":[{"href":"https:\/\/graef-gnu.com\/es\/wp-json\/wp\/v2\/media?parent=146315"}],"wp:term":[{"taxonomy":"product_cat","embeddable":true,"href":"https:\/\/graef-gnu.com\/es\/wp-json\/wp\/v2\/product_cat?post=146315"},{"taxonomy":"product_tag","embeddable":true,"href":"https:\/\/graef-gnu.com\/es\/wp-json\/wp\/v2\/product_tag?post=146315"}],"curies":[{"name":"wp","href":"https:\/\/api.w.org\/{rel}","templated":true}]}}