{"id":148043,"date":"2021-02-11T11:08:01","date_gmt":"2021-10-06T12:49:23","guid":{"rendered":"https:\/\/www.graef-gnu.com\/produkt\/creasetec-micro-r\/"},"modified":"2021-10-06T14:57:00","modified_gmt":"2021-10-06T12:57:00","slug":"creasetec-micro-r","status":"publish","type":"product","link":"https:\/\/graef-gnu.com\/es\/produkt\/creasetec-micro-r\/","title":{"rendered":"Creasetec<sup>&reg;<\/sup>-Micro R"},"content":{"rendered":"<p>Creasetec<sup>&reg;<\/sup>-Micro R es una regla de hendido perforada que da al material a troquelar m\u00e1s espacio para desplegarse y evita que la capa superior se agriete. Ideal para procesar en la m\u00e1quina encoladora de cajas plegables. Tambi\u00e9n disponible curvado en todos los di\u00e1metros.<\/p>\n","protected":false},"excerpt":{"rendered":"<p>Creasetec<sup>&reg;<\/sup>-Micro R es una regla de hendido perforada que da al material a troquelar m\u00e1s espacio para desplegarse y evita que la capa superior se agriete. Ideal para procesar en la m\u00e1quina encoladora de cajas plegables.<\/p>\n","protected":false},"featured_media":148049,"template":"","meta":{"_acf_changed":false},"product_cat":[8519],"product_tag":[],"class_list":{"0":"post-148043","1":"product","2":"type-product","3":"status-publish","4":"has-post-thumbnail","6":"product_group-hendido-es","7":"product_cat-perforacion-rotativa","8":"pa_ablaengung-en-el-anillo","9":"pa_hoehe-220-mm-es","10":"pa_hoehe-222-mm-es","11":"pa_hoehe-224-mm-es","12":"pa_hoehe-226-mm-es","13":"pa_hoehe-228-mm-es","14":"pa_hoehe-230-mm-es","15":"pa_hoehe-231-mm-es","16":"pa_hoehe-232-mm-es","17":"pa_hoehe-238-mm-es","18":"pa_hoehe-240-mm-es","19":"pa_nuten-con-ranuras","20":"pa_nuten-n-a-es","21":"pa_staerke-breite-142-mm-es","22":"pa_wicklung-durchmesser-366-mm-es","23":"pa_wicklung-durchmesser-487-mm-es","25":"first","26":"instock","27":"purchasable","28":"product-type-variable"},"acf":[],"yoast_head":"<!-- This site is optimized with the Yoast SEO plugin v22.6 - https:\/\/yoast.com\/wordpress\/plugins\/seo\/ -->\n<title>Creasetec&reg;-Micro R - August Graef GNU<\/title>\n<meta name=\"description\" content=\"L\u00ednea de hendido perforada para el procesamiento en la m\u00e1quina de encolado de cajas plegables \u2705 Permite m\u00e1s espacio para que el material perforado se despliegue y evita que la capa superior se rompa \u2705\" \/>\n<meta name=\"robots\" content=\"index, follow, max-snippet:-1, max-image-preview:large, max-video-preview:-1\" \/>\n<link rel=\"canonical\" href=\"https:\/\/graef-gnu.com\/produkt\/creasetec-micro-r\/\" \/>\n<meta property=\"og:locale\" content=\"es_ES\" \/>\n<meta property=\"og:type\" content=\"article\" \/>\n<meta property=\"og:title\" content=\"Creasetec&reg;-Micro R - August Graef GNU\" \/>\n<meta property=\"og:description\" content=\"L\u00ednea de hendido perforada para el procesamiento en la m\u00e1quina de encolado de cajas plegables \u2705 Permite m\u00e1s espacio para que el material perforado se despliegue y evita que la capa superior se rompa \u2705\" \/>\n<meta property=\"og:url\" content=\"https:\/\/graef-gnu.com\/produkt\/creasetec-micro-r\/\" \/>\n<meta property=\"og:site_name\" content=\"August Graef GNU\" \/>\n<meta property=\"article:modified_time\" content=\"2021-10-06T12:57:00+00:00\" \/>\n<meta property=\"og:image\" content=\"https:\/\/graef-gnu.com\/wp-content\/uploads\/gnu-creastec-micro.png\" \/>\n\t<meta property=\"og:image:width\" content=\"890\" \/>\n\t<meta property=\"og:image:height\" content=\"300\" \/>\n\t<meta property=\"og:image:type\" content=\"image\/png\" \/>\n<meta name=\"twitter:card\" content=\"summary_large_image\" \/>\n<script type=\"application\/ld+json\" class=\"yoast-schema-graph\">{\"@context\":\"https:\/\/schema.org\",\"@graph\":[{\"@type\":\"WebPage\",\"@id\":\"https:\/\/graef-gnu.com\/produkt\/creasetec-micro-r\/\",\"url\":\"https:\/\/graef-gnu.com\/produkt\/creasetec-micro-r\/\",\"name\":\"Creasetec&reg;-Micro R - August Graef GNU\",\"isPartOf\":{\"@id\":\"https:\/\/graef-gnu.com\/#website\"},\"primaryImageOfPage\":{\"@id\":\"https:\/\/graef-gnu.com\/produkt\/creasetec-micro-r\/#primaryimage\"},\"image\":{\"@id\":\"https:\/\/graef-gnu.com\/produkt\/creasetec-micro-r\/#primaryimage\"},\"thumbnailUrl\":\"https:\/\/graef-gnu.com\/wp-content\/uploads\/gnu-creastec-micro.png\",\"datePublished\":\"2021-10-06T12:49:23+00:00\",\"dateModified\":\"2021-10-06T12:57:00+00:00\",\"description\":\"L\u00ednea de hendido perforada para el procesamiento en la m\u00e1quina de encolado de cajas plegables \u2705 Permite m\u00e1s espacio para que el material perforado se despliegue y evita que la capa superior se rompa \u2705\",\"breadcrumb\":{\"@id\":\"https:\/\/graef-gnu.com\/produkt\/creasetec-micro-r\/#breadcrumb\"},\"inLanguage\":\"es\",\"potentialAction\":[{\"@type\":\"ReadAction\",\"target\":[\"https:\/\/graef-gnu.com\/produkt\/creasetec-micro-r\/\"]}]},{\"@type\":\"ImageObject\",\"inLanguage\":\"es\",\"@id\":\"https:\/\/graef-gnu.com\/produkt\/creasetec-micro-r\/#primaryimage\",\"url\":\"https:\/\/graef-gnu.com\/wp-content\/uploads\/gnu-creastec-micro.png\",\"contentUrl\":\"https:\/\/graef-gnu.com\/wp-content\/uploads\/gnu-creastec-micro.png\",\"width\":890,\"height\":300},{\"@type\":\"BreadcrumbList\",\"@id\":\"https:\/\/graef-gnu.com\/produkt\/creasetec-micro-r\/#breadcrumb\",\"itemListElement\":[{\"@type\":\"ListItem\",\"position\":1,\"name\":\"Startseite\",\"item\":\"https:\/\/graef-gnu.com\/es\/\"},{\"@type\":\"ListItem\",\"position\":2,\"name\":\"Resumen del producto\",\"item\":\"https:\/\/graef-gnu.com\/es\/resumen-del-producto\/\"},{\"@type\":\"ListItem\",\"position\":3,\"name\":\"Creasetec&reg;-Micro R\"}]},{\"@type\":\"WebSite\",\"@id\":\"https:\/\/graef-gnu.com\/#website\",\"url\":\"https:\/\/graef-gnu.com\/\",\"name\":\"August Graef GNU\",\"description\":\"\",\"potentialAction\":[{\"@type\":\"SearchAction\",\"target\":{\"@type\":\"EntryPoint\",\"urlTemplate\":\"https:\/\/graef-gnu.com\/?s={search_term_string}\"},\"query-input\":\"required name=search_term_string\"}],\"inLanguage\":\"es\"}]}<\/script>\n<!-- \/ Yoast SEO plugin. -->","yoast_head_json":{"title":"Creasetec&reg;-Micro R - August Graef GNU","description":"L\u00ednea de hendido perforada para el procesamiento en la m\u00e1quina de encolado de cajas plegables \u2705 Permite m\u00e1s espacio para que el material perforado se despliegue y evita que la capa superior se rompa \u2705","robots":{"index":"index","follow":"follow","max-snippet":"max-snippet:-1","max-image-preview":"max-image-preview:large","max-video-preview":"max-video-preview:-1"},"canonical":"https:\/\/graef-gnu.com\/produkt\/creasetec-micro-r\/","og_locale":"es_ES","og_type":"article","og_title":"Creasetec&reg;-Micro R - August Graef GNU","og_description":"L\u00ednea de hendido perforada para el procesamiento en la m\u00e1quina de encolado de cajas plegables \u2705 Permite m\u00e1s espacio para que el material perforado se despliegue y evita que la capa superior se rompa \u2705","og_url":"https:\/\/graef-gnu.com\/produkt\/creasetec-micro-r\/","og_site_name":"August Graef GNU","article_modified_time":"2021-10-06T12:57:00+00:00","og_image":[{"width":890,"height":300,"url":"https:\/\/graef-gnu.com\/wp-content\/uploads\/gnu-creastec-micro.png","type":"image\/png"}],"twitter_card":"summary_large_image","schema":{"@context":"https:\/\/schema.org","@graph":[{"@type":"WebPage","@id":"https:\/\/graef-gnu.com\/produkt\/creasetec-micro-r\/","url":"https:\/\/graef-gnu.com\/produkt\/creasetec-micro-r\/","name":"Creasetec&reg;-Micro R - August Graef GNU","isPartOf":{"@id":"https:\/\/graef-gnu.com\/#website"},"primaryImageOfPage":{"@id":"https:\/\/graef-gnu.com\/produkt\/creasetec-micro-r\/#primaryimage"},"image":{"@id":"https:\/\/graef-gnu.com\/produkt\/creasetec-micro-r\/#primaryimage"},"thumbnailUrl":"https:\/\/graef-gnu.com\/wp-content\/uploads\/gnu-creastec-micro.png","datePublished":"2021-10-06T12:49:23+00:00","dateModified":"2021-10-06T12:57:00+00:00","description":"L\u00ednea de hendido perforada para el procesamiento en la m\u00e1quina de encolado de cajas plegables \u2705 Permite m\u00e1s espacio para que el material perforado se despliegue y evita que la capa superior se rompa \u2705","breadcrumb":{"@id":"https:\/\/graef-gnu.com\/produkt\/creasetec-micro-r\/#breadcrumb"},"inLanguage":"es","potentialAction":[{"@type":"ReadAction","target":["https:\/\/graef-gnu.com\/produkt\/creasetec-micro-r\/"]}]},{"@type":"ImageObject","inLanguage":"es","@id":"https:\/\/graef-gnu.com\/produkt\/creasetec-micro-r\/#primaryimage","url":"https:\/\/graef-gnu.com\/wp-content\/uploads\/gnu-creastec-micro.png","contentUrl":"https:\/\/graef-gnu.com\/wp-content\/uploads\/gnu-creastec-micro.png","width":890,"height":300},{"@type":"BreadcrumbList","@id":"https:\/\/graef-gnu.com\/produkt\/creasetec-micro-r\/#breadcrumb","itemListElement":[{"@type":"ListItem","position":1,"name":"Startseite","item":"https:\/\/graef-gnu.com\/es\/"},{"@type":"ListItem","position":2,"name":"Resumen del producto","item":"https:\/\/graef-gnu.com\/es\/resumen-del-producto\/"},{"@type":"ListItem","position":3,"name":"Creasetec&reg;-Micro R"}]},{"@type":"WebSite","@id":"https:\/\/graef-gnu.com\/#website","url":"https:\/\/graef-gnu.com\/","name":"August Graef GNU","description":"","potentialAction":[{"@type":"SearchAction","target":{"@type":"EntryPoint","urlTemplate":"https:\/\/graef-gnu.com\/?s={search_term_string}"},"query-input":"required name=search_term_string"}],"inLanguage":"es"}]}},"_links":{"self":[{"href":"https:\/\/graef-gnu.com\/es\/wp-json\/wp\/v2\/product\/148043","targetHints":{"allow":["GET"]}}],"collection":[{"href":"https:\/\/graef-gnu.com\/es\/wp-json\/wp\/v2\/product"}],"about":[{"href":"https:\/\/graef-gnu.com\/es\/wp-json\/wp\/v2\/types\/product"}],"wp:featuredmedia":[{"embeddable":true,"href":"https:\/\/graef-gnu.com\/es\/wp-json\/wp\/v2\/media\/148049"}],"wp:attachment":[{"href":"https:\/\/graef-gnu.com\/es\/wp-json\/wp\/v2\/media?parent=148043"}],"wp:term":[{"taxonomy":"product_cat","embeddable":true,"href":"https:\/\/graef-gnu.com\/es\/wp-json\/wp\/v2\/product_cat?post=148043"},{"taxonomy":"product_tag","embeddable":true,"href":"https:\/\/graef-gnu.com\/es\/wp-json\/wp\/v2\/product_tag?post=148043"}],"curies":[{"name":"wp","href":"https:\/\/api.w.org\/{rel}","templated":true}]}}