{"id":148046,"date":"2021-02-11T11:08:04","date_gmt":"2021-10-06T12:49:35","guid":{"rendered":"https:\/\/www.graef-gnu.com\/produkt\/creasetec-trufold-r\/"},"modified":"2021-10-06T14:56:56","modified_gmt":"2021-10-06T12:56:56","slug":"creasetec-trufold-r","status":"publish","type":"product","link":"https:\/\/graef-gnu.com\/es\/produkt\/creasetec-trufold-r\/","title":{"rendered":"Creasetec<sup>&reg;<\/sup>-Trufold R"},"content":{"rendered":"<p>Creasetec<sup>&reg;<\/sup>-Trufold R para hender el cart\u00f3n macizo y el cart\u00f3n ondulado, con base estrecha y cabezal ancho, as\u00ed como Trufold de fijaci\u00f3n estrecha. As\u00ed se evitan las roturas durante el hendido. V\u00e9ase tambi\u00e9n Creasetec<sup>&reg;<\/sup>-Multi R. Tambi\u00e9n disponible en alturas especiales y en todos los di\u00e1metros.<\/p>\n","protected":false},"excerpt":{"rendered":"<p>Creasetec<sup>&reg;<\/sup>-Trufold R para hender el cart\u00f3n macizo y el cart\u00f3n ondulado, con base estrecha y cabezal ancho, as\u00ed como Trufold de fijaci\u00f3n estrecha. As\u00ed se evitan las roturas durante el hendido.<\/p>\n","protected":false},"featured_media":148337,"template":"","meta":{"_acf_changed":false},"product_cat":[8519],"product_tag":[],"class_list":{"0":"post-148046","1":"product","2":"type-product","3":"status-publish","4":"has-post-thumbnail","6":"product_group-hendido-es","7":"product_cat-perforacion-rotativa","8":"pa_ablaengung-a-1-m-es","9":"pa_ablaengung-en-el-anillo","10":"pa_hoehe-206-mm-es","11":"pa_hoehe-212-mm-es","12":"pa_hoehe-213-mm-es","13":"pa_hoehe-215-mm-es","14":"pa_hoehe-216-mm-es","15":"pa_hoehe-218-mm-es","16":"pa_hoehe-220-mm-es","17":"pa_hoehe-222-mm-es","18":"pa_hoehe-224-mm-es","19":"pa_hoehe-226-mm-es","20":"pa_hoehe-227-mm-es","21":"pa_hoehe-228-mm-es","22":"pa_hoehe-230-mm-es","23":"pa_hoehe-231-mm-es","24":"pa_hoehe-232-mm-es","25":"pa_hoehe-233-mm-es","26":"pa_hoehe-234-mm-es","27":"pa_hoehe-235-mm-es","28":"pa_hoehe-236-mm-es","29":"pa_hoehe-238-mm-es","30":"pa_hoehe-241-mm-es","31":"pa_hoehe-242-mm-es","32":"pa_hoehe-243-mm-es","33":"pa_hoehe-244-mm-es","34":"pa_hoehe-275-mm-es","35":"pa_nuten-con-ranuras","36":"pa_nuten-n-a-es","37":"pa_staerke-breite-3-8-pt-es","38":"pa_staerke-breite-4-8-pt-es","39":"pa_wicklung-durchmesser-487-mm-es","40":"pa_wicklung-durchmesser-acw-560-mm-es","41":"pa_wicklung-durchmesser-cw-560-mm-es","42":"pa_wicklung-durchmesser-n-a-es","44":"first","45":"instock","46":"purchasable","47":"product-type-variable"},"acf":[],"yoast_head":"<!-- This site is optimized with the Yoast SEO plugin v22.6 - https:\/\/yoast.com\/wordpress\/plugins\/seo\/ -->\n<title>Creasetec&reg;-Trufold R - August Graef GNU<\/title>\n<meta name=\"description\" content=\"Hendido de cart\u00f3n macizo y ondulado: con base estrecha, cabezal ancho y fijaci\u00f3n estrecha Trufold\u2705 Sin puntos de rotura al hender \u2705 \u00a1Informe aqu\u00ed!\" \/>\n<meta name=\"robots\" content=\"index, follow, max-snippet:-1, max-image-preview:large, max-video-preview:-1\" \/>\n<link rel=\"canonical\" href=\"https:\/\/graef-gnu.com\/es\/produkt\/creasetec-trufold-r\/\" \/>\n<meta property=\"og:locale\" content=\"es_ES\" \/>\n<meta property=\"og:type\" content=\"article\" \/>\n<meta property=\"og:title\" content=\"Creasetec&reg;-Trufold R - August Graef GNU\" \/>\n<meta property=\"og:description\" content=\"Hendido de cart\u00f3n macizo y ondulado: con base estrecha, cabezal ancho y fijaci\u00f3n estrecha Trufold\u2705 Sin puntos de rotura al hender \u2705 \u00a1Informe aqu\u00ed!\" \/>\n<meta property=\"og:url\" content=\"https:\/\/graef-gnu.com\/es\/produkt\/creasetec-trufold-r\/\" \/>\n<meta property=\"og:site_name\" content=\"August Graef GNU\" \/>\n<meta property=\"article:modified_time\" content=\"2021-10-06T12:56:56+00:00\" \/>\n<meta property=\"og:image\" content=\"https:\/\/graef-gnu.com\/wp-content\/uploads\/gnu-trufold-4_8pt.jpg\" \/>\n\t<meta property=\"og:image:width\" content=\"890\" \/>\n\t<meta property=\"og:image:height\" content=\"300\" \/>\n\t<meta property=\"og:image:type\" content=\"image\/jpeg\" \/>\n<meta name=\"twitter:card\" content=\"summary_large_image\" \/>\n<script type=\"application\/ld+json\" class=\"yoast-schema-graph\">{\"@context\":\"https:\/\/schema.org\",\"@graph\":[{\"@type\":\"WebPage\",\"@id\":\"https:\/\/graef-gnu.com\/es\/produkt\/creasetec-trufold-r\/\",\"url\":\"https:\/\/graef-gnu.com\/es\/produkt\/creasetec-trufold-r\/\",\"name\":\"Creasetec&reg;-Trufold R - August Graef GNU\",\"isPartOf\":{\"@id\":\"https:\/\/graef-gnu.com\/#website\"},\"primaryImageOfPage\":{\"@id\":\"https:\/\/graef-gnu.com\/es\/produkt\/creasetec-trufold-r\/#primaryimage\"},\"image\":{\"@id\":\"https:\/\/graef-gnu.com\/es\/produkt\/creasetec-trufold-r\/#primaryimage\"},\"thumbnailUrl\":\"https:\/\/graef-gnu.com\/wp-content\/uploads\/gnu-trufold-4_8pt.jpg\",\"datePublished\":\"2021-10-06T12:49:35+00:00\",\"dateModified\":\"2021-10-06T12:56:56+00:00\",\"description\":\"Hendido de cart\u00f3n macizo y ondulado: con base estrecha, cabezal ancho y fijaci\u00f3n estrecha Trufold\u2705 Sin puntos de rotura al hender \u2705 \u00a1Informe aqu\u00ed!\",\"breadcrumb\":{\"@id\":\"https:\/\/graef-gnu.com\/es\/produkt\/creasetec-trufold-r\/#breadcrumb\"},\"inLanguage\":\"es\",\"potentialAction\":[{\"@type\":\"ReadAction\",\"target\":[\"https:\/\/graef-gnu.com\/es\/produkt\/creasetec-trufold-r\/\"]}]},{\"@type\":\"ImageObject\",\"inLanguage\":\"es\",\"@id\":\"https:\/\/graef-gnu.com\/es\/produkt\/creasetec-trufold-r\/#primaryimage\",\"url\":\"https:\/\/graef-gnu.com\/wp-content\/uploads\/gnu-trufold-4_8pt.jpg\",\"contentUrl\":\"https:\/\/graef-gnu.com\/wp-content\/uploads\/gnu-trufold-4_8pt.jpg\",\"width\":890,\"height\":300},{\"@type\":\"BreadcrumbList\",\"@id\":\"https:\/\/graef-gnu.com\/es\/produkt\/creasetec-trufold-r\/#breadcrumb\",\"itemListElement\":[{\"@type\":\"ListItem\",\"position\":1,\"name\":\"Startseite\",\"item\":\"https:\/\/graef-gnu.com\/es\/\"},{\"@type\":\"ListItem\",\"position\":2,\"name\":\"Resumen del producto\",\"item\":\"https:\/\/graef-gnu.com\/es\/resumen-del-producto\/\"},{\"@type\":\"ListItem\",\"position\":3,\"name\":\"Creasetec&reg;-Trufold R\"}]},{\"@type\":\"WebSite\",\"@id\":\"https:\/\/graef-gnu.com\/#website\",\"url\":\"https:\/\/graef-gnu.com\/\",\"name\":\"August Graef GNU\",\"description\":\"\",\"potentialAction\":[{\"@type\":\"SearchAction\",\"target\":{\"@type\":\"EntryPoint\",\"urlTemplate\":\"https:\/\/graef-gnu.com\/?s={search_term_string}\"},\"query-input\":\"required name=search_term_string\"}],\"inLanguage\":\"es\"}]}<\/script>\n<!-- \/ Yoast SEO plugin. -->","yoast_head_json":{"title":"Creasetec&reg;-Trufold R - August Graef GNU","description":"Hendido de cart\u00f3n macizo y ondulado: con base estrecha, cabezal ancho y fijaci\u00f3n estrecha Trufold\u2705 Sin puntos de rotura al hender \u2705 \u00a1Informe aqu\u00ed!","robots":{"index":"index","follow":"follow","max-snippet":"max-snippet:-1","max-image-preview":"max-image-preview:large","max-video-preview":"max-video-preview:-1"},"canonical":"https:\/\/graef-gnu.com\/es\/produkt\/creasetec-trufold-r\/","og_locale":"es_ES","og_type":"article","og_title":"Creasetec&reg;-Trufold R - August Graef GNU","og_description":"Hendido de cart\u00f3n macizo y ondulado: con base estrecha, cabezal ancho y fijaci\u00f3n estrecha Trufold\u2705 Sin puntos de rotura al hender \u2705 \u00a1Informe aqu\u00ed!","og_url":"https:\/\/graef-gnu.com\/es\/produkt\/creasetec-trufold-r\/","og_site_name":"August Graef GNU","article_modified_time":"2021-10-06T12:56:56+00:00","og_image":[{"width":890,"height":300,"url":"https:\/\/graef-gnu.com\/wp-content\/uploads\/gnu-trufold-4_8pt.jpg","type":"image\/jpeg"}],"twitter_card":"summary_large_image","schema":{"@context":"https:\/\/schema.org","@graph":[{"@type":"WebPage","@id":"https:\/\/graef-gnu.com\/es\/produkt\/creasetec-trufold-r\/","url":"https:\/\/graef-gnu.com\/es\/produkt\/creasetec-trufold-r\/","name":"Creasetec&reg;-Trufold R - August Graef GNU","isPartOf":{"@id":"https:\/\/graef-gnu.com\/#website"},"primaryImageOfPage":{"@id":"https:\/\/graef-gnu.com\/es\/produkt\/creasetec-trufold-r\/#primaryimage"},"image":{"@id":"https:\/\/graef-gnu.com\/es\/produkt\/creasetec-trufold-r\/#primaryimage"},"thumbnailUrl":"https:\/\/graef-gnu.com\/wp-content\/uploads\/gnu-trufold-4_8pt.jpg","datePublished":"2021-10-06T12:49:35+00:00","dateModified":"2021-10-06T12:56:56+00:00","description":"Hendido de cart\u00f3n macizo y ondulado: con base estrecha, cabezal ancho y fijaci\u00f3n estrecha Trufold\u2705 Sin puntos de rotura al hender \u2705 \u00a1Informe aqu\u00ed!","breadcrumb":{"@id":"https:\/\/graef-gnu.com\/es\/produkt\/creasetec-trufold-r\/#breadcrumb"},"inLanguage":"es","potentialAction":[{"@type":"ReadAction","target":["https:\/\/graef-gnu.com\/es\/produkt\/creasetec-trufold-r\/"]}]},{"@type":"ImageObject","inLanguage":"es","@id":"https:\/\/graef-gnu.com\/es\/produkt\/creasetec-trufold-r\/#primaryimage","url":"https:\/\/graef-gnu.com\/wp-content\/uploads\/gnu-trufold-4_8pt.jpg","contentUrl":"https:\/\/graef-gnu.com\/wp-content\/uploads\/gnu-trufold-4_8pt.jpg","width":890,"height":300},{"@type":"BreadcrumbList","@id":"https:\/\/graef-gnu.com\/es\/produkt\/creasetec-trufold-r\/#breadcrumb","itemListElement":[{"@type":"ListItem","position":1,"name":"Startseite","item":"https:\/\/graef-gnu.com\/es\/"},{"@type":"ListItem","position":2,"name":"Resumen del producto","item":"https:\/\/graef-gnu.com\/es\/resumen-del-producto\/"},{"@type":"ListItem","position":3,"name":"Creasetec&reg;-Trufold R"}]},{"@type":"WebSite","@id":"https:\/\/graef-gnu.com\/#website","url":"https:\/\/graef-gnu.com\/","name":"August Graef GNU","description":"","potentialAction":[{"@type":"SearchAction","target":{"@type":"EntryPoint","urlTemplate":"https:\/\/graef-gnu.com\/?s={search_term_string}"},"query-input":"required name=search_term_string"}],"inLanguage":"es"}]}},"_links":{"self":[{"href":"https:\/\/graef-gnu.com\/es\/wp-json\/wp\/v2\/product\/148046","targetHints":{"allow":["GET"]}}],"collection":[{"href":"https:\/\/graef-gnu.com\/es\/wp-json\/wp\/v2\/product"}],"about":[{"href":"https:\/\/graef-gnu.com\/es\/wp-json\/wp\/v2\/types\/product"}],"wp:featuredmedia":[{"embeddable":true,"href":"https:\/\/graef-gnu.com\/es\/wp-json\/wp\/v2\/media\/148337"}],"wp:attachment":[{"href":"https:\/\/graef-gnu.com\/es\/wp-json\/wp\/v2\/media?parent=148046"}],"wp:term":[{"taxonomy":"product_cat","embeddable":true,"href":"https:\/\/graef-gnu.com\/es\/wp-json\/wp\/v2\/product_cat?post=148046"},{"taxonomy":"product_tag","embeddable":true,"href":"https:\/\/graef-gnu.com\/es\/wp-json\/wp\/v2\/product_tag?post=148046"}],"curies":[{"name":"wp","href":"https:\/\/api.w.org\/{rel}","templated":true}]}}