{"id":152382,"date":"2021-02-11T11:00:50","date_gmt":"2021-10-06T13:22:57","guid":{"rendered":"https:\/\/www.graef-gnu.com\/produkt\/gnu-excalibur\/"},"modified":"2021-10-06T15:25:52","modified_gmt":"2021-10-06T13:25:52","slug":"gnu-excalibur","status":"publish","type":"product","link":"https:\/\/graef-gnu.com\/es\/produkt\/gnu-excalibur\/","title":{"rendered":"GNU-Excalibur"},"content":{"rendered":"<p>GNU-Excalibur, que lleva el nombre de la espada del m\u00edtico Rey Arturo, se desarroll\u00f3 originalmente para el mercado franc\u00e9s. El bisel est\u00e1 rectificado por ambos lados y produce un patr\u00f3n de corte central. Crea un ligero corte ondulado y, por tanto, puede evitar los cortes.<\/p>\n","protected":false},"excerpt":{"rendered":"<p>GNU-Excalibur, que lleva el nombre de la espada del m\u00edtico Rey Arturo, se desarroll\u00f3 originalmente para el mercado franc\u00e9s. El bisel est\u00e1 rectificado por ambos lados y produce un patr\u00f3n de corte central.<\/p>\n","protected":false},"featured_media":149131,"template":"","meta":{"_acf_changed":false},"product_cat":[8519],"product_tag":[],"class_list":{"0":"post-152382","1":"product","2":"type-product","3":"status-publish","4":"has-post-thumbnail","6":"product_group-corte","7":"product_cat-perforacion-rotativa","8":"pa_ablaengung-en-el-anillo","9":"pa_hoehe-238-mm-es","10":"pa_hoehe-254-mm-es","11":"pa_hoehe-300-mm-es","12":"pa_nuten-con-ranuras","13":"pa_nuten-n-a-es","14":"pa_staerke-breite-142-mm-es","15":"pa_wicklung-durchmesser-487-mm-es","16":"pa_wicklung-durchmesser-cw-560-mm-es","17":"pa_zaehne-12-tpi-es","19":"first","20":"instock","21":"purchasable","22":"product-type-variable"},"acf":[],"yoast_head":"<!-- This site is optimized with the Yoast SEO plugin v22.6 - https:\/\/yoast.com\/wordpress\/plugins\/seo\/ -->\n<title>GNU-Excalibur - August Graef GNU<\/title>\n<meta name=\"description\" content=\"Biselado rectificado en ambos lados y resulta en un patr\u00f3n de corte central \u2705 Crea un ligero corte ondulado y puede evitar cortes\u2705 \u00a1Consulte aqu\u00ed!\" \/>\n<meta name=\"robots\" content=\"index, follow, max-snippet:-1, max-image-preview:large, max-video-preview:-1\" \/>\n<link rel=\"canonical\" href=\"https:\/\/graef-gnu.com\/produkt\/gnu-excalibur\/\" \/>\n<meta property=\"og:locale\" content=\"es_ES\" \/>\n<meta property=\"og:type\" content=\"article\" \/>\n<meta property=\"og:title\" content=\"GNU-Excalibur - August Graef GNU\" \/>\n<meta property=\"og:description\" content=\"Biselado rectificado en ambos lados y resulta en un patr\u00f3n de corte central \u2705 Crea un ligero corte ondulado y puede evitar cortes\u2705 \u00a1Consulte aqu\u00ed!\" \/>\n<meta property=\"og:url\" content=\"https:\/\/graef-gnu.com\/produkt\/gnu-excalibur\/\" \/>\n<meta property=\"og:site_name\" content=\"August Graef GNU\" \/>\n<meta property=\"article:modified_time\" content=\"2021-10-06T13:25:52+00:00\" \/>\n<meta property=\"og:image\" content=\"https:\/\/graef-gnu.com\/wp-content\/uploads\/gnu-excalibur.png\" \/>\n\t<meta property=\"og:image:width\" content=\"890\" \/>\n\t<meta property=\"og:image:height\" content=\"300\" \/>\n\t<meta property=\"og:image:type\" content=\"image\/png\" \/>\n<meta name=\"twitter:card\" content=\"summary_large_image\" \/>\n<script type=\"application\/ld+json\" class=\"yoast-schema-graph\">{\"@context\":\"https:\/\/schema.org\",\"@graph\":[{\"@type\":\"WebPage\",\"@id\":\"https:\/\/graef-gnu.com\/produkt\/gnu-excalibur\/\",\"url\":\"https:\/\/graef-gnu.com\/produkt\/gnu-excalibur\/\",\"name\":\"GNU-Excalibur - August Graef GNU\",\"isPartOf\":{\"@id\":\"https:\/\/graef-gnu.com\/#website\"},\"primaryImageOfPage\":{\"@id\":\"https:\/\/graef-gnu.com\/produkt\/gnu-excalibur\/#primaryimage\"},\"image\":{\"@id\":\"https:\/\/graef-gnu.com\/produkt\/gnu-excalibur\/#primaryimage\"},\"thumbnailUrl\":\"https:\/\/graef-gnu.com\/wp-content\/uploads\/gnu-excalibur.png\",\"datePublished\":\"2021-10-06T13:22:57+00:00\",\"dateModified\":\"2021-10-06T13:25:52+00:00\",\"description\":\"Biselado rectificado en ambos lados y resulta en un patr\u00f3n de corte central \u2705 Crea un ligero corte ondulado y puede evitar cortes\u2705 \u00a1Consulte aqu\u00ed!\",\"breadcrumb\":{\"@id\":\"https:\/\/graef-gnu.com\/produkt\/gnu-excalibur\/#breadcrumb\"},\"inLanguage\":\"es\",\"potentialAction\":[{\"@type\":\"ReadAction\",\"target\":[\"https:\/\/graef-gnu.com\/produkt\/gnu-excalibur\/\"]}]},{\"@type\":\"ImageObject\",\"inLanguage\":\"es\",\"@id\":\"https:\/\/graef-gnu.com\/produkt\/gnu-excalibur\/#primaryimage\",\"url\":\"https:\/\/graef-gnu.com\/wp-content\/uploads\/gnu-excalibur.png\",\"contentUrl\":\"https:\/\/graef-gnu.com\/wp-content\/uploads\/gnu-excalibur.png\",\"width\":890,\"height\":300},{\"@type\":\"BreadcrumbList\",\"@id\":\"https:\/\/graef-gnu.com\/produkt\/gnu-excalibur\/#breadcrumb\",\"itemListElement\":[{\"@type\":\"ListItem\",\"position\":1,\"name\":\"Startseite\",\"item\":\"https:\/\/graef-gnu.com\/es\/\"},{\"@type\":\"ListItem\",\"position\":2,\"name\":\"Resumen del producto\",\"item\":\"https:\/\/graef-gnu.com\/es\/resumen-del-producto\/\"},{\"@type\":\"ListItem\",\"position\":3,\"name\":\"GNU-Excalibur\"}]},{\"@type\":\"WebSite\",\"@id\":\"https:\/\/graef-gnu.com\/#website\",\"url\":\"https:\/\/graef-gnu.com\/\",\"name\":\"August Graef GNU\",\"description\":\"\",\"potentialAction\":[{\"@type\":\"SearchAction\",\"target\":{\"@type\":\"EntryPoint\",\"urlTemplate\":\"https:\/\/graef-gnu.com\/?s={search_term_string}\"},\"query-input\":\"required name=search_term_string\"}],\"inLanguage\":\"es\"}]}<\/script>\n<!-- \/ Yoast SEO plugin. -->","yoast_head_json":{"title":"GNU-Excalibur - August Graef GNU","description":"Biselado rectificado en ambos lados y resulta en un patr\u00f3n de corte central \u2705 Crea un ligero corte ondulado y puede evitar cortes\u2705 \u00a1Consulte aqu\u00ed!","robots":{"index":"index","follow":"follow","max-snippet":"max-snippet:-1","max-image-preview":"max-image-preview:large","max-video-preview":"max-video-preview:-1"},"canonical":"https:\/\/graef-gnu.com\/produkt\/gnu-excalibur\/","og_locale":"es_ES","og_type":"article","og_title":"GNU-Excalibur - August Graef GNU","og_description":"Biselado rectificado en ambos lados y resulta en un patr\u00f3n de corte central \u2705 Crea un ligero corte ondulado y puede evitar cortes\u2705 \u00a1Consulte aqu\u00ed!","og_url":"https:\/\/graef-gnu.com\/produkt\/gnu-excalibur\/","og_site_name":"August Graef GNU","article_modified_time":"2021-10-06T13:25:52+00:00","og_image":[{"width":890,"height":300,"url":"https:\/\/graef-gnu.com\/wp-content\/uploads\/gnu-excalibur.png","type":"image\/png"}],"twitter_card":"summary_large_image","schema":{"@context":"https:\/\/schema.org","@graph":[{"@type":"WebPage","@id":"https:\/\/graef-gnu.com\/produkt\/gnu-excalibur\/","url":"https:\/\/graef-gnu.com\/produkt\/gnu-excalibur\/","name":"GNU-Excalibur - August Graef GNU","isPartOf":{"@id":"https:\/\/graef-gnu.com\/#website"},"primaryImageOfPage":{"@id":"https:\/\/graef-gnu.com\/produkt\/gnu-excalibur\/#primaryimage"},"image":{"@id":"https:\/\/graef-gnu.com\/produkt\/gnu-excalibur\/#primaryimage"},"thumbnailUrl":"https:\/\/graef-gnu.com\/wp-content\/uploads\/gnu-excalibur.png","datePublished":"2021-10-06T13:22:57+00:00","dateModified":"2021-10-06T13:25:52+00:00","description":"Biselado rectificado en ambos lados y resulta en un patr\u00f3n de corte central \u2705 Crea un ligero corte ondulado y puede evitar cortes\u2705 \u00a1Consulte aqu\u00ed!","breadcrumb":{"@id":"https:\/\/graef-gnu.com\/produkt\/gnu-excalibur\/#breadcrumb"},"inLanguage":"es","potentialAction":[{"@type":"ReadAction","target":["https:\/\/graef-gnu.com\/produkt\/gnu-excalibur\/"]}]},{"@type":"ImageObject","inLanguage":"es","@id":"https:\/\/graef-gnu.com\/produkt\/gnu-excalibur\/#primaryimage","url":"https:\/\/graef-gnu.com\/wp-content\/uploads\/gnu-excalibur.png","contentUrl":"https:\/\/graef-gnu.com\/wp-content\/uploads\/gnu-excalibur.png","width":890,"height":300},{"@type":"BreadcrumbList","@id":"https:\/\/graef-gnu.com\/produkt\/gnu-excalibur\/#breadcrumb","itemListElement":[{"@type":"ListItem","position":1,"name":"Startseite","item":"https:\/\/graef-gnu.com\/es\/"},{"@type":"ListItem","position":2,"name":"Resumen del producto","item":"https:\/\/graef-gnu.com\/es\/resumen-del-producto\/"},{"@type":"ListItem","position":3,"name":"GNU-Excalibur"}]},{"@type":"WebSite","@id":"https:\/\/graef-gnu.com\/#website","url":"https:\/\/graef-gnu.com\/","name":"August Graef GNU","description":"","potentialAction":[{"@type":"SearchAction","target":{"@type":"EntryPoint","urlTemplate":"https:\/\/graef-gnu.com\/?s={search_term_string}"},"query-input":"required name=search_term_string"}],"inLanguage":"es"}]}},"_links":{"self":[{"href":"https:\/\/graef-gnu.com\/es\/wp-json\/wp\/v2\/product\/152382","targetHints":{"allow":["GET"]}}],"collection":[{"href":"https:\/\/graef-gnu.com\/es\/wp-json\/wp\/v2\/product"}],"about":[{"href":"https:\/\/graef-gnu.com\/es\/wp-json\/wp\/v2\/types\/product"}],"wp:featuredmedia":[{"embeddable":true,"href":"https:\/\/graef-gnu.com\/es\/wp-json\/wp\/v2\/media\/149131"}],"wp:attachment":[{"href":"https:\/\/graef-gnu.com\/es\/wp-json\/wp\/v2\/media?parent=152382"}],"wp:term":[{"taxonomy":"product_cat","embeddable":true,"href":"https:\/\/graef-gnu.com\/es\/wp-json\/wp\/v2\/product_cat?post=152382"},{"taxonomy":"product_tag","embeddable":true,"href":"https:\/\/graef-gnu.com\/es\/wp-json\/wp\/v2\/product_tag?post=152382"}],"curies":[{"name":"wp","href":"https:\/\/api.w.org\/{rel}","templated":true}]}}