{"id":152509,"date":"2021-02-11T11:01:54","date_gmt":"2021-10-06T13:23:21","guid":{"rendered":"https:\/\/www.graef-gnu.com\/produkt\/laser-creasetec-r\/"},"modified":"2021-10-06T15:27:58","modified_gmt":"2021-10-06T13:27:58","slug":"creasetec-laser-r","status":"publish","type":"product","link":"https:\/\/graef-gnu.com\/es\/produkt\/creasetec-laser-r\/","title":{"rendered":"L\u00e1ser Creasetec<sup>&reg;<\/sup> R"},"content":{"rendered":"<p>Creasetec<sup>&reg;<\/sup>-Laser R para hender el cart\u00f3n macizo y el cart\u00f3n ondulado, con base estrecha y cabezal ancho &#8211; plano, redondo, trufado. V\u00e9ase tambi\u00e9n Creasetec<sup>&reg;<\/sup>-Multi. Tambi\u00e9n disponible en alturas especiales. Tambi\u00e9n disponible curvado en todos los di\u00e1metros.<\/p>\n","protected":false},"excerpt":{"rendered":"<p>Creasetec<sup>&reg;<\/sup>-Laser R para hender el cart\u00f3n macizo y el cart\u00f3n ondulado, con base estrecha y cabezal ancho &#8211; plano, redondo, trufado.<\/p>\n","protected":false},"featured_media":149170,"template":"","meta":{"_acf_changed":false},"product_cat":[8519],"product_tag":[],"class_list":{"0":"post-152509","1":"product","2":"type-product","3":"status-publish","4":"has-post-thumbnail","6":"product_group-hendido-es","7":"product_cat-perforacion-rotativa","8":"pa_ablaengung-a-1-m-es","9":"pa_ablaengung-en-el-anillo","10":"pa_hoehe-190-mm-es","11":"pa_hoehe-190-mm-es-2","12":"pa_hoehe-200-mm-es","13":"pa_hoehe-200-mm-es-2","14":"pa_hoehe-202-mm-es-2","15":"pa_hoehe-203-mm-es","16":"pa_hoehe-203-mm-es-2","17":"pa_hoehe-204-mm-es","18":"pa_hoehe-204-mm-es-2","19":"pa_hoehe-205-mm-es","20":"pa_hoehe-206-mm-es","21":"pa_hoehe-207-mm-es","22":"pa_hoehe-207-mm-es-2","23":"pa_hoehe-208-mm-es-2","24":"pa_hoehe-208-mm-es","25":"pa_hoehe-210-mm-es-2","26":"pa_hoehe-210-mm-es","27":"pa_hoehe-212-mm-es-2","28":"pa_hoehe-212-mm-es","29":"pa_hoehe-213-mm-es","30":"pa_hoehe-213-mm-es-2","31":"pa_hoehe-214-mm-es","32":"pa_hoehe-214-mm-es-2","33":"pa_hoehe-215-mm-es-2","34":"pa_hoehe-215-mm-es","35":"pa_hoehe-216-mm-es","36":"pa_hoehe-216-mm-es-2","37":"pa_hoehe-217-mm-es","38":"pa_hoehe-217-mm-es-2","39":"pa_hoehe-218-mm-es","40":"pa_hoehe-218-mm-es-2","41":"pa_hoehe-219-mm-es","42":"pa_hoehe-219-mm-es-2","43":"pa_hoehe-220-mm-es-2","44":"pa_hoehe-220-mm-es","45":"pa_hoehe-221-mm-es-2","46":"pa_hoehe-221-mm-es","47":"pa_hoehe-222-mm-es","48":"pa_hoehe-222-mm-es-2","49":"pa_hoehe-223-mm-es","50":"pa_hoehe-224-mm-es","51":"pa_hoehe-224-mm-es-2","52":"pa_hoehe-225-mm-es","53":"pa_hoehe-226-mm-es-2","54":"pa_hoehe-226-mm-es","55":"pa_hoehe-2261-mm-es-2","56":"pa_hoehe-2261-mm-es","57":"pa_hoehe-227-mm-es-2","58":"pa_hoehe-227-mm-es","59":"pa_hoehe-228-mm-es-2","60":"pa_hoehe-228-mm-es","61":"pa_hoehe-2286-mm-es","62":"pa_hoehe-229-mm-es","63":"pa_hoehe-229-mm-es-2","64":"pa_hoehe-230-mm-es-2","65":"pa_hoehe-230-mm-es","66":"pa_hoehe-231-mm-es","67":"pa_hoehe-231-mm-es-2","68":"pa_hoehe-232-mm-es","69":"pa_hoehe-232-mm-es-2","70":"pa_hoehe-2325-mm-es","71":"pa_hoehe-233-mm-es","72":"pa_hoehe-233-mm-es-2","73":"pa_hoehe-234-mm-es-2","74":"pa_hoehe-234-mm-es","75":"pa_hoehe-235-mm-es","76":"pa_hoehe-235mm-es","77":"pa_hoehe-236-mm-es-2","78":"pa_hoehe-236-mm-es","79":"pa_hoehe-237-mm-es","80":"pa_hoehe-238-mm-es","81":"pa_hoehe-238-mm-es-2","82":"pa_hoehe-239-mm-es","83":"pa_hoehe-240-mm-es","84":"pa_hoehe-240-mm-es-2","85":"pa_hoehe-241-mm-es-2","86":"pa_hoehe-242-mm-es","87":"pa_hoehe-242-mm-es-2","88":"pa_hoehe-243-mm-es","89":"pa_hoehe-244-mm-es-2","90":"pa_hoehe-245-mm-es-2","91":"pa_hoehe-245-mm-es","92":"pa_hoehe-246-mm-es","93":"pa_hoehe-248-mm-es-2","94":"pa_hoehe-248-mm-es","95":"pa_hoehe-250-mm-es","96":"pa_hoehe-250-mm-es-2","97":"pa_hoehe-254-mm-es-2","98":"pa_hoehe-254-mm-es","99":"pa_hoehe-255-mm-es","100":"pa_hoehe-256-mm-es","101":"pa_hoehe-258-mm-es","102":"pa_hoehe-258-mm-es-2","103":"pa_hoehe-260-mm-es-2","104":"pa_hoehe-260-mm-es","105":"pa_hoehe-263-mm-es","106":"pa_hoehe-264-mm-es-2","107":"pa_hoehe-264-mm-es","108":"pa_hoehe-265-mm-es","109":"pa_hoehe-266-mm-es","110":"pa_hoehe-267-mm-es","111":"pa_hoehe-270-mm-es","112":"pa_hoehe-272-mm-es","113":"pa_hoehe-272-mm-es-2","114":"pa_hoehe-274-mm-es","115":"pa_hoehe-277-mm-es","116":"pa_hoehe-300-mm-es","117":"pa_hoehe-300-mm-es-2","118":"pa_koepf-cabeza-plana","119":"pa_koepf-cabeza-redonda","120":"pa_nuten-con-ranuras","121":"pa_nuten-n-a-es","122":"pa_staerke-breite-3-8-pt-es","123":"pa_staerke-breite-4-8-pt-es","124":"pa_wicklung-durchmesser-177-mm-es","125":"pa_wicklung-durchmesser-270-mm-es","126":"pa_wicklung-durchmesser-366-mm-es","127":"pa_wicklung-durchmesser-487-mm-es","128":"pa_wicklung-durchmesser-acw-560-mm-es","129":"pa_wicklung-durchmesser-cw-560-mm-es","130":"pa_wicklung-durchmesser-n-a-es","132":"first","133":"instock","134":"purchasable","135":"product-type-variable"},"acf":[],"yoast_head":"<!-- This site is optimized with the Yoast SEO plugin v22.6 - https:\/\/yoast.com\/wordpress\/plugins\/seo\/ -->\n<title>L\u00e1ser Creasetec&reg; R - August Graef GNU<\/title>\n<meta name=\"description\" content=\"Creasetec&reg;-Laser R para hender el cart\u00f3n macizo y el cart\u00f3n ondulado\u2705 Base estrecha y cabezal ancho - plano, redondo, trufado\u2705 Alturas especiales disponibles\u2705 \u00a1Consulte aqu\u00ed!\" \/>\n<meta name=\"robots\" content=\"index, follow, max-snippet:-1, max-image-preview:large, max-video-preview:-1\" \/>\n<link rel=\"canonical\" href=\"https:\/\/graef-gnu.com\/produkt\/creasetec-laser-r\/\" \/>\n<meta property=\"og:locale\" content=\"es_ES\" \/>\n<meta property=\"og:type\" content=\"article\" \/>\n<meta property=\"og:title\" content=\"L\u00e1ser Creasetec&reg; R - August Graef GNU\" \/>\n<meta property=\"og:description\" content=\"Creasetec&reg;-Laser R para hender el cart\u00f3n macizo y el cart\u00f3n ondulado\u2705 Base estrecha y cabezal ancho - plano, redondo, trufado\u2705 Alturas especiales disponibles\u2705 \u00a1Consulte aqu\u00ed!\" \/>\n<meta property=\"og:url\" content=\"https:\/\/graef-gnu.com\/produkt\/creasetec-laser-r\/\" \/>\n<meta property=\"og:site_name\" content=\"August Graef GNU\" \/>\n<meta property=\"article:modified_time\" content=\"2021-10-06T13:27:58+00:00\" \/>\n<meta property=\"og:image\" content=\"https:\/\/graef-gnu.com\/wp-content\/uploads\/gnu-creastec-laser-3_6-flat.jpg\" \/>\n\t<meta property=\"og:image:width\" content=\"890\" \/>\n\t<meta property=\"og:image:height\" content=\"300\" \/>\n\t<meta property=\"og:image:type\" content=\"image\/jpeg\" \/>\n<meta name=\"twitter:card\" content=\"summary_large_image\" \/>\n<script type=\"application\/ld+json\" class=\"yoast-schema-graph\">{\"@context\":\"https:\/\/schema.org\",\"@graph\":[{\"@type\":\"WebPage\",\"@id\":\"https:\/\/graef-gnu.com\/produkt\/creasetec-laser-r\/\",\"url\":\"https:\/\/graef-gnu.com\/produkt\/creasetec-laser-r\/\",\"name\":\"L\u00e1ser Creasetec&reg; R - August Graef GNU\",\"isPartOf\":{\"@id\":\"https:\/\/graef-gnu.com\/#website\"},\"primaryImageOfPage\":{\"@id\":\"https:\/\/graef-gnu.com\/produkt\/creasetec-laser-r\/#primaryimage\"},\"image\":{\"@id\":\"https:\/\/graef-gnu.com\/produkt\/creasetec-laser-r\/#primaryimage\"},\"thumbnailUrl\":\"https:\/\/graef-gnu.com\/wp-content\/uploads\/gnu-creastec-laser-3_6-flat.jpg\",\"datePublished\":\"2021-10-06T13:23:21+00:00\",\"dateModified\":\"2021-10-06T13:27:58+00:00\",\"description\":\"Creasetec&reg;-Laser R para hender el cart\u00f3n macizo y el cart\u00f3n ondulado\u2705 Base estrecha y cabezal ancho - plano, redondo, trufado\u2705 Alturas especiales disponibles\u2705 \u00a1Consulte aqu\u00ed!\",\"breadcrumb\":{\"@id\":\"https:\/\/graef-gnu.com\/produkt\/creasetec-laser-r\/#breadcrumb\"},\"inLanguage\":\"es\",\"potentialAction\":[{\"@type\":\"ReadAction\",\"target\":[\"https:\/\/graef-gnu.com\/produkt\/creasetec-laser-r\/\"]}]},{\"@type\":\"ImageObject\",\"inLanguage\":\"es\",\"@id\":\"https:\/\/graef-gnu.com\/produkt\/creasetec-laser-r\/#primaryimage\",\"url\":\"https:\/\/graef-gnu.com\/wp-content\/uploads\/gnu-creastec-laser-3_6-flat.jpg\",\"contentUrl\":\"https:\/\/graef-gnu.com\/wp-content\/uploads\/gnu-creastec-laser-3_6-flat.jpg\",\"width\":890,\"height\":300},{\"@type\":\"BreadcrumbList\",\"@id\":\"https:\/\/graef-gnu.com\/produkt\/creasetec-laser-r\/#breadcrumb\",\"itemListElement\":[{\"@type\":\"ListItem\",\"position\":1,\"name\":\"Startseite\",\"item\":\"https:\/\/graef-gnu.com\/es\/\"},{\"@type\":\"ListItem\",\"position\":2,\"name\":\"Resumen del producto\",\"item\":\"https:\/\/graef-gnu.com\/es\/resumen-del-producto\/\"},{\"@type\":\"ListItem\",\"position\":3,\"name\":\"L\u00e1ser Creasetec&reg; R\"}]},{\"@type\":\"WebSite\",\"@id\":\"https:\/\/graef-gnu.com\/#website\",\"url\":\"https:\/\/graef-gnu.com\/\",\"name\":\"August Graef GNU\",\"description\":\"\",\"potentialAction\":[{\"@type\":\"SearchAction\",\"target\":{\"@type\":\"EntryPoint\",\"urlTemplate\":\"https:\/\/graef-gnu.com\/?s={search_term_string}\"},\"query-input\":\"required name=search_term_string\"}],\"inLanguage\":\"es\"}]}<\/script>\n<!-- \/ Yoast SEO plugin. -->","yoast_head_json":{"title":"L\u00e1ser Creasetec&reg; R - August Graef GNU","description":"Creasetec&reg;-Laser R para hender el cart\u00f3n macizo y el cart\u00f3n ondulado\u2705 Base estrecha y cabezal ancho - plano, redondo, trufado\u2705 Alturas especiales disponibles\u2705 \u00a1Consulte aqu\u00ed!","robots":{"index":"index","follow":"follow","max-snippet":"max-snippet:-1","max-image-preview":"max-image-preview:large","max-video-preview":"max-video-preview:-1"},"canonical":"https:\/\/graef-gnu.com\/produkt\/creasetec-laser-r\/","og_locale":"es_ES","og_type":"article","og_title":"L\u00e1ser Creasetec&reg; R - August Graef GNU","og_description":"Creasetec&reg;-Laser R para hender el cart\u00f3n macizo y el cart\u00f3n ondulado\u2705 Base estrecha y cabezal ancho - plano, redondo, trufado\u2705 Alturas especiales disponibles\u2705 \u00a1Consulte aqu\u00ed!","og_url":"https:\/\/graef-gnu.com\/produkt\/creasetec-laser-r\/","og_site_name":"August Graef GNU","article_modified_time":"2021-10-06T13:27:58+00:00","og_image":[{"width":890,"height":300,"url":"https:\/\/graef-gnu.com\/wp-content\/uploads\/gnu-creastec-laser-3_6-flat.jpg","type":"image\/jpeg"}],"twitter_card":"summary_large_image","schema":{"@context":"https:\/\/schema.org","@graph":[{"@type":"WebPage","@id":"https:\/\/graef-gnu.com\/produkt\/creasetec-laser-r\/","url":"https:\/\/graef-gnu.com\/produkt\/creasetec-laser-r\/","name":"L\u00e1ser Creasetec&reg; R - August Graef GNU","isPartOf":{"@id":"https:\/\/graef-gnu.com\/#website"},"primaryImageOfPage":{"@id":"https:\/\/graef-gnu.com\/produkt\/creasetec-laser-r\/#primaryimage"},"image":{"@id":"https:\/\/graef-gnu.com\/produkt\/creasetec-laser-r\/#primaryimage"},"thumbnailUrl":"https:\/\/graef-gnu.com\/wp-content\/uploads\/gnu-creastec-laser-3_6-flat.jpg","datePublished":"2021-10-06T13:23:21+00:00","dateModified":"2021-10-06T13:27:58+00:00","description":"Creasetec&reg;-Laser R para hender el cart\u00f3n macizo y el cart\u00f3n ondulado\u2705 Base estrecha y cabezal ancho - plano, redondo, trufado\u2705 Alturas especiales disponibles\u2705 \u00a1Consulte aqu\u00ed!","breadcrumb":{"@id":"https:\/\/graef-gnu.com\/produkt\/creasetec-laser-r\/#breadcrumb"},"inLanguage":"es","potentialAction":[{"@type":"ReadAction","target":["https:\/\/graef-gnu.com\/produkt\/creasetec-laser-r\/"]}]},{"@type":"ImageObject","inLanguage":"es","@id":"https:\/\/graef-gnu.com\/produkt\/creasetec-laser-r\/#primaryimage","url":"https:\/\/graef-gnu.com\/wp-content\/uploads\/gnu-creastec-laser-3_6-flat.jpg","contentUrl":"https:\/\/graef-gnu.com\/wp-content\/uploads\/gnu-creastec-laser-3_6-flat.jpg","width":890,"height":300},{"@type":"BreadcrumbList","@id":"https:\/\/graef-gnu.com\/produkt\/creasetec-laser-r\/#breadcrumb","itemListElement":[{"@type":"ListItem","position":1,"name":"Startseite","item":"https:\/\/graef-gnu.com\/es\/"},{"@type":"ListItem","position":2,"name":"Resumen del producto","item":"https:\/\/graef-gnu.com\/es\/resumen-del-producto\/"},{"@type":"ListItem","position":3,"name":"L\u00e1ser Creasetec&reg; R"}]},{"@type":"WebSite","@id":"https:\/\/graef-gnu.com\/#website","url":"https:\/\/graef-gnu.com\/","name":"August Graef GNU","description":"","potentialAction":[{"@type":"SearchAction","target":{"@type":"EntryPoint","urlTemplate":"https:\/\/graef-gnu.com\/?s={search_term_string}"},"query-input":"required name=search_term_string"}],"inLanguage":"es"}]}},"_links":{"self":[{"href":"https:\/\/graef-gnu.com\/es\/wp-json\/wp\/v2\/product\/152509","targetHints":{"allow":["GET"]}}],"collection":[{"href":"https:\/\/graef-gnu.com\/es\/wp-json\/wp\/v2\/product"}],"about":[{"href":"https:\/\/graef-gnu.com\/es\/wp-json\/wp\/v2\/types\/product"}],"wp:featuredmedia":[{"embeddable":true,"href":"https:\/\/graef-gnu.com\/es\/wp-json\/wp\/v2\/media\/149170"}],"wp:attachment":[{"href":"https:\/\/graef-gnu.com\/es\/wp-json\/wp\/v2\/media?parent=152509"}],"wp:term":[{"taxonomy":"product_cat","embeddable":true,"href":"https:\/\/graef-gnu.com\/es\/wp-json\/wp\/v2\/product_cat?post=152509"},{"taxonomy":"product_tag","embeddable":true,"href":"https:\/\/graef-gnu.com\/es\/wp-json\/wp\/v2\/product_tag?post=152509"}],"curies":[{"name":"wp","href":"https:\/\/api.w.org\/{rel}","templated":true}]}}