{"id":156742,"date":"2021-02-11T11:00:05","date_gmt":"2021-10-06T13:32:40","guid":{"rendered":"https:\/\/www.graef-gnu.com\/produkt\/gnu-eurocut\/"},"modified":"2021-10-06T15:34:01","modified_gmt":"2021-10-06T13:34:01","slug":"gnu-eurocut","status":"publish","type":"product","link":"https:\/\/graef-gnu.com\/es\/produkt\/gnu-eurocut\/","title":{"rendered":"GNU-EuroCut"},"content":{"rendered":"<p>GNU-EuroCut es la alternativa a Serrated R y cuenta con una geometr\u00eda de dientes en forma de onda que penetra m\u00e1s suavemente en el material perforado y mejora la vida \u00fatil de los revestimientos del contrapunz\u00f3n. Apto para todo tipo de cart\u00f3n ondulado. Filo de corte endurecido en 8, 10 y 12 tpi disponible.<\/p>\n","protected":false},"excerpt":{"rendered":"<p>GNU-EuroCut es la alternativa a Serrated R y cuenta con una geometr\u00eda de dientes en forma de onda que penetra m\u00e1s suavemente en el material perforado y mejora la vida \u00fatil de los revestimientos del contrapunz\u00f3n.<\/p>\n","protected":false},"featured_media":150651,"template":"","meta":{"_acf_changed":false},"product_cat":[8519],"product_tag":[],"class_list":{"0":"post-156742","1":"product","2":"type-product","3":"status-publish","4":"has-post-thumbnail","6":"product_group-corte","7":"product_cat-perforacion-rotativa","8":"pa_ablaengung-a-1-m-es","9":"pa_ablaengung-en-el-anillo","10":"pa_hoehe-150-mm-es","11":"pa_hoehe-160-mm-es","12":"pa_hoehe-204-mm-es","13":"pa_hoehe-210-mm-es","14":"pa_hoehe-213-mm-es","15":"pa_hoehe-216-mm-es","16":"pa_hoehe-218-mm-es","17":"pa_hoehe-220-mm-es","18":"pa_hoehe-221-mm-es","19":"pa_hoehe-222-mm-es","20":"pa_hoehe-225-mm-es","21":"pa_hoehe-230-mm-es","22":"pa_hoehe-234-mm-es","23":"pa_hoehe-234-mm-es-2","24":"pa_hoehe-238-mm-es","25":"pa_hoehe-244-mm-es","26":"pa_hoehe-246-mm-es","27":"pa_hoehe-2464-mm-es","28":"pa_hoehe-248-mm-es","29":"pa_hoehe-249-mm-es","30":"pa_hoehe-250-mm-es","31":"pa_hoehe-251-mm-es","32":"pa_hoehe-2515-mm-es","33":"pa_hoehe-2515-mm-es-2","34":"pa_hoehe-254-mm-es","35":"pa_hoehe-256-mm-es","36":"pa_hoehe-258-mm-es","37":"pa_hoehe-260-mm-es","38":"pa_hoehe-261-mm-es","39":"pa_hoehe-2616-mm-es","40":"pa_hoehe-262-mm-es","41":"pa_hoehe-264-mm-es","42":"pa_hoehe-266-mm-es","43":"pa_hoehe-2665-mm-es","44":"pa_hoehe-268-mm-es","45":"pa_hoehe-270-mm-es","46":"pa_hoehe-271-mm-es","47":"pa_hoehe-272-mm-es","48":"pa_hoehe-278-mm-es","49":"pa_hoehe-284-mm-es","50":"pa_hoehe-286-mm-es","51":"pa_hoehe-288-mm-es","52":"pa_hoehe-294-mm-es","53":"pa_hoehe-300-mm-es","54":"pa_hoehe-3016-mm-es","55":"pa_hoehe-5850-mm-es","56":"pa_nuten-con-ranuras","57":"pa_nuten-n-a-es","58":"pa_staerke-breite-105-mm-es","59":"pa_staerke-breite-142-mm-es","60":"pa_staerke-breite-20-mm-es","61":"pa_wicklung-durchmesser-177-mm-es","62":"pa_wicklung-durchmesser-270-mm-es","63":"pa_wicklung-durchmesser-366-mm-es","64":"pa_wicklung-durchmesser-487-mm-es","65":"pa_wicklung-durchmesser-acw-560-mm-es","66":"pa_wicklung-durchmesser-cw-560-mm-es","67":"pa_wicklung-durchmesser-n-a-es","68":"pa_zaehne-10-tpi-es","69":"pa_zaehne-12-tpi-es","70":"pa_zaehne-8-tpi-es","72":"first","73":"instock","74":"purchasable","75":"product-type-variable"},"acf":[],"yoast_head":"<!-- This site is optimized with the Yoast SEO plugin v22.6 - https:\/\/yoast.com\/wordpress\/plugins\/seo\/ -->\n<title>GNU-EuroCut - August Graef GNU<\/title>\n<meta name=\"description\" content=\"Geometr\u00eda del diente en forma de onda de - Adecuada para todo tipo de cart\u00f3n ondulado \u2705Corte endurecido en 8, 10 y 12 tpi disponible\u2705 \u00a1Consulte aqu\u00ed!\" \/>\n<meta name=\"robots\" content=\"index, follow, max-snippet:-1, max-image-preview:large, max-video-preview:-1\" \/>\n<link rel=\"canonical\" href=\"https:\/\/graef-gnu.com\/produkt\/gnu-eurocut\/\" \/>\n<meta property=\"og:locale\" content=\"es_ES\" \/>\n<meta property=\"og:type\" content=\"article\" \/>\n<meta property=\"og:title\" content=\"GNU-EuroCut - August Graef GNU\" \/>\n<meta property=\"og:description\" content=\"Geometr\u00eda del diente en forma de onda de - Adecuada para todo tipo de cart\u00f3n ondulado \u2705Corte endurecido en 8, 10 y 12 tpi disponible\u2705 \u00a1Consulte aqu\u00ed!\" \/>\n<meta property=\"og:url\" content=\"https:\/\/graef-gnu.com\/produkt\/gnu-eurocut\/\" \/>\n<meta property=\"og:site_name\" content=\"August Graef GNU\" \/>\n<meta property=\"article:modified_time\" content=\"2021-10-06T13:34:01+00:00\" \/>\n<meta property=\"og:image\" content=\"https:\/\/graef-gnu.com\/wp-content\/uploads\/gnu_eurocut.jpg\" \/>\n\t<meta property=\"og:image:width\" content=\"890\" \/>\n\t<meta property=\"og:image:height\" content=\"300\" \/>\n\t<meta property=\"og:image:type\" content=\"image\/jpeg\" \/>\n<meta name=\"twitter:card\" content=\"summary_large_image\" \/>\n<script type=\"application\/ld+json\" class=\"yoast-schema-graph\">{\"@context\":\"https:\/\/schema.org\",\"@graph\":[{\"@type\":\"WebPage\",\"@id\":\"https:\/\/graef-gnu.com\/produkt\/gnu-eurocut\/\",\"url\":\"https:\/\/graef-gnu.com\/produkt\/gnu-eurocut\/\",\"name\":\"GNU-EuroCut - August Graef GNU\",\"isPartOf\":{\"@id\":\"https:\/\/graef-gnu.com\/#website\"},\"primaryImageOfPage\":{\"@id\":\"https:\/\/graef-gnu.com\/produkt\/gnu-eurocut\/#primaryimage\"},\"image\":{\"@id\":\"https:\/\/graef-gnu.com\/produkt\/gnu-eurocut\/#primaryimage\"},\"thumbnailUrl\":\"https:\/\/graef-gnu.com\/wp-content\/uploads\/gnu_eurocut.jpg\",\"datePublished\":\"2021-10-06T13:32:40+00:00\",\"dateModified\":\"2021-10-06T13:34:01+00:00\",\"description\":\"Geometr\u00eda del diente en forma de onda de - Adecuada para todo tipo de cart\u00f3n ondulado \u2705Corte endurecido en 8, 10 y 12 tpi disponible\u2705 \u00a1Consulte aqu\u00ed!\",\"breadcrumb\":{\"@id\":\"https:\/\/graef-gnu.com\/produkt\/gnu-eurocut\/#breadcrumb\"},\"inLanguage\":\"es\",\"potentialAction\":[{\"@type\":\"ReadAction\",\"target\":[\"https:\/\/graef-gnu.com\/produkt\/gnu-eurocut\/\"]}]},{\"@type\":\"ImageObject\",\"inLanguage\":\"es\",\"@id\":\"https:\/\/graef-gnu.com\/produkt\/gnu-eurocut\/#primaryimage\",\"url\":\"https:\/\/graef-gnu.com\/wp-content\/uploads\/gnu_eurocut.jpg\",\"contentUrl\":\"https:\/\/graef-gnu.com\/wp-content\/uploads\/gnu_eurocut.jpg\",\"width\":890,\"height\":300},{\"@type\":\"BreadcrumbList\",\"@id\":\"https:\/\/graef-gnu.com\/produkt\/gnu-eurocut\/#breadcrumb\",\"itemListElement\":[{\"@type\":\"ListItem\",\"position\":1,\"name\":\"Startseite\",\"item\":\"https:\/\/graef-gnu.com\/es\/\"},{\"@type\":\"ListItem\",\"position\":2,\"name\":\"Resumen del producto\",\"item\":\"https:\/\/graef-gnu.com\/es\/resumen-del-producto\/\"},{\"@type\":\"ListItem\",\"position\":3,\"name\":\"GNU-EuroCut\"}]},{\"@type\":\"WebSite\",\"@id\":\"https:\/\/graef-gnu.com\/#website\",\"url\":\"https:\/\/graef-gnu.com\/\",\"name\":\"August Graef GNU\",\"description\":\"\",\"potentialAction\":[{\"@type\":\"SearchAction\",\"target\":{\"@type\":\"EntryPoint\",\"urlTemplate\":\"https:\/\/graef-gnu.com\/?s={search_term_string}\"},\"query-input\":\"required name=search_term_string\"}],\"inLanguage\":\"es\"}]}<\/script>\n<!-- \/ Yoast SEO plugin. -->","yoast_head_json":{"title":"GNU-EuroCut - August Graef GNU","description":"Geometr\u00eda del diente en forma de onda de - Adecuada para todo tipo de cart\u00f3n ondulado \u2705Corte endurecido en 8, 10 y 12 tpi disponible\u2705 \u00a1Consulte aqu\u00ed!","robots":{"index":"index","follow":"follow","max-snippet":"max-snippet:-1","max-image-preview":"max-image-preview:large","max-video-preview":"max-video-preview:-1"},"canonical":"https:\/\/graef-gnu.com\/produkt\/gnu-eurocut\/","og_locale":"es_ES","og_type":"article","og_title":"GNU-EuroCut - August Graef GNU","og_description":"Geometr\u00eda del diente en forma de onda de - Adecuada para todo tipo de cart\u00f3n ondulado \u2705Corte endurecido en 8, 10 y 12 tpi disponible\u2705 \u00a1Consulte aqu\u00ed!","og_url":"https:\/\/graef-gnu.com\/produkt\/gnu-eurocut\/","og_site_name":"August Graef GNU","article_modified_time":"2021-10-06T13:34:01+00:00","og_image":[{"width":890,"height":300,"url":"https:\/\/graef-gnu.com\/wp-content\/uploads\/gnu_eurocut.jpg","type":"image\/jpeg"}],"twitter_card":"summary_large_image","schema":{"@context":"https:\/\/schema.org","@graph":[{"@type":"WebPage","@id":"https:\/\/graef-gnu.com\/produkt\/gnu-eurocut\/","url":"https:\/\/graef-gnu.com\/produkt\/gnu-eurocut\/","name":"GNU-EuroCut - August Graef GNU","isPartOf":{"@id":"https:\/\/graef-gnu.com\/#website"},"primaryImageOfPage":{"@id":"https:\/\/graef-gnu.com\/produkt\/gnu-eurocut\/#primaryimage"},"image":{"@id":"https:\/\/graef-gnu.com\/produkt\/gnu-eurocut\/#primaryimage"},"thumbnailUrl":"https:\/\/graef-gnu.com\/wp-content\/uploads\/gnu_eurocut.jpg","datePublished":"2021-10-06T13:32:40+00:00","dateModified":"2021-10-06T13:34:01+00:00","description":"Geometr\u00eda del diente en forma de onda de - Adecuada para todo tipo de cart\u00f3n ondulado \u2705Corte endurecido en 8, 10 y 12 tpi disponible\u2705 \u00a1Consulte aqu\u00ed!","breadcrumb":{"@id":"https:\/\/graef-gnu.com\/produkt\/gnu-eurocut\/#breadcrumb"},"inLanguage":"es","potentialAction":[{"@type":"ReadAction","target":["https:\/\/graef-gnu.com\/produkt\/gnu-eurocut\/"]}]},{"@type":"ImageObject","inLanguage":"es","@id":"https:\/\/graef-gnu.com\/produkt\/gnu-eurocut\/#primaryimage","url":"https:\/\/graef-gnu.com\/wp-content\/uploads\/gnu_eurocut.jpg","contentUrl":"https:\/\/graef-gnu.com\/wp-content\/uploads\/gnu_eurocut.jpg","width":890,"height":300},{"@type":"BreadcrumbList","@id":"https:\/\/graef-gnu.com\/produkt\/gnu-eurocut\/#breadcrumb","itemListElement":[{"@type":"ListItem","position":1,"name":"Startseite","item":"https:\/\/graef-gnu.com\/es\/"},{"@type":"ListItem","position":2,"name":"Resumen del producto","item":"https:\/\/graef-gnu.com\/es\/resumen-del-producto\/"},{"@type":"ListItem","position":3,"name":"GNU-EuroCut"}]},{"@type":"WebSite","@id":"https:\/\/graef-gnu.com\/#website","url":"https:\/\/graef-gnu.com\/","name":"August Graef GNU","description":"","potentialAction":[{"@type":"SearchAction","target":{"@type":"EntryPoint","urlTemplate":"https:\/\/graef-gnu.com\/?s={search_term_string}"},"query-input":"required name=search_term_string"}],"inLanguage":"es"}]}},"_links":{"self":[{"href":"https:\/\/graef-gnu.com\/es\/wp-json\/wp\/v2\/product\/156742","targetHints":{"allow":["GET"]}}],"collection":[{"href":"https:\/\/graef-gnu.com\/es\/wp-json\/wp\/v2\/product"}],"about":[{"href":"https:\/\/graef-gnu.com\/es\/wp-json\/wp\/v2\/types\/product"}],"wp:featuredmedia":[{"embeddable":true,"href":"https:\/\/graef-gnu.com\/es\/wp-json\/wp\/v2\/media\/150651"}],"wp:attachment":[{"href":"https:\/\/graef-gnu.com\/es\/wp-json\/wp\/v2\/media?parent=156742"}],"wp:term":[{"taxonomy":"product_cat","embeddable":true,"href":"https:\/\/graef-gnu.com\/es\/wp-json\/wp\/v2\/product_cat?post=156742"},{"taxonomy":"product_tag","embeddable":true,"href":"https:\/\/graef-gnu.com\/es\/wp-json\/wp\/v2\/product_tag?post=156742"}],"curies":[{"name":"wp","href":"https:\/\/api.w.org\/{rel}","templated":true}]}}