{"id":157481,"date":"2021-02-11T11:00:50","date_gmt":"2021-10-06T13:34:16","guid":{"rendered":"https:\/\/www.graef-gnu.com\/produkt\/gnu-cleancut\/"},"modified":"2021-10-06T15:34:55","modified_gmt":"2021-10-06T13:34:55","slug":"gnu-cleancut","status":"publish","type":"product","link":"https:\/\/graef-gnu.com\/es\/produkt\/gnu-cleancut\/","title":{"rendered":"GNU-CleanCut"},"content":{"rendered":"<p>Es una l\u00ednea dentada predominantemente de una sola cara, endurecida por el corte, especialmente aplicable a los tipos de cart\u00f3n ondulado pesado para evitar la rotura de los bordes. El lado liso se utiliza para el producto interior y el lado dentado para el producto exterior (residuos de perforaci\u00f3n).<\/p>\n","protected":false},"excerpt":{"rendered":"<p>Es una l\u00ednea dentada predominantemente de una sola cara, endurecida por el corte, especialmente aplicable a los tipos de cart\u00f3n ondulado pesado para evitar la rotura de los bordes.<\/p>\n","protected":false},"featured_media":149161,"template":"","meta":{"_acf_changed":false},"product_cat":[8519],"product_tag":[],"class_list":{"0":"post-157481","1":"product","2":"type-product","3":"status-publish","4":"has-post-thumbnail","6":"product_group-corte","7":"product_cat-perforacion-rotativa","8":"pa_ablaengung-a-1-m-es","9":"pa_ablaengung-en-el-anillo","10":"pa_hoehe-244-mm-es","11":"pa_hoehe-246-mm-es","12":"pa_hoehe-251-mm-es","13":"pa_hoehe-254-mm-es","14":"pa_hoehe-260-mm-es","15":"pa_hoehe-261-mm-es","16":"pa_hoehe-264-mm-es","17":"pa_hoehe-270-mm-es","18":"pa_nuten-con-ranuras","19":"pa_nuten-n-a-es","20":"pa_staerke-breite-142-mm-es","21":"pa_wicklung-durchmesser-487-mm-es","22":"pa_wicklung-durchmesser-acw-560-mm-es","23":"pa_wicklung-durchmesser-cw-560-mm-es","24":"pa_wicklung-durchmesser-n-a-es","25":"pa_zaehne-8-tpi-es","27":"first","28":"instock","29":"purchasable","30":"product-type-variable"},"acf":[],"yoast_head":"<!-- This site is optimized with the Yoast SEO plugin v22.6 - https:\/\/yoast.com\/wordpress\/plugins\/seo\/ -->\n<title>GNU-CleanCut - August Graef GNU<\/title>\n<meta name=\"description\" content=\"Se puede utilizar especialmente para tipos de cart\u00f3n ondulado pesados para evitar la rotura de los bordes\u2705 \u00a1Descubra m\u00e1s y pida informaci\u00f3n en l\u00ednea!\" \/>\n<meta name=\"robots\" content=\"index, follow, max-snippet:-1, max-image-preview:large, max-video-preview:-1\" \/>\n<link rel=\"canonical\" href=\"https:\/\/graef-gnu.com\/produkt\/gnu-cleancut\/\" \/>\n<meta property=\"og:locale\" content=\"es_ES\" \/>\n<meta property=\"og:type\" content=\"article\" \/>\n<meta property=\"og:title\" content=\"GNU-CleanCut - August Graef GNU\" \/>\n<meta property=\"og:description\" content=\"Se puede utilizar especialmente para tipos de cart\u00f3n ondulado pesados para evitar la rotura de los bordes\u2705 \u00a1Descubra m\u00e1s y pida informaci\u00f3n en l\u00ednea!\" \/>\n<meta property=\"og:url\" content=\"https:\/\/graef-gnu.com\/produkt\/gnu-cleancut\/\" \/>\n<meta property=\"og:site_name\" content=\"August Graef GNU\" \/>\n<meta property=\"article:modified_time\" content=\"2021-10-06T13:34:55+00:00\" \/>\n<meta property=\"og:image\" content=\"https:\/\/graef-gnu.com\/wp-content\/uploads\/gnu-cleancut.png\" \/>\n\t<meta property=\"og:image:width\" content=\"890\" \/>\n\t<meta property=\"og:image:height\" content=\"300\" \/>\n\t<meta property=\"og:image:type\" content=\"image\/png\" \/>\n<meta name=\"twitter:card\" content=\"summary_large_image\" \/>\n<script type=\"application\/ld+json\" class=\"yoast-schema-graph\">{\"@context\":\"https:\/\/schema.org\",\"@graph\":[{\"@type\":\"WebPage\",\"@id\":\"https:\/\/graef-gnu.com\/produkt\/gnu-cleancut\/\",\"url\":\"https:\/\/graef-gnu.com\/produkt\/gnu-cleancut\/\",\"name\":\"GNU-CleanCut - August Graef GNU\",\"isPartOf\":{\"@id\":\"https:\/\/graef-gnu.com\/#website\"},\"primaryImageOfPage\":{\"@id\":\"https:\/\/graef-gnu.com\/produkt\/gnu-cleancut\/#primaryimage\"},\"image\":{\"@id\":\"https:\/\/graef-gnu.com\/produkt\/gnu-cleancut\/#primaryimage\"},\"thumbnailUrl\":\"https:\/\/graef-gnu.com\/wp-content\/uploads\/gnu-cleancut.png\",\"datePublished\":\"2021-10-06T13:34:16+00:00\",\"dateModified\":\"2021-10-06T13:34:55+00:00\",\"description\":\"Se puede utilizar especialmente para tipos de cart\u00f3n ondulado pesados para evitar la rotura de los bordes\u2705 \u00a1Descubra m\u00e1s y pida informaci\u00f3n en l\u00ednea!\",\"breadcrumb\":{\"@id\":\"https:\/\/graef-gnu.com\/produkt\/gnu-cleancut\/#breadcrumb\"},\"inLanguage\":\"es\",\"potentialAction\":[{\"@type\":\"ReadAction\",\"target\":[\"https:\/\/graef-gnu.com\/produkt\/gnu-cleancut\/\"]}]},{\"@type\":\"ImageObject\",\"inLanguage\":\"es\",\"@id\":\"https:\/\/graef-gnu.com\/produkt\/gnu-cleancut\/#primaryimage\",\"url\":\"https:\/\/graef-gnu.com\/wp-content\/uploads\/gnu-cleancut.png\",\"contentUrl\":\"https:\/\/graef-gnu.com\/wp-content\/uploads\/gnu-cleancut.png\",\"width\":890,\"height\":300},{\"@type\":\"BreadcrumbList\",\"@id\":\"https:\/\/graef-gnu.com\/produkt\/gnu-cleancut\/#breadcrumb\",\"itemListElement\":[{\"@type\":\"ListItem\",\"position\":1,\"name\":\"Startseite\",\"item\":\"https:\/\/graef-gnu.com\/es\/\"},{\"@type\":\"ListItem\",\"position\":2,\"name\":\"Resumen del producto\",\"item\":\"https:\/\/graef-gnu.com\/es\/resumen-del-producto\/\"},{\"@type\":\"ListItem\",\"position\":3,\"name\":\"GNU-CleanCut\"}]},{\"@type\":\"WebSite\",\"@id\":\"https:\/\/graef-gnu.com\/#website\",\"url\":\"https:\/\/graef-gnu.com\/\",\"name\":\"August Graef GNU\",\"description\":\"\",\"potentialAction\":[{\"@type\":\"SearchAction\",\"target\":{\"@type\":\"EntryPoint\",\"urlTemplate\":\"https:\/\/graef-gnu.com\/?s={search_term_string}\"},\"query-input\":\"required name=search_term_string\"}],\"inLanguage\":\"es\"}]}<\/script>\n<!-- \/ Yoast SEO plugin. -->","yoast_head_json":{"title":"GNU-CleanCut - August Graef GNU","description":"Se puede utilizar especialmente para tipos de cart\u00f3n ondulado pesados para evitar la rotura de los bordes\u2705 \u00a1Descubra m\u00e1s y pida informaci\u00f3n en l\u00ednea!","robots":{"index":"index","follow":"follow","max-snippet":"max-snippet:-1","max-image-preview":"max-image-preview:large","max-video-preview":"max-video-preview:-1"},"canonical":"https:\/\/graef-gnu.com\/produkt\/gnu-cleancut\/","og_locale":"es_ES","og_type":"article","og_title":"GNU-CleanCut - August Graef GNU","og_description":"Se puede utilizar especialmente para tipos de cart\u00f3n ondulado pesados para evitar la rotura de los bordes\u2705 \u00a1Descubra m\u00e1s y pida informaci\u00f3n en l\u00ednea!","og_url":"https:\/\/graef-gnu.com\/produkt\/gnu-cleancut\/","og_site_name":"August Graef GNU","article_modified_time":"2021-10-06T13:34:55+00:00","og_image":[{"width":890,"height":300,"url":"https:\/\/graef-gnu.com\/wp-content\/uploads\/gnu-cleancut.png","type":"image\/png"}],"twitter_card":"summary_large_image","schema":{"@context":"https:\/\/schema.org","@graph":[{"@type":"WebPage","@id":"https:\/\/graef-gnu.com\/produkt\/gnu-cleancut\/","url":"https:\/\/graef-gnu.com\/produkt\/gnu-cleancut\/","name":"GNU-CleanCut - August Graef GNU","isPartOf":{"@id":"https:\/\/graef-gnu.com\/#website"},"primaryImageOfPage":{"@id":"https:\/\/graef-gnu.com\/produkt\/gnu-cleancut\/#primaryimage"},"image":{"@id":"https:\/\/graef-gnu.com\/produkt\/gnu-cleancut\/#primaryimage"},"thumbnailUrl":"https:\/\/graef-gnu.com\/wp-content\/uploads\/gnu-cleancut.png","datePublished":"2021-10-06T13:34:16+00:00","dateModified":"2021-10-06T13:34:55+00:00","description":"Se puede utilizar especialmente para tipos de cart\u00f3n ondulado pesados para evitar la rotura de los bordes\u2705 \u00a1Descubra m\u00e1s y pida informaci\u00f3n en l\u00ednea!","breadcrumb":{"@id":"https:\/\/graef-gnu.com\/produkt\/gnu-cleancut\/#breadcrumb"},"inLanguage":"es","potentialAction":[{"@type":"ReadAction","target":["https:\/\/graef-gnu.com\/produkt\/gnu-cleancut\/"]}]},{"@type":"ImageObject","inLanguage":"es","@id":"https:\/\/graef-gnu.com\/produkt\/gnu-cleancut\/#primaryimage","url":"https:\/\/graef-gnu.com\/wp-content\/uploads\/gnu-cleancut.png","contentUrl":"https:\/\/graef-gnu.com\/wp-content\/uploads\/gnu-cleancut.png","width":890,"height":300},{"@type":"BreadcrumbList","@id":"https:\/\/graef-gnu.com\/produkt\/gnu-cleancut\/#breadcrumb","itemListElement":[{"@type":"ListItem","position":1,"name":"Startseite","item":"https:\/\/graef-gnu.com\/es\/"},{"@type":"ListItem","position":2,"name":"Resumen del producto","item":"https:\/\/graef-gnu.com\/es\/resumen-del-producto\/"},{"@type":"ListItem","position":3,"name":"GNU-CleanCut"}]},{"@type":"WebSite","@id":"https:\/\/graef-gnu.com\/#website","url":"https:\/\/graef-gnu.com\/","name":"August Graef GNU","description":"","potentialAction":[{"@type":"SearchAction","target":{"@type":"EntryPoint","urlTemplate":"https:\/\/graef-gnu.com\/?s={search_term_string}"},"query-input":"required name=search_term_string"}],"inLanguage":"es"}]}},"_links":{"self":[{"href":"https:\/\/graef-gnu.com\/es\/wp-json\/wp\/v2\/product\/157481","targetHints":{"allow":["GET"]}}],"collection":[{"href":"https:\/\/graef-gnu.com\/es\/wp-json\/wp\/v2\/product"}],"about":[{"href":"https:\/\/graef-gnu.com\/es\/wp-json\/wp\/v2\/types\/product"}],"wp:featuredmedia":[{"embeddable":true,"href":"https:\/\/graef-gnu.com\/es\/wp-json\/wp\/v2\/media\/149161"}],"wp:attachment":[{"href":"https:\/\/graef-gnu.com\/es\/wp-json\/wp\/v2\/media?parent=157481"}],"wp:term":[{"taxonomy":"product_cat","embeddable":true,"href":"https:\/\/graef-gnu.com\/es\/wp-json\/wp\/v2\/product_cat?post=157481"},{"taxonomy":"product_tag","embeddable":true,"href":"https:\/\/graef-gnu.com\/es\/wp-json\/wp\/v2\/product_tag?post=157481"}],"curies":[{"name":"wp","href":"https:\/\/api.w.org\/{rel}","templated":true}]}}