{"id":159744,"date":"2021-02-11T11:06:44","date_gmt":"2021-10-06T13:40:13","guid":{"rendered":"https:\/\/www.graef-gnu.com\/produkt\/pentra-eco\/"},"modified":"2021-12-16T13:01:42","modified_gmt":"2021-12-16T12:01:42","slug":"pentra-eco","status":"publish","type":"product","link":"https:\/\/graef-gnu.com\/es\/produkt\/pentra-eco\/","title":{"rendered":"Pentra ECO"},"content":{"rendered":"<p>Para hender papel, cart\u00f3n y cart\u00f3n ondulado.<\/p>\n<p><strong>Con las siguientes ventajas:<\/strong><\/p>\n<ul>\n<li>No hay desplazamiento en la placa de corte gracias al adhesivo sensible a la presi\u00f3n con una fuerza adhesiva y de cizallamiento extremadamente alta.<\/li>\n<li>Eliminaci\u00f3n sin residuos tras el proceso de punzonado<\/li>\n<li>No se puede colgar la caja debido a los bordes biselados.<\/li>\n<li>F\u00e1cil de pegar con el dedo<\/li>\n<\/ul>\n<p><strong>Contenido de la caja: 47 x 75 cm = 35,25 m<\/strong><\/p>\n","protected":false},"excerpt":{"rendered":"<p>Versi\u00f3n est\u00e1ndar de alta calidad fabricada con una base de pel\u00edcula de PVC para hender papel, cart\u00f3n y cart\u00f3n ondulado.<\/p>\n","protected":false},"featured_media":150861,"template":"","meta":{"_acf_changed":false},"product_cat":[8523],"product_tag":[],"class_list":{"0":"post-159744","1":"product","2":"type-product","3":"status-publish","4":"has-post-thumbnail","6":"product_group-pentra-es","7":"product_cat-matriz-de-hendido-y-material-de-contrahendido","8":"pa_breiter-riller-hendedora-de-3-mm","9":"pa_breiter-riller-n-a-es","10":"pa_hoehe-03-mm-es","11":"pa_hoehe-04-mm-es","12":"pa_hoehe-05-mm-es","13":"pa_hoehe-06-mm-es","14":"pa_hoehe-07-mm-es","15":"pa_hoehe-08-mm-es","16":"pa_hoehe-10-mm-es-3","17":"pa_kanalbreite-08-mm-es","18":"pa_kanalbreite-09-mm-es","19":"pa_kanalbreite-10-mm-es","20":"pa_kanalbreite-11-mm-es","21":"pa_kanalbreite-12-mm-es","22":"pa_kanalbreite-13-mm-es","23":"pa_kanalbreite-14-mm-es","24":"pa_kanalbreite-15-mm-es","25":"pa_kanalbreite-16-mm-es","26":"pa_kanalbreite-17-mm-es","27":"pa_kanalbreite-18-mm-es","28":"pa_kanalbreite-19-mm-es","29":"pa_kanalbreite-20-mm-es","30":"pa_kanalbreite-21-mm-es","31":"pa_kanalbreite-22-mm-es","32":"pa_kanalbreite-23-mm-es","33":"pa_kanalbreite-25-mm-es","34":"pa_kanalbreite-26-mm-es","35":"pa_kanalbreite-27-mm-es","36":"pa_kanalbreite-30-mm-es","37":"pa_kanalbreite-31-mm-es","38":"pa_kanalbreite-32-mm-es","39":"pa_kanalbreite-34-mm-es","40":"pa_kanalbreite-35-mm-es","41":"pa_kanalbreite-40-mm-es","42":"pa_kanalbreite-45-mm-es","43":"pa_kanalbreite-50-mm-es","44":"pa_kanalbreite-60-mm-es","45":"pa_karton-rolle-krt-es","47":"first","48":"instock","49":"purchasable","50":"product-type-variable"},"acf":[],"yoast_head":"<!-- This site is optimized with the Yoast SEO plugin v22.6 - https:\/\/yoast.com\/wordpress\/plugins\/seo\/ -->\n<title>Pentra ECO - August Graef GNU<\/title>\n<meta name=\"robots\" content=\"index, follow, max-snippet:-1, max-image-preview:large, max-video-preview:-1\" \/>\n<link rel=\"canonical\" href=\"https:\/\/graef-gnu.com\/es\/produkt\/pentra-eco\/\" \/>\n<meta property=\"og:locale\" content=\"es_ES\" \/>\n<meta property=\"og:type\" content=\"article\" \/>\n<meta property=\"og:title\" content=\"Pentra ECO - August Graef GNU\" \/>\n<meta property=\"og:description\" content=\"Versi\u00f3n est\u00e1ndar de alta calidad fabricada con una base de pel\u00edcula de PVC para hender papel, cart\u00f3n y cart\u00f3n ondulado.\" \/>\n<meta property=\"og:url\" content=\"https:\/\/graef-gnu.com\/es\/produkt\/pentra-eco\/\" \/>\n<meta property=\"og:site_name\" content=\"August Graef GNU\" \/>\n<meta property=\"article:modified_time\" content=\"2021-12-16T12:01:42+00:00\" \/>\n<meta property=\"og:image\" content=\"https:\/\/graef-gnu.com\/wp-content\/uploads\/gnu_pentra_eco-4.jpg\" \/>\n\t<meta property=\"og:image:width\" content=\"870\" \/>\n\t<meta property=\"og:image:height\" content=\"300\" \/>\n\t<meta property=\"og:image:type\" content=\"image\/jpeg\" \/>\n<meta name=\"twitter:card\" content=\"summary_large_image\" \/>\n<script type=\"application\/ld+json\" class=\"yoast-schema-graph\">{\"@context\":\"https:\/\/schema.org\",\"@graph\":[{\"@type\":\"WebPage\",\"@id\":\"https:\/\/graef-gnu.com\/es\/produkt\/pentra-eco\/\",\"url\":\"https:\/\/graef-gnu.com\/es\/produkt\/pentra-eco\/\",\"name\":\"Pentra ECO - August Graef GNU\",\"isPartOf\":{\"@id\":\"https:\/\/graef-gnu.com\/#website\"},\"primaryImageOfPage\":{\"@id\":\"https:\/\/graef-gnu.com\/es\/produkt\/pentra-eco\/#primaryimage\"},\"image\":{\"@id\":\"https:\/\/graef-gnu.com\/es\/produkt\/pentra-eco\/#primaryimage\"},\"thumbnailUrl\":\"https:\/\/graef-gnu.com\/wp-content\/uploads\/gnu_pentra_eco-4.jpg\",\"datePublished\":\"2021-10-06T13:40:13+00:00\",\"dateModified\":\"2021-12-16T12:01:42+00:00\",\"breadcrumb\":{\"@id\":\"https:\/\/graef-gnu.com\/es\/produkt\/pentra-eco\/#breadcrumb\"},\"inLanguage\":\"es\",\"potentialAction\":[{\"@type\":\"ReadAction\",\"target\":[\"https:\/\/graef-gnu.com\/es\/produkt\/pentra-eco\/\"]}]},{\"@type\":\"ImageObject\",\"inLanguage\":\"es\",\"@id\":\"https:\/\/graef-gnu.com\/es\/produkt\/pentra-eco\/#primaryimage\",\"url\":\"https:\/\/graef-gnu.com\/wp-content\/uploads\/gnu_pentra_eco-4.jpg\",\"contentUrl\":\"https:\/\/graef-gnu.com\/wp-content\/uploads\/gnu_pentra_eco-4.jpg\",\"width\":870,\"height\":300},{\"@type\":\"BreadcrumbList\",\"@id\":\"https:\/\/graef-gnu.com\/es\/produkt\/pentra-eco\/#breadcrumb\",\"itemListElement\":[{\"@type\":\"ListItem\",\"position\":1,\"name\":\"Startseite\",\"item\":\"https:\/\/graef-gnu.com\/es\/\"},{\"@type\":\"ListItem\",\"position\":2,\"name\":\"Resumen del producto\",\"item\":\"https:\/\/graef-gnu.com\/es\/resumen-del-producto\/\"},{\"@type\":\"ListItem\",\"position\":3,\"name\":\"Pentra ECO\"}]},{\"@type\":\"WebSite\",\"@id\":\"https:\/\/graef-gnu.com\/#website\",\"url\":\"https:\/\/graef-gnu.com\/\",\"name\":\"August Graef GNU\",\"description\":\"\",\"potentialAction\":[{\"@type\":\"SearchAction\",\"target\":{\"@type\":\"EntryPoint\",\"urlTemplate\":\"https:\/\/graef-gnu.com\/?s={search_term_string}\"},\"query-input\":\"required name=search_term_string\"}],\"inLanguage\":\"es\"}]}<\/script>\n<!-- \/ Yoast SEO plugin. -->","yoast_head_json":{"title":"Pentra ECO - August Graef GNU","robots":{"index":"index","follow":"follow","max-snippet":"max-snippet:-1","max-image-preview":"max-image-preview:large","max-video-preview":"max-video-preview:-1"},"canonical":"https:\/\/graef-gnu.com\/es\/produkt\/pentra-eco\/","og_locale":"es_ES","og_type":"article","og_title":"Pentra ECO - August Graef GNU","og_description":"Versi\u00f3n est\u00e1ndar de alta calidad fabricada con una base de pel\u00edcula de PVC para hender papel, cart\u00f3n y cart\u00f3n ondulado.","og_url":"https:\/\/graef-gnu.com\/es\/produkt\/pentra-eco\/","og_site_name":"August Graef GNU","article_modified_time":"2021-12-16T12:01:42+00:00","og_image":[{"width":870,"height":300,"url":"https:\/\/graef-gnu.com\/wp-content\/uploads\/gnu_pentra_eco-4.jpg","type":"image\/jpeg"}],"twitter_card":"summary_large_image","schema":{"@context":"https:\/\/schema.org","@graph":[{"@type":"WebPage","@id":"https:\/\/graef-gnu.com\/es\/produkt\/pentra-eco\/","url":"https:\/\/graef-gnu.com\/es\/produkt\/pentra-eco\/","name":"Pentra ECO - August Graef GNU","isPartOf":{"@id":"https:\/\/graef-gnu.com\/#website"},"primaryImageOfPage":{"@id":"https:\/\/graef-gnu.com\/es\/produkt\/pentra-eco\/#primaryimage"},"image":{"@id":"https:\/\/graef-gnu.com\/es\/produkt\/pentra-eco\/#primaryimage"},"thumbnailUrl":"https:\/\/graef-gnu.com\/wp-content\/uploads\/gnu_pentra_eco-4.jpg","datePublished":"2021-10-06T13:40:13+00:00","dateModified":"2021-12-16T12:01:42+00:00","breadcrumb":{"@id":"https:\/\/graef-gnu.com\/es\/produkt\/pentra-eco\/#breadcrumb"},"inLanguage":"es","potentialAction":[{"@type":"ReadAction","target":["https:\/\/graef-gnu.com\/es\/produkt\/pentra-eco\/"]}]},{"@type":"ImageObject","inLanguage":"es","@id":"https:\/\/graef-gnu.com\/es\/produkt\/pentra-eco\/#primaryimage","url":"https:\/\/graef-gnu.com\/wp-content\/uploads\/gnu_pentra_eco-4.jpg","contentUrl":"https:\/\/graef-gnu.com\/wp-content\/uploads\/gnu_pentra_eco-4.jpg","width":870,"height":300},{"@type":"BreadcrumbList","@id":"https:\/\/graef-gnu.com\/es\/produkt\/pentra-eco\/#breadcrumb","itemListElement":[{"@type":"ListItem","position":1,"name":"Startseite","item":"https:\/\/graef-gnu.com\/es\/"},{"@type":"ListItem","position":2,"name":"Resumen del producto","item":"https:\/\/graef-gnu.com\/es\/resumen-del-producto\/"},{"@type":"ListItem","position":3,"name":"Pentra ECO"}]},{"@type":"WebSite","@id":"https:\/\/graef-gnu.com\/#website","url":"https:\/\/graef-gnu.com\/","name":"August Graef GNU","description":"","potentialAction":[{"@type":"SearchAction","target":{"@type":"EntryPoint","urlTemplate":"https:\/\/graef-gnu.com\/?s={search_term_string}"},"query-input":"required name=search_term_string"}],"inLanguage":"es"}]}},"_links":{"self":[{"href":"https:\/\/graef-gnu.com\/es\/wp-json\/wp\/v2\/product\/159744","targetHints":{"allow":["GET"]}}],"collection":[{"href":"https:\/\/graef-gnu.com\/es\/wp-json\/wp\/v2\/product"}],"about":[{"href":"https:\/\/graef-gnu.com\/es\/wp-json\/wp\/v2\/types\/product"}],"wp:featuredmedia":[{"embeddable":true,"href":"https:\/\/graef-gnu.com\/es\/wp-json\/wp\/v2\/media\/150861"}],"wp:attachment":[{"href":"https:\/\/graef-gnu.com\/es\/wp-json\/wp\/v2\/media?parent=159744"}],"wp:term":[{"taxonomy":"product_cat","embeddable":true,"href":"https:\/\/graef-gnu.com\/es\/wp-json\/wp\/v2\/product_cat?post=159744"},{"taxonomy":"product_tag","embeddable":true,"href":"https:\/\/graef-gnu.com\/es\/wp-json\/wp\/v2\/product_tag?post=159744"}],"curies":[{"name":"wp","href":"https:\/\/api.w.org\/{rel}","templated":true}]}}