{"id":160239,"date":"2021-02-11T11:05:49","date_gmt":"2021-10-06T13:47:42","guid":{"rendered":"https:\/\/www.graef-gnu.com\/produkt\/pentra-plus-ab\/"},"modified":"2021-12-16T13:01:01","modified_gmt":"2021-12-16T12:01:01","slug":"pentra-plus-ab","status":"publish","type":"product","link":"https:\/\/graef-gnu.com\/es\/produkt\/pentra-plus-ab\/","title":{"rendered":"Pentra Plus AB"},"content":{"rendered":"<p>Versi\u00f3n premium de cart\u00f3n prensado, a base de l\u00e1minas para hender papel, cart\u00f3n y cart\u00f3n ondulado.<\/p>\n<p><strong>Con las siguientes ventajas: <\/strong><\/p>\n<ul>\n<li>Ajuste del acabado mediante un repaso sin esfuerzo con la cuchilla.<\/li>\n<li>No hay desplazamiento en la placa de corte gracias al adhesivo con un poder de retenci\u00f3n extremadamente alto.<\/li>\n<li>No se puede colgar la caja debido a los bordes biselados.<\/li>\n<li>Soluci\u00f3n \u00f3ptima de hendido para cualquier espesor de cart\u00f3n o cart\u00f3n ondulado gracias a su amplio programa dimensional.<\/li>\n<\/ul>\n<p><strong>Contenido de la caja: 47 x 75 cm = 35,25 m<\/strong><\/p>\n","protected":false},"excerpt":{"rendered":"<p>Versi\u00f3n premium de cart\u00f3n prensado, a base de l\u00e1minas para hender papel, cart\u00f3n y cart\u00f3n ondulado. Pentra Plus AB se suministra en tiras.<\/p>\n<p>&nbsp;<\/p>\n","protected":false},"featured_media":150843,"template":"","meta":{"_acf_changed":false},"product_cat":[8523],"product_tag":[],"class_list":{"0":"post-160239","1":"product","2":"type-product","3":"status-publish","4":"has-post-thumbnail","6":"product_group-pentra-es","7":"product_cat-matriz-de-hendido-y-material-de-contrahendido","8":"pa_breiter-riller-banda-ancha-de-montaje","9":"pa_breiter-riller-hendedora-de-2-mm","10":"pa_breiter-riller-hendedora-de-3-mm","11":"pa_breiter-riller-hendedora-de-4-mm","12":"pa_breiter-riller-hendedora-de-5-mm","13":"pa_breiter-riller-n-a-es","14":"pa_hoehe-02-mm-es","15":"pa_hoehe-03-mm-es","16":"pa_hoehe-04-mm-es","17":"pa_hoehe-05-mm-es","18":"pa_hoehe-06-mm-es","19":"pa_hoehe-07-mm-es","20":"pa_hoehe-08-mm-es","21":"pa_hoehe-09-mm-es","22":"pa_hoehe-10-mm-es-3","23":"pa_hoehe-12-mm-es-2","24":"pa_hoehe-14-mm-es-2","25":"pa_hoehe-15-mm-es-2","26":"pa_hoehe-16-mm-es-2","27":"pa_hoehe-17-mm-es-2","28":"pa_kanalbreite-06-mm-es","29":"pa_kanalbreite-07-mm-es","30":"pa_kanalbreite-08-mm-es","31":"pa_kanalbreite-10-mm-es","32":"pa_kanalbreite-11-mm-es","33":"pa_kanalbreite-12-mm-es","34":"pa_kanalbreite-13-mm-es","35":"pa_kanalbreite-14-mm-es","36":"pa_kanalbreite-15-mm-es","37":"pa_kanalbreite-16-mm-es","38":"pa_kanalbreite-17-mm-es","39":"pa_kanalbreite-18-mm-es","40":"pa_kanalbreite-19-mm-es","41":"pa_kanalbreite-20-mm-es","42":"pa_kanalbreite-21-mm-es","43":"pa_kanalbreite-22-mm-es","44":"pa_kanalbreite-23-mm-es","45":"pa_kanalbreite-24-mm-es","46":"pa_kanalbreite-25-mm-es","47":"pa_kanalbreite-26-mm-es","48":"pa_kanalbreite-27-mm-es","49":"pa_kanalbreite-28-mm-es","50":"pa_kanalbreite-30-mm-es","51":"pa_kanalbreite-31-mm-es","52":"pa_kanalbreite-32-mm-es","53":"pa_kanalbreite-33-mm-es","54":"pa_kanalbreite-34-mm-es","55":"pa_kanalbreite-35-mm-es","56":"pa_kanalbreite-38-mm-es-2","57":"pa_kanalbreite-40-mm-es","58":"pa_kanalbreite-45-mm-es","59":"pa_kanalbreite-50-mm-es","60":"pa_kanalbreite-60-mm-es","61":"pa_kanalbreite-70-mm-es","62":"pa_kanalbreite-80-mm-es","63":"pa_karton-rolle-krt-es","65":"first","66":"instock","67":"purchasable","68":"product-type-variable"},"acf":[],"yoast_head":"<!-- This site is optimized with the Yoast SEO plugin v22.6 - https:\/\/yoast.com\/wordpress\/plugins\/seo\/ -->\n<title>Pentra Plus AB - August Graef GNU<\/title>\n<meta name=\"robots\" content=\"index, follow, max-snippet:-1, max-image-preview:large, max-video-preview:-1\" \/>\n<link rel=\"canonical\" href=\"https:\/\/graef-gnu.com\/produkt\/pentra-plus-ab\/\" \/>\n<meta property=\"og:locale\" content=\"es_ES\" \/>\n<meta property=\"og:type\" content=\"article\" \/>\n<meta property=\"og:title\" content=\"Pentra Plus AB - August Graef GNU\" \/>\n<meta property=\"og:description\" content=\"Versi\u00f3n premium de cart\u00f3n prensado, a base de l\u00e1minas para hender papel, cart\u00f3n y cart\u00f3n ondulado. Pentra Plus AB se suministra en tiras.  &nbsp;\" \/>\n<meta property=\"og:url\" content=\"https:\/\/graef-gnu.com\/produkt\/pentra-plus-ab\/\" \/>\n<meta property=\"og:site_name\" content=\"August Graef GNU\" \/>\n<meta property=\"article:modified_time\" content=\"2021-12-16T12:01:01+00:00\" \/>\n<meta property=\"og:image\" content=\"https:\/\/graef-gnu.com\/wp-content\/uploads\/gnu_pentra_plus-1.jpg\" \/>\n\t<meta property=\"og:image:width\" content=\"890\" \/>\n\t<meta property=\"og:image:height\" content=\"300\" \/>\n\t<meta property=\"og:image:type\" content=\"image\/jpeg\" \/>\n<meta name=\"twitter:card\" content=\"summary_large_image\" \/>\n<script type=\"application\/ld+json\" class=\"yoast-schema-graph\">{\"@context\":\"https:\/\/schema.org\",\"@graph\":[{\"@type\":\"WebPage\",\"@id\":\"https:\/\/graef-gnu.com\/produkt\/pentra-plus-ab\/\",\"url\":\"https:\/\/graef-gnu.com\/produkt\/pentra-plus-ab\/\",\"name\":\"Pentra Plus AB - August Graef GNU\",\"isPartOf\":{\"@id\":\"https:\/\/graef-gnu.com\/#website\"},\"primaryImageOfPage\":{\"@id\":\"https:\/\/graef-gnu.com\/produkt\/pentra-plus-ab\/#primaryimage\"},\"image\":{\"@id\":\"https:\/\/graef-gnu.com\/produkt\/pentra-plus-ab\/#primaryimage\"},\"thumbnailUrl\":\"https:\/\/graef-gnu.com\/wp-content\/uploads\/gnu_pentra_plus-1.jpg\",\"datePublished\":\"2021-10-06T13:47:42+00:00\",\"dateModified\":\"2021-12-16T12:01:01+00:00\",\"breadcrumb\":{\"@id\":\"https:\/\/graef-gnu.com\/produkt\/pentra-plus-ab\/#breadcrumb\"},\"inLanguage\":\"es\",\"potentialAction\":[{\"@type\":\"ReadAction\",\"target\":[\"https:\/\/graef-gnu.com\/produkt\/pentra-plus-ab\/\"]}]},{\"@type\":\"ImageObject\",\"inLanguage\":\"es\",\"@id\":\"https:\/\/graef-gnu.com\/produkt\/pentra-plus-ab\/#primaryimage\",\"url\":\"https:\/\/graef-gnu.com\/wp-content\/uploads\/gnu_pentra_plus-1.jpg\",\"contentUrl\":\"https:\/\/graef-gnu.com\/wp-content\/uploads\/gnu_pentra_plus-1.jpg\",\"width\":890,\"height\":300},{\"@type\":\"BreadcrumbList\",\"@id\":\"https:\/\/graef-gnu.com\/produkt\/pentra-plus-ab\/#breadcrumb\",\"itemListElement\":[{\"@type\":\"ListItem\",\"position\":1,\"name\":\"Startseite\",\"item\":\"https:\/\/graef-gnu.com\/es\/\"},{\"@type\":\"ListItem\",\"position\":2,\"name\":\"Resumen del producto\",\"item\":\"https:\/\/graef-gnu.com\/es\/resumen-del-producto\/\"},{\"@type\":\"ListItem\",\"position\":3,\"name\":\"Pentra Plus AB\"}]},{\"@type\":\"WebSite\",\"@id\":\"https:\/\/graef-gnu.com\/#website\",\"url\":\"https:\/\/graef-gnu.com\/\",\"name\":\"August Graef GNU\",\"description\":\"\",\"potentialAction\":[{\"@type\":\"SearchAction\",\"target\":{\"@type\":\"EntryPoint\",\"urlTemplate\":\"https:\/\/graef-gnu.com\/?s={search_term_string}\"},\"query-input\":\"required name=search_term_string\"}],\"inLanguage\":\"es\"}]}<\/script>\n<!-- \/ Yoast SEO plugin. -->","yoast_head_json":{"title":"Pentra Plus AB - August Graef GNU","robots":{"index":"index","follow":"follow","max-snippet":"max-snippet:-1","max-image-preview":"max-image-preview:large","max-video-preview":"max-video-preview:-1"},"canonical":"https:\/\/graef-gnu.com\/produkt\/pentra-plus-ab\/","og_locale":"es_ES","og_type":"article","og_title":"Pentra Plus AB - August Graef GNU","og_description":"Versi\u00f3n premium de cart\u00f3n prensado, a base de l\u00e1minas para hender papel, cart\u00f3n y cart\u00f3n ondulado. Pentra Plus AB se suministra en tiras.  &nbsp;","og_url":"https:\/\/graef-gnu.com\/produkt\/pentra-plus-ab\/","og_site_name":"August Graef GNU","article_modified_time":"2021-12-16T12:01:01+00:00","og_image":[{"width":890,"height":300,"url":"https:\/\/graef-gnu.com\/wp-content\/uploads\/gnu_pentra_plus-1.jpg","type":"image\/jpeg"}],"twitter_card":"summary_large_image","schema":{"@context":"https:\/\/schema.org","@graph":[{"@type":"WebPage","@id":"https:\/\/graef-gnu.com\/produkt\/pentra-plus-ab\/","url":"https:\/\/graef-gnu.com\/produkt\/pentra-plus-ab\/","name":"Pentra Plus AB - August Graef GNU","isPartOf":{"@id":"https:\/\/graef-gnu.com\/#website"},"primaryImageOfPage":{"@id":"https:\/\/graef-gnu.com\/produkt\/pentra-plus-ab\/#primaryimage"},"image":{"@id":"https:\/\/graef-gnu.com\/produkt\/pentra-plus-ab\/#primaryimage"},"thumbnailUrl":"https:\/\/graef-gnu.com\/wp-content\/uploads\/gnu_pentra_plus-1.jpg","datePublished":"2021-10-06T13:47:42+00:00","dateModified":"2021-12-16T12:01:01+00:00","breadcrumb":{"@id":"https:\/\/graef-gnu.com\/produkt\/pentra-plus-ab\/#breadcrumb"},"inLanguage":"es","potentialAction":[{"@type":"ReadAction","target":["https:\/\/graef-gnu.com\/produkt\/pentra-plus-ab\/"]}]},{"@type":"ImageObject","inLanguage":"es","@id":"https:\/\/graef-gnu.com\/produkt\/pentra-plus-ab\/#primaryimage","url":"https:\/\/graef-gnu.com\/wp-content\/uploads\/gnu_pentra_plus-1.jpg","contentUrl":"https:\/\/graef-gnu.com\/wp-content\/uploads\/gnu_pentra_plus-1.jpg","width":890,"height":300},{"@type":"BreadcrumbList","@id":"https:\/\/graef-gnu.com\/produkt\/pentra-plus-ab\/#breadcrumb","itemListElement":[{"@type":"ListItem","position":1,"name":"Startseite","item":"https:\/\/graef-gnu.com\/es\/"},{"@type":"ListItem","position":2,"name":"Resumen del producto","item":"https:\/\/graef-gnu.com\/es\/resumen-del-producto\/"},{"@type":"ListItem","position":3,"name":"Pentra Plus AB"}]},{"@type":"WebSite","@id":"https:\/\/graef-gnu.com\/#website","url":"https:\/\/graef-gnu.com\/","name":"August Graef GNU","description":"","potentialAction":[{"@type":"SearchAction","target":{"@type":"EntryPoint","urlTemplate":"https:\/\/graef-gnu.com\/?s={search_term_string}"},"query-input":"required name=search_term_string"}],"inLanguage":"es"}]}},"_links":{"self":[{"href":"https:\/\/graef-gnu.com\/es\/wp-json\/wp\/v2\/product\/160239","targetHints":{"allow":["GET"]}}],"collection":[{"href":"https:\/\/graef-gnu.com\/es\/wp-json\/wp\/v2\/product"}],"about":[{"href":"https:\/\/graef-gnu.com\/es\/wp-json\/wp\/v2\/types\/product"}],"wp:featuredmedia":[{"embeddable":true,"href":"https:\/\/graef-gnu.com\/es\/wp-json\/wp\/v2\/media\/150843"}],"wp:attachment":[{"href":"https:\/\/graef-gnu.com\/es\/wp-json\/wp\/v2\/media?parent=160239"}],"wp:term":[{"taxonomy":"product_cat","embeddable":true,"href":"https:\/\/graef-gnu.com\/es\/wp-json\/wp\/v2\/product_cat?post=160239"},{"taxonomy":"product_tag","embeddable":true,"href":"https:\/\/graef-gnu.com\/es\/wp-json\/wp\/v2\/product_tag?post=160239"}],"curies":[{"name":"wp","href":"https:\/\/api.w.org\/{rel}","templated":true}]}}