{"id":160886,"date":"2021-02-11T11:06:24","date_gmt":"2021-10-06T13:48:35","guid":{"rendered":"https:\/\/www.graef-gnu.com\/produkt\/pentra-plus-sv\/"},"modified":"2021-12-16T12:58:13","modified_gmt":"2021-12-16T11:58:13","slug":"pentra-plus-sv","status":"publish","type":"product","link":"https:\/\/graef-gnu.com\/es\/produkt\/pentra-plus-sv\/","title":{"rendered":"Pentra Plus SV"},"content":{"rendered":"<p>Versi\u00f3n premium de cart\u00f3n prensado, a base de l\u00e1minas para hender papel, cart\u00f3n y cart\u00f3n ondulado. Con rotura de bordes en el interior del canal para evitar el agrietamiento del cart\u00f3n ondulado.<\/p>\n<p><strong>Con las siguientes ventajas: <\/strong><\/p>\n<ul>\n<li>Ajuste del acabado mediante un repaso sin esfuerzo con la cuchilla.<\/li>\n<li>No hay desplazamiento en la placa de corte gracias al adhesivo con un poder de retenci\u00f3n extremadamente alto.<\/li>\n<li>No se puede colgar la caja debido a los bordes biselados.<\/li>\n<li>Soluci\u00f3n \u00f3ptima de hendido para cualquier espesor de cart\u00f3n o cart\u00f3n ondulado gracias a su amplio programa dimensional.<\/li>\n<\/ul>\n<p><strong>Contenido de la caja: 47 x 75 cm = 35,25 m<\/strong><\/p>\n","protected":false},"excerpt":{"rendered":"<p>Versi\u00f3n premium de cart\u00f3n prensado, a base de l\u00e1minas para hender papel, cart\u00f3n y cart\u00f3n ondulado. Con rotura de bordes en el interior del canal para evitar el agrietamiento del cart\u00f3n ondulado.<\/p>\n<p>&nbsp;<\/p>\n","protected":false},"featured_media":150852,"template":"","meta":{"_acf_changed":false},"product_cat":[8523],"product_tag":[],"class_list":{"0":"post-160886","1":"product","2":"type-product","3":"status-publish","4":"has-post-thumbnail","6":"product_group-pentra-es","7":"product_cat-matriz-de-hendido-y-material-de-contrahendido","8":"pa_breiter-riller-hendedora-de-2-mm","9":"pa_breiter-riller-hendedora-de-3-mm","10":"pa_breiter-riller-hendedora-de-4-mm","11":"pa_breiter-riller-n-a-es","12":"pa_hoehe-04-mm-es","13":"pa_hoehe-05-mm-es","14":"pa_hoehe-06-mm-es","15":"pa_hoehe-07-mm-es","16":"pa_hoehe-08-mm-es","17":"pa_hoehe-10-mm-es-3","18":"pa_hoehe-12-mm-es-2","19":"pa_hoehe-28-mm-es","20":"pa_kanalbreite-13-mm-es","21":"pa_kanalbreite-14-mm-es","22":"pa_kanalbreite-15-mm-es","23":"pa_kanalbreite-17-mm-es","24":"pa_kanalbreite-21-mm-es","25":"pa_kanalbreite-23-mm-es","26":"pa_kanalbreite-25-mm-es","27":"pa_kanalbreite-26-mm-es","28":"pa_kanalbreite-27-mm-es","29":"pa_kanalbreite-28-mm-es","30":"pa_kanalbreite-30-mm-es","31":"pa_kanalbreite-32-mm-es","32":"pa_kanalbreite-35-mm-es","33":"pa_kanalbreite-40-mm-es","34":"pa_kanalbreite-50-mm-es","35":"pa_kanalbreite-60-mm-es","36":"pa_kanalbreite-70-mm-es","37":"pa_karton-rolle-krt-es","39":"first","40":"instock","41":"purchasable","42":"product-type-variable"},"acf":[],"yoast_head":"<!-- This site is optimized with the Yoast SEO plugin v22.6 - https:\/\/yoast.com\/wordpress\/plugins\/seo\/ -->\n<title>Pentra Plus SV - August Graef GNU<\/title>\n<meta name=\"robots\" content=\"index, follow, max-snippet:-1, max-image-preview:large, max-video-preview:-1\" \/>\n<link rel=\"canonical\" href=\"https:\/\/graef-gnu.com\/produkt\/pentra-plus-sv\/\" \/>\n<meta property=\"og:locale\" content=\"es_ES\" \/>\n<meta property=\"og:type\" content=\"article\" \/>\n<meta property=\"og:title\" content=\"Pentra Plus SV - August Graef GNU\" \/>\n<meta property=\"og:description\" content=\"Versi\u00f3n premium de cart\u00f3n prensado, a base de l\u00e1minas para hender papel, cart\u00f3n y cart\u00f3n ondulado. Con rotura de bordes en el interior del canal para evitar el agrietamiento del cart\u00f3n ondulado.  &nbsp;\" \/>\n<meta property=\"og:url\" content=\"https:\/\/graef-gnu.com\/produkt\/pentra-plus-sv\/\" \/>\n<meta property=\"og:site_name\" content=\"August Graef GNU\" \/>\n<meta property=\"article:modified_time\" content=\"2021-12-16T11:58:13+00:00\" \/>\n<meta property=\"og:image\" content=\"https:\/\/graef-gnu.com\/wp-content\/uploads\/pentra_plus_sv-1.jpg\" \/>\n\t<meta property=\"og:image:width\" content=\"890\" \/>\n\t<meta property=\"og:image:height\" content=\"300\" \/>\n\t<meta property=\"og:image:type\" content=\"image\/jpeg\" \/>\n<meta name=\"twitter:card\" content=\"summary_large_image\" \/>\n<meta name=\"twitter:label1\" content=\"Tiempo de lectura\" \/>\n\t<meta name=\"twitter:data1\" content=\"1 minuto\" \/>\n<script type=\"application\/ld+json\" class=\"yoast-schema-graph\">{\"@context\":\"https:\/\/schema.org\",\"@graph\":[{\"@type\":\"WebPage\",\"@id\":\"https:\/\/graef-gnu.com\/produkt\/pentra-plus-sv\/\",\"url\":\"https:\/\/graef-gnu.com\/produkt\/pentra-plus-sv\/\",\"name\":\"Pentra Plus SV - August Graef GNU\",\"isPartOf\":{\"@id\":\"https:\/\/graef-gnu.com\/#website\"},\"primaryImageOfPage\":{\"@id\":\"https:\/\/graef-gnu.com\/produkt\/pentra-plus-sv\/#primaryimage\"},\"image\":{\"@id\":\"https:\/\/graef-gnu.com\/produkt\/pentra-plus-sv\/#primaryimage\"},\"thumbnailUrl\":\"https:\/\/graef-gnu.com\/wp-content\/uploads\/pentra_plus_sv-1.jpg\",\"datePublished\":\"2021-10-06T13:48:35+00:00\",\"dateModified\":\"2021-12-16T11:58:13+00:00\",\"breadcrumb\":{\"@id\":\"https:\/\/graef-gnu.com\/produkt\/pentra-plus-sv\/#breadcrumb\"},\"inLanguage\":\"es\",\"potentialAction\":[{\"@type\":\"ReadAction\",\"target\":[\"https:\/\/graef-gnu.com\/produkt\/pentra-plus-sv\/\"]}]},{\"@type\":\"ImageObject\",\"inLanguage\":\"es\",\"@id\":\"https:\/\/graef-gnu.com\/produkt\/pentra-plus-sv\/#primaryimage\",\"url\":\"https:\/\/graef-gnu.com\/wp-content\/uploads\/pentra_plus_sv-1.jpg\",\"contentUrl\":\"https:\/\/graef-gnu.com\/wp-content\/uploads\/pentra_plus_sv-1.jpg\",\"width\":890,\"height\":300},{\"@type\":\"BreadcrumbList\",\"@id\":\"https:\/\/graef-gnu.com\/produkt\/pentra-plus-sv\/#breadcrumb\",\"itemListElement\":[{\"@type\":\"ListItem\",\"position\":1,\"name\":\"Startseite\",\"item\":\"https:\/\/graef-gnu.com\/es\/\"},{\"@type\":\"ListItem\",\"position\":2,\"name\":\"Resumen del producto\",\"item\":\"https:\/\/graef-gnu.com\/es\/resumen-del-producto\/\"},{\"@type\":\"ListItem\",\"position\":3,\"name\":\"Pentra Plus SV\"}]},{\"@type\":\"WebSite\",\"@id\":\"https:\/\/graef-gnu.com\/#website\",\"url\":\"https:\/\/graef-gnu.com\/\",\"name\":\"August Graef GNU\",\"description\":\"\",\"potentialAction\":[{\"@type\":\"SearchAction\",\"target\":{\"@type\":\"EntryPoint\",\"urlTemplate\":\"https:\/\/graef-gnu.com\/?s={search_term_string}\"},\"query-input\":\"required name=search_term_string\"}],\"inLanguage\":\"es\"}]}<\/script>\n<!-- \/ Yoast SEO plugin. -->","yoast_head_json":{"title":"Pentra Plus SV - August Graef GNU","robots":{"index":"index","follow":"follow","max-snippet":"max-snippet:-1","max-image-preview":"max-image-preview:large","max-video-preview":"max-video-preview:-1"},"canonical":"https:\/\/graef-gnu.com\/produkt\/pentra-plus-sv\/","og_locale":"es_ES","og_type":"article","og_title":"Pentra Plus SV - August Graef GNU","og_description":"Versi\u00f3n premium de cart\u00f3n prensado, a base de l\u00e1minas para hender papel, cart\u00f3n y cart\u00f3n ondulado. Con rotura de bordes en el interior del canal para evitar el agrietamiento del cart\u00f3n ondulado.  &nbsp;","og_url":"https:\/\/graef-gnu.com\/produkt\/pentra-plus-sv\/","og_site_name":"August Graef GNU","article_modified_time":"2021-12-16T11:58:13+00:00","og_image":[{"width":890,"height":300,"url":"https:\/\/graef-gnu.com\/wp-content\/uploads\/pentra_plus_sv-1.jpg","type":"image\/jpeg"}],"twitter_card":"summary_large_image","twitter_misc":{"Tiempo de lectura":"1 minuto"},"schema":{"@context":"https:\/\/schema.org","@graph":[{"@type":"WebPage","@id":"https:\/\/graef-gnu.com\/produkt\/pentra-plus-sv\/","url":"https:\/\/graef-gnu.com\/produkt\/pentra-plus-sv\/","name":"Pentra Plus SV - August Graef GNU","isPartOf":{"@id":"https:\/\/graef-gnu.com\/#website"},"primaryImageOfPage":{"@id":"https:\/\/graef-gnu.com\/produkt\/pentra-plus-sv\/#primaryimage"},"image":{"@id":"https:\/\/graef-gnu.com\/produkt\/pentra-plus-sv\/#primaryimage"},"thumbnailUrl":"https:\/\/graef-gnu.com\/wp-content\/uploads\/pentra_plus_sv-1.jpg","datePublished":"2021-10-06T13:48:35+00:00","dateModified":"2021-12-16T11:58:13+00:00","breadcrumb":{"@id":"https:\/\/graef-gnu.com\/produkt\/pentra-plus-sv\/#breadcrumb"},"inLanguage":"es","potentialAction":[{"@type":"ReadAction","target":["https:\/\/graef-gnu.com\/produkt\/pentra-plus-sv\/"]}]},{"@type":"ImageObject","inLanguage":"es","@id":"https:\/\/graef-gnu.com\/produkt\/pentra-plus-sv\/#primaryimage","url":"https:\/\/graef-gnu.com\/wp-content\/uploads\/pentra_plus_sv-1.jpg","contentUrl":"https:\/\/graef-gnu.com\/wp-content\/uploads\/pentra_plus_sv-1.jpg","width":890,"height":300},{"@type":"BreadcrumbList","@id":"https:\/\/graef-gnu.com\/produkt\/pentra-plus-sv\/#breadcrumb","itemListElement":[{"@type":"ListItem","position":1,"name":"Startseite","item":"https:\/\/graef-gnu.com\/es\/"},{"@type":"ListItem","position":2,"name":"Resumen del producto","item":"https:\/\/graef-gnu.com\/es\/resumen-del-producto\/"},{"@type":"ListItem","position":3,"name":"Pentra Plus SV"}]},{"@type":"WebSite","@id":"https:\/\/graef-gnu.com\/#website","url":"https:\/\/graef-gnu.com\/","name":"August Graef GNU","description":"","potentialAction":[{"@type":"SearchAction","target":{"@type":"EntryPoint","urlTemplate":"https:\/\/graef-gnu.com\/?s={search_term_string}"},"query-input":"required name=search_term_string"}],"inLanguage":"es"}]}},"_links":{"self":[{"href":"https:\/\/graef-gnu.com\/es\/wp-json\/wp\/v2\/product\/160886","targetHints":{"allow":["GET"]}}],"collection":[{"href":"https:\/\/graef-gnu.com\/es\/wp-json\/wp\/v2\/product"}],"about":[{"href":"https:\/\/graef-gnu.com\/es\/wp-json\/wp\/v2\/types\/product"}],"wp:featuredmedia":[{"embeddable":true,"href":"https:\/\/graef-gnu.com\/es\/wp-json\/wp\/v2\/media\/150852"}],"wp:attachment":[{"href":"https:\/\/graef-gnu.com\/es\/wp-json\/wp\/v2\/media?parent=160886"}],"wp:term":[{"taxonomy":"product_cat","embeddable":true,"href":"https:\/\/graef-gnu.com\/es\/wp-json\/wp\/v2\/product_cat?post=160886"},{"taxonomy":"product_tag","embeddable":true,"href":"https:\/\/graef-gnu.com\/es\/wp-json\/wp\/v2\/product_tag?post=160886"}],"curies":[{"name":"wp","href":"https:\/\/api.w.org\/{rel}","templated":true}]}}