{"id":161879,"date":"2021-02-11T10:57:40","date_gmt":"2021-10-06T13:58:21","guid":{"rendered":"https:\/\/www.graef-gnu.com\/produkt\/creasetec\/"},"modified":"2021-10-06T16:01:45","modified_gmt":"2021-10-06T14:01:45","slug":"creasetec","status":"publish","type":"product","link":"https:\/\/graef-gnu.com\/es\/produkt\/creasetec\/","title":{"rendered":"Creasetec<sup>&reg;<\/sup>"},"content":{"rendered":"<p>Las reglas de hendido Creasetec<sup>&reg;<\/sup> est\u00e1n redondeadas con la m\u00e1xima precisi\u00f3n, tienen un radio \u00f3ptimo y est\u00e1n centradas con precisi\u00f3n.<\/p>\n","protected":false},"excerpt":{"rendered":"<p>Las reglas de hendido Creasetec<sup>&reg;<\/sup> est\u00e1n redondeadas con la m\u00e1xima precisi\u00f3n, tienen un radio \u00f3ptimo y est\u00e1n centradas con precisi\u00f3n.<\/p>\n","protected":false},"featured_media":149164,"template":"","meta":{"_acf_changed":false},"product_cat":[8517],"product_tag":[],"class_list":{"0":"post-161879","1":"product","2":"type-product","3":"status-publish","4":"has-post-thumbnail","6":"product_group-hendido-es","7":"product_cat-troquelado-plano","8":"pa_ablaengung-a-1-m-es","9":"pa_ablaengung-en-el-anillo","10":"pa_haerte-1100n-es","11":"pa_haerte-h2extra-es","12":"pa_hoehe-150-mm-es","13":"pa_hoehe-200-mm-es","14":"pa_hoehe-205-mm-es","15":"pa_hoehe-210-mm-es","16":"pa_hoehe-211-mm-es","17":"pa_hoehe-212-mm-es","18":"pa_hoehe-213-mm-es","19":"pa_hoehe-214-mm-es","20":"pa_hoehe-215-mm-es","21":"pa_hoehe-216-mm-es","22":"pa_hoehe-217-mm-es","23":"pa_hoehe-218-mm-es","24":"pa_hoehe-219-mm-es","25":"pa_hoehe-220-mm-es","26":"pa_hoehe-221-mm-es","27":"pa_hoehe-222-mm-es","28":"pa_hoehe-223-mm-es","29":"pa_hoehe-224-mm-es","30":"pa_hoehe-2245-mm-es","31":"pa_hoehe-225-mm-es","32":"pa_hoehe-226-mm-es","33":"pa_hoehe-2261-mm-es","34":"pa_hoehe-2265-mm-es","35":"pa_hoehe-227-mm-es","36":"pa_hoehe-2275-mm-es","37":"pa_hoehe-228-mm-es","38":"pa_hoehe-2285-mm-es","39":"pa_hoehe-229-mm-es","40":"pa_hoehe-2295-mm-es","41":"pa_hoehe-230-mm-es","42":"pa_hoehe-2305-mm-es","43":"pa_hoehe-231-mm-es","44":"pa_hoehe-2315-mm-es","45":"pa_hoehe-2319-mm-es","46":"pa_hoehe-232-mm-es","47":"pa_hoehe-2324-mm-es","48":"pa_hoehe-2325-mm-es","49":"pa_hoehe-233-mm-es","50":"pa_hoehe-2332-mm-es","51":"pa_hoehe-2334-mm-es","52":"pa_hoehe-2335-mm-es","53":"pa_hoehe-234-mm-es","54":"pa_hoehe-2345-mm-es","55":"pa_hoehe-235-mm-es","56":"pa_hoehe-2355-mm-es","57":"pa_hoehe-2356-mm-es","58":"pa_hoehe-236-mm-es","59":"pa_hoehe-2365-mm-es","60":"pa_hoehe-237-mm-es","61":"pa_hoehe-2375-mm-es","62":"pa_hoehe-238-mm-es","63":"pa_hoehe-2385-mm-es","64":"pa_hoehe-239-mm-es","65":"pa_hoehe-2395-mm-es","66":"pa_hoehe-240-mm-es","67":"pa_hoehe-241-mm-es","68":"pa_hoehe-266-mm-es","69":"pa_rillkante-borde-de-arruga-025-mm","70":"pa_rillkante-borde-de-arruga-035-mm","71":"pa_rillkante-borde-ranurado-05-mm","72":"pa_rillkante-n-a-es","73":"pa_staerke-breite-07-mm-es","74":"pa_staerke-breite-105-mm-es","75":"pa_staerke-breite-20-mm-es","76":"pa_wicklung-durchmesser-acw-480-mm-es","77":"pa_wicklung-durchmesser-acw-560-mm-es","78":"pa_wicklung-durchmesser-cw-480-mm-es","79":"pa_wicklung-durchmesser-cw-560-mm-es","80":"pa_wicklung-durchmesser-n-a-es","82":"first","83":"instock","84":"purchasable","85":"product-type-variable"},"acf":[],"yoast_head":"<!-- This site is optimized with the Yoast SEO plugin v22.6 - https:\/\/yoast.com\/wordpress\/plugins\/seo\/ -->\n<title>Creasetec&reg; - August Graef GNU<\/title>\n<meta name=\"description\" content=\"Las reglas de hendido Creasetec&reg; est\u00e1n redondeadas con la m\u00e1xima precisi\u00f3n, un radio \u00f3ptimo y un centrado exacto \u25ba \u00a1Informe aqu\u00ed y pregunte en l\u00ednea!\" \/>\n<meta name=\"robots\" content=\"index, follow, max-snippet:-1, max-image-preview:large, max-video-preview:-1\" \/>\n<link rel=\"canonical\" href=\"https:\/\/graef-gnu.com\/produkt\/creasetec\/\" \/>\n<meta property=\"og:locale\" content=\"es_ES\" \/>\n<meta property=\"og:type\" content=\"article\" \/>\n<meta property=\"og:title\" content=\"Creasetec&reg; - August Graef GNU\" \/>\n<meta property=\"og:description\" content=\"Las reglas de hendido Creasetec&reg; est\u00e1n redondeadas con la m\u00e1xima precisi\u00f3n, un radio \u00f3ptimo y un centrado exacto \u25ba \u00a1Informe aqu\u00ed y pregunte en l\u00ednea!\" \/>\n<meta property=\"og:url\" content=\"https:\/\/graef-gnu.com\/produkt\/creasetec\/\" \/>\n<meta property=\"og:site_name\" content=\"August Graef GNU\" \/>\n<meta property=\"article:modified_time\" content=\"2021-10-06T14:01:45+00:00\" \/>\n<meta property=\"og:image\" content=\"https:\/\/graef-gnu.com\/wp-content\/uploads\/gnu-creastec.jpg\" \/>\n\t<meta property=\"og:image:width\" content=\"890\" \/>\n\t<meta property=\"og:image:height\" content=\"300\" \/>\n\t<meta property=\"og:image:type\" content=\"image\/jpeg\" \/>\n<meta name=\"twitter:card\" content=\"summary_large_image\" \/>\n<script type=\"application\/ld+json\" class=\"yoast-schema-graph\">{\"@context\":\"https:\/\/schema.org\",\"@graph\":[{\"@type\":\"WebPage\",\"@id\":\"https:\/\/graef-gnu.com\/produkt\/creasetec\/\",\"url\":\"https:\/\/graef-gnu.com\/produkt\/creasetec\/\",\"name\":\"Creasetec&reg; - August Graef GNU\",\"isPartOf\":{\"@id\":\"https:\/\/graef-gnu.com\/#website\"},\"primaryImageOfPage\":{\"@id\":\"https:\/\/graef-gnu.com\/produkt\/creasetec\/#primaryimage\"},\"image\":{\"@id\":\"https:\/\/graef-gnu.com\/produkt\/creasetec\/#primaryimage\"},\"thumbnailUrl\":\"https:\/\/graef-gnu.com\/wp-content\/uploads\/gnu-creastec.jpg\",\"datePublished\":\"2021-10-06T13:58:21+00:00\",\"dateModified\":\"2021-10-06T14:01:45+00:00\",\"description\":\"Las reglas de hendido Creasetec&reg; est\u00e1n redondeadas con la m\u00e1xima precisi\u00f3n, un radio \u00f3ptimo y un centrado exacto \u25ba \u00a1Informe aqu\u00ed y pregunte en l\u00ednea!\",\"breadcrumb\":{\"@id\":\"https:\/\/graef-gnu.com\/produkt\/creasetec\/#breadcrumb\"},\"inLanguage\":\"es\",\"potentialAction\":[{\"@type\":\"ReadAction\",\"target\":[\"https:\/\/graef-gnu.com\/produkt\/creasetec\/\"]}]},{\"@type\":\"ImageObject\",\"inLanguage\":\"es\",\"@id\":\"https:\/\/graef-gnu.com\/produkt\/creasetec\/#primaryimage\",\"url\":\"https:\/\/graef-gnu.com\/wp-content\/uploads\/gnu-creastec.jpg\",\"contentUrl\":\"https:\/\/graef-gnu.com\/wp-content\/uploads\/gnu-creastec.jpg\",\"width\":890,\"height\":300},{\"@type\":\"BreadcrumbList\",\"@id\":\"https:\/\/graef-gnu.com\/produkt\/creasetec\/#breadcrumb\",\"itemListElement\":[{\"@type\":\"ListItem\",\"position\":1,\"name\":\"Startseite\",\"item\":\"https:\/\/graef-gnu.com\/es\/\"},{\"@type\":\"ListItem\",\"position\":2,\"name\":\"Resumen del producto\",\"item\":\"https:\/\/graef-gnu.com\/es\/resumen-del-producto\/\"},{\"@type\":\"ListItem\",\"position\":3,\"name\":\"Creasetec&reg;\"}]},{\"@type\":\"WebSite\",\"@id\":\"https:\/\/graef-gnu.com\/#website\",\"url\":\"https:\/\/graef-gnu.com\/\",\"name\":\"August Graef GNU\",\"description\":\"\",\"potentialAction\":[{\"@type\":\"SearchAction\",\"target\":{\"@type\":\"EntryPoint\",\"urlTemplate\":\"https:\/\/graef-gnu.com\/?s={search_term_string}\"},\"query-input\":\"required name=search_term_string\"}],\"inLanguage\":\"es\"}]}<\/script>\n<!-- \/ Yoast SEO plugin. -->","yoast_head_json":{"title":"Creasetec&reg; - August Graef GNU","description":"Las reglas de hendido Creasetec&reg; est\u00e1n redondeadas con la m\u00e1xima precisi\u00f3n, un radio \u00f3ptimo y un centrado exacto \u25ba \u00a1Informe aqu\u00ed y pregunte en l\u00ednea!","robots":{"index":"index","follow":"follow","max-snippet":"max-snippet:-1","max-image-preview":"max-image-preview:large","max-video-preview":"max-video-preview:-1"},"canonical":"https:\/\/graef-gnu.com\/produkt\/creasetec\/","og_locale":"es_ES","og_type":"article","og_title":"Creasetec&reg; - August Graef GNU","og_description":"Las reglas de hendido Creasetec&reg; est\u00e1n redondeadas con la m\u00e1xima precisi\u00f3n, un radio \u00f3ptimo y un centrado exacto \u25ba \u00a1Informe aqu\u00ed y pregunte en l\u00ednea!","og_url":"https:\/\/graef-gnu.com\/produkt\/creasetec\/","og_site_name":"August Graef GNU","article_modified_time":"2021-10-06T14:01:45+00:00","og_image":[{"width":890,"height":300,"url":"https:\/\/graef-gnu.com\/wp-content\/uploads\/gnu-creastec.jpg","type":"image\/jpeg"}],"twitter_card":"summary_large_image","schema":{"@context":"https:\/\/schema.org","@graph":[{"@type":"WebPage","@id":"https:\/\/graef-gnu.com\/produkt\/creasetec\/","url":"https:\/\/graef-gnu.com\/produkt\/creasetec\/","name":"Creasetec&reg; - August Graef GNU","isPartOf":{"@id":"https:\/\/graef-gnu.com\/#website"},"primaryImageOfPage":{"@id":"https:\/\/graef-gnu.com\/produkt\/creasetec\/#primaryimage"},"image":{"@id":"https:\/\/graef-gnu.com\/produkt\/creasetec\/#primaryimage"},"thumbnailUrl":"https:\/\/graef-gnu.com\/wp-content\/uploads\/gnu-creastec.jpg","datePublished":"2021-10-06T13:58:21+00:00","dateModified":"2021-10-06T14:01:45+00:00","description":"Las reglas de hendido Creasetec&reg; est\u00e1n redondeadas con la m\u00e1xima precisi\u00f3n, un radio \u00f3ptimo y un centrado exacto \u25ba \u00a1Informe aqu\u00ed y pregunte en l\u00ednea!","breadcrumb":{"@id":"https:\/\/graef-gnu.com\/produkt\/creasetec\/#breadcrumb"},"inLanguage":"es","potentialAction":[{"@type":"ReadAction","target":["https:\/\/graef-gnu.com\/produkt\/creasetec\/"]}]},{"@type":"ImageObject","inLanguage":"es","@id":"https:\/\/graef-gnu.com\/produkt\/creasetec\/#primaryimage","url":"https:\/\/graef-gnu.com\/wp-content\/uploads\/gnu-creastec.jpg","contentUrl":"https:\/\/graef-gnu.com\/wp-content\/uploads\/gnu-creastec.jpg","width":890,"height":300},{"@type":"BreadcrumbList","@id":"https:\/\/graef-gnu.com\/produkt\/creasetec\/#breadcrumb","itemListElement":[{"@type":"ListItem","position":1,"name":"Startseite","item":"https:\/\/graef-gnu.com\/es\/"},{"@type":"ListItem","position":2,"name":"Resumen del producto","item":"https:\/\/graef-gnu.com\/es\/resumen-del-producto\/"},{"@type":"ListItem","position":3,"name":"Creasetec&reg;"}]},{"@type":"WebSite","@id":"https:\/\/graef-gnu.com\/#website","url":"https:\/\/graef-gnu.com\/","name":"August Graef GNU","description":"","potentialAction":[{"@type":"SearchAction","target":{"@type":"EntryPoint","urlTemplate":"https:\/\/graef-gnu.com\/?s={search_term_string}"},"query-input":"required name=search_term_string"}],"inLanguage":"es"}]}},"_links":{"self":[{"href":"https:\/\/graef-gnu.com\/es\/wp-json\/wp\/v2\/product\/161879","targetHints":{"allow":["GET"]}}],"collection":[{"href":"https:\/\/graef-gnu.com\/es\/wp-json\/wp\/v2\/product"}],"about":[{"href":"https:\/\/graef-gnu.com\/es\/wp-json\/wp\/v2\/types\/product"}],"wp:featuredmedia":[{"embeddable":true,"href":"https:\/\/graef-gnu.com\/es\/wp-json\/wp\/v2\/media\/149164"}],"wp:attachment":[{"href":"https:\/\/graef-gnu.com\/es\/wp-json\/wp\/v2\/media?parent=161879"}],"wp:term":[{"taxonomy":"product_cat","embeddable":true,"href":"https:\/\/graef-gnu.com\/es\/wp-json\/wp\/v2\/product_cat?post=161879"},{"taxonomy":"product_tag","embeddable":true,"href":"https:\/\/graef-gnu.com\/es\/wp-json\/wp\/v2\/product_tag?post=161879"}],"curies":[{"name":"wp","href":"https:\/\/api.w.org\/{rel}","templated":true}]}}