{"id":167087,"date":"2021-02-11T11:07:38","date_gmt":"2021-10-06T14:24:59","guid":{"rendered":"https:\/\/www.graef-gnu.com\/produkt\/amoladora-de-puntas-hps1-que-incluye-un-juego-completo-de-muelas\/"},"modified":"2021-10-06T16:35:54","modified_gmt":"2021-10-06T14:35:54","slug":"hps1-esmeriladora-de-punta-de-orificio-incluyendo-un-juego-completo-de-ruedas-de-afilar","status":"publish","type":"product","link":"https:\/\/graef-gnu.com\/es\/produkt\/hps1-esmeriladora-de-punta-de-orificio-incluyendo-un-juego-completo-de-ruedas-de-afilar\/","title":{"rendered":"Amoladora de puntas HPS1, que incluye un juego completo de muelas"},"content":{"rendered":"<p>Herramienta ligera y manejable para el rectificado preciso y perpendicular de muescas en cortes de bandas de acero.<\/p>\n<p>La profundidad de la molienda es ajustable mediante un control de profundidad. El pomo de bloqueo del eje atornillable en el husillo de trabajo permite cambiar las muelas de forma r\u00e1pida y sencilla para diferentes grosores de punta de sujeci\u00f3n en las l\u00edneas de corte. El rectificado puede hacerse antes o despu\u00e9s de pegar la goma de expulsi\u00f3n junto a las l\u00edneas de corte.<\/p>\n<p>El equipo b\u00e1sico incluye 3 muelas de 0,4 &#8211; 0,5 &#8211; 0,6 &#8211; 0,7 &#8211; 0,8 &#8211; 1,0 &#8211; 1,2 mm de grosor.<\/p>\n<p>La unidad est\u00e1 equipada con un potente motor neum\u00e1tico de 400 vatios.<\/p>\n","protected":false},"excerpt":{"rendered":"<p>Herramienta ligera y manejable para el rectificado preciso y perpendicular de muescas en cortes de bandas de acero.<\/p>\n<p>&nbsp;<\/p>\n","protected":false},"featured_media":149029,"template":"","meta":{"_acf_changed":false},"product_cat":[8527],"product_tag":[],"class_list":{"0":"post-167087","1":"product","2":"type-product","3":"status-publish","4":"has-post-thumbnail","6":"product_group-accesorios-para-troqueles-de-corte","7":"product_cat-accesorios","9":"first","10":"outofstock","11":"purchasable","12":"product-type-simple"},"acf":[],"yoast_head":"<!-- This site is optimized with the Yoast SEO plugin v22.6 - https:\/\/yoast.com\/wordpress\/plugins\/seo\/ -->\n<title>Amoladora de puntas HPS1, que incluye un juego completo de muelas - August Graef GNU<\/title>\n<meta name=\"robots\" content=\"index, follow, max-snippet:-1, max-image-preview:large, max-video-preview:-1\" \/>\n<link rel=\"canonical\" href=\"https:\/\/graef-gnu.com\/produkt\/haltepunktschleifgeraet-hps1-inklusive-einem-kompletten-satz-schleifscheiben\/\" \/>\n<meta property=\"og:locale\" content=\"es_ES\" \/>\n<meta property=\"og:type\" content=\"article\" \/>\n<meta property=\"og:title\" content=\"Amoladora de puntas HPS1, que incluye un juego completo de muelas - August Graef GNU\" \/>\n<meta property=\"og:description\" content=\"Herramienta ligera y manejable para el rectificado preciso y perpendicular de muescas en cortes de bandas de acero. &nbsp;\" \/>\n<meta property=\"og:url\" content=\"https:\/\/graef-gnu.com\/produkt\/haltepunktschleifgeraet-hps1-inklusive-einem-kompletten-satz-schleifscheiben\/\" \/>\n<meta property=\"og:site_name\" content=\"August Graef GNU\" \/>\n<meta property=\"article:modified_time\" content=\"2021-10-06T14:35:54+00:00\" \/>\n<meta property=\"og:image\" content=\"https:\/\/graef-gnu.com\/wp-content\/uploads\/gnu_haltepunktschleifgeraet.jpg\" \/>\n\t<meta property=\"og:image:width\" content=\"890\" \/>\n\t<meta property=\"og:image:height\" content=\"300\" \/>\n\t<meta property=\"og:image:type\" content=\"image\/jpeg\" \/>\n<meta name=\"twitter:card\" content=\"summary_large_image\" \/>\n<meta name=\"twitter:label1\" content=\"Tiempo de lectura\" \/>\n\t<meta name=\"twitter:data1\" content=\"1 minuto\" \/>\n<script type=\"application\/ld+json\" class=\"yoast-schema-graph\">{\"@context\":\"https:\/\/schema.org\",\"@graph\":[{\"@type\":\"WebPage\",\"@id\":\"https:\/\/graef-gnu.com\/produkt\/haltepunktschleifgeraet-hps1-inklusive-einem-kompletten-satz-schleifscheiben\/\",\"url\":\"https:\/\/graef-gnu.com\/produkt\/haltepunktschleifgeraet-hps1-inklusive-einem-kompletten-satz-schleifscheiben\/\",\"name\":\"Amoladora de puntas HPS1, que incluye un juego completo de muelas - August Graef GNU\",\"isPartOf\":{\"@id\":\"https:\/\/graef-gnu.com\/#website\"},\"primaryImageOfPage\":{\"@id\":\"https:\/\/graef-gnu.com\/produkt\/haltepunktschleifgeraet-hps1-inklusive-einem-kompletten-satz-schleifscheiben\/#primaryimage\"},\"image\":{\"@id\":\"https:\/\/graef-gnu.com\/produkt\/haltepunktschleifgeraet-hps1-inklusive-einem-kompletten-satz-schleifscheiben\/#primaryimage\"},\"thumbnailUrl\":\"https:\/\/graef-gnu.com\/wp-content\/uploads\/gnu_haltepunktschleifgeraet.jpg\",\"datePublished\":\"2021-10-06T14:24:59+00:00\",\"dateModified\":\"2021-10-06T14:35:54+00:00\",\"breadcrumb\":{\"@id\":\"https:\/\/graef-gnu.com\/produkt\/haltepunktschleifgeraet-hps1-inklusive-einem-kompletten-satz-schleifscheiben\/#breadcrumb\"},\"inLanguage\":\"es\",\"potentialAction\":[{\"@type\":\"ReadAction\",\"target\":[\"https:\/\/graef-gnu.com\/produkt\/haltepunktschleifgeraet-hps1-inklusive-einem-kompletten-satz-schleifscheiben\/\"]}]},{\"@type\":\"ImageObject\",\"inLanguage\":\"es\",\"@id\":\"https:\/\/graef-gnu.com\/produkt\/haltepunktschleifgeraet-hps1-inklusive-einem-kompletten-satz-schleifscheiben\/#primaryimage\",\"url\":\"https:\/\/graef-gnu.com\/wp-content\/uploads\/gnu_haltepunktschleifgeraet.jpg\",\"contentUrl\":\"https:\/\/graef-gnu.com\/wp-content\/uploads\/gnu_haltepunktschleifgeraet.jpg\",\"width\":890,\"height\":300},{\"@type\":\"BreadcrumbList\",\"@id\":\"https:\/\/graef-gnu.com\/produkt\/haltepunktschleifgeraet-hps1-inklusive-einem-kompletten-satz-schleifscheiben\/#breadcrumb\",\"itemListElement\":[{\"@type\":\"ListItem\",\"position\":1,\"name\":\"Startseite\",\"item\":\"https:\/\/graef-gnu.com\/es\/\"},{\"@type\":\"ListItem\",\"position\":2,\"name\":\"Resumen del producto\",\"item\":\"https:\/\/graef-gnu.com\/es\/resumen-del-producto\/\"},{\"@type\":\"ListItem\",\"position\":3,\"name\":\"Amoladora de puntas HPS1, que incluye un juego completo de muelas\"}]},{\"@type\":\"WebSite\",\"@id\":\"https:\/\/graef-gnu.com\/#website\",\"url\":\"https:\/\/graef-gnu.com\/\",\"name\":\"August Graef GNU\",\"description\":\"\",\"potentialAction\":[{\"@type\":\"SearchAction\",\"target\":{\"@type\":\"EntryPoint\",\"urlTemplate\":\"https:\/\/graef-gnu.com\/?s={search_term_string}\"},\"query-input\":\"required name=search_term_string\"}],\"inLanguage\":\"es\"}]}<\/script>\n<!-- \/ Yoast SEO plugin. -->","yoast_head_json":{"title":"Amoladora de puntas HPS1, que incluye un juego completo de muelas - August Graef GNU","robots":{"index":"index","follow":"follow","max-snippet":"max-snippet:-1","max-image-preview":"max-image-preview:large","max-video-preview":"max-video-preview:-1"},"canonical":"https:\/\/graef-gnu.com\/produkt\/haltepunktschleifgeraet-hps1-inklusive-einem-kompletten-satz-schleifscheiben\/","og_locale":"es_ES","og_type":"article","og_title":"Amoladora de puntas HPS1, que incluye un juego completo de muelas - August Graef GNU","og_description":"Herramienta ligera y manejable para el rectificado preciso y perpendicular de muescas en cortes de bandas de acero. &nbsp;","og_url":"https:\/\/graef-gnu.com\/produkt\/haltepunktschleifgeraet-hps1-inklusive-einem-kompletten-satz-schleifscheiben\/","og_site_name":"August Graef GNU","article_modified_time":"2021-10-06T14:35:54+00:00","og_image":[{"width":890,"height":300,"url":"https:\/\/graef-gnu.com\/wp-content\/uploads\/gnu_haltepunktschleifgeraet.jpg","type":"image\/jpeg"}],"twitter_card":"summary_large_image","twitter_misc":{"Tiempo de lectura":"1 minuto"},"schema":{"@context":"https:\/\/schema.org","@graph":[{"@type":"WebPage","@id":"https:\/\/graef-gnu.com\/produkt\/haltepunktschleifgeraet-hps1-inklusive-einem-kompletten-satz-schleifscheiben\/","url":"https:\/\/graef-gnu.com\/produkt\/haltepunktschleifgeraet-hps1-inklusive-einem-kompletten-satz-schleifscheiben\/","name":"Amoladora de puntas HPS1, que incluye un juego completo de muelas - August Graef GNU","isPartOf":{"@id":"https:\/\/graef-gnu.com\/#website"},"primaryImageOfPage":{"@id":"https:\/\/graef-gnu.com\/produkt\/haltepunktschleifgeraet-hps1-inklusive-einem-kompletten-satz-schleifscheiben\/#primaryimage"},"image":{"@id":"https:\/\/graef-gnu.com\/produkt\/haltepunktschleifgeraet-hps1-inklusive-einem-kompletten-satz-schleifscheiben\/#primaryimage"},"thumbnailUrl":"https:\/\/graef-gnu.com\/wp-content\/uploads\/gnu_haltepunktschleifgeraet.jpg","datePublished":"2021-10-06T14:24:59+00:00","dateModified":"2021-10-06T14:35:54+00:00","breadcrumb":{"@id":"https:\/\/graef-gnu.com\/produkt\/haltepunktschleifgeraet-hps1-inklusive-einem-kompletten-satz-schleifscheiben\/#breadcrumb"},"inLanguage":"es","potentialAction":[{"@type":"ReadAction","target":["https:\/\/graef-gnu.com\/produkt\/haltepunktschleifgeraet-hps1-inklusive-einem-kompletten-satz-schleifscheiben\/"]}]},{"@type":"ImageObject","inLanguage":"es","@id":"https:\/\/graef-gnu.com\/produkt\/haltepunktschleifgeraet-hps1-inklusive-einem-kompletten-satz-schleifscheiben\/#primaryimage","url":"https:\/\/graef-gnu.com\/wp-content\/uploads\/gnu_haltepunktschleifgeraet.jpg","contentUrl":"https:\/\/graef-gnu.com\/wp-content\/uploads\/gnu_haltepunktschleifgeraet.jpg","width":890,"height":300},{"@type":"BreadcrumbList","@id":"https:\/\/graef-gnu.com\/produkt\/haltepunktschleifgeraet-hps1-inklusive-einem-kompletten-satz-schleifscheiben\/#breadcrumb","itemListElement":[{"@type":"ListItem","position":1,"name":"Startseite","item":"https:\/\/graef-gnu.com\/es\/"},{"@type":"ListItem","position":2,"name":"Resumen del producto","item":"https:\/\/graef-gnu.com\/es\/resumen-del-producto\/"},{"@type":"ListItem","position":3,"name":"Amoladora de puntas HPS1, que incluye un juego completo de muelas"}]},{"@type":"WebSite","@id":"https:\/\/graef-gnu.com\/#website","url":"https:\/\/graef-gnu.com\/","name":"August Graef GNU","description":"","potentialAction":[{"@type":"SearchAction","target":{"@type":"EntryPoint","urlTemplate":"https:\/\/graef-gnu.com\/?s={search_term_string}"},"query-input":"required name=search_term_string"}],"inLanguage":"es"}]}},"_links":{"self":[{"href":"https:\/\/graef-gnu.com\/es\/wp-json\/wp\/v2\/product\/167087","targetHints":{"allow":["GET"]}}],"collection":[{"href":"https:\/\/graef-gnu.com\/es\/wp-json\/wp\/v2\/product"}],"about":[{"href":"https:\/\/graef-gnu.com\/es\/wp-json\/wp\/v2\/types\/product"}],"wp:featuredmedia":[{"embeddable":true,"href":"https:\/\/graef-gnu.com\/es\/wp-json\/wp\/v2\/media\/149029"}],"wp:attachment":[{"href":"https:\/\/graef-gnu.com\/es\/wp-json\/wp\/v2\/media?parent=167087"}],"wp:term":[{"taxonomy":"product_cat","embeddable":true,"href":"https:\/\/graef-gnu.com\/es\/wp-json\/wp\/v2\/product_cat?post=167087"},{"taxonomy":"product_tag","embeddable":true,"href":"https:\/\/graef-gnu.com\/es\/wp-json\/wp\/v2\/product_tag?post=167087"}],"curies":[{"name":"wp","href":"https:\/\/api.w.org\/{rel}","templated":true}]}}