{"id":167197,"date":"2021-02-11T11:07:30","date_gmt":"2021-10-06T14:29:50","guid":{"rendered":"https:\/\/www.graef-gnu.com\/produkt\/banda-de-musica\/"},"modified":"2021-11-25T11:15:54","modified_gmt":"2021-11-25T10:15:54","slug":"banda-de-laton","status":"publish","type":"product","link":"https:\/\/graef-gnu.com\/es\/produkt\/banda-de-laton\/","title":{"rendered":"Banda de lat\u00f3n"},"content":{"rendered":"<p>para l\u00edneas de perforaci\u00f3n en rollos de 5 y 10 m<\/p>\n<p>4,5 mm x 0,3 mm<br \/>\n4,5 mm x 0,5 mm<\/p>\n","protected":false},"excerpt":{"rendered":"<p>para l\u00edneas de perforaci\u00f3n en rollos de 5 y 10 m<\/p>\n<p>4,5 mm x 0,3 mm<br \/>\n4,5 mm x 0,5 mm<\/p>\n","protected":false},"featured_media":149038,"template":"","meta":{"_acf_changed":false},"product_cat":[8527],"product_tag":[],"class_list":{"0":"post-167197","1":"product","2":"type-product","3":"status-publish","4":"has-post-thumbnail","6":"product_group-accesorios-de-estampar","7":"product_cat-accesorios","8":"pa_ablaengung-a-10-m-es","9":"pa_ablaengung-a-5-m-es","10":"pa_dimension-45-x-03-mm-es","11":"pa_dimension-45-x-05-mm-es","13":"first","14":"instock","15":"purchasable","16":"product-type-variable"},"acf":[],"yoast_head":"<!-- This site is optimized with the Yoast SEO plugin v22.6 - https:\/\/yoast.com\/wordpress\/plugins\/seo\/ -->\n<title>Banda de lat\u00f3n - August Graef GNU<\/title>\n<meta name=\"description\" content=\"Banda de lat\u00f3n l\u00edneas de perforaci\u00f3n en rollos de 5 y 10 m \u25ba \u00a1Informe aqu\u00ed y pregunte en l\u00ednea!\" \/>\n<meta name=\"robots\" content=\"index, follow, max-snippet:-1, max-image-preview:large, max-video-preview:-1\" \/>\n<link rel=\"canonical\" href=\"https:\/\/graef-gnu.com\/produkt\/messingband\/\" \/>\n<meta property=\"og:locale\" content=\"es_ES\" \/>\n<meta property=\"og:type\" content=\"article\" \/>\n<meta property=\"og:title\" content=\"Banda de lat\u00f3n - August Graef GNU\" \/>\n<meta property=\"og:description\" content=\"Banda de lat\u00f3n l\u00edneas de perforaci\u00f3n en rollos de 5 y 10 m \u25ba \u00a1Informe aqu\u00ed y pregunte en l\u00ednea!\" \/>\n<meta property=\"og:url\" content=\"https:\/\/graef-gnu.com\/produkt\/messingband\/\" \/>\n<meta property=\"og:site_name\" content=\"August Graef GNU\" \/>\n<meta property=\"article:modified_time\" content=\"2021-11-25T10:15:54+00:00\" \/>\n<meta property=\"og:image\" content=\"https:\/\/graef-gnu.com\/wp-content\/uploads\/gnu_messing_stahlunterlegband.jpg\" \/>\n\t<meta property=\"og:image:width\" content=\"890\" \/>\n\t<meta property=\"og:image:height\" content=\"300\" \/>\n\t<meta property=\"og:image:type\" content=\"image\/jpeg\" \/>\n<meta name=\"twitter:card\" content=\"summary_large_image\" \/>\n<script type=\"application\/ld+json\" class=\"yoast-schema-graph\">{\"@context\":\"https:\/\/schema.org\",\"@graph\":[{\"@type\":\"WebPage\",\"@id\":\"https:\/\/graef-gnu.com\/produkt\/messingband\/\",\"url\":\"https:\/\/graef-gnu.com\/produkt\/messingband\/\",\"name\":\"Banda de lat\u00f3n - August Graef GNU\",\"isPartOf\":{\"@id\":\"https:\/\/graef-gnu.com\/#website\"},\"primaryImageOfPage\":{\"@id\":\"https:\/\/graef-gnu.com\/produkt\/messingband\/#primaryimage\"},\"image\":{\"@id\":\"https:\/\/graef-gnu.com\/produkt\/messingband\/#primaryimage\"},\"thumbnailUrl\":\"https:\/\/graef-gnu.com\/wp-content\/uploads\/gnu_messing_stahlunterlegband.jpg\",\"datePublished\":\"2021-10-06T14:29:50+00:00\",\"dateModified\":\"2021-11-25T10:15:54+00:00\",\"description\":\"Banda de lat\u00f3n l\u00edneas de perforaci\u00f3n en rollos de 5 y 10 m \u25ba \u00a1Informe aqu\u00ed y pregunte en l\u00ednea!\",\"breadcrumb\":{\"@id\":\"https:\/\/graef-gnu.com\/produkt\/messingband\/#breadcrumb\"},\"inLanguage\":\"es\",\"potentialAction\":[{\"@type\":\"ReadAction\",\"target\":[\"https:\/\/graef-gnu.com\/produkt\/messingband\/\"]}]},{\"@type\":\"ImageObject\",\"inLanguage\":\"es\",\"@id\":\"https:\/\/graef-gnu.com\/produkt\/messingband\/#primaryimage\",\"url\":\"https:\/\/graef-gnu.com\/wp-content\/uploads\/gnu_messing_stahlunterlegband.jpg\",\"contentUrl\":\"https:\/\/graef-gnu.com\/wp-content\/uploads\/gnu_messing_stahlunterlegband.jpg\",\"width\":890,\"height\":300},{\"@type\":\"BreadcrumbList\",\"@id\":\"https:\/\/graef-gnu.com\/produkt\/messingband\/#breadcrumb\",\"itemListElement\":[{\"@type\":\"ListItem\",\"position\":1,\"name\":\"Startseite\",\"item\":\"https:\/\/graef-gnu.com\/es\/\"},{\"@type\":\"ListItem\",\"position\":2,\"name\":\"Resumen del producto\",\"item\":\"https:\/\/graef-gnu.com\/es\/resumen-del-producto\/\"},{\"@type\":\"ListItem\",\"position\":3,\"name\":\"Banda de lat\u00f3n\"}]},{\"@type\":\"WebSite\",\"@id\":\"https:\/\/graef-gnu.com\/#website\",\"url\":\"https:\/\/graef-gnu.com\/\",\"name\":\"August Graef GNU\",\"description\":\"\",\"potentialAction\":[{\"@type\":\"SearchAction\",\"target\":{\"@type\":\"EntryPoint\",\"urlTemplate\":\"https:\/\/graef-gnu.com\/?s={search_term_string}\"},\"query-input\":\"required name=search_term_string\"}],\"inLanguage\":\"es\"}]}<\/script>\n<!-- \/ Yoast SEO plugin. -->","yoast_head_json":{"title":"Banda de lat\u00f3n - August Graef GNU","description":"Banda de lat\u00f3n l\u00edneas de perforaci\u00f3n en rollos de 5 y 10 m \u25ba \u00a1Informe aqu\u00ed y pregunte en l\u00ednea!","robots":{"index":"index","follow":"follow","max-snippet":"max-snippet:-1","max-image-preview":"max-image-preview:large","max-video-preview":"max-video-preview:-1"},"canonical":"https:\/\/graef-gnu.com\/produkt\/messingband\/","og_locale":"es_ES","og_type":"article","og_title":"Banda de lat\u00f3n - August Graef GNU","og_description":"Banda de lat\u00f3n l\u00edneas de perforaci\u00f3n en rollos de 5 y 10 m \u25ba \u00a1Informe aqu\u00ed y pregunte en l\u00ednea!","og_url":"https:\/\/graef-gnu.com\/produkt\/messingband\/","og_site_name":"August Graef GNU","article_modified_time":"2021-11-25T10:15:54+00:00","og_image":[{"width":890,"height":300,"url":"https:\/\/graef-gnu.com\/wp-content\/uploads\/gnu_messing_stahlunterlegband.jpg","type":"image\/jpeg"}],"twitter_card":"summary_large_image","schema":{"@context":"https:\/\/schema.org","@graph":[{"@type":"WebPage","@id":"https:\/\/graef-gnu.com\/produkt\/messingband\/","url":"https:\/\/graef-gnu.com\/produkt\/messingband\/","name":"Banda de lat\u00f3n - August Graef GNU","isPartOf":{"@id":"https:\/\/graef-gnu.com\/#website"},"primaryImageOfPage":{"@id":"https:\/\/graef-gnu.com\/produkt\/messingband\/#primaryimage"},"image":{"@id":"https:\/\/graef-gnu.com\/produkt\/messingband\/#primaryimage"},"thumbnailUrl":"https:\/\/graef-gnu.com\/wp-content\/uploads\/gnu_messing_stahlunterlegband.jpg","datePublished":"2021-10-06T14:29:50+00:00","dateModified":"2021-11-25T10:15:54+00:00","description":"Banda de lat\u00f3n l\u00edneas de perforaci\u00f3n en rollos de 5 y 10 m \u25ba \u00a1Informe aqu\u00ed y pregunte en l\u00ednea!","breadcrumb":{"@id":"https:\/\/graef-gnu.com\/produkt\/messingband\/#breadcrumb"},"inLanguage":"es","potentialAction":[{"@type":"ReadAction","target":["https:\/\/graef-gnu.com\/produkt\/messingband\/"]}]},{"@type":"ImageObject","inLanguage":"es","@id":"https:\/\/graef-gnu.com\/produkt\/messingband\/#primaryimage","url":"https:\/\/graef-gnu.com\/wp-content\/uploads\/gnu_messing_stahlunterlegband.jpg","contentUrl":"https:\/\/graef-gnu.com\/wp-content\/uploads\/gnu_messing_stahlunterlegband.jpg","width":890,"height":300},{"@type":"BreadcrumbList","@id":"https:\/\/graef-gnu.com\/produkt\/messingband\/#breadcrumb","itemListElement":[{"@type":"ListItem","position":1,"name":"Startseite","item":"https:\/\/graef-gnu.com\/es\/"},{"@type":"ListItem","position":2,"name":"Resumen del producto","item":"https:\/\/graef-gnu.com\/es\/resumen-del-producto\/"},{"@type":"ListItem","position":3,"name":"Banda de lat\u00f3n"}]},{"@type":"WebSite","@id":"https:\/\/graef-gnu.com\/#website","url":"https:\/\/graef-gnu.com\/","name":"August Graef GNU","description":"","potentialAction":[{"@type":"SearchAction","target":{"@type":"EntryPoint","urlTemplate":"https:\/\/graef-gnu.com\/?s={search_term_string}"},"query-input":"required name=search_term_string"}],"inLanguage":"es"}]}},"_links":{"self":[{"href":"https:\/\/graef-gnu.com\/es\/wp-json\/wp\/v2\/product\/167197","targetHints":{"allow":["GET"]}}],"collection":[{"href":"https:\/\/graef-gnu.com\/es\/wp-json\/wp\/v2\/product"}],"about":[{"href":"https:\/\/graef-gnu.com\/es\/wp-json\/wp\/v2\/types\/product"}],"wp:featuredmedia":[{"embeddable":true,"href":"https:\/\/graef-gnu.com\/es\/wp-json\/wp\/v2\/media\/149038"}],"wp:attachment":[{"href":"https:\/\/graef-gnu.com\/es\/wp-json\/wp\/v2\/media?parent=167197"}],"wp:term":[{"taxonomy":"product_cat","embeddable":true,"href":"https:\/\/graef-gnu.com\/es\/wp-json\/wp\/v2\/product_cat?post=167197"},{"taxonomy":"product_tag","embeddable":true,"href":"https:\/\/graef-gnu.com\/es\/wp-json\/wp\/v2\/product_tag?post=167197"}],"curies":[{"name":"wp","href":"https:\/\/api.w.org\/{rel}","templated":true}]}}