{"id":167264,"date":"2021-02-11T11:07:34","date_gmt":"2021-10-06T14:31:14","guid":{"rendered":"https:\/\/www.graef-gnu.com\/produkt\/tijeras-de-palanca-h68\/"},"modified":"2021-10-06T16:36:45","modified_gmt":"2021-10-06T14:36:45","slug":"tijeras-de-palanca-h68","status":"publish","type":"product","link":"https:\/\/graef-gnu.com\/es\/produkt\/tijeras-de-palanca-h68\/","title":{"rendered":"Tijeras de palanca H68"},"content":{"rendered":"<p>Para cortar los voladizos en los extremos de las l\u00edneas para obtener uniones perfectas y para cortar en l\u00ednea recta a la medida. Robusta construcci\u00f3n de acero cromado.<\/p>\n<p>Gracias a la buena transmisi\u00f3n de potencia, se pueden cortar l\u00edneas de hasta 4 puntos de grosor sin rebabas. La posici\u00f3n de la palanca puede modificarse mediante piezas dentadas. Para el corte continuo de los voladizos en los diferentes grosores de l\u00ednea, se accionan dos pomos moleteados giratorios con escala grabada. Las tijeras est\u00e1n equipadas con un dispositivo de medici\u00f3n de precisi\u00f3n.<\/p>\n","protected":false},"excerpt":{"rendered":"<p>Para cortar los voladizos en los extremos de las l\u00edneas para obtener uniones perfectas y para cortar en l\u00ednea recta a la medida. Construcci\u00f3n robusta de acero cromado para hasta 4 pt. Fuerza.<\/p>\n<p>&nbsp;<\/p>\n","protected":false},"featured_media":149414,"template":"","meta":{"_acf_changed":false},"product_cat":[8527],"product_tag":[],"class_list":{"0":"post-167264","1":"product","2":"type-product","3":"status-publish","4":"has-post-thumbnail","6":"product_group-accesorios-para-troqueles-de-corte","7":"product_cat-accesorios","9":"first","10":"instock","11":"purchasable","12":"product-type-simple"},"acf":[],"yoast_head":"<!-- This site is optimized with the Yoast SEO plugin v22.6 - https:\/\/yoast.com\/wordpress\/plugins\/seo\/ -->\n<title>Tijeras de palanca H68 - August Graef GNU<\/title>\n<meta name=\"robots\" content=\"index, follow, max-snippet:-1, max-image-preview:large, max-video-preview:-1\" \/>\n<link rel=\"canonical\" href=\"https:\/\/graef-gnu.com\/produkt\/hebelschere-h68\/\" \/>\n<meta property=\"og:locale\" content=\"es_ES\" \/>\n<meta property=\"og:type\" content=\"article\" \/>\n<meta property=\"og:title\" content=\"Tijeras de palanca H68 - August Graef GNU\" \/>\n<meta property=\"og:description\" content=\"Para cortar los voladizos en los extremos de las l\u00edneas para obtener uniones perfectas y para cortar en l\u00ednea recta a la medida. Construcci\u00f3n robusta de acero cromado para hasta 4 pt. Fuerza. &nbsp;\" \/>\n<meta property=\"og:url\" content=\"https:\/\/graef-gnu.com\/produkt\/hebelschere-h68\/\" \/>\n<meta property=\"og:site_name\" content=\"August Graef GNU\" \/>\n<meta property=\"article:modified_time\" content=\"2021-10-06T14:36:45+00:00\" \/>\n<meta property=\"og:image\" content=\"https:\/\/graef-gnu.com\/wp-content\/uploads\/gnu_hebelschere_h68.jpg\" \/>\n\t<meta property=\"og:image:width\" content=\"890\" \/>\n\t<meta property=\"og:image:height\" content=\"300\" \/>\n\t<meta property=\"og:image:type\" content=\"image\/jpeg\" \/>\n<meta name=\"twitter:card\" content=\"summary_large_image\" \/>\n<script type=\"application\/ld+json\" class=\"yoast-schema-graph\">{\"@context\":\"https:\/\/schema.org\",\"@graph\":[{\"@type\":\"WebPage\",\"@id\":\"https:\/\/graef-gnu.com\/produkt\/hebelschere-h68\/\",\"url\":\"https:\/\/graef-gnu.com\/produkt\/hebelschere-h68\/\",\"name\":\"Tijeras de palanca H68 - August Graef GNU\",\"isPartOf\":{\"@id\":\"https:\/\/graef-gnu.com\/#website\"},\"primaryImageOfPage\":{\"@id\":\"https:\/\/graef-gnu.com\/produkt\/hebelschere-h68\/#primaryimage\"},\"image\":{\"@id\":\"https:\/\/graef-gnu.com\/produkt\/hebelschere-h68\/#primaryimage\"},\"thumbnailUrl\":\"https:\/\/graef-gnu.com\/wp-content\/uploads\/gnu_hebelschere_h68.jpg\",\"datePublished\":\"2021-10-06T14:31:14+00:00\",\"dateModified\":\"2021-10-06T14:36:45+00:00\",\"breadcrumb\":{\"@id\":\"https:\/\/graef-gnu.com\/produkt\/hebelschere-h68\/#breadcrumb\"},\"inLanguage\":\"es\",\"potentialAction\":[{\"@type\":\"ReadAction\",\"target\":[\"https:\/\/graef-gnu.com\/produkt\/hebelschere-h68\/\"]}]},{\"@type\":\"ImageObject\",\"inLanguage\":\"es\",\"@id\":\"https:\/\/graef-gnu.com\/produkt\/hebelschere-h68\/#primaryimage\",\"url\":\"https:\/\/graef-gnu.com\/wp-content\/uploads\/gnu_hebelschere_h68.jpg\",\"contentUrl\":\"https:\/\/graef-gnu.com\/wp-content\/uploads\/gnu_hebelschere_h68.jpg\",\"width\":890,\"height\":300},{\"@type\":\"BreadcrumbList\",\"@id\":\"https:\/\/graef-gnu.com\/produkt\/hebelschere-h68\/#breadcrumb\",\"itemListElement\":[{\"@type\":\"ListItem\",\"position\":1,\"name\":\"Startseite\",\"item\":\"https:\/\/graef-gnu.com\/es\/\"},{\"@type\":\"ListItem\",\"position\":2,\"name\":\"Resumen del producto\",\"item\":\"https:\/\/graef-gnu.com\/es\/resumen-del-producto\/\"},{\"@type\":\"ListItem\",\"position\":3,\"name\":\"Tijeras de palanca H68\"}]},{\"@type\":\"WebSite\",\"@id\":\"https:\/\/graef-gnu.com\/#website\",\"url\":\"https:\/\/graef-gnu.com\/\",\"name\":\"August Graef GNU\",\"description\":\"\",\"potentialAction\":[{\"@type\":\"SearchAction\",\"target\":{\"@type\":\"EntryPoint\",\"urlTemplate\":\"https:\/\/graef-gnu.com\/?s={search_term_string}\"},\"query-input\":\"required name=search_term_string\"}],\"inLanguage\":\"es\"}]}<\/script>\n<!-- \/ Yoast SEO plugin. -->","yoast_head_json":{"title":"Tijeras de palanca H68 - August Graef GNU","robots":{"index":"index","follow":"follow","max-snippet":"max-snippet:-1","max-image-preview":"max-image-preview:large","max-video-preview":"max-video-preview:-1"},"canonical":"https:\/\/graef-gnu.com\/produkt\/hebelschere-h68\/","og_locale":"es_ES","og_type":"article","og_title":"Tijeras de palanca H68 - August Graef GNU","og_description":"Para cortar los voladizos en los extremos de las l\u00edneas para obtener uniones perfectas y para cortar en l\u00ednea recta a la medida. Construcci\u00f3n robusta de acero cromado para hasta 4 pt. Fuerza. &nbsp;","og_url":"https:\/\/graef-gnu.com\/produkt\/hebelschere-h68\/","og_site_name":"August Graef GNU","article_modified_time":"2021-10-06T14:36:45+00:00","og_image":[{"width":890,"height":300,"url":"https:\/\/graef-gnu.com\/wp-content\/uploads\/gnu_hebelschere_h68.jpg","type":"image\/jpeg"}],"twitter_card":"summary_large_image","schema":{"@context":"https:\/\/schema.org","@graph":[{"@type":"WebPage","@id":"https:\/\/graef-gnu.com\/produkt\/hebelschere-h68\/","url":"https:\/\/graef-gnu.com\/produkt\/hebelschere-h68\/","name":"Tijeras de palanca H68 - August Graef GNU","isPartOf":{"@id":"https:\/\/graef-gnu.com\/#website"},"primaryImageOfPage":{"@id":"https:\/\/graef-gnu.com\/produkt\/hebelschere-h68\/#primaryimage"},"image":{"@id":"https:\/\/graef-gnu.com\/produkt\/hebelschere-h68\/#primaryimage"},"thumbnailUrl":"https:\/\/graef-gnu.com\/wp-content\/uploads\/gnu_hebelschere_h68.jpg","datePublished":"2021-10-06T14:31:14+00:00","dateModified":"2021-10-06T14:36:45+00:00","breadcrumb":{"@id":"https:\/\/graef-gnu.com\/produkt\/hebelschere-h68\/#breadcrumb"},"inLanguage":"es","potentialAction":[{"@type":"ReadAction","target":["https:\/\/graef-gnu.com\/produkt\/hebelschere-h68\/"]}]},{"@type":"ImageObject","inLanguage":"es","@id":"https:\/\/graef-gnu.com\/produkt\/hebelschere-h68\/#primaryimage","url":"https:\/\/graef-gnu.com\/wp-content\/uploads\/gnu_hebelschere_h68.jpg","contentUrl":"https:\/\/graef-gnu.com\/wp-content\/uploads\/gnu_hebelschere_h68.jpg","width":890,"height":300},{"@type":"BreadcrumbList","@id":"https:\/\/graef-gnu.com\/produkt\/hebelschere-h68\/#breadcrumb","itemListElement":[{"@type":"ListItem","position":1,"name":"Startseite","item":"https:\/\/graef-gnu.com\/es\/"},{"@type":"ListItem","position":2,"name":"Resumen del producto","item":"https:\/\/graef-gnu.com\/es\/resumen-del-producto\/"},{"@type":"ListItem","position":3,"name":"Tijeras de palanca H68"}]},{"@type":"WebSite","@id":"https:\/\/graef-gnu.com\/#website","url":"https:\/\/graef-gnu.com\/","name":"August Graef GNU","description":"","potentialAction":[{"@type":"SearchAction","target":{"@type":"EntryPoint","urlTemplate":"https:\/\/graef-gnu.com\/?s={search_term_string}"},"query-input":"required name=search_term_string"}],"inLanguage":"es"}]}},"_links":{"self":[{"href":"https:\/\/graef-gnu.com\/es\/wp-json\/wp\/v2\/product\/167264","targetHints":{"allow":["GET"]}}],"collection":[{"href":"https:\/\/graef-gnu.com\/es\/wp-json\/wp\/v2\/product"}],"about":[{"href":"https:\/\/graef-gnu.com\/es\/wp-json\/wp\/v2\/types\/product"}],"wp:featuredmedia":[{"embeddable":true,"href":"https:\/\/graef-gnu.com\/es\/wp-json\/wp\/v2\/media\/149414"}],"wp:attachment":[{"href":"https:\/\/graef-gnu.com\/es\/wp-json\/wp\/v2\/media?parent=167264"}],"wp:term":[{"taxonomy":"product_cat","embeddable":true,"href":"https:\/\/graef-gnu.com\/es\/wp-json\/wp\/v2\/product_cat?post=167264"},{"taxonomy":"product_tag","embeddable":true,"href":"https:\/\/graef-gnu.com\/es\/wp-json\/wp\/v2\/product_tag?post=167264"}],"curies":[{"name":"wp","href":"https:\/\/api.w.org\/{rel}","templated":true}]}}