{"id":167267,"date":"2021-02-11T11:07:34","date_gmt":"2021-10-06T14:31:17","guid":{"rendered":"https:\/\/www.graef-gnu.com\/produkt\/tijeras-de-palanca-h77\/"},"modified":"2021-10-06T16:35:42","modified_gmt":"2021-10-06T14:35:42","slug":"tijeras-de-palanca-h77","status":"publish","type":"product","link":"https:\/\/graef-gnu.com\/es\/produkt\/tijeras-de-palanca-h77\/","title":{"rendered":"Tijeras de palanca H77"},"content":{"rendered":"<p>Tijeras de palanca H77<\/p>\n<p>En l\u00edneas de hasta 100 x 1,42 mm, los voladizos pueden cortarse de forma recta, limpia y sin distorsiones.<br \/>\nDos pomos moleteados giratorios con escala grabada sirven para ajustar de forma continua el voladizo de los diferentes grosores de l\u00ednea. Las l\u00edneas tambi\u00e9n se pueden cortar en l\u00ednea recta.<\/p>\n<p>Con un juego de cuchillos frecuentemente reafilables.<\/p>\n<p>Una sujeci\u00f3n abatible evita que el material se deslice. Se consigue una buena transmisi\u00f3n de la potencia a trav\u00e9s de la palanca de la rodilla. La posici\u00f3n de la palanca puede cambiarse para aprovechar mejor la fuerza. Con el ajuste fino, las l\u00edneas se pueden cortar con precisi\u00f3n dimensional. La m\u00e1quina consta de una robusta construcci\u00f3n de acero cromado.<\/p>\n","protected":false},"excerpt":{"rendered":"<p>Se pueden cortar l\u00edneas de hasta 100 x 1,42 mm de forma recta, limpia y sin salientes de distorsi\u00f3n.<\/p>\n","protected":false},"featured_media":149417,"template":"","meta":{"_acf_changed":false},"product_cat":[8527],"product_tag":[],"class_list":{"0":"post-167267","1":"product","2":"type-product","3":"status-publish","4":"has-post-thumbnail","6":"product_group-accesorios-para-troqueles-de-corte","7":"product_cat-accesorios","9":"first","10":"instock","11":"purchasable","12":"product-type-simple"},"acf":[],"yoast_head":"<!-- This site is optimized with the Yoast SEO plugin v22.6 - https:\/\/yoast.com\/wordpress\/plugins\/seo\/ -->\n<title>Tijeras de palanca H77 - August Graef GNU<\/title>\n<meta name=\"robots\" content=\"index, follow, max-snippet:-1, max-image-preview:large, max-video-preview:-1\" \/>\n<link rel=\"canonical\" href=\"https:\/\/graef-gnu.com\/produkt\/hebelschere-h77\/\" \/>\n<meta property=\"og:locale\" content=\"es_ES\" \/>\n<meta property=\"og:type\" content=\"article\" \/>\n<meta property=\"og:title\" content=\"Tijeras de palanca H77 - August Graef GNU\" \/>\n<meta property=\"og:description\" content=\"Se pueden cortar l\u00edneas de hasta 100 x 1,42 mm de forma recta, limpia y sin salientes de distorsi\u00f3n.\" \/>\n<meta property=\"og:url\" content=\"https:\/\/graef-gnu.com\/produkt\/hebelschere-h77\/\" \/>\n<meta property=\"og:site_name\" content=\"August Graef GNU\" \/>\n<meta property=\"article:modified_time\" content=\"2021-10-06T14:35:42+00:00\" \/>\n<meta property=\"og:image\" content=\"https:\/\/graef-gnu.com\/wp-content\/uploads\/gnu_hebelschere_h77.jpg\" \/>\n\t<meta property=\"og:image:width\" content=\"890\" \/>\n\t<meta property=\"og:image:height\" content=\"300\" \/>\n\t<meta property=\"og:image:type\" content=\"image\/jpeg\" \/>\n<meta name=\"twitter:card\" content=\"summary_large_image\" \/>\n<meta name=\"twitter:label1\" content=\"Tiempo de lectura\" \/>\n\t<meta name=\"twitter:data1\" content=\"1 minuto\" \/>\n<script type=\"application\/ld+json\" class=\"yoast-schema-graph\">{\"@context\":\"https:\/\/schema.org\",\"@graph\":[{\"@type\":\"WebPage\",\"@id\":\"https:\/\/graef-gnu.com\/produkt\/hebelschere-h77\/\",\"url\":\"https:\/\/graef-gnu.com\/produkt\/hebelschere-h77\/\",\"name\":\"Tijeras de palanca H77 - August Graef GNU\",\"isPartOf\":{\"@id\":\"https:\/\/graef-gnu.com\/#website\"},\"primaryImageOfPage\":{\"@id\":\"https:\/\/graef-gnu.com\/produkt\/hebelschere-h77\/#primaryimage\"},\"image\":{\"@id\":\"https:\/\/graef-gnu.com\/produkt\/hebelschere-h77\/#primaryimage\"},\"thumbnailUrl\":\"https:\/\/graef-gnu.com\/wp-content\/uploads\/gnu_hebelschere_h77.jpg\",\"datePublished\":\"2021-10-06T14:31:17+00:00\",\"dateModified\":\"2021-10-06T14:35:42+00:00\",\"breadcrumb\":{\"@id\":\"https:\/\/graef-gnu.com\/produkt\/hebelschere-h77\/#breadcrumb\"},\"inLanguage\":\"es\",\"potentialAction\":[{\"@type\":\"ReadAction\",\"target\":[\"https:\/\/graef-gnu.com\/produkt\/hebelschere-h77\/\"]}]},{\"@type\":\"ImageObject\",\"inLanguage\":\"es\",\"@id\":\"https:\/\/graef-gnu.com\/produkt\/hebelschere-h77\/#primaryimage\",\"url\":\"https:\/\/graef-gnu.com\/wp-content\/uploads\/gnu_hebelschere_h77.jpg\",\"contentUrl\":\"https:\/\/graef-gnu.com\/wp-content\/uploads\/gnu_hebelschere_h77.jpg\",\"width\":890,\"height\":300},{\"@type\":\"BreadcrumbList\",\"@id\":\"https:\/\/graef-gnu.com\/produkt\/hebelschere-h77\/#breadcrumb\",\"itemListElement\":[{\"@type\":\"ListItem\",\"position\":1,\"name\":\"Startseite\",\"item\":\"https:\/\/graef-gnu.com\/es\/\"},{\"@type\":\"ListItem\",\"position\":2,\"name\":\"Resumen del producto\",\"item\":\"https:\/\/graef-gnu.com\/es\/resumen-del-producto\/\"},{\"@type\":\"ListItem\",\"position\":3,\"name\":\"Tijeras de palanca H77\"}]},{\"@type\":\"WebSite\",\"@id\":\"https:\/\/graef-gnu.com\/#website\",\"url\":\"https:\/\/graef-gnu.com\/\",\"name\":\"August Graef GNU\",\"description\":\"\",\"potentialAction\":[{\"@type\":\"SearchAction\",\"target\":{\"@type\":\"EntryPoint\",\"urlTemplate\":\"https:\/\/graef-gnu.com\/?s={search_term_string}\"},\"query-input\":\"required name=search_term_string\"}],\"inLanguage\":\"es\"}]}<\/script>\n<!-- \/ Yoast SEO plugin. -->","yoast_head_json":{"title":"Tijeras de palanca H77 - August Graef GNU","robots":{"index":"index","follow":"follow","max-snippet":"max-snippet:-1","max-image-preview":"max-image-preview:large","max-video-preview":"max-video-preview:-1"},"canonical":"https:\/\/graef-gnu.com\/produkt\/hebelschere-h77\/","og_locale":"es_ES","og_type":"article","og_title":"Tijeras de palanca H77 - August Graef GNU","og_description":"Se pueden cortar l\u00edneas de hasta 100 x 1,42 mm de forma recta, limpia y sin salientes de distorsi\u00f3n.","og_url":"https:\/\/graef-gnu.com\/produkt\/hebelschere-h77\/","og_site_name":"August Graef GNU","article_modified_time":"2021-10-06T14:35:42+00:00","og_image":[{"width":890,"height":300,"url":"https:\/\/graef-gnu.com\/wp-content\/uploads\/gnu_hebelschere_h77.jpg","type":"image\/jpeg"}],"twitter_card":"summary_large_image","twitter_misc":{"Tiempo de lectura":"1 minuto"},"schema":{"@context":"https:\/\/schema.org","@graph":[{"@type":"WebPage","@id":"https:\/\/graef-gnu.com\/produkt\/hebelschere-h77\/","url":"https:\/\/graef-gnu.com\/produkt\/hebelschere-h77\/","name":"Tijeras de palanca H77 - August Graef GNU","isPartOf":{"@id":"https:\/\/graef-gnu.com\/#website"},"primaryImageOfPage":{"@id":"https:\/\/graef-gnu.com\/produkt\/hebelschere-h77\/#primaryimage"},"image":{"@id":"https:\/\/graef-gnu.com\/produkt\/hebelschere-h77\/#primaryimage"},"thumbnailUrl":"https:\/\/graef-gnu.com\/wp-content\/uploads\/gnu_hebelschere_h77.jpg","datePublished":"2021-10-06T14:31:17+00:00","dateModified":"2021-10-06T14:35:42+00:00","breadcrumb":{"@id":"https:\/\/graef-gnu.com\/produkt\/hebelschere-h77\/#breadcrumb"},"inLanguage":"es","potentialAction":[{"@type":"ReadAction","target":["https:\/\/graef-gnu.com\/produkt\/hebelschere-h77\/"]}]},{"@type":"ImageObject","inLanguage":"es","@id":"https:\/\/graef-gnu.com\/produkt\/hebelschere-h77\/#primaryimage","url":"https:\/\/graef-gnu.com\/wp-content\/uploads\/gnu_hebelschere_h77.jpg","contentUrl":"https:\/\/graef-gnu.com\/wp-content\/uploads\/gnu_hebelschere_h77.jpg","width":890,"height":300},{"@type":"BreadcrumbList","@id":"https:\/\/graef-gnu.com\/produkt\/hebelschere-h77\/#breadcrumb","itemListElement":[{"@type":"ListItem","position":1,"name":"Startseite","item":"https:\/\/graef-gnu.com\/es\/"},{"@type":"ListItem","position":2,"name":"Resumen del producto","item":"https:\/\/graef-gnu.com\/es\/resumen-del-producto\/"},{"@type":"ListItem","position":3,"name":"Tijeras de palanca H77"}]},{"@type":"WebSite","@id":"https:\/\/graef-gnu.com\/#website","url":"https:\/\/graef-gnu.com\/","name":"August Graef GNU","description":"","potentialAction":[{"@type":"SearchAction","target":{"@type":"EntryPoint","urlTemplate":"https:\/\/graef-gnu.com\/?s={search_term_string}"},"query-input":"required name=search_term_string"}],"inLanguage":"es"}]}},"_links":{"self":[{"href":"https:\/\/graef-gnu.com\/es\/wp-json\/wp\/v2\/product\/167267","targetHints":{"allow":["GET"]}}],"collection":[{"href":"https:\/\/graef-gnu.com\/es\/wp-json\/wp\/v2\/product"}],"about":[{"href":"https:\/\/graef-gnu.com\/es\/wp-json\/wp\/v2\/types\/product"}],"wp:featuredmedia":[{"embeddable":true,"href":"https:\/\/graef-gnu.com\/es\/wp-json\/wp\/v2\/media\/149417"}],"wp:attachment":[{"href":"https:\/\/graef-gnu.com\/es\/wp-json\/wp\/v2\/media?parent=167267"}],"wp:term":[{"taxonomy":"product_cat","embeddable":true,"href":"https:\/\/graef-gnu.com\/es\/wp-json\/wp\/v2\/product_cat?post=167267"},{"taxonomy":"product_tag","embeddable":true,"href":"https:\/\/graef-gnu.com\/es\/wp-json\/wp\/v2\/product_tag?post=167267"}],"curies":[{"name":"wp","href":"https:\/\/api.w.org\/{rel}","templated":true}]}}