{"id":167407,"date":"2021-04-19T16:10:59","date_gmt":"2021-10-06T14:34:43","guid":{"rendered":"https:\/\/www.graef-gnu.com\/produkt\/aparato-para-doblar-fb-77\/"},"modified":"2021-10-06T16:38:36","modified_gmt":"2021-10-06T14:38:36","slug":"aparato-de-flexion-fb-77","status":"publish","type":"product","link":"https:\/\/graef-gnu.com\/es\/produkt\/aparato-de-flexion-fb-77\/","title":{"rendered":"Aparato para doblar FB 77"},"content":{"rendered":"<p>La gran superficie de contacto, rectificada y cromada, garantiza que todas las curvas se mantengan en el plano. El moldeador tiene las dos manos libres y puede guiar las l\u00edneas con seguridad. Los racores se sujetan con precisi\u00f3n y se pueden sustituir f\u00e1cilmente.<\/p>\n<p>El soporte y el apoyo estables del accesorio y la buena transmisi\u00f3n de potencia permiten doblar en l\u00edneas de hasta 50 x 1,05 mm. El aparato de curvado est\u00e1 equipado con un dispositivo de medici\u00f3n de precisi\u00f3n. Con una precisi\u00f3n de 0,05 mm, la medida ajustada puede leerse en el nonio.<\/p>\n","protected":false},"excerpt":{"rendered":"<p>La curvadora FB 77 para l\u00edneas de hasta 50 x 1,05 mm.<\/p>\n","protected":false},"featured_media":150504,"template":"","meta":{"_acf_changed":false},"product_cat":[8527],"product_tag":[],"class_list":{"0":"post-167407","1":"product","2":"type-product","3":"status-publish","4":"has-post-thumbnail","6":"product_group-accesorios-para-troqueles-de-corte","7":"product_cat-accesorios","9":"first","10":"instock","11":"shipping-taxable","12":"purchasable","13":"product-type-simple"},"acf":[],"yoast_head":"<!-- This site is optimized with the Yoast SEO plugin v22.6 - https:\/\/yoast.com\/wordpress\/plugins\/seo\/ -->\n<title>Aparato para doblar FB 77 - August Graef GNU<\/title>\n<meta name=\"description\" content=\"Dobladoras FB 77: las piezas moldeadas se sujetan con precisi\u00f3n y se pueden sustituir f\u00e1cilmente \u2705 \u00a1Aprenda m\u00e1s aqu\u00ed!\" \/>\n<meta name=\"robots\" content=\"index, follow, max-snippet:-1, max-image-preview:large, max-video-preview:-1\" \/>\n<link rel=\"canonical\" href=\"https:\/\/graef-gnu.com\/es\/produkt\/aparato-de-flexion-fb-77\/\" \/>\n<meta property=\"og:locale\" content=\"es_ES\" \/>\n<meta property=\"og:type\" content=\"article\" \/>\n<meta property=\"og:title\" content=\"Aparato para doblar FB 77 - August Graef GNU\" \/>\n<meta property=\"og:description\" content=\"Dobladoras FB 77: las piezas moldeadas se sujetan con precisi\u00f3n y se pueden sustituir f\u00e1cilmente \u2705 \u00a1Aprenda m\u00e1s aqu\u00ed!\" \/>\n<meta property=\"og:url\" content=\"https:\/\/graef-gnu.com\/es\/produkt\/aparato-de-flexion-fb-77\/\" \/>\n<meta property=\"og:site_name\" content=\"August Graef GNU\" \/>\n<meta property=\"article:modified_time\" content=\"2021-10-06T14:38:36+00:00\" \/>\n<meta property=\"og:image\" content=\"https:\/\/graef-gnu.com\/wp-content\/uploads\/gnu-zubehoer-biegeapparat-fb-77-1.png\" \/>\n\t<meta property=\"og:image:width\" content=\"890\" \/>\n\t<meta property=\"og:image:height\" content=\"300\" \/>\n\t<meta property=\"og:image:type\" content=\"image\/png\" \/>\n<meta name=\"twitter:card\" content=\"summary_large_image\" \/>\n<script type=\"application\/ld+json\" class=\"yoast-schema-graph\">{\"@context\":\"https:\/\/schema.org\",\"@graph\":[{\"@type\":\"WebPage\",\"@id\":\"https:\/\/graef-gnu.com\/es\/produkt\/aparato-de-flexion-fb-77\/\",\"url\":\"https:\/\/graef-gnu.com\/es\/produkt\/aparato-de-flexion-fb-77\/\",\"name\":\"Aparato para doblar FB 77 - August Graef GNU\",\"isPartOf\":{\"@id\":\"https:\/\/graef-gnu.com\/#website\"},\"primaryImageOfPage\":{\"@id\":\"https:\/\/graef-gnu.com\/es\/produkt\/aparato-de-flexion-fb-77\/#primaryimage\"},\"image\":{\"@id\":\"https:\/\/graef-gnu.com\/es\/produkt\/aparato-de-flexion-fb-77\/#primaryimage\"},\"thumbnailUrl\":\"https:\/\/graef-gnu.com\/wp-content\/uploads\/gnu-zubehoer-biegeapparat-fb-77-1.png\",\"datePublished\":\"2021-10-06T14:34:43+00:00\",\"dateModified\":\"2021-10-06T14:38:36+00:00\",\"description\":\"Dobladoras FB 77: las piezas moldeadas se sujetan con precisi\u00f3n y se pueden sustituir f\u00e1cilmente \u2705 \u00a1Aprenda m\u00e1s aqu\u00ed!\",\"breadcrumb\":{\"@id\":\"https:\/\/graef-gnu.com\/es\/produkt\/aparato-de-flexion-fb-77\/#breadcrumb\"},\"inLanguage\":\"es\",\"potentialAction\":[{\"@type\":\"ReadAction\",\"target\":[\"https:\/\/graef-gnu.com\/es\/produkt\/aparato-de-flexion-fb-77\/\"]}]},{\"@type\":\"ImageObject\",\"inLanguage\":\"es\",\"@id\":\"https:\/\/graef-gnu.com\/es\/produkt\/aparato-de-flexion-fb-77\/#primaryimage\",\"url\":\"https:\/\/graef-gnu.com\/wp-content\/uploads\/gnu-zubehoer-biegeapparat-fb-77-1.png\",\"contentUrl\":\"https:\/\/graef-gnu.com\/wp-content\/uploads\/gnu-zubehoer-biegeapparat-fb-77-1.png\",\"width\":890,\"height\":300},{\"@type\":\"BreadcrumbList\",\"@id\":\"https:\/\/graef-gnu.com\/es\/produkt\/aparato-de-flexion-fb-77\/#breadcrumb\",\"itemListElement\":[{\"@type\":\"ListItem\",\"position\":1,\"name\":\"Startseite\",\"item\":\"https:\/\/graef-gnu.com\/es\/\"},{\"@type\":\"ListItem\",\"position\":2,\"name\":\"Resumen del producto\",\"item\":\"https:\/\/graef-gnu.com\/es\/resumen-del-producto\/\"},{\"@type\":\"ListItem\",\"position\":3,\"name\":\"Aparato para doblar FB 77\"}]},{\"@type\":\"WebSite\",\"@id\":\"https:\/\/graef-gnu.com\/#website\",\"url\":\"https:\/\/graef-gnu.com\/\",\"name\":\"August Graef GNU\",\"description\":\"\",\"potentialAction\":[{\"@type\":\"SearchAction\",\"target\":{\"@type\":\"EntryPoint\",\"urlTemplate\":\"https:\/\/graef-gnu.com\/?s={search_term_string}\"},\"query-input\":\"required name=search_term_string\"}],\"inLanguage\":\"es\"}]}<\/script>\n<!-- \/ Yoast SEO plugin. -->","yoast_head_json":{"title":"Aparato para doblar FB 77 - August Graef GNU","description":"Dobladoras FB 77: las piezas moldeadas se sujetan con precisi\u00f3n y se pueden sustituir f\u00e1cilmente \u2705 \u00a1Aprenda m\u00e1s aqu\u00ed!","robots":{"index":"index","follow":"follow","max-snippet":"max-snippet:-1","max-image-preview":"max-image-preview:large","max-video-preview":"max-video-preview:-1"},"canonical":"https:\/\/graef-gnu.com\/es\/produkt\/aparato-de-flexion-fb-77\/","og_locale":"es_ES","og_type":"article","og_title":"Aparato para doblar FB 77 - August Graef GNU","og_description":"Dobladoras FB 77: las piezas moldeadas se sujetan con precisi\u00f3n y se pueden sustituir f\u00e1cilmente \u2705 \u00a1Aprenda m\u00e1s aqu\u00ed!","og_url":"https:\/\/graef-gnu.com\/es\/produkt\/aparato-de-flexion-fb-77\/","og_site_name":"August Graef GNU","article_modified_time":"2021-10-06T14:38:36+00:00","og_image":[{"width":890,"height":300,"url":"https:\/\/graef-gnu.com\/wp-content\/uploads\/gnu-zubehoer-biegeapparat-fb-77-1.png","type":"image\/png"}],"twitter_card":"summary_large_image","schema":{"@context":"https:\/\/schema.org","@graph":[{"@type":"WebPage","@id":"https:\/\/graef-gnu.com\/es\/produkt\/aparato-de-flexion-fb-77\/","url":"https:\/\/graef-gnu.com\/es\/produkt\/aparato-de-flexion-fb-77\/","name":"Aparato para doblar FB 77 - August Graef GNU","isPartOf":{"@id":"https:\/\/graef-gnu.com\/#website"},"primaryImageOfPage":{"@id":"https:\/\/graef-gnu.com\/es\/produkt\/aparato-de-flexion-fb-77\/#primaryimage"},"image":{"@id":"https:\/\/graef-gnu.com\/es\/produkt\/aparato-de-flexion-fb-77\/#primaryimage"},"thumbnailUrl":"https:\/\/graef-gnu.com\/wp-content\/uploads\/gnu-zubehoer-biegeapparat-fb-77-1.png","datePublished":"2021-10-06T14:34:43+00:00","dateModified":"2021-10-06T14:38:36+00:00","description":"Dobladoras FB 77: las piezas moldeadas se sujetan con precisi\u00f3n y se pueden sustituir f\u00e1cilmente \u2705 \u00a1Aprenda m\u00e1s aqu\u00ed!","breadcrumb":{"@id":"https:\/\/graef-gnu.com\/es\/produkt\/aparato-de-flexion-fb-77\/#breadcrumb"},"inLanguage":"es","potentialAction":[{"@type":"ReadAction","target":["https:\/\/graef-gnu.com\/es\/produkt\/aparato-de-flexion-fb-77\/"]}]},{"@type":"ImageObject","inLanguage":"es","@id":"https:\/\/graef-gnu.com\/es\/produkt\/aparato-de-flexion-fb-77\/#primaryimage","url":"https:\/\/graef-gnu.com\/wp-content\/uploads\/gnu-zubehoer-biegeapparat-fb-77-1.png","contentUrl":"https:\/\/graef-gnu.com\/wp-content\/uploads\/gnu-zubehoer-biegeapparat-fb-77-1.png","width":890,"height":300},{"@type":"BreadcrumbList","@id":"https:\/\/graef-gnu.com\/es\/produkt\/aparato-de-flexion-fb-77\/#breadcrumb","itemListElement":[{"@type":"ListItem","position":1,"name":"Startseite","item":"https:\/\/graef-gnu.com\/es\/"},{"@type":"ListItem","position":2,"name":"Resumen del producto","item":"https:\/\/graef-gnu.com\/es\/resumen-del-producto\/"},{"@type":"ListItem","position":3,"name":"Aparato para doblar FB 77"}]},{"@type":"WebSite","@id":"https:\/\/graef-gnu.com\/#website","url":"https:\/\/graef-gnu.com\/","name":"August Graef GNU","description":"","potentialAction":[{"@type":"SearchAction","target":{"@type":"EntryPoint","urlTemplate":"https:\/\/graef-gnu.com\/?s={search_term_string}"},"query-input":"required name=search_term_string"}],"inLanguage":"es"}]}},"_links":{"self":[{"href":"https:\/\/graef-gnu.com\/es\/wp-json\/wp\/v2\/product\/167407","targetHints":{"allow":["GET"]}}],"collection":[{"href":"https:\/\/graef-gnu.com\/es\/wp-json\/wp\/v2\/product"}],"about":[{"href":"https:\/\/graef-gnu.com\/es\/wp-json\/wp\/v2\/types\/product"}],"wp:featuredmedia":[{"embeddable":true,"href":"https:\/\/graef-gnu.com\/es\/wp-json\/wp\/v2\/media\/150504"}],"wp:attachment":[{"href":"https:\/\/graef-gnu.com\/es\/wp-json\/wp\/v2\/media?parent=167407"}],"wp:term":[{"taxonomy":"product_cat","embeddable":true,"href":"https:\/\/graef-gnu.com\/es\/wp-json\/wp\/v2\/product_cat?post=167407"},{"taxonomy":"product_tag","embeddable":true,"href":"https:\/\/graef-gnu.com\/es\/wp-json\/wp\/v2\/product_tag?post=167407"}],"curies":[{"name":"wp","href":"https:\/\/api.w.org\/{rel}","templated":true}]}}