{"id":132708,"date":"2021-10-04T15:26:22","date_gmt":"2021-10-04T13:26:22","guid":{"rendered":"https:\/\/www.graef-gnu.com\/impression\/"},"modified":"2024-10-22T13:31:21","modified_gmt":"2024-10-22T11:31:21","slug":"impression","status":"publish","type":"page","link":"https:\/\/graef-gnu.com\/fr\/impression\/","title":{"rendered":"Impression"},"content":{"rendered":"<div id='av_section_1'  class='avia-section av-m4j9f-64a341a216d0fd8531e81e7e16352473 main_color avia-section-default avia-no-border-styling  avia-builder-el-0  avia-builder-el-no-sibling  avia-bg-style-scroll container_wrap fullsize'  ><div class='container av-section-cont-open' ><main  role=\"main\" itemprop=\"mainContentOfPage\"  class='template-page content  av-content-full alpha units'><div class='post-entry post-entry-type-page post-entry-132708'><div class='entry-content-wrapper clearfix'>\n<div  class='flex_column av-av_one_full-41ee899840124b6993b57a87f996c353 av_one_full  avia-builder-el-1  el_before_av_one_third  avia-builder-el-first  first flex_column_div  '     ><div class=\"pixel-headline align-left no-margin  sub-bottom  \">\n\t\t<div class=\"headline-wrap-inner\">\n\t\t\t\t<h1 class=\"headline-content headline-primary  \">Mentions l\u00e9gales<\/h1>\t\t\t<\/div>\n<\/div><\/div>\n<style type=\"text\/css\" data-created_by=\"avia_inline_auto\" id=\"style-css-av-fk257-c27290f19e15b4ad4e298c3d4213b558\">\n.flex_column.av-fk257-c27290f19e15b4ad4e298c3d4213b558{\nborder-radius:0px 0px 0px 0px;\npadding:0px 0px 0px 0px;\n}\n<\/style>\n<div  class='flex_column av-fk257-c27290f19e15b4ad4e298c3d4213b558 av_one_third  avia-builder-el-3  el_after_av_one_full  el_before_av_two_third  first flex_column_div av-zero-column-padding  column-top-margin'     ><section  class='av_textblock_section av-kfmb69lc-23fa159f00ef5be00e1782527f01d5da '   itemscope=\"itemscope\" itemtype=\"https:\/\/schema.org\/CreativeWork\" ><div class='avia_textblock'  itemprop=\"text\" ><p>August Graef GNU GmbH<br \/>\nWernerstra\u00dfe 28<br \/>\n42285 Wuppertal<br \/>\nAllemagne<\/p>\n<p><strong>Contact :<\/strong><\/p>\n<p>T\u00e9l\u00e9phone : +49 (0) 202 280 44 0<br \/>\nFax : +49 (0) 202 888 91<\/p>\n<p><strong>Tribunal d&#8217;enregistrement :<\/strong><\/p>\n<p>Tribunal local de Wuppertal HRB 4946<\/p>\n<p><strong>Num\u00e9ro d&#8217;identification de la taxe:<\/strong><\/p>\n<p>DE 811191078<\/p>\n<p><strong>Responsable du contenu:<\/strong><\/p>\n<p>Directeur g\u00e9n\u00e9ral :<br \/>\nDipl.-Kfm. Gerhard Koll<br \/>\nPhilipp Koll (M.A.)<\/p>\n<\/div><\/section><\/div>\n<style type=\"text\/css\" data-created_by=\"avia_inline_auto\" id=\"style-css-av-6s7rv-5d24b84f451a4f4e841352b4f4eea7d4\">\n.flex_column.av-6s7rv-5d24b84f451a4f4e841352b4f4eea7d4{\nborder-radius:0px 0px 0px 0px;\npadding:0px 0px 0px 0px;\n}\n<\/style>\n<div  class='flex_column av-6s7rv-5d24b84f451a4f4e841352b4f4eea7d4 av_two_third  avia-builder-el-5  el_after_av_one_third  avia-builder-el-last  flex_column_div av-zero-column-padding  column-top-margin'     ><section  class='av_textblock_section av-kfmb69lc-a87222901313f0b88a4df4f4b6e10629 '   itemscope=\"itemscope\" itemtype=\"https:\/\/schema.org\/CreativeWork\" ><div class='avia_textblock'  itemprop=\"text\" ><p><strong>1. contenu de l&#8217;offre en ligne<\/strong><\/p>\n<p>L&#8217;auteur d\u00e9cline toute responsabilit\u00e9 quant \u00e0 l&#8217;actualit\u00e9, l&#8217;exactitude, l&#8217;exhaustivit\u00e9 ou la qualit\u00e9 des informations fournies. Toute action en responsabilit\u00e9 \u00e0 l&#8217;encontre de l&#8217;auteur concernant des dommages mat\u00e9riels ou immat\u00e9riels caus\u00e9s par l&#8217;utilisation ou la non-utilisation des informations fournies ou par l&#8217;utilisation d&#8217;informations incorrectes ou incompl\u00e8tes est exclue par principe, dans la mesure o\u00f9 il n&#8217;y a pas de faute intentionnelle ou de n\u00e9gligence grave d\u00e9montrable de la part de l&#8217;auteur. Toutes les offres sont susceptibles d&#8217;\u00eatre modifi\u00e9es et ne sont pas contraignantes. L&#8217;auteur se r\u00e9serve express\u00e9ment le droit de modifier, de compl\u00e9ter ou de supprimer des parties des pages ou l&#8217;ensemble de l&#8217;offre sans annonce s\u00e9par\u00e9e ou de cesser temporairement ou d\u00e9finitivement la publication.<\/p>\n<p><strong>2. r\u00e9f\u00e9rences et liens<\/strong><\/p>\n<p>En cas de renvois directs ou indirects \u00e0 des sites Internet externes (&#8220;hyperliens&#8221;) qui ne rel\u00e8vent pas de la responsabilit\u00e9 de l&#8217;auteur, une obligation de responsabilit\u00e9 n&#8217;entrerait en vigueur que si l&#8217;auteur avait connaissance du contenu et s&#8217;il lui \u00e9tait techniquement possible et raisonnable d&#8217;emp\u00eacher l&#8217;utilisation en cas de contenu ill\u00e9gal. L&#8217;auteur d\u00e9clare express\u00e9ment par la pr\u00e9sente qu&#8217;au moment de la cr\u00e9ation des liens, aucun contenu ill\u00e9gal n&#8217;\u00e9tait perceptible sur les pages li\u00e9es. L&#8217;auteur n&#8217;a aucune influence sur la conception actuelle et future, le contenu ou la paternit\u00e9 des pages li\u00e9es. C&#8217;est pourquoi il se distancie express\u00e9ment par la pr\u00e9sente de tous les contenus de toutes les pages li\u00e9es qui ont \u00e9t\u00e9 modifi\u00e9s apr\u00e8s la cr\u00e9ation du lien. Cette d\u00e9claration s&#8217;applique \u00e0 tous les liens et r\u00e9f\u00e9rences mis en place dans l&#8217;offre Internet de l&#8217;auteur ainsi qu&#8217;aux entr\u00e9es de tiers dans les livres d&#8217;or, les forums de discussion, les r\u00e9pertoires de liens, les listes de diffusion et toutes les autres formes de bases de donn\u00e9es mises en place par l&#8217;auteur et auxquelles il est possible d&#8217;acc\u00e9der en \u00e9criture de l&#8217;ext\u00e9rieur. Pour les contenus ill\u00e9gaux, incorrects ou incomplets et en particulier pour les dommages r\u00e9sultant de l&#8217;utilisation ou de la non-utilisation de ces informations, seul le fournisseur de la page \u00e0 laquelle il est fait r\u00e9f\u00e9rence est responsable, et non celui qui se contente de renvoyer \u00e0 la publication concern\u00e9e par le biais de liens.<\/p>\n<p><strong>3. Droit d&#8217;auteur et droit des marques<\/strong><\/p>\n<p>L&#8217;auteur s&#8217;efforce de respecter les droits d&#8217;auteur des images, graphiques, documents sonores, s\u00e9quences vid\u00e9o et textes utilis\u00e9s dans toutes les publications, d&#8217;utiliser des images, graphiques, documents sonores, s\u00e9quences vid\u00e9o et textes cr\u00e9\u00e9s par lui-m\u00eame ou d&#8217;avoir recours \u00e0 des graphiques, documents sonores, s\u00e9quences vid\u00e9o et textes exempts de licence. Tous les noms de marque et marques commerciales mentionn\u00e9s sur le site web et \u00e9ventuellement prot\u00e9g\u00e9s par des tiers sont soumis sans restriction aux dispositions du droit des marques applicable et aux droits de propri\u00e9t\u00e9 des propri\u00e9taires enregistr\u00e9s respectifs. La simple mention d&#8217;une marque ne signifie pas qu&#8217;elle n&#8217;est pas prot\u00e9g\u00e9e par des droits de tiers ! Le droit d&#8217;auteur pour les objets publi\u00e9s et cr\u00e9\u00e9s par l&#8217;auteur lui-m\u00eame reste exclusivement \u00e0 l&#8217;auteur des pages. Toute duplication ou utilisation d&#8217;objets tels que des diagrammes, des sons ou des textes dans d&#8217;autres publications \u00e9lectroniques ou imprim\u00e9es n&#8217;est pas autoris\u00e9e sans l&#8217;accord de l&#8217;auteur.<\/p>\n<p><strong>4 Validit\u00e9 juridique de la pr\u00e9sente clause de non-responsabilit\u00e9<\/strong><\/p>\n<p>La pr\u00e9sente clause de non-responsabilit\u00e9 doit \u00eatre consid\u00e9r\u00e9e comme faisant partie de la publication Internet \u00e0 partir de laquelle vous avez \u00e9t\u00e9 orient\u00e9. Si certaines parties ou certains termes de cette d\u00e9claration ne sont pas l\u00e9gaux ou corrects, le contenu ou la validit\u00e9 des autres parties n&#8217;en sont pas affect\u00e9s.<\/p>\n<p><strong>5. r\u00e9solution des conflits<\/strong><\/p>\n<p>La Commission europ\u00e9enne met \u00e0 disposition une plateforme de r\u00e9solution en ligne des litiges (ODR) :<\/p>\n<p><a href=\"https:\/\/ec.europa.eu\/consumers\/odr\" target=\"_blank\" rel=\"noopener\">https:\/\/ec.europa.eu\/consumers\/odr<\/a><\/p>\n<p>Vous trouverez notre adresse \u00e9lectronique dans l&#8217;impressum ci-dessus.<\/p>\n<p>Nous ne sommes pas dispos\u00e9s ou oblig\u00e9s de participer \u00e0 une proc\u00e9dure de r\u00e8glement des litiges devant une commission d&#8217;arbitrage des consommateurs.<\/p>\n<\/div><\/section><\/div>\n","protected":false},"excerpt":{"rendered":"","protected":false},"author":1,"featured_media":0,"parent":0,"menu_order":9,"comment_status":"closed","ping_status":"closed","template":"","meta":{"_acf_changed":false,"footnotes":""},"class_list":["post-132708","page","type-page","status-publish","hentry"],"acf":[],"yoast_head":"<!-- This site is optimized with the Yoast SEO plugin v22.6 - https:\/\/yoast.com\/wordpress\/plugins\/seo\/ -->\n<title>Impression - August Graef GNU<\/title>\n<meta name=\"robots\" content=\"index, follow, max-snippet:-1, max-image-preview:large, max-video-preview:-1\" \/>\n<link rel=\"canonical\" href=\"https:\/\/graef-gnu.com\/fr\/impression\/\" \/>\n<meta property=\"og:locale\" content=\"fr_FR\" \/>\n<meta property=\"og:type\" content=\"article\" \/>\n<meta property=\"og:title\" content=\"Impression - August Graef GNU\" \/>\n<meta property=\"og:url\" content=\"https:\/\/graef-gnu.com\/fr\/impression\/\" \/>\n<meta property=\"og:site_name\" content=\"August Graef GNU\" \/>\n<meta property=\"article:modified_time\" content=\"2024-10-22T11:31:21+00:00\" \/>\n<meta name=\"twitter:card\" content=\"summary_large_image\" \/>\n<meta name=\"twitter:label1\" content=\"Dur\u00e9e de lecture estim\u00e9e\" \/>\n\t<meta name=\"twitter:data1\" content=\"9 minutes\" \/>\n<script type=\"application\/ld+json\" class=\"yoast-schema-graph\">{\"@context\":\"https:\/\/schema.org\",\"@graph\":[{\"@type\":\"WebPage\",\"@id\":\"https:\/\/graef-gnu.com\/fr\/impression\/\",\"url\":\"https:\/\/graef-gnu.com\/fr\/impression\/\",\"name\":\"Impression - August Graef GNU\",\"isPartOf\":{\"@id\":\"https:\/\/graef-gnu.com\/#website\"},\"datePublished\":\"2021-10-04T13:26:22+00:00\",\"dateModified\":\"2024-10-22T11:31:21+00:00\",\"breadcrumb\":{\"@id\":\"https:\/\/graef-gnu.com\/fr\/impression\/#breadcrumb\"},\"inLanguage\":\"fr-FR\",\"potentialAction\":[{\"@type\":\"ReadAction\",\"target\":[\"https:\/\/graef-gnu.com\/fr\/impression\/\"]}]},{\"@type\":\"BreadcrumbList\",\"@id\":\"https:\/\/graef-gnu.com\/fr\/impression\/#breadcrumb\",\"itemListElement\":[{\"@type\":\"ListItem\",\"position\":1,\"name\":\"Startseite\",\"item\":\"https:\/\/graef-gnu.com\/fr\/\"},{\"@type\":\"ListItem\",\"position\":2,\"name\":\"Impression\"}]},{\"@type\":\"WebSite\",\"@id\":\"https:\/\/graef-gnu.com\/#website\",\"url\":\"https:\/\/graef-gnu.com\/\",\"name\":\"August Graef GNU\",\"description\":\"\",\"potentialAction\":[{\"@type\":\"SearchAction\",\"target\":{\"@type\":\"EntryPoint\",\"urlTemplate\":\"https:\/\/graef-gnu.com\/?s={search_term_string}\"},\"query-input\":\"required name=search_term_string\"}],\"inLanguage\":\"fr-FR\"}]}<\/script>\n<!-- \/ Yoast SEO plugin. -->","yoast_head_json":{"title":"Impression - August Graef GNU","robots":{"index":"index","follow":"follow","max-snippet":"max-snippet:-1","max-image-preview":"max-image-preview:large","max-video-preview":"max-video-preview:-1"},"canonical":"https:\/\/graef-gnu.com\/fr\/impression\/","og_locale":"fr_FR","og_type":"article","og_title":"Impression - August Graef GNU","og_url":"https:\/\/graef-gnu.com\/fr\/impression\/","og_site_name":"August Graef GNU","article_modified_time":"2024-10-22T11:31:21+00:00","twitter_card":"summary_large_image","twitter_misc":{"Dur\u00e9e de lecture estim\u00e9e":"9 minutes"},"schema":{"@context":"https:\/\/schema.org","@graph":[{"@type":"WebPage","@id":"https:\/\/graef-gnu.com\/fr\/impression\/","url":"https:\/\/graef-gnu.com\/fr\/impression\/","name":"Impression - August Graef GNU","isPartOf":{"@id":"https:\/\/graef-gnu.com\/#website"},"datePublished":"2021-10-04T13:26:22+00:00","dateModified":"2024-10-22T11:31:21+00:00","breadcrumb":{"@id":"https:\/\/graef-gnu.com\/fr\/impression\/#breadcrumb"},"inLanguage":"fr-FR","potentialAction":[{"@type":"ReadAction","target":["https:\/\/graef-gnu.com\/fr\/impression\/"]}]},{"@type":"BreadcrumbList","@id":"https:\/\/graef-gnu.com\/fr\/impression\/#breadcrumb","itemListElement":[{"@type":"ListItem","position":1,"name":"Startseite","item":"https:\/\/graef-gnu.com\/fr\/"},{"@type":"ListItem","position":2,"name":"Impression"}]},{"@type":"WebSite","@id":"https:\/\/graef-gnu.com\/#website","url":"https:\/\/graef-gnu.com\/","name":"August Graef GNU","description":"","potentialAction":[{"@type":"SearchAction","target":{"@type":"EntryPoint","urlTemplate":"https:\/\/graef-gnu.com\/?s={search_term_string}"},"query-input":"required name=search_term_string"}],"inLanguage":"fr-FR"}]}},"_links":{"self":[{"href":"https:\/\/graef-gnu.com\/fr\/wp-json\/wp\/v2\/pages\/132708","targetHints":{"allow":["GET"]}}],"collection":[{"href":"https:\/\/graef-gnu.com\/fr\/wp-json\/wp\/v2\/pages"}],"about":[{"href":"https:\/\/graef-gnu.com\/fr\/wp-json\/wp\/v2\/types\/page"}],"author":[{"embeddable":true,"href":"https:\/\/graef-gnu.com\/fr\/wp-json\/wp\/v2\/users\/1"}],"replies":[{"embeddable":true,"href":"https:\/\/graef-gnu.com\/fr\/wp-json\/wp\/v2\/comments?post=132708"}],"version-history":[{"count":9,"href":"https:\/\/graef-gnu.com\/fr\/wp-json\/wp\/v2\/pages\/132708\/revisions"}],"predecessor-version":[{"id":177416,"href":"https:\/\/graef-gnu.com\/fr\/wp-json\/wp\/v2\/pages\/132708\/revisions\/177416"}],"wp:attachment":[{"href":"https:\/\/graef-gnu.com\/fr\/wp-json\/wp\/v2\/media?parent=132708"}],"curies":[{"name":"wp","href":"https:\/\/api.w.org\/{rel}","templated":true}]}}