{"id":132716,"date":"2021-10-04T15:26:23","date_gmt":"2021-10-04T13:26:23","guid":{"rendered":"https:\/\/www.graef-gnu.com\/durabilite\/"},"modified":"2024-04-30T15:42:04","modified_gmt":"2024-04-30T13:42:04","slug":"durabilite","status":"publish","type":"page","link":"https:\/\/graef-gnu.com\/fr\/entreprise\/durabilite\/","title":{"rendered":"Durabilit\u00e9"},"content":{"rendered":"<div class=\"avia-section main_color slider-section size-small  \">\n\t<div class=\"slider-section-wrapper \">\n\t\t\t\t<div class=\"slider-section-slide align-left header-animation-simple-global \">\n\t\t\t\t<div class=\"slider-section-background-wrap\">\n\t\t\t\t\t\t\t\t\t\t<div class=\"slider-section-background\" style=\"background-image: url('https:\/\/graef-gnu.com\/wp-content\/uploads\/Nachhaltigkeit_Header.jpg'); background-position: center right;background-size: cover;background-repeat: no-repeat;\"><\/div>\n\t\t\t\t\t\t\t\t\t\t\t\t\t\t\t\t\t\t\t<\/div>\n\n\t\t\t\t<div class=\"slider-section-inner container\">\n\t\t\t\t\t<div class=\"slider-section-content-wrap\">\n\t\t\t\t\t\t\t\t\t\t\t\t\t\t\t\t\t\t<div class=\"slider-section-text-wrap\">\n\t\t\t\t\t\t\t<span class=\"slider-section-headline\">Conscient de l\u2019avenir<\/span>\t\t\t\t\t\t\t<span class=\"slider-section-subline\">Durable gr\u00e2ce \u00e0 une gestion moderne des ressources<\/span>\t\t\t\t\t\t\t\t\t\t\t\t\t<\/div>\n\t\t\t\t\t\t\t\t\t\t\t<\/div>\n\t\t\t\t\t\t\t\t\t\t<\/div>\n\t\t\t<\/div>\n\t\t<\/div>\n\n\n<\/div>\n<\/div><\/div><\/div><!-- close content main div --><\/div><\/div><div id='av_section_1'  class='avia-section av-71ou4-ef17181bd20a37e098afe82ed15228e8 main_color avia-section-default avia-no-border-styling  avia-builder-el-1  el_after_pixel_headimage  el_before_av_postcontent  section-pseudo-element section-unternehmen avia-bg-style-scroll container_wrap fullsize'  ><div class='container av-section-cont-open' ><div class='template-page content  av-content-full alpha units'><div class='post-entry post-entry-type-page post-entry-132716'><div class='entry-content-wrapper clearfix'>\n<div  class='flex_column av-lvm7x1v0-376b1b2b4376b24b75ad79e05607f91b av_one_full  avia-builder-el-2  el_before_av_one_half  avia-builder-el-first  first av-break-at-tablet flex_column_div av-animated-generic left-to-right  '     ><div class=\"pixel-headline align-left no-margin  sub-bottom  \">\n\t\t<div class=\"headline-wrap-inner\">\n\t\t\t\t<h1 class=\"headline-content headline-primary  \">Responsabilit\u00e9 \u00e0 l\u2019\u00e9gard des g\u00e9n\u00e9rations futures<\/h1>\t\t<h3 class=\"headline-content headline-secondary  \">GNU Gestion des ressources et de l\u2019environnement<\/h3>\t<\/div>\n<\/div><\/div>\n<style type=\"text\/css\" data-created_by=\"avia_inline_auto\" id=\"style-css-av-6jxy4-ec8c839104ebaa6ce5edc9380130e0fa\">\n.flex_column.av-6jxy4-ec8c839104ebaa6ce5edc9380130e0fa{\nborder-radius:0px 0px 0px 0px;\npadding:0px 0px 0px 0px;\n}\n<\/style>\n<div  class='flex_column av-6jxy4-ec8c839104ebaa6ce5edc9380130e0fa av_one_half  avia-builder-el-4  el_after_av_one_full  el_before_av_one_half  first av-break-at-tablet flex_column_div av-animated-generic left-to-right av-zero-column-padding  column-top-margin'     ><p><section  class='av_textblock_section av-kfmh2yst-e1bb63ef18301f8a97d9fd6fad043f54 '   itemscope=\"itemscope\" itemtype=\"https:\/\/schema.org\/CreativeWork\" ><div class='avia_textblock'  itemprop=\"text\" ><p>En tant que fournisseur moderne de qualit\u00e9 pour l&#8217;industrie de l&#8217;emballage et des biens de consommation, avec des relations commerciales dans le monde entier, nous sommes conscients de notre responsabilit\u00e9 envers l&#8217;environnement et les g\u00e9n\u00e9rations futures. Avec de nombreuses mesures individuelles, nous nous concentrons sur l&#8217;utilisation durable des ressources dans l&#8217;administration, la production et la gestion de l&#8217;exp\u00e9dition et de la logistique. En tant que fabricants de lignes de perforation, il est facile pour nous de consid\u00e9rer les rebuts et les d\u00e9chets comme des mati\u00e8res premi\u00e8res pr\u00e9cieuses. Nous nous sommes fix\u00e9 pour objectif d&#8217;utiliser des technologies \u00e9conomes en ressources dans nos nouveaux d\u00e9veloppements et investissements.<\/p>\n<p>Le papier, le carton et le carton ondul\u00e9 sont fabriqu\u00e9s \u00e0 partir de mati\u00e8res premi\u00e8res rapidement renouvelables. Cela signifie que le produit fini peut \u00e9galement \u00eatre presque enti\u00e8rement recycl\u00e9 par nos partenaires et leurs clients.<\/p>\n<p>Le Verband der Wellpappen-Industrie e. V. (Association de l&#8217;industrie du carton ondul\u00e9) \u00e0 propos du carton ondul\u00e9 : &#8220;Le carton ondul\u00e9 est enti\u00e8rement constitu\u00e9 de mati\u00e8res premi\u00e8res renouvelables et peut \u00eatre enti\u00e8rement recycl\u00e9. De cette fa\u00e7on, les marchandises de transport peuvent \u00eatre emball\u00e9es de mani\u00e8re \u00e9cologique. Aucun arbre n&#8217;est abattu pour le carton ondul\u00e9. L&#8217;entretien des for\u00eats g\u00e9r\u00e9es permet de produire du bois cass\u00e9 et \u00e9clairci &#8211; la principale mati\u00e8re premi\u00e8re pour la production de papier.&#8221;<\/p>\n<p>En Allemagne, cependant, la proportion de fibres vierges dans le papier pour ondul\u00e9 utilis\u00e9 n&#8217;est que de 20 % en moyenne. 80 % de ce papier est fabriqu\u00e9 \u00e0 partir de mat\u00e9riaux recycl\u00e9s. <em>(Source : Verband der Wellpappen-Industrie e. V., 2016)<\/em><\/p>\n<\/div><\/section><br \/>\n<div class=\"pixel-headline align-left no-margin  sub-bottom  \">\n\t\t<div class=\"headline-wrap-inner\">\n\t\t\t\t\t\t<span class=\"headline-content headline-secondary  \">Fabrication durable GNU<\/span>\t<\/div>\n<\/div><br \/>\n<section  class='av_textblock_section av-kfmh2yst-e1bb63ef18301f8a97d9fd6fad043f54 '   itemscope=\"itemscope\" itemtype=\"https:\/\/schema.org\/CreativeWork\" ><div class='avia_textblock'  itemprop=\"text\" ><p>Par de nombreuses mesures, nous soulignons nos efforts pour utiliser nos ressources de la mani\u00e8re la plus faible et la plus \u00e9conome possible.<\/p>\n<p>Gr\u00e2ce aux technologies d&#8217;\u00e9nergie renouvelable telles que les syst\u00e8mes photovolta\u00efques, la technologie de commutation intelligente, la technologie des nuages et la r\u00e9cup\u00e9ration de chaleur ainsi que la technologie de ventilation, nous avons pu r\u00e9duire notre consommation d&#8217;\u00e9lectricit\u00e9 d&#8217;environ 20 % et r\u00e9duire l&#8217;utilisation de combustibles fossiles pour la production de chaleur d&#8217;environ 35 % malgr\u00e9 une croissance continue.<\/p>\n<p>Nous nous effor\u00e7ons en permanence de rendre notre production durable en cr\u00e9ant des cycles et un recyclage des mati\u00e8res (premi\u00e8res) au sein de notre entreprise et tout au long de la cha\u00eene d&#8217;approvisionnement avec les fournisseurs, les clients et les prestataires de services.<\/p>\n<\/div><\/section><\/p><\/div>\n<style type=\"text\/css\" data-created_by=\"avia_inline_auto\" id=\"style-css-av-lvm7x9k0-25db0783802700f4a8ad26a24e1c5272\">\n.flex_column.av-lvm7x9k0-25db0783802700f4a8ad26a24e1c5272{\nborder-radius:0px 0px 0px 0px;\npadding:0px 0px 0px 0px;\n}\n<\/style>\n<div  class='flex_column av-lvm7x9k0-25db0783802700f4a8ad26a24e1c5272 av_one_half  avia-builder-el-8  el_after_av_one_half  avia-builder-el-last  av-break-at-tablet flex_column_div av-animated-generic right-to-left av-zero-column-padding  column-top-margin'     ><style type=\"text\/css\" data-created_by=\"avia_inline_auto\" id=\"style-css-av-lvm52toq-5d302f837343157a8c16338a35248a77\">\n.avia-image-container.av-lvm52toq-5d302f837343157a8c16338a35248a77 img.avia_image{\nbox-shadow:none;\n}\n.avia-image-container.av-lvm52toq-5d302f837343157a8c16338a35248a77 .av-image-caption-overlay-center{\ncolor:#ffffff;\n}\n<\/style>\n<div  class='avia-image-container av-lvm52toq-5d302f837343157a8c16338a35248a77 av-styling- avia-align-left  avia-builder-el-9  avia-builder-el-no-sibling '   itemprop=\"image\" itemscope=\"itemscope\" itemtype=\"https:\/\/schema.org\/ImageObject\" ><div class=\"avia-image-container-inner\"><div class=\"avia-image-overlay-wrap\"><img decoding=\"async\" class='wp-image-133941 avia-img-lazy-loading-not-133941 avia_image ' src=\"https:\/\/graef-gnu.com\/wp-content\/uploads\/gnu_nachhaltigkeit_solardach-667x300.jpg\" alt='' title='Gnu Nachhaltigkeit Solardach'  height=\"300\" width=\"667\"  itemprop=\"thumbnailUrl\"  \/><\/div><\/div><\/div><\/div>[av_section min_height='' min_height_pc='25' min_height_px='500px' shadow='no-border-styling' bottom_border='no-border-styling' bottom_border_diagonal_color='#333333' bottom_border_diagonal_direction='' bottom_border_style='' padding='small' custom_margin='0px' custom_margin_sync='true' av-desktop-custom_margin='' av-desktop-custom_margin_sync='true' av-medium-custom_margin='' av-medium-custom_margin_sync='true' av-small-custom_margin='' av-small-custom_margin_sync='true' av-mini-custom_margin='' av-mini-custom_margin_sync='true' svg_div_top='' svg_div_top_color='#333333' svg_div_top_width='100' svg_div_top_height='50' svg_div_top_max_height='none' svg_div_top_opacity='' svg_div_bottom='' svg_div_bottom_color='#333333' svg_div_bottom_width='100' svg_div_bottom_height='50' svg_div_bottom_max_height='none' svg_div_bottom_opacity='' fold_type='' fold_height='' fold_more='Weiterlesen' fold_less='Read less' fold_text_style='' fold_btn_align='' color='alternate_color' background='bg_color' custom_bg='' background_gradient_direction='vertical' background_gradient_color1='' background_gradient_color2='' background_gradient_color3='' src='' attachment='' attachment_size='' attach='scroll' position='top center' repeat='stretch' video='' video_ratio='16:9' overlay_opacity='0.5' overlay_color='' overlay_pattern='' overlay_custom_pattern='' custom_arrow_bg='' fold_overlay_color='' fold_text_color='' fold_btn_color='theme-color' fold_btn_bg_color='' fold_btn_font_color='' size-btn-text='' av-desktop-font-size-btn-text='' av-medium-font-size-btn-text='' av-small-font-size-btn-text='' av-mini-font-size-btn-text='' fold_timer='' z_index_fold='' css_position_z_index='' av-desktop-css_position_z_index='' av-medium-css_position_z_index='' av-small-css_position_z_index='' av-mini-css_position_z_index='' id='' custom_class='' template_class='' aria_label='' av_element_hidden_in_editor='0' av_uid='av-1q5tn' sc_version='1.0']\r\n\r\n[av_one_full first min_height='' vertical_alignment='av-align-top' space='' row_boxshadow_width='10' row_boxshadow_color='' margin='0px' margin_sync='true' av-desktop-margin='' av-desktop-margin_sync='true' av-medium-margin='' av-medium-margin_sync='true' av-small-margin='' av-small-margin_sync='true' av-mini-margin='' av-mini-margin_sync='true' mobile_breaking='' mobile_column_order='' border='' border_style='solid' border_color='' radius='0px' radius_sync='true' min_col_height='' padding='0px' padding_sync='true' av-desktop-padding='' av-desktop-padding_sync='true' av-medium-padding='' av-medium-padding_sync='true' av-small-padding='' av-small-padding_sync='true' av-mini-padding='' av-mini-padding_sync='true' svg_div_top='' svg_div_top_color='#333333' svg_div_top_width='100' svg_div_top_height='50' svg_div_top_max_height='none' svg_div_top_opacity='' svg_div_bottom='' svg_div_bottom_color='#333333' svg_div_bottom_width='100' svg_div_bottom_height='50' svg_div_bottom_max_height='none' svg_div_bottom_opacity='' fold_type='' fold_height='' fold_more='Weiterlesen' fold_less='Read less' fold_text_style='' fold_btn_align='' column_boxshadow_width='10' column_boxshadow_color='' background='bg_color' background_color='' background_gradient_direction='vertical' background_gradient_color1='' background_gradient_color2='' background_gradient_color3='' src='' attachment='' attachment_size='' background_position='top left' background_repeat='no-repeat' highlight_size='1.1' fold_overlay_color='' fold_text_color='' fold_btn_color='theme-color' fold_btn_bg_color='' fold_btn_font_color='' size-btn-text='' av-desktop-font-size-btn-text='' av-medium-font-size-btn-text='' av-small-font-size-btn-text='' av-mini-font-size-btn-text='' animation='bottom-to-top' animation_duration='' animation_custom_bg_color='' animation_z_index_curtain='100' parallax_parallax='' parallax_parallax_speed='' av-desktop-parallax_parallax='' av-desktop-parallax_parallax_speed='' av-medium-parallax_parallax='' av-medium-parallax_parallax_speed='' av-small-parallax_parallax='' av-small-parallax_parallax_speed='' av-mini-parallax_parallax='' av-mini-parallax_parallax_speed='' fold_timer='' z_index_fold='' css_position='' css_position_location=',,,' css_position_z_index='' av-desktop-css_position='' av-desktop-css_position_location=',,,' av-desktop-css_position_z_index='' av-medium-css_position='' av-medium-css_position_location=',,,' av-medium-css_position_z_index='' av-small-css_position='' av-small-css_position_location=',,,' av-small-css_position_z_index='' av-mini-css_position='' av-mini-css_position_location=',,,' av-mini-css_position_z_index='' link='' linktarget='' link_hover='' title_attr='' alt_attr='' mobile_display='' mobile_col_pos='0' id='' custom_class='' template_class='' aria_label='' av_uid='av-10hqz' sc_version='1.0']\r\n\r\n[pixel_sc_headline heading='Contact' heading_tag='span' subheading_check='' subheading='' subheading_tag='h3' align='left' heading_alias='-h1' heading_class='' subheading_alias='' subheading_class='' heading_position='' primary_color='color-white' secondary_color='' stroke='' custom_class='' av_uid='av-kfgpm48q'][\/pixel_sc_headline]\r\n\r\n[av_codeblock wrapper_element='' wrapper_element_attributes='' codeblock_type='' deactivate_wrapper='aviaTBdeactivate_wrapper' alb_description='' id='' custom_class='' av_uid='av-kfgonev4']\r\n[contact-form-7 id=\"98\" title=\"Standard\"]\r\n[\/av_codeblock]\r\n\r\n[\/av_one_full][\/av_section]<\/p>\n","protected":false},"excerpt":{"rendered":"","protected":false},"author":1,"featured_media":0,"parent":132607,"menu_order":1,"comment_status":"closed","ping_status":"closed","template":"","meta":{"_acf_changed":false,"footnotes":""},"class_list":["post-132716","page","type-page","status-publish","hentry"],"acf":[],"yoast_head":"<!-- This site is optimized with the Yoast SEO plugin v22.6 - https:\/\/yoast.com\/wordpress\/plugins\/seo\/ -->\n<title>Durabilit\u00e9 - August Graef GNU<\/title>\n<meta name=\"description\" content=\"Responsabilit\u00e9 pour les g\u00e9n\u00e9rations futures - Apprenez-en plus sur la gestion des ressources et de l&#039;environnement de GNU ici !\" \/>\n<meta name=\"robots\" content=\"index, follow, max-snippet:-1, max-image-preview:large, max-video-preview:-1\" \/>\n<link rel=\"canonical\" href=\"https:\/\/graef-gnu.com\/fr\/entreprise\/durabilite\/\" \/>\n<meta property=\"og:locale\" content=\"fr_FR\" \/>\n<meta property=\"og:type\" content=\"article\" \/>\n<meta property=\"og:title\" content=\"Durabilit\u00e9 - August Graef GNU\" \/>\n<meta property=\"og:description\" content=\"Responsabilit\u00e9 pour les g\u00e9n\u00e9rations futures - Apprenez-en plus sur la gestion des ressources et de l&#039;environnement de GNU ici !\" \/>\n<meta property=\"og:url\" content=\"https:\/\/graef-gnu.com\/fr\/entreprise\/durabilite\/\" \/>\n<meta property=\"og:site_name\" content=\"August Graef GNU\" \/>\n<meta property=\"article:modified_time\" content=\"2024-04-30T13:42:04+00:00\" \/>\n<meta name=\"twitter:card\" content=\"summary_large_image\" \/>\n<meta name=\"twitter:label1\" content=\"Dur\u00e9e de lecture estim\u00e9e\" \/>\n\t<meta name=\"twitter:data1\" content=\"14 minutes\" \/>\n<script type=\"application\/ld+json\" class=\"yoast-schema-graph\">{\"@context\":\"https:\/\/schema.org\",\"@graph\":[{\"@type\":\"WebPage\",\"@id\":\"https:\/\/graef-gnu.com\/fr\/entreprise\/durabilite\/\",\"url\":\"https:\/\/graef-gnu.com\/fr\/entreprise\/durabilite\/\",\"name\":\"Durabilit\u00e9 - August Graef GNU\",\"isPartOf\":{\"@id\":\"https:\/\/graef-gnu.com\/#website\"},\"datePublished\":\"2021-10-04T13:26:23+00:00\",\"dateModified\":\"2024-04-30T13:42:04+00:00\",\"description\":\"Responsabilit\u00e9 pour les g\u00e9n\u00e9rations futures - Apprenez-en plus sur la gestion des ressources et de l'environnement de GNU ici !\",\"breadcrumb\":{\"@id\":\"https:\/\/graef-gnu.com\/fr\/entreprise\/durabilite\/#breadcrumb\"},\"inLanguage\":\"fr-FR\",\"potentialAction\":[{\"@type\":\"ReadAction\",\"target\":[\"https:\/\/graef-gnu.com\/fr\/entreprise\/durabilite\/\"]}]},{\"@type\":\"BreadcrumbList\",\"@id\":\"https:\/\/graef-gnu.com\/fr\/entreprise\/durabilite\/#breadcrumb\",\"itemListElement\":[{\"@type\":\"ListItem\",\"position\":1,\"name\":\"Startseite\",\"item\":\"https:\/\/graef-gnu.com\/fr\/\"},{\"@type\":\"ListItem\",\"position\":2,\"name\":\"Entreprise\",\"item\":\"https:\/\/graef-gnu.com\/fr\/entreprise\/\"},{\"@type\":\"ListItem\",\"position\":3,\"name\":\"Durabilit\u00e9\"}]},{\"@type\":\"WebSite\",\"@id\":\"https:\/\/graef-gnu.com\/#website\",\"url\":\"https:\/\/graef-gnu.com\/\",\"name\":\"August Graef GNU\",\"description\":\"\",\"potentialAction\":[{\"@type\":\"SearchAction\",\"target\":{\"@type\":\"EntryPoint\",\"urlTemplate\":\"https:\/\/graef-gnu.com\/?s={search_term_string}\"},\"query-input\":\"required name=search_term_string\"}],\"inLanguage\":\"fr-FR\"}]}<\/script>\n<!-- \/ Yoast SEO plugin. -->","yoast_head_json":{"title":"Durabilit\u00e9 - August Graef GNU","description":"Responsabilit\u00e9 pour les g\u00e9n\u00e9rations futures - Apprenez-en plus sur la gestion des ressources et de l'environnement de GNU ici !","robots":{"index":"index","follow":"follow","max-snippet":"max-snippet:-1","max-image-preview":"max-image-preview:large","max-video-preview":"max-video-preview:-1"},"canonical":"https:\/\/graef-gnu.com\/fr\/entreprise\/durabilite\/","og_locale":"fr_FR","og_type":"article","og_title":"Durabilit\u00e9 - August Graef GNU","og_description":"Responsabilit\u00e9 pour les g\u00e9n\u00e9rations futures - Apprenez-en plus sur la gestion des ressources et de l'environnement de GNU ici !","og_url":"https:\/\/graef-gnu.com\/fr\/entreprise\/durabilite\/","og_site_name":"August Graef GNU","article_modified_time":"2024-04-30T13:42:04+00:00","twitter_card":"summary_large_image","twitter_misc":{"Dur\u00e9e de lecture estim\u00e9e":"14 minutes"},"schema":{"@context":"https:\/\/schema.org","@graph":[{"@type":"WebPage","@id":"https:\/\/graef-gnu.com\/fr\/entreprise\/durabilite\/","url":"https:\/\/graef-gnu.com\/fr\/entreprise\/durabilite\/","name":"Durabilit\u00e9 - August Graef GNU","isPartOf":{"@id":"https:\/\/graef-gnu.com\/#website"},"datePublished":"2021-10-04T13:26:23+00:00","dateModified":"2024-04-30T13:42:04+00:00","description":"Responsabilit\u00e9 pour les g\u00e9n\u00e9rations futures - Apprenez-en plus sur la gestion des ressources et de l'environnement de GNU ici !","breadcrumb":{"@id":"https:\/\/graef-gnu.com\/fr\/entreprise\/durabilite\/#breadcrumb"},"inLanguage":"fr-FR","potentialAction":[{"@type":"ReadAction","target":["https:\/\/graef-gnu.com\/fr\/entreprise\/durabilite\/"]}]},{"@type":"BreadcrumbList","@id":"https:\/\/graef-gnu.com\/fr\/entreprise\/durabilite\/#breadcrumb","itemListElement":[{"@type":"ListItem","position":1,"name":"Startseite","item":"https:\/\/graef-gnu.com\/fr\/"},{"@type":"ListItem","position":2,"name":"Entreprise","item":"https:\/\/graef-gnu.com\/fr\/entreprise\/"},{"@type":"ListItem","position":3,"name":"Durabilit\u00e9"}]},{"@type":"WebSite","@id":"https:\/\/graef-gnu.com\/#website","url":"https:\/\/graef-gnu.com\/","name":"August Graef GNU","description":"","potentialAction":[{"@type":"SearchAction","target":{"@type":"EntryPoint","urlTemplate":"https:\/\/graef-gnu.com\/?s={search_term_string}"},"query-input":"required name=search_term_string"}],"inLanguage":"fr-FR"}]}},"_links":{"self":[{"href":"https:\/\/graef-gnu.com\/fr\/wp-json\/wp\/v2\/pages\/132716","targetHints":{"allow":["GET"]}}],"collection":[{"href":"https:\/\/graef-gnu.com\/fr\/wp-json\/wp\/v2\/pages"}],"about":[{"href":"https:\/\/graef-gnu.com\/fr\/wp-json\/wp\/v2\/types\/page"}],"author":[{"embeddable":true,"href":"https:\/\/graef-gnu.com\/fr\/wp-json\/wp\/v2\/users\/1"}],"replies":[{"embeddable":true,"href":"https:\/\/graef-gnu.com\/fr\/wp-json\/wp\/v2\/comments?post=132716"}],"version-history":[{"count":14,"href":"https:\/\/graef-gnu.com\/fr\/wp-json\/wp\/v2\/pages\/132716\/revisions"}],"predecessor-version":[{"id":176153,"href":"https:\/\/graef-gnu.com\/fr\/wp-json\/wp\/v2\/pages\/132716\/revisions\/176153"}],"up":[{"embeddable":true,"href":"https:\/\/graef-gnu.com\/fr\/wp-json\/wp\/v2\/pages\/132607"}],"wp:attachment":[{"href":"https:\/\/graef-gnu.com\/fr\/wp-json\/wp\/v2\/media?parent=132716"}],"curies":[{"name":"wp","href":"https:\/\/api.w.org\/{rel}","templated":true}]}}