{"id":134771,"date":"2021-02-11T11:04:28","date_gmt":"2021-10-05T08:46:23","guid":{"rendered":"https:\/\/www.graef-gnu.com\/produkt\/gnu-b2\/"},"modified":"2024-05-28T09:45:26","modified_gmt":"2024-05-28T07:45:26","slug":"gnu-b2-2","status":"publish","type":"product","link":"https:\/\/graef-gnu.com\/fr\/produkt\/gnu-b2-2\/","title":{"rendered":"GNU B2"},"content":{"rendered":"<p>GNU B2 aide \u00e0 faciliter et \u00e0 pr\u00e9parer le pliage ult\u00e9rieur en comprimant en plus du froissement. Le GNU B2 est certifi\u00e9 s\u00fbr pour la production de bo\u00eetes pliantes destin\u00e9es \u00e0 l&#8217;alimentation.<\/p>\n","protected":false},"excerpt":{"rendered":"<p>GNU B2 aide \u00e0 faciliter et \u00e0 pr\u00e9parer le pliage ult\u00e9rieur en comprimant en plus du froissement.<\/p>\n","protected":false},"featured_media":134020,"template":"","meta":{"_acf_changed":false},"product_cat":[6709],"product_tag":[],"class_list":{"0":"post-134771","1":"product","2":"type-product","3":"status-publish","4":"has-post-thumbnail","6":"product_group-profiles-fr","7":"product_cat-materiaux-dejection","8":"pa_ablaengung-rouleau","9":"pa_hoehe-6-mm-5-mm-fr","10":"pa_hoehe-64-mm-fr","11":"pa_hoehe-70-mm-fr","12":"pa_hoehe-75-mm-fr","13":"pa_profilbreite-12-mm-fr","15":"first","16":"instock","17":"purchasable","18":"product-type-variable"},"acf":[],"yoast_head":"<!-- This site is optimized with the Yoast SEO plugin v22.6 - https:\/\/yoast.com\/wordpress\/plugins\/seo\/ -->\n<title>GNU B2 - August Graef GNU<\/title>\n<meta name=\"description\" content=\"NU B2 aide \u00e0 faciliter et \u00e0 pr\u00e9parer le pliage ult\u00e9rieur en comprimant en plus des plis - En savoir plus ici !\" \/>\n<meta name=\"robots\" content=\"index, follow, max-snippet:-1, max-image-preview:large, max-video-preview:-1\" \/>\n<link rel=\"canonical\" href=\"https:\/\/graef-gnu.com\/fr\/produkt\/gnu-b2-2\/\" \/>\n<meta property=\"og:locale\" content=\"fr_FR\" \/>\n<meta property=\"og:type\" content=\"article\" \/>\n<meta property=\"og:title\" content=\"GNU B2 - August Graef GNU\" \/>\n<meta property=\"og:description\" content=\"NU B2 aide \u00e0 faciliter et \u00e0 pr\u00e9parer le pliage ult\u00e9rieur en comprimant en plus des plis - En savoir plus ici !\" \/>\n<meta property=\"og:url\" content=\"https:\/\/graef-gnu.com\/fr\/produkt\/gnu-b2-2\/\" \/>\n<meta property=\"og:site_name\" content=\"August Graef GNU\" \/>\n<meta property=\"article:modified_time\" content=\"2024-05-28T07:45:26+00:00\" \/>\n<meta property=\"og:image\" content=\"https:\/\/graef-gnu.com\/wp-content\/uploads\/gnu_b2.jpg\" \/>\n\t<meta property=\"og:image:width\" content=\"890\" \/>\n\t<meta property=\"og:image:height\" content=\"300\" \/>\n\t<meta property=\"og:image:type\" content=\"image\/jpeg\" \/>\n<meta name=\"twitter:card\" content=\"summary_large_image\" \/>\n<script type=\"application\/ld+json\" class=\"yoast-schema-graph\">{\"@context\":\"https:\/\/schema.org\",\"@graph\":[{\"@type\":\"WebPage\",\"@id\":\"https:\/\/graef-gnu.com\/fr\/produkt\/gnu-b2-2\/\",\"url\":\"https:\/\/graef-gnu.com\/fr\/produkt\/gnu-b2-2\/\",\"name\":\"GNU B2 - August Graef GNU\",\"isPartOf\":{\"@id\":\"https:\/\/graef-gnu.com\/#website\"},\"primaryImageOfPage\":{\"@id\":\"https:\/\/graef-gnu.com\/fr\/produkt\/gnu-b2-2\/#primaryimage\"},\"image\":{\"@id\":\"https:\/\/graef-gnu.com\/fr\/produkt\/gnu-b2-2\/#primaryimage\"},\"thumbnailUrl\":\"https:\/\/graef-gnu.com\/wp-content\/uploads\/gnu_b2.jpg\",\"datePublished\":\"2021-10-05T08:46:23+00:00\",\"dateModified\":\"2024-05-28T07:45:26+00:00\",\"description\":\"NU B2 aide \u00e0 faciliter et \u00e0 pr\u00e9parer le pliage ult\u00e9rieur en comprimant en plus des plis - En savoir plus ici !\",\"breadcrumb\":{\"@id\":\"https:\/\/graef-gnu.com\/fr\/produkt\/gnu-b2-2\/#breadcrumb\"},\"inLanguage\":\"fr-FR\",\"potentialAction\":[{\"@type\":\"ReadAction\",\"target\":[\"https:\/\/graef-gnu.com\/fr\/produkt\/gnu-b2-2\/\"]}]},{\"@type\":\"ImageObject\",\"inLanguage\":\"fr-FR\",\"@id\":\"https:\/\/graef-gnu.com\/fr\/produkt\/gnu-b2-2\/#primaryimage\",\"url\":\"https:\/\/graef-gnu.com\/wp-content\/uploads\/gnu_b2.jpg\",\"contentUrl\":\"https:\/\/graef-gnu.com\/wp-content\/uploads\/gnu_b2.jpg\",\"width\":890,\"height\":300},{\"@type\":\"BreadcrumbList\",\"@id\":\"https:\/\/graef-gnu.com\/fr\/produkt\/gnu-b2-2\/#breadcrumb\",\"itemListElement\":[{\"@type\":\"ListItem\",\"position\":1,\"name\":\"Startseite\",\"item\":\"https:\/\/graef-gnu.com\/fr\/\"},{\"@type\":\"ListItem\",\"position\":2,\"name\":\"Formes \u00e0 plat\",\"item\":\"https:\/\/graef-gnu.com\/fr\/formes-a-plat\/\"},{\"@type\":\"ListItem\",\"position\":3,\"name\":\"GNU B2\"}]},{\"@type\":\"WebSite\",\"@id\":\"https:\/\/graef-gnu.com\/#website\",\"url\":\"https:\/\/graef-gnu.com\/\",\"name\":\"August Graef GNU\",\"description\":\"\",\"potentialAction\":[{\"@type\":\"SearchAction\",\"target\":{\"@type\":\"EntryPoint\",\"urlTemplate\":\"https:\/\/graef-gnu.com\/?s={search_term_string}\"},\"query-input\":\"required name=search_term_string\"}],\"inLanguage\":\"fr-FR\"}]}<\/script>\n<!-- \/ Yoast SEO plugin. -->","yoast_head_json":{"title":"GNU B2 - August Graef GNU","description":"NU B2 aide \u00e0 faciliter et \u00e0 pr\u00e9parer le pliage ult\u00e9rieur en comprimant en plus des plis - En savoir plus ici !","robots":{"index":"index","follow":"follow","max-snippet":"max-snippet:-1","max-image-preview":"max-image-preview:large","max-video-preview":"max-video-preview:-1"},"canonical":"https:\/\/graef-gnu.com\/fr\/produkt\/gnu-b2-2\/","og_locale":"fr_FR","og_type":"article","og_title":"GNU B2 - August Graef GNU","og_description":"NU B2 aide \u00e0 faciliter et \u00e0 pr\u00e9parer le pliage ult\u00e9rieur en comprimant en plus des plis - En savoir plus ici !","og_url":"https:\/\/graef-gnu.com\/fr\/produkt\/gnu-b2-2\/","og_site_name":"August Graef GNU","article_modified_time":"2024-05-28T07:45:26+00:00","og_image":[{"width":890,"height":300,"url":"https:\/\/graef-gnu.com\/wp-content\/uploads\/gnu_b2.jpg","type":"image\/jpeg"}],"twitter_card":"summary_large_image","schema":{"@context":"https:\/\/schema.org","@graph":[{"@type":"WebPage","@id":"https:\/\/graef-gnu.com\/fr\/produkt\/gnu-b2-2\/","url":"https:\/\/graef-gnu.com\/fr\/produkt\/gnu-b2-2\/","name":"GNU B2 - August Graef GNU","isPartOf":{"@id":"https:\/\/graef-gnu.com\/#website"},"primaryImageOfPage":{"@id":"https:\/\/graef-gnu.com\/fr\/produkt\/gnu-b2-2\/#primaryimage"},"image":{"@id":"https:\/\/graef-gnu.com\/fr\/produkt\/gnu-b2-2\/#primaryimage"},"thumbnailUrl":"https:\/\/graef-gnu.com\/wp-content\/uploads\/gnu_b2.jpg","datePublished":"2021-10-05T08:46:23+00:00","dateModified":"2024-05-28T07:45:26+00:00","description":"NU B2 aide \u00e0 faciliter et \u00e0 pr\u00e9parer le pliage ult\u00e9rieur en comprimant en plus des plis - En savoir plus ici !","breadcrumb":{"@id":"https:\/\/graef-gnu.com\/fr\/produkt\/gnu-b2-2\/#breadcrumb"},"inLanguage":"fr-FR","potentialAction":[{"@type":"ReadAction","target":["https:\/\/graef-gnu.com\/fr\/produkt\/gnu-b2-2\/"]}]},{"@type":"ImageObject","inLanguage":"fr-FR","@id":"https:\/\/graef-gnu.com\/fr\/produkt\/gnu-b2-2\/#primaryimage","url":"https:\/\/graef-gnu.com\/wp-content\/uploads\/gnu_b2.jpg","contentUrl":"https:\/\/graef-gnu.com\/wp-content\/uploads\/gnu_b2.jpg","width":890,"height":300},{"@type":"BreadcrumbList","@id":"https:\/\/graef-gnu.com\/fr\/produkt\/gnu-b2-2\/#breadcrumb","itemListElement":[{"@type":"ListItem","position":1,"name":"Startseite","item":"https:\/\/graef-gnu.com\/fr\/"},{"@type":"ListItem","position":2,"name":"Formes \u00e0 plat","item":"https:\/\/graef-gnu.com\/fr\/formes-a-plat\/"},{"@type":"ListItem","position":3,"name":"GNU B2"}]},{"@type":"WebSite","@id":"https:\/\/graef-gnu.com\/#website","url":"https:\/\/graef-gnu.com\/","name":"August Graef GNU","description":"","potentialAction":[{"@type":"SearchAction","target":{"@type":"EntryPoint","urlTemplate":"https:\/\/graef-gnu.com\/?s={search_term_string}"},"query-input":"required name=search_term_string"}],"inLanguage":"fr-FR"}]}},"_links":{"self":[{"href":"https:\/\/graef-gnu.com\/fr\/wp-json\/wp\/v2\/product\/134771","targetHints":{"allow":["GET"]}}],"collection":[{"href":"https:\/\/graef-gnu.com\/fr\/wp-json\/wp\/v2\/product"}],"about":[{"href":"https:\/\/graef-gnu.com\/fr\/wp-json\/wp\/v2\/types\/product"}],"wp:featuredmedia":[{"embeddable":true,"href":"https:\/\/graef-gnu.com\/fr\/wp-json\/wp\/v2\/media\/134020"}],"wp:attachment":[{"href":"https:\/\/graef-gnu.com\/fr\/wp-json\/wp\/v2\/media?parent=134771"}],"wp:term":[{"taxonomy":"product_cat","embeddable":true,"href":"https:\/\/graef-gnu.com\/fr\/wp-json\/wp\/v2\/product_cat?post=134771"},{"taxonomy":"product_tag","embeddable":true,"href":"https:\/\/graef-gnu.com\/fr\/wp-json\/wp\/v2\/product_tag?post=134771"}],"curies":[{"name":"wp","href":"https:\/\/api.w.org\/{rel}","templated":true}]}}