{"id":134883,"date":"2021-02-11T11:03:13","date_gmt":"2021-10-05T08:46:38","guid":{"rendered":"https:\/\/www.graef-gnu.com\/produkt\/perftec-easyfold-r\/"},"modified":"2021-10-05T10:46:38","modified_gmt":"2021-10-05T08:46:38","slug":"perftec-easyfold-r-2","status":"publish","type":"product","link":"https:\/\/graef-gnu.com\/fr\/produkt\/perftec-easyfold-r-2\/","title":{"rendered":"Perftec<sup>&reg;<\/sup>-EasyFold R"},"content":{"rendered":"<p>Perftec<sup>&reg;<\/sup>-EasyFold R : perforation sp\u00e9ciale d&#8217;ouverture par d\u00e9chirement sp\u00e9cialement d\u00e9velopp\u00e9e pour le commerce de gros et de d\u00e9tail, qui facilite l&#8217;ouverture par d\u00e9chirement du carton et couvre une large gamme de types et d&#8217;\u00e9paisseurs de mat\u00e9riaux. \u00c9galement disponible en version courb\u00e9e dans tous les diam\u00e8tres.<\/p>\n","protected":false},"excerpt":{"rendered":"<p>Perftec<sup>&reg;<\/sup>-EasyFold R : perforation sp\u00e9ciale d&#8217;ouverture par d\u00e9chirement sp\u00e9cialement d\u00e9velopp\u00e9e pour le commerce de gros et de d\u00e9tail, qui facilite l&#8217;ouverture par d\u00e9chirement du carton et couvre une large gamme de types et d&#8217;\u00e9paisseurs de mat\u00e9riaux.<\/p>\n","protected":false},"featured_media":133469,"template":"","meta":{"_acf_changed":false},"product_cat":[6717],"product_tag":[],"class_list":{"0":"post-134883","1":"product","2":"type-product","3":"status-publish","4":"has-post-thumbnail","6":"product_group-perforer-fr","7":"product_cat-poinconnage-rotatif","8":"pa_ablaengung-a-1-m-fr","9":"pa_hoehe-246-mm-fr","10":"pa_hoehe-246-mm-fr-2","11":"pa_hoehe-248-mm-fr","12":"pa_hoehe-251-mm-fr","13":"pa_hoehe-254-mm-fr","14":"pa_hoehe-264-mm-fr","15":"pa_nuten-avec-encoches","16":"pa_nuten-n-a-fr","17":"pa_staerke-breite-142-mm-fr","18":"pa_teilung-12-fr","19":"pa_teilung-3-fr","20":"pa_teilung-3pc-fr","21":"pa_teilung-6-fr","22":"pa_teilung-6pc-fr","23":"pa_teilung-9-fr","24":"pa_teilung-bwf-fr","25":"pa_teilung-bxf-fr","26":"pa_teilung-ewf-fr","27":"pa_teilung-exf-fr","28":"pa_teilung-standard-fr","29":"pa_teilung-ultimate-fr","30":"pa_zaehne-12-tpi-fr","32":"first","33":"instock","34":"purchasable","35":"product-type-variable"},"acf":[],"yoast_head":"<!-- This site is optimized with the Yoast SEO plugin v22.6 - https:\/\/yoast.com\/wordpress\/plugins\/seo\/ -->\n<title>Perftec&reg;-EasyFold R - August Graef GNU<\/title>\n<meta name=\"description\" content=\"Perforation sp\u00e9ciale d\u00e9chirure pour une ouverture facile des cartons \u2705 \u00c9galement disponible courb\u00e9 dans tous les diam\u00e8tres \u2705 Informez-vous ici !\" \/>\n<meta name=\"robots\" content=\"index, follow, max-snippet:-1, max-image-preview:large, max-video-preview:-1\" \/>\n<link rel=\"canonical\" href=\"https:\/\/graef-gnu.com\/produkt\/perftec-easyfold-r\/\" \/>\n<meta property=\"og:locale\" content=\"fr_FR\" \/>\n<meta property=\"og:type\" content=\"article\" \/>\n<meta property=\"og:title\" content=\"Perftec&reg;-EasyFold R - August Graef GNU\" \/>\n<meta property=\"og:description\" content=\"Perforation sp\u00e9ciale d\u00e9chirure pour une ouverture facile des cartons \u2705 \u00c9galement disponible courb\u00e9 dans tous les diam\u00e8tres \u2705 Informez-vous ici !\" \/>\n<meta property=\"og:url\" content=\"https:\/\/graef-gnu.com\/produkt\/perftec-easyfold-r\/\" \/>\n<meta property=\"og:site_name\" content=\"August Graef GNU\" \/>\n<meta property=\"og:image\" content=\"https:\/\/graef-gnu.com\/wp-content\/uploads\/gnu-fold-6-r.jpg\" \/>\n\t<meta property=\"og:image:width\" content=\"890\" \/>\n\t<meta property=\"og:image:height\" content=\"300\" \/>\n\t<meta property=\"og:image:type\" content=\"image\/jpeg\" \/>\n<meta name=\"twitter:card\" content=\"summary_large_image\" \/>\n<script type=\"application\/ld+json\" class=\"yoast-schema-graph\">{\"@context\":\"https:\/\/schema.org\",\"@graph\":[{\"@type\":\"WebPage\",\"@id\":\"https:\/\/graef-gnu.com\/produkt\/perftec-easyfold-r\/\",\"url\":\"https:\/\/graef-gnu.com\/produkt\/perftec-easyfold-r\/\",\"name\":\"Perftec&reg;-EasyFold R - August Graef GNU\",\"isPartOf\":{\"@id\":\"https:\/\/graef-gnu.com\/#website\"},\"primaryImageOfPage\":{\"@id\":\"https:\/\/graef-gnu.com\/produkt\/perftec-easyfold-r\/#primaryimage\"},\"image\":{\"@id\":\"https:\/\/graef-gnu.com\/produkt\/perftec-easyfold-r\/#primaryimage\"},\"thumbnailUrl\":\"https:\/\/graef-gnu.com\/wp-content\/uploads\/gnu-fold-6-r.jpg\",\"datePublished\":\"2021-10-05T08:46:38+00:00\",\"dateModified\":\"2021-10-05T08:46:38+00:00\",\"description\":\"Perforation sp\u00e9ciale d\u00e9chirure pour une ouverture facile des cartons \u2705 \u00c9galement disponible courb\u00e9 dans tous les diam\u00e8tres \u2705 Informez-vous ici !\",\"breadcrumb\":{\"@id\":\"https:\/\/graef-gnu.com\/produkt\/perftec-easyfold-r\/#breadcrumb\"},\"inLanguage\":\"fr-FR\",\"potentialAction\":[{\"@type\":\"ReadAction\",\"target\":[\"https:\/\/graef-gnu.com\/produkt\/perftec-easyfold-r\/\"]}]},{\"@type\":\"ImageObject\",\"inLanguage\":\"fr-FR\",\"@id\":\"https:\/\/graef-gnu.com\/produkt\/perftec-easyfold-r\/#primaryimage\",\"url\":\"https:\/\/graef-gnu.com\/wp-content\/uploads\/gnu-fold-6-r.jpg\",\"contentUrl\":\"https:\/\/graef-gnu.com\/wp-content\/uploads\/gnu-fold-6-r.jpg\",\"width\":890,\"height\":300},{\"@type\":\"BreadcrumbList\",\"@id\":\"https:\/\/graef-gnu.com\/produkt\/perftec-easyfold-r\/#breadcrumb\",\"itemListElement\":[{\"@type\":\"ListItem\",\"position\":1,\"name\":\"Startseite\",\"item\":\"https:\/\/graef-gnu.com\/fr\/\"},{\"@type\":\"ListItem\",\"position\":2,\"name\":\"Formes \u00e0 plat\",\"item\":\"https:\/\/graef-gnu.com\/fr\/formes-a-plat\/\"},{\"@type\":\"ListItem\",\"position\":3,\"name\":\"Perftec&reg;-EasyFold R\"}]},{\"@type\":\"WebSite\",\"@id\":\"https:\/\/graef-gnu.com\/#website\",\"url\":\"https:\/\/graef-gnu.com\/\",\"name\":\"August Graef GNU\",\"description\":\"\",\"potentialAction\":[{\"@type\":\"SearchAction\",\"target\":{\"@type\":\"EntryPoint\",\"urlTemplate\":\"https:\/\/graef-gnu.com\/?s={search_term_string}\"},\"query-input\":\"required name=search_term_string\"}],\"inLanguage\":\"fr-FR\"}]}<\/script>\n<!-- \/ Yoast SEO plugin. -->","yoast_head_json":{"title":"Perftec&reg;-EasyFold R - August Graef GNU","description":"Perforation sp\u00e9ciale d\u00e9chirure pour une ouverture facile des cartons \u2705 \u00c9galement disponible courb\u00e9 dans tous les diam\u00e8tres \u2705 Informez-vous ici !","robots":{"index":"index","follow":"follow","max-snippet":"max-snippet:-1","max-image-preview":"max-image-preview:large","max-video-preview":"max-video-preview:-1"},"canonical":"https:\/\/graef-gnu.com\/produkt\/perftec-easyfold-r\/","og_locale":"fr_FR","og_type":"article","og_title":"Perftec&reg;-EasyFold R - August Graef GNU","og_description":"Perforation sp\u00e9ciale d\u00e9chirure pour une ouverture facile des cartons \u2705 \u00c9galement disponible courb\u00e9 dans tous les diam\u00e8tres \u2705 Informez-vous ici !","og_url":"https:\/\/graef-gnu.com\/produkt\/perftec-easyfold-r\/","og_site_name":"August Graef GNU","og_image":[{"width":890,"height":300,"url":"https:\/\/graef-gnu.com\/wp-content\/uploads\/gnu-fold-6-r.jpg","type":"image\/jpeg"}],"twitter_card":"summary_large_image","schema":{"@context":"https:\/\/schema.org","@graph":[{"@type":"WebPage","@id":"https:\/\/graef-gnu.com\/produkt\/perftec-easyfold-r\/","url":"https:\/\/graef-gnu.com\/produkt\/perftec-easyfold-r\/","name":"Perftec&reg;-EasyFold R - August Graef GNU","isPartOf":{"@id":"https:\/\/graef-gnu.com\/#website"},"primaryImageOfPage":{"@id":"https:\/\/graef-gnu.com\/produkt\/perftec-easyfold-r\/#primaryimage"},"image":{"@id":"https:\/\/graef-gnu.com\/produkt\/perftec-easyfold-r\/#primaryimage"},"thumbnailUrl":"https:\/\/graef-gnu.com\/wp-content\/uploads\/gnu-fold-6-r.jpg","datePublished":"2021-10-05T08:46:38+00:00","dateModified":"2021-10-05T08:46:38+00:00","description":"Perforation sp\u00e9ciale d\u00e9chirure pour une ouverture facile des cartons \u2705 \u00c9galement disponible courb\u00e9 dans tous les diam\u00e8tres \u2705 Informez-vous ici !","breadcrumb":{"@id":"https:\/\/graef-gnu.com\/produkt\/perftec-easyfold-r\/#breadcrumb"},"inLanguage":"fr-FR","potentialAction":[{"@type":"ReadAction","target":["https:\/\/graef-gnu.com\/produkt\/perftec-easyfold-r\/"]}]},{"@type":"ImageObject","inLanguage":"fr-FR","@id":"https:\/\/graef-gnu.com\/produkt\/perftec-easyfold-r\/#primaryimage","url":"https:\/\/graef-gnu.com\/wp-content\/uploads\/gnu-fold-6-r.jpg","contentUrl":"https:\/\/graef-gnu.com\/wp-content\/uploads\/gnu-fold-6-r.jpg","width":890,"height":300},{"@type":"BreadcrumbList","@id":"https:\/\/graef-gnu.com\/produkt\/perftec-easyfold-r\/#breadcrumb","itemListElement":[{"@type":"ListItem","position":1,"name":"Startseite","item":"https:\/\/graef-gnu.com\/fr\/"},{"@type":"ListItem","position":2,"name":"Formes \u00e0 plat","item":"https:\/\/graef-gnu.com\/fr\/formes-a-plat\/"},{"@type":"ListItem","position":3,"name":"Perftec&reg;-EasyFold R"}]},{"@type":"WebSite","@id":"https:\/\/graef-gnu.com\/#website","url":"https:\/\/graef-gnu.com\/","name":"August Graef GNU","description":"","potentialAction":[{"@type":"SearchAction","target":{"@type":"EntryPoint","urlTemplate":"https:\/\/graef-gnu.com\/?s={search_term_string}"},"query-input":"required name=search_term_string"}],"inLanguage":"fr-FR"}]}},"_links":{"self":[{"href":"https:\/\/graef-gnu.com\/fr\/wp-json\/wp\/v2\/product\/134883","targetHints":{"allow":["GET"]}}],"collection":[{"href":"https:\/\/graef-gnu.com\/fr\/wp-json\/wp\/v2\/product"}],"about":[{"href":"https:\/\/graef-gnu.com\/fr\/wp-json\/wp\/v2\/types\/product"}],"wp:featuredmedia":[{"embeddable":true,"href":"https:\/\/graef-gnu.com\/fr\/wp-json\/wp\/v2\/media\/133469"}],"wp:attachment":[{"href":"https:\/\/graef-gnu.com\/fr\/wp-json\/wp\/v2\/media?parent=134883"}],"wp:term":[{"taxonomy":"product_cat","embeddable":true,"href":"https:\/\/graef-gnu.com\/fr\/wp-json\/wp\/v2\/product_cat?post=134883"},{"taxonomy":"product_tag","embeddable":true,"href":"https:\/\/graef-gnu.com\/fr\/wp-json\/wp\/v2\/product_tag?post=134883"}],"curies":[{"name":"wp","href":"https:\/\/api.w.org\/{rel}","templated":true}]}}