{"id":134906,"date":"2021-02-11T11:04:25","date_gmt":"2021-10-05T08:46:42","guid":{"rendered":"https:\/\/www.graef-gnu.com\/produkt\/gnu-trapeze-autofix\/"},"modified":"2021-11-01T17:48:18","modified_gmt":"2021-11-01T16:48:18","slug":"gnu-trapez-autofix-2","status":"publish","type":"product","link":"https:\/\/graef-gnu.com\/fr\/produkt\/gnu-trapez-autofix-2\/","title":{"rendered":"GNU Trap\u00e8ze Autofix"},"content":{"rendered":"<p>GNU Trap\u00e8ze Autofix est extr\u00eamement r\u00e9sistant \u00e0 l&#8217;abrasion lorsqu&#8217;il est utilis\u00e9 aux fins pr\u00e9vues. La force de rappel et d&#8217;\u00e9jection sp\u00e9cialement r\u00e9gl\u00e9e permet d&#8217;obtenir un rainurage propre et un pliage ult\u00e9rieur \u00e0 des vitesses de machine \u00e9lev\u00e9es. Cette version auto-adh\u00e9sive d&#8217;Autofix a \u00e9t\u00e9 d\u00e9velopp\u00e9e dans un processus de production sp\u00e9cial pour r\u00e9sister \u00e0 des charges permanentes maximales et pour permettre des exigences telles qu&#8217;une application et un retrait rapides et faciles. GNU Trap\u00e8ze est certifi\u00e9 comme s\u00fbr pour la production de bo\u00eetes pliantes pour l&#8217;alimentation.<\/p>\n","protected":false},"excerpt":{"rendered":"<p>GNU Trapez Autofix est extr\u00eamement r\u00e9sistant \u00e0 l&#8217;abrasion lorsqu&#8217;il est utilis\u00e9 aux fins pr\u00e9vues. La force de rappel et d&#8217;\u00e9jection sp\u00e9cialement r\u00e9gl\u00e9e permet d&#8217;obtenir un rainurage propre et un pliage ult\u00e9rieur \u00e0 des vitesses de machine \u00e9lev\u00e9es.<\/p>\n","protected":false},"featured_media":133885,"template":"","meta":{"_acf_changed":false},"product_cat":[6709],"product_tag":[],"class_list":{"0":"post-134906","1":"product","2":"type-product","3":"status-publish","4":"has-post-thumbnail","6":"product_group-profiles-fr","7":"product_cat-materiaux-dejection","8":"pa_ablaengung-a-1-m-fr","9":"pa_hoehe-90-mm-x-60-mm-fr","10":"pa_profilbreite-12-mm-fr-2","12":"first","13":"instock","14":"purchasable","15":"product-type-simple"},"acf":[],"yoast_head":"<!-- This site is optimized with the Yoast SEO plugin v22.6 - https:\/\/yoast.com\/wordpress\/plugins\/seo\/ -->\n<title>GNU Trap\u00e8ze Autofix - August Graef GNU<\/title>\n<meta name=\"description\" content=\"GNU Trapez Autofix : auto-adh\u00e9sif \u2705 r\u00e9sistant aux charges permanentes maximales \u2705 adapt\u00e9 \u00e0 la production de bo\u00eetes pliantes pour l&#039;alimentation \u2705 Demande de renseignements ici !\" \/>\n<meta name=\"robots\" content=\"index, follow, max-snippet:-1, max-image-preview:large, max-video-preview:-1\" \/>\n<link rel=\"canonical\" href=\"https:\/\/graef-gnu.com\/produkt\/gnu-trapez-autofix\/\" \/>\n<meta property=\"og:locale\" content=\"fr_FR\" \/>\n<meta property=\"og:type\" content=\"article\" \/>\n<meta property=\"og:title\" content=\"GNU Trap\u00e8ze Autofix - August Graef GNU\" \/>\n<meta property=\"og:description\" content=\"GNU Trapez Autofix : auto-adh\u00e9sif \u2705 r\u00e9sistant aux charges permanentes maximales \u2705 adapt\u00e9 \u00e0 la production de bo\u00eetes pliantes pour l&#039;alimentation \u2705 Demande de renseignements ici !\" \/>\n<meta property=\"og:url\" content=\"https:\/\/graef-gnu.com\/produkt\/gnu-trapez-autofix\/\" \/>\n<meta property=\"og:site_name\" content=\"August Graef GNU\" \/>\n<meta property=\"article:modified_time\" content=\"2021-11-01T16:48:18+00:00\" \/>\n<meta property=\"og:image\" content=\"https:\/\/graef-gnu.com\/wp-content\/uploads\/gnu_trapez_autofix-3.jpg\" \/>\n\t<meta property=\"og:image:width\" content=\"890\" \/>\n\t<meta property=\"og:image:height\" content=\"300\" \/>\n\t<meta property=\"og:image:type\" content=\"image\/jpeg\" \/>\n<meta name=\"twitter:card\" content=\"summary_large_image\" \/>\n<meta name=\"twitter:label1\" content=\"Dur\u00e9e de lecture estim\u00e9e\" \/>\n\t<meta name=\"twitter:data1\" content=\"1 minute\" \/>\n<script type=\"application\/ld+json\" class=\"yoast-schema-graph\">{\"@context\":\"https:\/\/schema.org\",\"@graph\":[{\"@type\":\"WebPage\",\"@id\":\"https:\/\/graef-gnu.com\/produkt\/gnu-trapez-autofix\/\",\"url\":\"https:\/\/graef-gnu.com\/produkt\/gnu-trapez-autofix\/\",\"name\":\"GNU Trap\u00e8ze Autofix - August Graef GNU\",\"isPartOf\":{\"@id\":\"https:\/\/graef-gnu.com\/#website\"},\"primaryImageOfPage\":{\"@id\":\"https:\/\/graef-gnu.com\/produkt\/gnu-trapez-autofix\/#primaryimage\"},\"image\":{\"@id\":\"https:\/\/graef-gnu.com\/produkt\/gnu-trapez-autofix\/#primaryimage\"},\"thumbnailUrl\":\"https:\/\/graef-gnu.com\/wp-content\/uploads\/gnu_trapez_autofix-3.jpg\",\"datePublished\":\"2021-10-05T08:46:42+00:00\",\"dateModified\":\"2021-11-01T16:48:18+00:00\",\"description\":\"GNU Trapez Autofix : auto-adh\u00e9sif \u2705 r\u00e9sistant aux charges permanentes maximales \u2705 adapt\u00e9 \u00e0 la production de bo\u00eetes pliantes pour l'alimentation \u2705 Demande de renseignements ici !\",\"breadcrumb\":{\"@id\":\"https:\/\/graef-gnu.com\/produkt\/gnu-trapez-autofix\/#breadcrumb\"},\"inLanguage\":\"fr-FR\",\"potentialAction\":[{\"@type\":\"ReadAction\",\"target\":[\"https:\/\/graef-gnu.com\/produkt\/gnu-trapez-autofix\/\"]}]},{\"@type\":\"ImageObject\",\"inLanguage\":\"fr-FR\",\"@id\":\"https:\/\/graef-gnu.com\/produkt\/gnu-trapez-autofix\/#primaryimage\",\"url\":\"https:\/\/graef-gnu.com\/wp-content\/uploads\/gnu_trapez_autofix-3.jpg\",\"contentUrl\":\"https:\/\/graef-gnu.com\/wp-content\/uploads\/gnu_trapez_autofix-3.jpg\",\"width\":890,\"height\":300},{\"@type\":\"BreadcrumbList\",\"@id\":\"https:\/\/graef-gnu.com\/produkt\/gnu-trapez-autofix\/#breadcrumb\",\"itemListElement\":[{\"@type\":\"ListItem\",\"position\":1,\"name\":\"Startseite\",\"item\":\"https:\/\/graef-gnu.com\/fr\/\"},{\"@type\":\"ListItem\",\"position\":2,\"name\":\"Formes \u00e0 plat\",\"item\":\"https:\/\/graef-gnu.com\/fr\/formes-a-plat\/\"},{\"@type\":\"ListItem\",\"position\":3,\"name\":\"GNU Trap\u00e8ze Autofix\"}]},{\"@type\":\"WebSite\",\"@id\":\"https:\/\/graef-gnu.com\/#website\",\"url\":\"https:\/\/graef-gnu.com\/\",\"name\":\"August Graef GNU\",\"description\":\"\",\"potentialAction\":[{\"@type\":\"SearchAction\",\"target\":{\"@type\":\"EntryPoint\",\"urlTemplate\":\"https:\/\/graef-gnu.com\/?s={search_term_string}\"},\"query-input\":\"required name=search_term_string\"}],\"inLanguage\":\"fr-FR\"}]}<\/script>\n<!-- \/ Yoast SEO plugin. -->","yoast_head_json":{"title":"GNU Trap\u00e8ze Autofix - August Graef GNU","description":"GNU Trapez Autofix : auto-adh\u00e9sif \u2705 r\u00e9sistant aux charges permanentes maximales \u2705 adapt\u00e9 \u00e0 la production de bo\u00eetes pliantes pour l'alimentation \u2705 Demande de renseignements ici !","robots":{"index":"index","follow":"follow","max-snippet":"max-snippet:-1","max-image-preview":"max-image-preview:large","max-video-preview":"max-video-preview:-1"},"canonical":"https:\/\/graef-gnu.com\/produkt\/gnu-trapez-autofix\/","og_locale":"fr_FR","og_type":"article","og_title":"GNU Trap\u00e8ze Autofix - August Graef GNU","og_description":"GNU Trapez Autofix : auto-adh\u00e9sif \u2705 r\u00e9sistant aux charges permanentes maximales \u2705 adapt\u00e9 \u00e0 la production de bo\u00eetes pliantes pour l'alimentation \u2705 Demande de renseignements ici !","og_url":"https:\/\/graef-gnu.com\/produkt\/gnu-trapez-autofix\/","og_site_name":"August Graef GNU","article_modified_time":"2021-11-01T16:48:18+00:00","og_image":[{"width":890,"height":300,"url":"https:\/\/graef-gnu.com\/wp-content\/uploads\/gnu_trapez_autofix-3.jpg","type":"image\/jpeg"}],"twitter_card":"summary_large_image","twitter_misc":{"Dur\u00e9e de lecture estim\u00e9e":"1 minute"},"schema":{"@context":"https:\/\/schema.org","@graph":[{"@type":"WebPage","@id":"https:\/\/graef-gnu.com\/produkt\/gnu-trapez-autofix\/","url":"https:\/\/graef-gnu.com\/produkt\/gnu-trapez-autofix\/","name":"GNU Trap\u00e8ze Autofix - August Graef GNU","isPartOf":{"@id":"https:\/\/graef-gnu.com\/#website"},"primaryImageOfPage":{"@id":"https:\/\/graef-gnu.com\/produkt\/gnu-trapez-autofix\/#primaryimage"},"image":{"@id":"https:\/\/graef-gnu.com\/produkt\/gnu-trapez-autofix\/#primaryimage"},"thumbnailUrl":"https:\/\/graef-gnu.com\/wp-content\/uploads\/gnu_trapez_autofix-3.jpg","datePublished":"2021-10-05T08:46:42+00:00","dateModified":"2021-11-01T16:48:18+00:00","description":"GNU Trapez Autofix : auto-adh\u00e9sif \u2705 r\u00e9sistant aux charges permanentes maximales \u2705 adapt\u00e9 \u00e0 la production de bo\u00eetes pliantes pour l'alimentation \u2705 Demande de renseignements ici !","breadcrumb":{"@id":"https:\/\/graef-gnu.com\/produkt\/gnu-trapez-autofix\/#breadcrumb"},"inLanguage":"fr-FR","potentialAction":[{"@type":"ReadAction","target":["https:\/\/graef-gnu.com\/produkt\/gnu-trapez-autofix\/"]}]},{"@type":"ImageObject","inLanguage":"fr-FR","@id":"https:\/\/graef-gnu.com\/produkt\/gnu-trapez-autofix\/#primaryimage","url":"https:\/\/graef-gnu.com\/wp-content\/uploads\/gnu_trapez_autofix-3.jpg","contentUrl":"https:\/\/graef-gnu.com\/wp-content\/uploads\/gnu_trapez_autofix-3.jpg","width":890,"height":300},{"@type":"BreadcrumbList","@id":"https:\/\/graef-gnu.com\/produkt\/gnu-trapez-autofix\/#breadcrumb","itemListElement":[{"@type":"ListItem","position":1,"name":"Startseite","item":"https:\/\/graef-gnu.com\/fr\/"},{"@type":"ListItem","position":2,"name":"Formes \u00e0 plat","item":"https:\/\/graef-gnu.com\/fr\/formes-a-plat\/"},{"@type":"ListItem","position":3,"name":"GNU Trap\u00e8ze Autofix"}]},{"@type":"WebSite","@id":"https:\/\/graef-gnu.com\/#website","url":"https:\/\/graef-gnu.com\/","name":"August Graef GNU","description":"","potentialAction":[{"@type":"SearchAction","target":{"@type":"EntryPoint","urlTemplate":"https:\/\/graef-gnu.com\/?s={search_term_string}"},"query-input":"required name=search_term_string"}],"inLanguage":"fr-FR"}]}},"_links":{"self":[{"href":"https:\/\/graef-gnu.com\/fr\/wp-json\/wp\/v2\/product\/134906","targetHints":{"allow":["GET"]}}],"collection":[{"href":"https:\/\/graef-gnu.com\/fr\/wp-json\/wp\/v2\/product"}],"about":[{"href":"https:\/\/graef-gnu.com\/fr\/wp-json\/wp\/v2\/types\/product"}],"wp:featuredmedia":[{"embeddable":true,"href":"https:\/\/graef-gnu.com\/fr\/wp-json\/wp\/v2\/media\/133885"}],"wp:attachment":[{"href":"https:\/\/graef-gnu.com\/fr\/wp-json\/wp\/v2\/media?parent=134906"}],"wp:term":[{"taxonomy":"product_cat","embeddable":true,"href":"https:\/\/graef-gnu.com\/fr\/wp-json\/wp\/v2\/product_cat?post=134906"},{"taxonomy":"product_tag","embeddable":true,"href":"https:\/\/graef-gnu.com\/fr\/wp-json\/wp\/v2\/product_tag?post=134906"}],"curies":[{"name":"wp","href":"https:\/\/api.w.org\/{rel}","templated":true}]}}