{"id":134907,"date":"2021-02-11T10:57:40","date_gmt":"2021-10-05T08:46:42","guid":{"rendered":"https:\/\/www.graef-gnu.com\/produkt\/creasetec\/"},"modified":"2021-11-01T17:52:32","modified_gmt":"2021-11-01T16:52:32","slug":"creasetec","status":"publish","type":"product","link":"https:\/\/graef-gnu.com\/fr\/produkt\/creasetec\/","title":{"rendered":"Creasetec<sup>&reg;<\/sup>"},"content":{"rendered":"<p>Les filets de rainurage Creasetec<sup>&reg;<\/sup> sont arrondies avec la plus grande pr\u00e9cision, ont un rayon optimal et sont centr\u00e9es avec pr\u00e9cision.<\/p>\n","protected":false},"excerpt":{"rendered":"<p>Les r\u00e8gles de rainurage Creasetec<sup>&reg;<\/sup> sont arrondies avec la plus grande pr\u00e9cision, ont un rayon optimal et sont centr\u00e9es avec pr\u00e9cision.<\/p>\n","protected":false},"featured_media":132868,"template":"","meta":{"_acf_changed":false},"product_cat":[6776],"product_tag":[],"class_list":{"0":"post-134907","1":"product","2":"type-product","3":"status-publish","4":"has-post-thumbnail","6":"product_group-rainurer","7":"product_cat-decoupage-a-plat","8":"pa_ablaengung-a-1-m-fr","9":"pa_ablaengung-sur-lanneau","10":"pa_haerte-1100n-fr","11":"pa_haerte-h2extra-fr","12":"pa_hoehe-150-mm-fr","13":"pa_hoehe-200-mm-fr","14":"pa_hoehe-205-mm-fr","15":"pa_hoehe-210-mm-fr","16":"pa_hoehe-211-mm-fr","17":"pa_hoehe-212-mm-fr","18":"pa_hoehe-213-mm-fr","19":"pa_hoehe-214-mm-fr","20":"pa_hoehe-215-mm-fr","21":"pa_hoehe-216-mm-fr","22":"pa_hoehe-217-mm-fr","23":"pa_hoehe-218-mm-fr","24":"pa_hoehe-219-mm-fr","25":"pa_hoehe-220-mm-fr","26":"pa_hoehe-221-mm-fr","27":"pa_hoehe-222-mm-fr","28":"pa_hoehe-223-mm-fr","29":"pa_hoehe-224-mm-fr","30":"pa_hoehe-2245-mm-fr","31":"pa_hoehe-225-mm-fr","32":"pa_hoehe-226-mm-fr","33":"pa_hoehe-2261-mm-fr","34":"pa_hoehe-2265-mm-fr","35":"pa_hoehe-227-mm-fr","36":"pa_hoehe-2275-mm-fr","37":"pa_hoehe-228-mm-fr","38":"pa_hoehe-2285-mm-fr","39":"pa_hoehe-229-mm-fr","40":"pa_hoehe-2295-mm-fr","41":"pa_hoehe-230-mm-fr","42":"pa_hoehe-2305-mm-fr","43":"pa_hoehe-231-mm-fr","44":"pa_hoehe-2315-mm-fr","45":"pa_hoehe-2319-mm-fr","46":"pa_hoehe-232-mm-fr","47":"pa_hoehe-2324-mm-fr","48":"pa_hoehe-2325-mm-fr","49":"pa_hoehe-233-mm-fr","50":"pa_hoehe-2332-mm-fr","51":"pa_hoehe-2334-mm-fr","52":"pa_hoehe-2335-mm-fr","53":"pa_hoehe-234-mm-fr","54":"pa_hoehe-2345-mm-fr","55":"pa_hoehe-235-mm-fr","56":"pa_hoehe-2355-mm-fr","57":"pa_hoehe-2356-mm-fr","58":"pa_hoehe-236-mm-fr","59":"pa_hoehe-2365-mm-fr","60":"pa_hoehe-237-mm-fr","61":"pa_hoehe-2375-mm-fr","62":"pa_hoehe-238-mm-fr","63":"pa_hoehe-2385-mm-fr","64":"pa_hoehe-239-mm-fr","65":"pa_hoehe-2395-mm-fr","66":"pa_hoehe-240-mm-fr","67":"pa_hoehe-241-mm-fr","68":"pa_hoehe-266-mm-fr","69":"pa_rillkante-bord-du-pliage-025-mm","70":"pa_rillkante-bord-du-pliage-035-mm","71":"pa_rillkante-bord-du-pliage-05-mm","72":"pa_rillkante-n-a-fr","73":"pa_staerke-breite-07-mm-fr","74":"pa_staerke-breite-105-mm-fr","75":"pa_staerke-breite-20-mm-fr","76":"pa_wicklung-durchmesser-acw-480-mm-fr","77":"pa_wicklung-durchmesser-acw-560-mm-fr","78":"pa_wicklung-durchmesser-cw-480-mm-fr","79":"pa_wicklung-durchmesser-cw-560-mm-fr","80":"pa_wicklung-durchmesser-n-a-fr","82":"first","83":"instock","84":"purchasable","85":"product-type-variable"},"acf":[],"yoast_head":"<!-- This site is optimized with the Yoast SEO plugin v22.6 - https:\/\/yoast.com\/wordpress\/plugins\/seo\/ -->\n<title>Creasetec&reg; - August Graef GNU<\/title>\n<meta name=\"description\" content=\"Les r\u00e8gles de rainurage Creasetec&reg; sont arrondies avec la plus grande pr\u00e9cision, avec un rayon optimal et centr\u00e9es avec pr\u00e9cision \u25ba Informez-vous ici et renseignez-vous en ligne !\" \/>\n<meta name=\"robots\" content=\"index, follow, max-snippet:-1, max-image-preview:large, max-video-preview:-1\" \/>\n<link rel=\"canonical\" href=\"https:\/\/graef-gnu.com\/produkt\/creasetec\/\" \/>\n<meta property=\"og:locale\" content=\"fr_FR\" \/>\n<meta property=\"og:type\" content=\"article\" \/>\n<meta property=\"og:title\" content=\"Creasetec&reg; - August Graef GNU\" \/>\n<meta property=\"og:description\" content=\"Les r\u00e8gles de rainurage Creasetec&reg; sont arrondies avec la plus grande pr\u00e9cision, avec un rayon optimal et centr\u00e9es avec pr\u00e9cision \u25ba Informez-vous ici et renseignez-vous en ligne !\" \/>\n<meta property=\"og:url\" content=\"https:\/\/graef-gnu.com\/produkt\/creasetec\/\" \/>\n<meta property=\"og:site_name\" content=\"August Graef GNU\" \/>\n<meta property=\"article:modified_time\" content=\"2021-11-01T16:52:32+00:00\" \/>\n<meta property=\"og:image\" content=\"https:\/\/graef-gnu.com\/wp-content\/uploads\/gnu-creastec.jpg\" \/>\n\t<meta property=\"og:image:width\" content=\"890\" \/>\n\t<meta property=\"og:image:height\" content=\"300\" \/>\n\t<meta property=\"og:image:type\" content=\"image\/jpeg\" \/>\n<meta name=\"twitter:card\" content=\"summary_large_image\" \/>\n<meta name=\"twitter:label1\" content=\"Dur\u00e9e de lecture estim\u00e9e\" \/>\n\t<meta name=\"twitter:data1\" content=\"1 minute\" \/>\n<script type=\"application\/ld+json\" class=\"yoast-schema-graph\">{\"@context\":\"https:\/\/schema.org\",\"@graph\":[{\"@type\":\"WebPage\",\"@id\":\"https:\/\/graef-gnu.com\/produkt\/creasetec\/\",\"url\":\"https:\/\/graef-gnu.com\/produkt\/creasetec\/\",\"name\":\"Creasetec&reg; - August Graef GNU\",\"isPartOf\":{\"@id\":\"https:\/\/graef-gnu.com\/#website\"},\"primaryImageOfPage\":{\"@id\":\"https:\/\/graef-gnu.com\/produkt\/creasetec\/#primaryimage\"},\"image\":{\"@id\":\"https:\/\/graef-gnu.com\/produkt\/creasetec\/#primaryimage\"},\"thumbnailUrl\":\"https:\/\/graef-gnu.com\/wp-content\/uploads\/gnu-creastec.jpg\",\"datePublished\":\"2021-10-05T08:46:42+00:00\",\"dateModified\":\"2021-11-01T16:52:32+00:00\",\"description\":\"Les r\u00e8gles de rainurage Creasetec&reg; sont arrondies avec la plus grande pr\u00e9cision, avec un rayon optimal et centr\u00e9es avec pr\u00e9cision \u25ba Informez-vous ici et renseignez-vous en ligne !\",\"breadcrumb\":{\"@id\":\"https:\/\/graef-gnu.com\/produkt\/creasetec\/#breadcrumb\"},\"inLanguage\":\"fr-FR\",\"potentialAction\":[{\"@type\":\"ReadAction\",\"target\":[\"https:\/\/graef-gnu.com\/produkt\/creasetec\/\"]}]},{\"@type\":\"ImageObject\",\"inLanguage\":\"fr-FR\",\"@id\":\"https:\/\/graef-gnu.com\/produkt\/creasetec\/#primaryimage\",\"url\":\"https:\/\/graef-gnu.com\/wp-content\/uploads\/gnu-creastec.jpg\",\"contentUrl\":\"https:\/\/graef-gnu.com\/wp-content\/uploads\/gnu-creastec.jpg\",\"width\":890,\"height\":300},{\"@type\":\"BreadcrumbList\",\"@id\":\"https:\/\/graef-gnu.com\/produkt\/creasetec\/#breadcrumb\",\"itemListElement\":[{\"@type\":\"ListItem\",\"position\":1,\"name\":\"Startseite\",\"item\":\"https:\/\/graef-gnu.com\/fr\/\"},{\"@type\":\"ListItem\",\"position\":2,\"name\":\"Formes \u00e0 plat\",\"item\":\"https:\/\/graef-gnu.com\/fr\/formes-a-plat\/\"},{\"@type\":\"ListItem\",\"position\":3,\"name\":\"Creasetec&reg;\"}]},{\"@type\":\"WebSite\",\"@id\":\"https:\/\/graef-gnu.com\/#website\",\"url\":\"https:\/\/graef-gnu.com\/\",\"name\":\"August Graef GNU\",\"description\":\"\",\"potentialAction\":[{\"@type\":\"SearchAction\",\"target\":{\"@type\":\"EntryPoint\",\"urlTemplate\":\"https:\/\/graef-gnu.com\/?s={search_term_string}\"},\"query-input\":\"required name=search_term_string\"}],\"inLanguage\":\"fr-FR\"}]}<\/script>\n<!-- \/ Yoast SEO plugin. -->","yoast_head_json":{"title":"Creasetec&reg; - August Graef GNU","description":"Les r\u00e8gles de rainurage Creasetec&reg; sont arrondies avec la plus grande pr\u00e9cision, avec un rayon optimal et centr\u00e9es avec pr\u00e9cision \u25ba Informez-vous ici et renseignez-vous en ligne !","robots":{"index":"index","follow":"follow","max-snippet":"max-snippet:-1","max-image-preview":"max-image-preview:large","max-video-preview":"max-video-preview:-1"},"canonical":"https:\/\/graef-gnu.com\/produkt\/creasetec\/","og_locale":"fr_FR","og_type":"article","og_title":"Creasetec&reg; - August Graef GNU","og_description":"Les r\u00e8gles de rainurage Creasetec&reg; sont arrondies avec la plus grande pr\u00e9cision, avec un rayon optimal et centr\u00e9es avec pr\u00e9cision \u25ba Informez-vous ici et renseignez-vous en ligne !","og_url":"https:\/\/graef-gnu.com\/produkt\/creasetec\/","og_site_name":"August Graef GNU","article_modified_time":"2021-11-01T16:52:32+00:00","og_image":[{"width":890,"height":300,"url":"https:\/\/graef-gnu.com\/wp-content\/uploads\/gnu-creastec.jpg","type":"image\/jpeg"}],"twitter_card":"summary_large_image","twitter_misc":{"Dur\u00e9e de lecture estim\u00e9e":"1 minute"},"schema":{"@context":"https:\/\/schema.org","@graph":[{"@type":"WebPage","@id":"https:\/\/graef-gnu.com\/produkt\/creasetec\/","url":"https:\/\/graef-gnu.com\/produkt\/creasetec\/","name":"Creasetec&reg; - August Graef GNU","isPartOf":{"@id":"https:\/\/graef-gnu.com\/#website"},"primaryImageOfPage":{"@id":"https:\/\/graef-gnu.com\/produkt\/creasetec\/#primaryimage"},"image":{"@id":"https:\/\/graef-gnu.com\/produkt\/creasetec\/#primaryimage"},"thumbnailUrl":"https:\/\/graef-gnu.com\/wp-content\/uploads\/gnu-creastec.jpg","datePublished":"2021-10-05T08:46:42+00:00","dateModified":"2021-11-01T16:52:32+00:00","description":"Les r\u00e8gles de rainurage Creasetec&reg; sont arrondies avec la plus grande pr\u00e9cision, avec un rayon optimal et centr\u00e9es avec pr\u00e9cision \u25ba Informez-vous ici et renseignez-vous en ligne !","breadcrumb":{"@id":"https:\/\/graef-gnu.com\/produkt\/creasetec\/#breadcrumb"},"inLanguage":"fr-FR","potentialAction":[{"@type":"ReadAction","target":["https:\/\/graef-gnu.com\/produkt\/creasetec\/"]}]},{"@type":"ImageObject","inLanguage":"fr-FR","@id":"https:\/\/graef-gnu.com\/produkt\/creasetec\/#primaryimage","url":"https:\/\/graef-gnu.com\/wp-content\/uploads\/gnu-creastec.jpg","contentUrl":"https:\/\/graef-gnu.com\/wp-content\/uploads\/gnu-creastec.jpg","width":890,"height":300},{"@type":"BreadcrumbList","@id":"https:\/\/graef-gnu.com\/produkt\/creasetec\/#breadcrumb","itemListElement":[{"@type":"ListItem","position":1,"name":"Startseite","item":"https:\/\/graef-gnu.com\/fr\/"},{"@type":"ListItem","position":2,"name":"Formes \u00e0 plat","item":"https:\/\/graef-gnu.com\/fr\/formes-a-plat\/"},{"@type":"ListItem","position":3,"name":"Creasetec&reg;"}]},{"@type":"WebSite","@id":"https:\/\/graef-gnu.com\/#website","url":"https:\/\/graef-gnu.com\/","name":"August Graef GNU","description":"","potentialAction":[{"@type":"SearchAction","target":{"@type":"EntryPoint","urlTemplate":"https:\/\/graef-gnu.com\/?s={search_term_string}"},"query-input":"required name=search_term_string"}],"inLanguage":"fr-FR"}]}},"_links":{"self":[{"href":"https:\/\/graef-gnu.com\/fr\/wp-json\/wp\/v2\/product\/134907","targetHints":{"allow":["GET"]}}],"collection":[{"href":"https:\/\/graef-gnu.com\/fr\/wp-json\/wp\/v2\/product"}],"about":[{"href":"https:\/\/graef-gnu.com\/fr\/wp-json\/wp\/v2\/types\/product"}],"wp:featuredmedia":[{"embeddable":true,"href":"https:\/\/graef-gnu.com\/fr\/wp-json\/wp\/v2\/media\/132868"}],"wp:attachment":[{"href":"https:\/\/graef-gnu.com\/fr\/wp-json\/wp\/v2\/media?parent=134907"}],"wp:term":[{"taxonomy":"product_cat","embeddable":true,"href":"https:\/\/graef-gnu.com\/fr\/wp-json\/wp\/v2\/product_cat?post=134907"},{"taxonomy":"product_tag","embeddable":true,"href":"https:\/\/graef-gnu.com\/fr\/wp-json\/wp\/v2\/product_tag?post=134907"}],"curies":[{"name":"wp","href":"https:\/\/api.w.org\/{rel}","templated":true}]}}