{"id":134985,"date":"2021-02-11T11:03:24","date_gmt":"2021-10-05T08:46:53","guid":{"rendered":"https:\/\/www.graef-gnu.com\/produkt\/perftec-easytear-r\/"},"modified":"2021-10-05T10:46:53","modified_gmt":"2021-10-05T08:46:53","slug":"perftec-easytear-r-2","status":"publish","type":"product","link":"https:\/\/graef-gnu.com\/fr\/produkt\/perftec-easytear-r-2\/","title":{"rendered":"Perftec<sup>&reg;<\/sup>-EasyTear R"},"content":{"rendered":"<p>Perftec<sup>&reg;<\/sup>-EasyTear R : perforation sp\u00e9ciale d&#8217;ouverture par d\u00e9chirement sp\u00e9cialement d\u00e9velopp\u00e9e pour le commerce de gros et de d\u00e9tail, qui permet d&#8217;ouvrir facilement le carton et couvre une large gamme de types et d&#8217;\u00e9paisseurs de mat\u00e9riaux. \u00c9galement disponible en version courb\u00e9e dans tous les diam\u00e8tres.<\/p>\n","protected":false},"excerpt":{"rendered":"<p>Perftec<sup>&reg;<\/sup>-EasyTear R : perforation sp\u00e9ciale d&#8217;ouverture par d\u00e9chirement sp\u00e9cialement d\u00e9velopp\u00e9e pour le commerce de gros et de d\u00e9tail, qui permet d&#8217;ouvrir facilement le carton et couvre une large gamme de types et d&#8217;\u00e9paisseurs de mat\u00e9riaux.<\/p>\n","protected":false},"featured_media":133472,"template":"","meta":{"_acf_changed":false},"product_cat":[6717],"product_tag":[],"class_list":{"0":"post-134985","1":"product","2":"type-product","3":"status-publish","4":"has-post-thumbnail","6":"product_group-perforer-fr","7":"product_cat-poinconnage-rotatif","8":"pa_ablaengung-a-1-m-fr","9":"pa_hoehe-238-mm-fr","10":"pa_hoehe-246-mm-fr","11":"pa_hoehe-248-mm-fr","12":"pa_hoehe-251-mm-fr","13":"pa_hoehe-254-mm-fr","14":"pa_hoehe-258-mm-fr","15":"pa_hoehe-264-mm-fr","16":"pa_nuten-avec-encoches","17":"pa_nuten-n-a-fr","18":"pa_staerke-breite-142-mm-fr","19":"pa_teilung-12-fr","20":"pa_teilung-3-fr","21":"pa_teilung-3pc-fr","22":"pa_teilung-6-fr","23":"pa_teilung-6pc-fr","24":"pa_teilung-9-fr","25":"pa_teilung-bwf-fr","26":"pa_teilung-bxf-fr","27":"pa_teilung-ewf-fr","28":"pa_teilung-exf-fr","29":"pa_teilung-standard-fr","30":"pa_teilung-ultimate-fr","31":"pa_zaehne-12-tpi-fr","33":"first","34":"instock","35":"purchasable","36":"product-type-variable"},"acf":[],"yoast_head":"<!-- This site is optimized with the Yoast SEO plugin v22.6 - https:\/\/yoast.com\/wordpress\/plugins\/seo\/ -->\n<title>Perftec&reg;-EasyTear R - August Graef GNU<\/title>\n<meta name=\"description\" content=\"Perforation sp\u00e9ciale d\u00e9chirure d\u00e9velopp\u00e9e sp\u00e9cialement pour le commerce de gros et de d\u00e9tail \u2705 Couvre une large gamme de types et d&#039;\u00e9paisseurs de mat\u00e9riaux \u2705 Demande de renseignements ici !\" \/>\n<meta name=\"robots\" content=\"index, follow, max-snippet:-1, max-image-preview:large, max-video-preview:-1\" \/>\n<link rel=\"canonical\" href=\"https:\/\/graef-gnu.com\/produkt\/perftec-easytear-r\/\" \/>\n<meta property=\"og:locale\" content=\"fr_FR\" \/>\n<meta property=\"og:type\" content=\"article\" \/>\n<meta property=\"og:title\" content=\"Perftec&reg;-EasyTear R - August Graef GNU\" \/>\n<meta property=\"og:description\" content=\"Perforation sp\u00e9ciale d\u00e9chirure d\u00e9velopp\u00e9e sp\u00e9cialement pour le commerce de gros et de d\u00e9tail \u2705 Couvre une large gamme de types et d&#039;\u00e9paisseurs de mat\u00e9riaux \u2705 Demande de renseignements ici !\" \/>\n<meta property=\"og:url\" content=\"https:\/\/graef-gnu.com\/produkt\/perftec-easytear-r\/\" \/>\n<meta property=\"og:site_name\" content=\"August Graef GNU\" \/>\n<meta property=\"og:image\" content=\"https:\/\/graef-gnu.com\/wp-content\/uploads\/gnu-tear-dxf.jpg\" \/>\n\t<meta property=\"og:image:width\" content=\"890\" \/>\n\t<meta property=\"og:image:height\" content=\"300\" \/>\n\t<meta property=\"og:image:type\" content=\"image\/jpeg\" \/>\n<meta name=\"twitter:card\" content=\"summary_large_image\" \/>\n<script type=\"application\/ld+json\" class=\"yoast-schema-graph\">{\"@context\":\"https:\/\/schema.org\",\"@graph\":[{\"@type\":\"WebPage\",\"@id\":\"https:\/\/graef-gnu.com\/produkt\/perftec-easytear-r\/\",\"url\":\"https:\/\/graef-gnu.com\/produkt\/perftec-easytear-r\/\",\"name\":\"Perftec&reg;-EasyTear R - August Graef GNU\",\"isPartOf\":{\"@id\":\"https:\/\/graef-gnu.com\/#website\"},\"primaryImageOfPage\":{\"@id\":\"https:\/\/graef-gnu.com\/produkt\/perftec-easytear-r\/#primaryimage\"},\"image\":{\"@id\":\"https:\/\/graef-gnu.com\/produkt\/perftec-easytear-r\/#primaryimage\"},\"thumbnailUrl\":\"https:\/\/graef-gnu.com\/wp-content\/uploads\/gnu-tear-dxf.jpg\",\"datePublished\":\"2021-10-05T08:46:53+00:00\",\"dateModified\":\"2021-10-05T08:46:53+00:00\",\"description\":\"Perforation sp\u00e9ciale d\u00e9chirure d\u00e9velopp\u00e9e sp\u00e9cialement pour le commerce de gros et de d\u00e9tail \u2705 Couvre une large gamme de types et d'\u00e9paisseurs de mat\u00e9riaux \u2705 Demande de renseignements ici !\",\"breadcrumb\":{\"@id\":\"https:\/\/graef-gnu.com\/produkt\/perftec-easytear-r\/#breadcrumb\"},\"inLanguage\":\"fr-FR\",\"potentialAction\":[{\"@type\":\"ReadAction\",\"target\":[\"https:\/\/graef-gnu.com\/produkt\/perftec-easytear-r\/\"]}]},{\"@type\":\"ImageObject\",\"inLanguage\":\"fr-FR\",\"@id\":\"https:\/\/graef-gnu.com\/produkt\/perftec-easytear-r\/#primaryimage\",\"url\":\"https:\/\/graef-gnu.com\/wp-content\/uploads\/gnu-tear-dxf.jpg\",\"contentUrl\":\"https:\/\/graef-gnu.com\/wp-content\/uploads\/gnu-tear-dxf.jpg\",\"width\":890,\"height\":300},{\"@type\":\"BreadcrumbList\",\"@id\":\"https:\/\/graef-gnu.com\/produkt\/perftec-easytear-r\/#breadcrumb\",\"itemListElement\":[{\"@type\":\"ListItem\",\"position\":1,\"name\":\"Startseite\",\"item\":\"https:\/\/graef-gnu.com\/fr\/\"},{\"@type\":\"ListItem\",\"position\":2,\"name\":\"Formes \u00e0 plat\",\"item\":\"https:\/\/graef-gnu.com\/fr\/formes-a-plat\/\"},{\"@type\":\"ListItem\",\"position\":3,\"name\":\"Perftec&reg;-EasyTear R\"}]},{\"@type\":\"WebSite\",\"@id\":\"https:\/\/graef-gnu.com\/#website\",\"url\":\"https:\/\/graef-gnu.com\/\",\"name\":\"August Graef GNU\",\"description\":\"\",\"potentialAction\":[{\"@type\":\"SearchAction\",\"target\":{\"@type\":\"EntryPoint\",\"urlTemplate\":\"https:\/\/graef-gnu.com\/?s={search_term_string}\"},\"query-input\":\"required name=search_term_string\"}],\"inLanguage\":\"fr-FR\"}]}<\/script>\n<!-- \/ Yoast SEO plugin. -->","yoast_head_json":{"title":"Perftec&reg;-EasyTear R - August Graef GNU","description":"Perforation sp\u00e9ciale d\u00e9chirure d\u00e9velopp\u00e9e sp\u00e9cialement pour le commerce de gros et de d\u00e9tail \u2705 Couvre une large gamme de types et d'\u00e9paisseurs de mat\u00e9riaux \u2705 Demande de renseignements ici !","robots":{"index":"index","follow":"follow","max-snippet":"max-snippet:-1","max-image-preview":"max-image-preview:large","max-video-preview":"max-video-preview:-1"},"canonical":"https:\/\/graef-gnu.com\/produkt\/perftec-easytear-r\/","og_locale":"fr_FR","og_type":"article","og_title":"Perftec&reg;-EasyTear R - August Graef GNU","og_description":"Perforation sp\u00e9ciale d\u00e9chirure d\u00e9velopp\u00e9e sp\u00e9cialement pour le commerce de gros et de d\u00e9tail \u2705 Couvre une large gamme de types et d'\u00e9paisseurs de mat\u00e9riaux \u2705 Demande de renseignements ici !","og_url":"https:\/\/graef-gnu.com\/produkt\/perftec-easytear-r\/","og_site_name":"August Graef GNU","og_image":[{"width":890,"height":300,"url":"https:\/\/graef-gnu.com\/wp-content\/uploads\/gnu-tear-dxf.jpg","type":"image\/jpeg"}],"twitter_card":"summary_large_image","schema":{"@context":"https:\/\/schema.org","@graph":[{"@type":"WebPage","@id":"https:\/\/graef-gnu.com\/produkt\/perftec-easytear-r\/","url":"https:\/\/graef-gnu.com\/produkt\/perftec-easytear-r\/","name":"Perftec&reg;-EasyTear R - August Graef GNU","isPartOf":{"@id":"https:\/\/graef-gnu.com\/#website"},"primaryImageOfPage":{"@id":"https:\/\/graef-gnu.com\/produkt\/perftec-easytear-r\/#primaryimage"},"image":{"@id":"https:\/\/graef-gnu.com\/produkt\/perftec-easytear-r\/#primaryimage"},"thumbnailUrl":"https:\/\/graef-gnu.com\/wp-content\/uploads\/gnu-tear-dxf.jpg","datePublished":"2021-10-05T08:46:53+00:00","dateModified":"2021-10-05T08:46:53+00:00","description":"Perforation sp\u00e9ciale d\u00e9chirure d\u00e9velopp\u00e9e sp\u00e9cialement pour le commerce de gros et de d\u00e9tail \u2705 Couvre une large gamme de types et d'\u00e9paisseurs de mat\u00e9riaux \u2705 Demande de renseignements ici !","breadcrumb":{"@id":"https:\/\/graef-gnu.com\/produkt\/perftec-easytear-r\/#breadcrumb"},"inLanguage":"fr-FR","potentialAction":[{"@type":"ReadAction","target":["https:\/\/graef-gnu.com\/produkt\/perftec-easytear-r\/"]}]},{"@type":"ImageObject","inLanguage":"fr-FR","@id":"https:\/\/graef-gnu.com\/produkt\/perftec-easytear-r\/#primaryimage","url":"https:\/\/graef-gnu.com\/wp-content\/uploads\/gnu-tear-dxf.jpg","contentUrl":"https:\/\/graef-gnu.com\/wp-content\/uploads\/gnu-tear-dxf.jpg","width":890,"height":300},{"@type":"BreadcrumbList","@id":"https:\/\/graef-gnu.com\/produkt\/perftec-easytear-r\/#breadcrumb","itemListElement":[{"@type":"ListItem","position":1,"name":"Startseite","item":"https:\/\/graef-gnu.com\/fr\/"},{"@type":"ListItem","position":2,"name":"Formes \u00e0 plat","item":"https:\/\/graef-gnu.com\/fr\/formes-a-plat\/"},{"@type":"ListItem","position":3,"name":"Perftec&reg;-EasyTear R"}]},{"@type":"WebSite","@id":"https:\/\/graef-gnu.com\/#website","url":"https:\/\/graef-gnu.com\/","name":"August Graef GNU","description":"","potentialAction":[{"@type":"SearchAction","target":{"@type":"EntryPoint","urlTemplate":"https:\/\/graef-gnu.com\/?s={search_term_string}"},"query-input":"required name=search_term_string"}],"inLanguage":"fr-FR"}]}},"_links":{"self":[{"href":"https:\/\/graef-gnu.com\/fr\/wp-json\/wp\/v2\/product\/134985","targetHints":{"allow":["GET"]}}],"collection":[{"href":"https:\/\/graef-gnu.com\/fr\/wp-json\/wp\/v2\/product"}],"about":[{"href":"https:\/\/graef-gnu.com\/fr\/wp-json\/wp\/v2\/types\/product"}],"wp:featuredmedia":[{"embeddable":true,"href":"https:\/\/graef-gnu.com\/fr\/wp-json\/wp\/v2\/media\/133472"}],"wp:attachment":[{"href":"https:\/\/graef-gnu.com\/fr\/wp-json\/wp\/v2\/media?parent=134985"}],"wp:term":[{"taxonomy":"product_cat","embeddable":true,"href":"https:\/\/graef-gnu.com\/fr\/wp-json\/wp\/v2\/product_cat?post=134985"},{"taxonomy":"product_tag","embeddable":true,"href":"https:\/\/graef-gnu.com\/fr\/wp-json\/wp\/v2\/product_tag?post=134985"}],"curies":[{"name":"wp","href":"https:\/\/api.w.org\/{rel}","templated":true}]}}