{"id":135132,"date":"2021-02-11T11:06:44","date_gmt":"2021-10-05T08:47:04","guid":{"rendered":"https:\/\/www.graef-gnu.com\/produkt\/pentra-eco\/"},"modified":"2021-10-29T16:14:52","modified_gmt":"2021-10-29T14:14:52","slug":"pentra-eco-2","status":"publish","type":"product","link":"https:\/\/graef-gnu.com\/fr\/produkt\/pentra-eco-2\/","title":{"rendered":"Pentra ECO"},"content":{"rendered":"<p>Pour le rainurage du papier, du carton et du carton ondul\u00e9.<\/p>\n<p><strong>Avec les avantages suivants :<\/strong><\/p>\n<ul>\n<li>Pas d&#8217;errance sur la plaque de d\u00e9coupe gr\u00e2ce \u00e0 un adh\u00e9sif sensible \u00e0 la pression avec une force d&#8217;adh\u00e9sion et une force de cisaillement extr\u00eamement \u00e9lev\u00e9es.<\/li>\n<li>\u00c9limination sans r\u00e9sidus apr\u00e8s le processus de poin\u00e7onnage<\/li>\n<li>Aucun accrochage de la bo\u00eete gr\u00e2ce aux bords biseaut\u00e9s.<\/li>\n<li>Facile \u00e0 coller avec notre doigt.<\/li>\n<\/ul>\n<p><strong>Contenu du carton : 47 x 75 cm = 35,25 m<\/strong><\/p>\n","protected":false},"excerpt":{"rendered":"<p>Version standard de haute qualit\u00e9 \u00e0 base de film PVC pour le rainurage du papier, du carton et du carton ondul\u00e9.<\/p>\n","protected":false},"featured_media":133949,"template":"","meta":{"_acf_changed":false},"product_cat":[6732],"product_tag":[],"class_list":{"0":"post-135132","1":"product","2":"type-product","3":"status-publish","4":"has-post-thumbnail","6":"product_group-pentra-fr","7":"product_cat-matrice-de-crepage-et-materiau-de-contre-crepage","8":"pa_breiter-riller-n-a-fr","9":"pa_breiter-riller-rainure-de-3-mm","10":"pa_hoehe-03-mm-fr","11":"pa_hoehe-04-mm-fr","12":"pa_hoehe-05-mm-fr","13":"pa_hoehe-06-mm-fr","14":"pa_hoehe-07-mm-fr","15":"pa_hoehe-08-mm-fr","16":"pa_hoehe-10-mm-fr","17":"pa_kanalbreite-08-mm-fr","18":"pa_kanalbreite-09-mm-fr","19":"pa_kanalbreite-10-mm-fr","20":"pa_kanalbreite-11-mm-fr","21":"pa_kanalbreite-12-mm-fr","22":"pa_kanalbreite-13-mm-fr","23":"pa_kanalbreite-14-mm-fr","24":"pa_kanalbreite-15-mm-fr","25":"pa_kanalbreite-16-mm-fr","26":"pa_kanalbreite-17-mm-fr","27":"pa_kanalbreite-18-mm-fr","28":"pa_kanalbreite-19-mm-fr","29":"pa_kanalbreite-20-mm-fr","30":"pa_kanalbreite-21-mm-fr","31":"pa_kanalbreite-22-mm-fr","32":"pa_kanalbreite-23-mm-fr","33":"pa_kanalbreite-25-mm-fr","34":"pa_kanalbreite-26-mm-fr","35":"pa_kanalbreite-27-mm-fr","36":"pa_kanalbreite-30-mm-fr","37":"pa_kanalbreite-31-mm-fr","38":"pa_kanalbreite-32-mm-fr","39":"pa_kanalbreite-34-mm-fr","40":"pa_kanalbreite-35-mm-fr","41":"pa_kanalbreite-40-mm-fr","42":"pa_kanalbreite-45-mm-fr","43":"pa_kanalbreite-50-mm-fr","44":"pa_kanalbreite-60-mm-fr","45":"pa_karton-rolle-crt-fr","47":"first","48":"instock","49":"purchasable","50":"product-type-variable"},"acf":[],"yoast_head":"<!-- This site is optimized with the Yoast SEO plugin v22.6 - https:\/\/yoast.com\/wordpress\/plugins\/seo\/ -->\n<title>Pentra ECO - August Graef GNU<\/title>\n<meta name=\"robots\" content=\"index, follow, max-snippet:-1, max-image-preview:large, max-video-preview:-1\" \/>\n<link rel=\"canonical\" href=\"https:\/\/graef-gnu.com\/produkt\/pentra-eco\/\" \/>\n<meta property=\"og:locale\" content=\"fr_FR\" \/>\n<meta property=\"og:type\" content=\"article\" \/>\n<meta property=\"og:title\" content=\"Pentra ECO - August Graef GNU\" \/>\n<meta property=\"og:description\" content=\"Version standard de haute qualit\u00e9 \u00e0 base de film PVC pour le rainurage du papier, du carton et du carton ondul\u00e9.\" \/>\n<meta property=\"og:url\" content=\"https:\/\/graef-gnu.com\/produkt\/pentra-eco\/\" \/>\n<meta property=\"og:site_name\" content=\"August Graef GNU\" \/>\n<meta property=\"article:modified_time\" content=\"2021-10-29T14:14:52+00:00\" \/>\n<meta property=\"og:image\" content=\"https:\/\/graef-gnu.com\/wp-content\/uploads\/gnu_pentra_eco-4.jpg\" \/>\n\t<meta property=\"og:image:width\" content=\"870\" \/>\n\t<meta property=\"og:image:height\" content=\"300\" \/>\n\t<meta property=\"og:image:type\" content=\"image\/jpeg\" \/>\n<meta name=\"twitter:card\" content=\"summary_large_image\" \/>\n<script type=\"application\/ld+json\" class=\"yoast-schema-graph\">{\"@context\":\"https:\/\/schema.org\",\"@graph\":[{\"@type\":\"WebPage\",\"@id\":\"https:\/\/graef-gnu.com\/produkt\/pentra-eco\/\",\"url\":\"https:\/\/graef-gnu.com\/produkt\/pentra-eco\/\",\"name\":\"Pentra ECO - August Graef GNU\",\"isPartOf\":{\"@id\":\"https:\/\/graef-gnu.com\/#website\"},\"primaryImageOfPage\":{\"@id\":\"https:\/\/graef-gnu.com\/produkt\/pentra-eco\/#primaryimage\"},\"image\":{\"@id\":\"https:\/\/graef-gnu.com\/produkt\/pentra-eco\/#primaryimage\"},\"thumbnailUrl\":\"https:\/\/graef-gnu.com\/wp-content\/uploads\/gnu_pentra_eco-4.jpg\",\"datePublished\":\"2021-10-05T08:47:04+00:00\",\"dateModified\":\"2021-10-29T14:14:52+00:00\",\"breadcrumb\":{\"@id\":\"https:\/\/graef-gnu.com\/produkt\/pentra-eco\/#breadcrumb\"},\"inLanguage\":\"fr-FR\",\"potentialAction\":[{\"@type\":\"ReadAction\",\"target\":[\"https:\/\/graef-gnu.com\/produkt\/pentra-eco\/\"]}]},{\"@type\":\"ImageObject\",\"inLanguage\":\"fr-FR\",\"@id\":\"https:\/\/graef-gnu.com\/produkt\/pentra-eco\/#primaryimage\",\"url\":\"https:\/\/graef-gnu.com\/wp-content\/uploads\/gnu_pentra_eco-4.jpg\",\"contentUrl\":\"https:\/\/graef-gnu.com\/wp-content\/uploads\/gnu_pentra_eco-4.jpg\",\"width\":870,\"height\":300},{\"@type\":\"BreadcrumbList\",\"@id\":\"https:\/\/graef-gnu.com\/produkt\/pentra-eco\/#breadcrumb\",\"itemListElement\":[{\"@type\":\"ListItem\",\"position\":1,\"name\":\"Startseite\",\"item\":\"https:\/\/graef-gnu.com\/fr\/\"},{\"@type\":\"ListItem\",\"position\":2,\"name\":\"Formes \u00e0 plat\",\"item\":\"https:\/\/graef-gnu.com\/fr\/formes-a-plat\/\"},{\"@type\":\"ListItem\",\"position\":3,\"name\":\"Pentra ECO\"}]},{\"@type\":\"WebSite\",\"@id\":\"https:\/\/graef-gnu.com\/#website\",\"url\":\"https:\/\/graef-gnu.com\/\",\"name\":\"August Graef GNU\",\"description\":\"\",\"potentialAction\":[{\"@type\":\"SearchAction\",\"target\":{\"@type\":\"EntryPoint\",\"urlTemplate\":\"https:\/\/graef-gnu.com\/?s={search_term_string}\"},\"query-input\":\"required name=search_term_string\"}],\"inLanguage\":\"fr-FR\"}]}<\/script>\n<!-- \/ Yoast SEO plugin. -->","yoast_head_json":{"title":"Pentra ECO - August Graef GNU","robots":{"index":"index","follow":"follow","max-snippet":"max-snippet:-1","max-image-preview":"max-image-preview:large","max-video-preview":"max-video-preview:-1"},"canonical":"https:\/\/graef-gnu.com\/produkt\/pentra-eco\/","og_locale":"fr_FR","og_type":"article","og_title":"Pentra ECO - August Graef GNU","og_description":"Version standard de haute qualit\u00e9 \u00e0 base de film PVC pour le rainurage du papier, du carton et du carton ondul\u00e9.","og_url":"https:\/\/graef-gnu.com\/produkt\/pentra-eco\/","og_site_name":"August Graef GNU","article_modified_time":"2021-10-29T14:14:52+00:00","og_image":[{"width":870,"height":300,"url":"https:\/\/graef-gnu.com\/wp-content\/uploads\/gnu_pentra_eco-4.jpg","type":"image\/jpeg"}],"twitter_card":"summary_large_image","schema":{"@context":"https:\/\/schema.org","@graph":[{"@type":"WebPage","@id":"https:\/\/graef-gnu.com\/produkt\/pentra-eco\/","url":"https:\/\/graef-gnu.com\/produkt\/pentra-eco\/","name":"Pentra ECO - August Graef GNU","isPartOf":{"@id":"https:\/\/graef-gnu.com\/#website"},"primaryImageOfPage":{"@id":"https:\/\/graef-gnu.com\/produkt\/pentra-eco\/#primaryimage"},"image":{"@id":"https:\/\/graef-gnu.com\/produkt\/pentra-eco\/#primaryimage"},"thumbnailUrl":"https:\/\/graef-gnu.com\/wp-content\/uploads\/gnu_pentra_eco-4.jpg","datePublished":"2021-10-05T08:47:04+00:00","dateModified":"2021-10-29T14:14:52+00:00","breadcrumb":{"@id":"https:\/\/graef-gnu.com\/produkt\/pentra-eco\/#breadcrumb"},"inLanguage":"fr-FR","potentialAction":[{"@type":"ReadAction","target":["https:\/\/graef-gnu.com\/produkt\/pentra-eco\/"]}]},{"@type":"ImageObject","inLanguage":"fr-FR","@id":"https:\/\/graef-gnu.com\/produkt\/pentra-eco\/#primaryimage","url":"https:\/\/graef-gnu.com\/wp-content\/uploads\/gnu_pentra_eco-4.jpg","contentUrl":"https:\/\/graef-gnu.com\/wp-content\/uploads\/gnu_pentra_eco-4.jpg","width":870,"height":300},{"@type":"BreadcrumbList","@id":"https:\/\/graef-gnu.com\/produkt\/pentra-eco\/#breadcrumb","itemListElement":[{"@type":"ListItem","position":1,"name":"Startseite","item":"https:\/\/graef-gnu.com\/fr\/"},{"@type":"ListItem","position":2,"name":"Formes \u00e0 plat","item":"https:\/\/graef-gnu.com\/fr\/formes-a-plat\/"},{"@type":"ListItem","position":3,"name":"Pentra ECO"}]},{"@type":"WebSite","@id":"https:\/\/graef-gnu.com\/#website","url":"https:\/\/graef-gnu.com\/","name":"August Graef GNU","description":"","potentialAction":[{"@type":"SearchAction","target":{"@type":"EntryPoint","urlTemplate":"https:\/\/graef-gnu.com\/?s={search_term_string}"},"query-input":"required name=search_term_string"}],"inLanguage":"fr-FR"}]}},"_links":{"self":[{"href":"https:\/\/graef-gnu.com\/fr\/wp-json\/wp\/v2\/product\/135132","targetHints":{"allow":["GET"]}}],"collection":[{"href":"https:\/\/graef-gnu.com\/fr\/wp-json\/wp\/v2\/product"}],"about":[{"href":"https:\/\/graef-gnu.com\/fr\/wp-json\/wp\/v2\/types\/product"}],"wp:featuredmedia":[{"embeddable":true,"href":"https:\/\/graef-gnu.com\/fr\/wp-json\/wp\/v2\/media\/133949"}],"wp:attachment":[{"href":"https:\/\/graef-gnu.com\/fr\/wp-json\/wp\/v2\/media?parent=135132"}],"wp:term":[{"taxonomy":"product_cat","embeddable":true,"href":"https:\/\/graef-gnu.com\/fr\/wp-json\/wp\/v2\/product_cat?post=135132"},{"taxonomy":"product_tag","embeddable":true,"href":"https:\/\/graef-gnu.com\/fr\/wp-json\/wp\/v2\/product_tag?post=135132"}],"curies":[{"name":"wp","href":"https:\/\/api.w.org\/{rel}","templated":true}]}}