{"id":135235,"date":"2021-02-11T11:06:24","date_gmt":"2021-10-05T08:47:11","guid":{"rendered":"https:\/\/www.graef-gnu.com\/produkt\/pentra-plus-sv\/"},"modified":"2021-10-29T16:06:49","modified_gmt":"2021-10-29T14:06:49","slug":"pentra-plus-sv-2","status":"publish","type":"product","link":"https:\/\/graef-gnu.com\/fr\/produkt\/pentra-plus-sv-2\/","title":{"rendered":"Pentra Plus SV"},"content":{"rendered":"<p>Version premium en carton comprim\u00e9, \u00e0 base de feuille pour le rainurage du papier, du carton et du carton ondul\u00e9. Avec rupture de bord \u00e0 l&#8217;int\u00e9rieur du canal pour \u00e9viter la fissuration du carton ondul\u00e9 li\u00e9e \u00e0 la qualit\u00e9.<\/p>\n<p><strong>Avec les avantages suivants : <\/strong><\/p>\n<ul>\n<li>Ajustement de la finition en retravaillant sans effort avec le couteau.<\/li>\n<li>Pas de d\u00e9rapage sur la plaque de coupe gr\u00e2ce \u00e0 un adh\u00e9sif au pouvoir de r\u00e9tention extr\u00eamement \u00e9lev\u00e9.<\/li>\n<li>Aucun accrochage de la bo\u00eete gr\u00e2ce aux bords biseaut\u00e9s.<\/li>\n<li>Solution optimale de rainage pour toute \u00e9paisseur de carton ou de carton ondul\u00e9 gr\u00e2ce \u00e0 un programme dimensionnel \u00e9tendu.<\/li>\n<\/ul>\n<p><strong>Contenu du carton : 47 x 75 cm = 35,25 m<\/strong><\/p>\n","protected":false},"excerpt":{"rendered":"<p>Version premium en carton comprim\u00e9, \u00e0 base de feuille pour le rainurage du papier, du carton et du carton ondul\u00e9. Avec rupture de bord \u00e0 l&#8217;int\u00e9rieur du canal pour \u00e9viter la fissuration du carton ondul\u00e9 li\u00e9e \u00e0 la qualit\u00e9.<\/p>\n<p>&nbsp;<\/p>\n","protected":false},"featured_media":133946,"template":"","meta":{"_acf_changed":false},"product_cat":[6732],"product_tag":[],"class_list":{"0":"post-135235","1":"product","2":"type-product","3":"status-publish","4":"has-post-thumbnail","6":"product_group-pentra-fr","7":"product_cat-matrice-de-crepage-et-materiau-de-contre-crepage","8":"pa_breiter-riller-n-a-fr","9":"pa_breiter-riller-pince-de-2-mm","10":"pa_breiter-riller-rainure-de-3-mm","11":"pa_breiter-riller-rainure-de-4-mm","12":"pa_hoehe-04-mm-fr","13":"pa_hoehe-05-mm-fr","14":"pa_hoehe-06-mm-fr","15":"pa_hoehe-07-mm-fr","16":"pa_hoehe-08-mm-fr","17":"pa_hoehe-10-mm-fr","18":"pa_hoehe-12-mm-fr","19":"pa_hoehe-28-mm-fr","20":"pa_kanalbreite-13-mm-fr","21":"pa_kanalbreite-14-mm-fr","22":"pa_kanalbreite-15-mm-fr","23":"pa_kanalbreite-17-mm-fr","24":"pa_kanalbreite-21-mm-fr","25":"pa_kanalbreite-23-mm-fr","26":"pa_kanalbreite-25-mm-fr","27":"pa_kanalbreite-26-mm-fr","28":"pa_kanalbreite-27-mm-fr","29":"pa_kanalbreite-28-mm-fr","30":"pa_kanalbreite-30-mm-fr","31":"pa_kanalbreite-32-mm-fr","32":"pa_kanalbreite-35-mm-fr","33":"pa_kanalbreite-40-mm-fr","34":"pa_kanalbreite-50-mm-fr","35":"pa_kanalbreite-60-mm-fr","36":"pa_kanalbreite-70-mm-fr","37":"pa_karton-rolle-crt-fr","39":"first","40":"instock","41":"purchasable","42":"product-type-variable"},"acf":[],"yoast_head":"<!-- This site is optimized with the Yoast SEO plugin v22.6 - https:\/\/yoast.com\/wordpress\/plugins\/seo\/ -->\n<title>Pentra Plus SV - August Graef GNU<\/title>\n<meta name=\"robots\" content=\"index, follow, max-snippet:-1, max-image-preview:large, max-video-preview:-1\" \/>\n<link rel=\"canonical\" href=\"https:\/\/graef-gnu.com\/produkt\/pentra-plus-sv\/\" \/>\n<meta property=\"og:locale\" content=\"fr_FR\" \/>\n<meta property=\"og:type\" content=\"article\" \/>\n<meta property=\"og:title\" content=\"Pentra Plus SV - August Graef GNU\" \/>\n<meta property=\"og:description\" content=\"Version premium en carton comprim\u00e9, \u00e0 base de feuille pour le rainurage du papier, du carton et du carton ondul\u00e9. Avec rupture de bord \u00e0 l&#039;int\u00e9rieur du canal pour \u00e9viter la fissuration du carton ondul\u00e9 li\u00e9e \u00e0 la qualit\u00e9.  &nbsp;\" \/>\n<meta property=\"og:url\" content=\"https:\/\/graef-gnu.com\/produkt\/pentra-plus-sv\/\" \/>\n<meta property=\"og:site_name\" content=\"August Graef GNU\" \/>\n<meta property=\"article:modified_time\" content=\"2021-10-29T14:06:49+00:00\" \/>\n<meta property=\"og:image\" content=\"https:\/\/graef-gnu.com\/wp-content\/uploads\/pentra_plus_sv-1.jpg\" \/>\n\t<meta property=\"og:image:width\" content=\"890\" \/>\n\t<meta property=\"og:image:height\" content=\"300\" \/>\n\t<meta property=\"og:image:type\" content=\"image\/jpeg\" \/>\n<meta name=\"twitter:card\" content=\"summary_large_image\" \/>\n<meta name=\"twitter:label1\" content=\"Dur\u00e9e de lecture estim\u00e9e\" \/>\n\t<meta name=\"twitter:data1\" content=\"1 minute\" \/>\n<script type=\"application\/ld+json\" class=\"yoast-schema-graph\">{\"@context\":\"https:\/\/schema.org\",\"@graph\":[{\"@type\":\"WebPage\",\"@id\":\"https:\/\/graef-gnu.com\/produkt\/pentra-plus-sv\/\",\"url\":\"https:\/\/graef-gnu.com\/produkt\/pentra-plus-sv\/\",\"name\":\"Pentra Plus SV - August Graef GNU\",\"isPartOf\":{\"@id\":\"https:\/\/graef-gnu.com\/#website\"},\"primaryImageOfPage\":{\"@id\":\"https:\/\/graef-gnu.com\/produkt\/pentra-plus-sv\/#primaryimage\"},\"image\":{\"@id\":\"https:\/\/graef-gnu.com\/produkt\/pentra-plus-sv\/#primaryimage\"},\"thumbnailUrl\":\"https:\/\/graef-gnu.com\/wp-content\/uploads\/pentra_plus_sv-1.jpg\",\"datePublished\":\"2021-10-05T08:47:11+00:00\",\"dateModified\":\"2021-10-29T14:06:49+00:00\",\"breadcrumb\":{\"@id\":\"https:\/\/graef-gnu.com\/produkt\/pentra-plus-sv\/#breadcrumb\"},\"inLanguage\":\"fr-FR\",\"potentialAction\":[{\"@type\":\"ReadAction\",\"target\":[\"https:\/\/graef-gnu.com\/produkt\/pentra-plus-sv\/\"]}]},{\"@type\":\"ImageObject\",\"inLanguage\":\"fr-FR\",\"@id\":\"https:\/\/graef-gnu.com\/produkt\/pentra-plus-sv\/#primaryimage\",\"url\":\"https:\/\/graef-gnu.com\/wp-content\/uploads\/pentra_plus_sv-1.jpg\",\"contentUrl\":\"https:\/\/graef-gnu.com\/wp-content\/uploads\/pentra_plus_sv-1.jpg\",\"width\":890,\"height\":300},{\"@type\":\"BreadcrumbList\",\"@id\":\"https:\/\/graef-gnu.com\/produkt\/pentra-plus-sv\/#breadcrumb\",\"itemListElement\":[{\"@type\":\"ListItem\",\"position\":1,\"name\":\"Startseite\",\"item\":\"https:\/\/graef-gnu.com\/fr\/\"},{\"@type\":\"ListItem\",\"position\":2,\"name\":\"Formes \u00e0 plat\",\"item\":\"https:\/\/graef-gnu.com\/fr\/formes-a-plat\/\"},{\"@type\":\"ListItem\",\"position\":3,\"name\":\"Pentra Plus SV\"}]},{\"@type\":\"WebSite\",\"@id\":\"https:\/\/graef-gnu.com\/#website\",\"url\":\"https:\/\/graef-gnu.com\/\",\"name\":\"August Graef GNU\",\"description\":\"\",\"potentialAction\":[{\"@type\":\"SearchAction\",\"target\":{\"@type\":\"EntryPoint\",\"urlTemplate\":\"https:\/\/graef-gnu.com\/?s={search_term_string}\"},\"query-input\":\"required name=search_term_string\"}],\"inLanguage\":\"fr-FR\"}]}<\/script>\n<!-- \/ Yoast SEO plugin. -->","yoast_head_json":{"title":"Pentra Plus SV - August Graef GNU","robots":{"index":"index","follow":"follow","max-snippet":"max-snippet:-1","max-image-preview":"max-image-preview:large","max-video-preview":"max-video-preview:-1"},"canonical":"https:\/\/graef-gnu.com\/produkt\/pentra-plus-sv\/","og_locale":"fr_FR","og_type":"article","og_title":"Pentra Plus SV - August Graef GNU","og_description":"Version premium en carton comprim\u00e9, \u00e0 base de feuille pour le rainurage du papier, du carton et du carton ondul\u00e9. Avec rupture de bord \u00e0 l'int\u00e9rieur du canal pour \u00e9viter la fissuration du carton ondul\u00e9 li\u00e9e \u00e0 la qualit\u00e9.  &nbsp;","og_url":"https:\/\/graef-gnu.com\/produkt\/pentra-plus-sv\/","og_site_name":"August Graef GNU","article_modified_time":"2021-10-29T14:06:49+00:00","og_image":[{"width":890,"height":300,"url":"https:\/\/graef-gnu.com\/wp-content\/uploads\/pentra_plus_sv-1.jpg","type":"image\/jpeg"}],"twitter_card":"summary_large_image","twitter_misc":{"Dur\u00e9e de lecture estim\u00e9e":"1 minute"},"schema":{"@context":"https:\/\/schema.org","@graph":[{"@type":"WebPage","@id":"https:\/\/graef-gnu.com\/produkt\/pentra-plus-sv\/","url":"https:\/\/graef-gnu.com\/produkt\/pentra-plus-sv\/","name":"Pentra Plus SV - August Graef GNU","isPartOf":{"@id":"https:\/\/graef-gnu.com\/#website"},"primaryImageOfPage":{"@id":"https:\/\/graef-gnu.com\/produkt\/pentra-plus-sv\/#primaryimage"},"image":{"@id":"https:\/\/graef-gnu.com\/produkt\/pentra-plus-sv\/#primaryimage"},"thumbnailUrl":"https:\/\/graef-gnu.com\/wp-content\/uploads\/pentra_plus_sv-1.jpg","datePublished":"2021-10-05T08:47:11+00:00","dateModified":"2021-10-29T14:06:49+00:00","breadcrumb":{"@id":"https:\/\/graef-gnu.com\/produkt\/pentra-plus-sv\/#breadcrumb"},"inLanguage":"fr-FR","potentialAction":[{"@type":"ReadAction","target":["https:\/\/graef-gnu.com\/produkt\/pentra-plus-sv\/"]}]},{"@type":"ImageObject","inLanguage":"fr-FR","@id":"https:\/\/graef-gnu.com\/produkt\/pentra-plus-sv\/#primaryimage","url":"https:\/\/graef-gnu.com\/wp-content\/uploads\/pentra_plus_sv-1.jpg","contentUrl":"https:\/\/graef-gnu.com\/wp-content\/uploads\/pentra_plus_sv-1.jpg","width":890,"height":300},{"@type":"BreadcrumbList","@id":"https:\/\/graef-gnu.com\/produkt\/pentra-plus-sv\/#breadcrumb","itemListElement":[{"@type":"ListItem","position":1,"name":"Startseite","item":"https:\/\/graef-gnu.com\/fr\/"},{"@type":"ListItem","position":2,"name":"Formes \u00e0 plat","item":"https:\/\/graef-gnu.com\/fr\/formes-a-plat\/"},{"@type":"ListItem","position":3,"name":"Pentra Plus SV"}]},{"@type":"WebSite","@id":"https:\/\/graef-gnu.com\/#website","url":"https:\/\/graef-gnu.com\/","name":"August Graef GNU","description":"","potentialAction":[{"@type":"SearchAction","target":{"@type":"EntryPoint","urlTemplate":"https:\/\/graef-gnu.com\/?s={search_term_string}"},"query-input":"required name=search_term_string"}],"inLanguage":"fr-FR"}]}},"_links":{"self":[{"href":"https:\/\/graef-gnu.com\/fr\/wp-json\/wp\/v2\/product\/135235","targetHints":{"allow":["GET"]}}],"collection":[{"href":"https:\/\/graef-gnu.com\/fr\/wp-json\/wp\/v2\/product"}],"about":[{"href":"https:\/\/graef-gnu.com\/fr\/wp-json\/wp\/v2\/types\/product"}],"wp:featuredmedia":[{"embeddable":true,"href":"https:\/\/graef-gnu.com\/fr\/wp-json\/wp\/v2\/media\/133946"}],"wp:attachment":[{"href":"https:\/\/graef-gnu.com\/fr\/wp-json\/wp\/v2\/media?parent=135235"}],"wp:term":[{"taxonomy":"product_cat","embeddable":true,"href":"https:\/\/graef-gnu.com\/fr\/wp-json\/wp\/v2\/product_cat?post=135235"},{"taxonomy":"product_tag","embeddable":true,"href":"https:\/\/graef-gnu.com\/fr\/wp-json\/wp\/v2\/product_tag?post=135235"}],"curies":[{"name":"wp","href":"https:\/\/api.w.org\/{rel}","templated":true}]}}