{"id":135303,"date":"2021-02-11T10:57:37","date_gmt":"2021-10-05T08:47:15","guid":{"rendered":"https:\/\/www.graef-gnu.com\/produkt\/duroflex-wave\/"},"modified":"2021-11-01T17:51:56","modified_gmt":"2021-11-01T16:51:56","slug":"duroflex-wave","status":"publish","type":"product","link":"https:\/\/graef-gnu.com\/fr\/produkt\/duroflex-wave\/","title":{"rendered":"Duroflex<sup>&reg;<\/sup>-Wave"},"content":{"rendered":"<p>Comme Duroflex<sup>&reg;<\/sup>, mais ondul\u00e9 dans l&#8217;ar\u00eate de coupe pour cr\u00e9er un profil de coupe ondul\u00e9, par exemple pour \u00e9viter les blessures de coupe.<\/p>\n","protected":false},"excerpt":{"rendered":"<p>Comme Duroflex<sup>&reg;<\/sup>, mais ondul\u00e9 dans l&#8217;ar\u00eate de coupe pour cr\u00e9er un profil de coupe ondul\u00e9, par exemple pour \u00e9viter les blessures de coupe.<\/p>\n","protected":false},"featured_media":132881,"template":"","meta":{"_acf_changed":false},"product_cat":[6776],"product_tag":[],"class_list":{"0":"post-135303","1":"product","2":"type-product","3":"status-publish","4":"has-post-thumbnail","6":"product_group-decouper","7":"product_cat-decoupage-a-plat","8":"pa_ablaengung-a-1-m-fr","9":"pa_ablaengung-sur-lanneau","10":"pa_hoehe-233-mm-fr","11":"pa_hoehe-2356-mm-fr","12":"pa_hoehe-236-mm-fr","13":"pa_hoehe-2365-mm-fr","14":"pa_hoehe-238-mm-fr","15":"pa_hoehe-241-mm-fr","16":"pa_hoehe-300-mm-fr","17":"pa_schliff-om","18":"pa_schliff-omd","19":"pa_staerke-breite-07-mm-fr","20":"pa_staerke-breite-105-mm-fr","21":"pa_welle-micro-arbre-de-17-mm","22":"pa_welle-ondulation-110-mm","23":"pa_welle-ondulation-de-20-mm","24":"pa_welle-ondulation-de-35-mm","25":"pa_welle-ondulation-5-6mm","26":"pa_wellenstaerke-105-mm-fr","27":"pa_wellenstaerke-11-12-mm-fr","28":"pa_wellenstaerke-125-mm-fr","29":"pa_wellenstaerke-135-mm-fr","30":"pa_wellenstaerke-145-mm-fr","31":"pa_wellenstaerke-20-mm-fr","32":"pa_wicklung-durchmesser-acw-480-mm-fr","33":"pa_wicklung-durchmesser-acw-560-mm-fr","34":"pa_wicklung-durchmesser-cw-480-mm-fr","35":"pa_wicklung-durchmesser-cw-560-mm-fr","36":"pa_wicklung-durchmesser-n-a-fr","38":"first","39":"instock","40":"purchasable","41":"product-type-variable"},"acf":[],"yoast_head":"<!-- This site is optimized with the Yoast SEO plugin v22.6 - https:\/\/yoast.com\/wordpress\/plugins\/seo\/ -->\n<title>Duroflex&reg;-Wave - August Graef GNU<\/title>\n<meta name=\"description\" content=\"Duroflex&reg;-Wave : ondul\u00e9 dans le bord de coupe pour cr\u00e9er un profil de coupe ondul\u00e9, par exemple pour \u00e9viter les blessures de coupe \u25ba En savoir plus ici !\" \/>\n<meta name=\"robots\" content=\"index, follow, max-snippet:-1, max-image-preview:large, max-video-preview:-1\" \/>\n<link rel=\"canonical\" href=\"https:\/\/graef-gnu.com\/produkt\/duroflex-wave\/\" \/>\n<meta property=\"og:locale\" content=\"fr_FR\" \/>\n<meta property=\"og:type\" content=\"article\" \/>\n<meta property=\"og:title\" content=\"Duroflex&reg;-Wave - August Graef GNU\" \/>\n<meta property=\"og:description\" content=\"Duroflex&reg;-Wave : ondul\u00e9 dans le bord de coupe pour cr\u00e9er un profil de coupe ondul\u00e9, par exemple pour \u00e9viter les blessures de coupe \u25ba En savoir plus ici !\" \/>\n<meta property=\"og:url\" content=\"https:\/\/graef-gnu.com\/produkt\/duroflex-wave\/\" \/>\n<meta property=\"og:site_name\" content=\"August Graef GNU\" \/>\n<meta property=\"article:modified_time\" content=\"2021-11-01T16:51:56+00:00\" \/>\n<meta property=\"og:image\" content=\"https:\/\/graef-gnu.com\/wp-content\/uploads\/gnu-duroflex-wave.jpg\" \/>\n\t<meta property=\"og:image:width\" content=\"890\" \/>\n\t<meta property=\"og:image:height\" content=\"300\" \/>\n\t<meta property=\"og:image:type\" content=\"image\/jpeg\" \/>\n<meta name=\"twitter:card\" content=\"summary_large_image\" \/>\n<script type=\"application\/ld+json\" class=\"yoast-schema-graph\">{\"@context\":\"https:\/\/schema.org\",\"@graph\":[{\"@type\":\"WebPage\",\"@id\":\"https:\/\/graef-gnu.com\/produkt\/duroflex-wave\/\",\"url\":\"https:\/\/graef-gnu.com\/produkt\/duroflex-wave\/\",\"name\":\"Duroflex&reg;-Wave - August Graef GNU\",\"isPartOf\":{\"@id\":\"https:\/\/graef-gnu.com\/#website\"},\"primaryImageOfPage\":{\"@id\":\"https:\/\/graef-gnu.com\/produkt\/duroflex-wave\/#primaryimage\"},\"image\":{\"@id\":\"https:\/\/graef-gnu.com\/produkt\/duroflex-wave\/#primaryimage\"},\"thumbnailUrl\":\"https:\/\/graef-gnu.com\/wp-content\/uploads\/gnu-duroflex-wave.jpg\",\"datePublished\":\"2021-10-05T08:47:15+00:00\",\"dateModified\":\"2021-11-01T16:51:56+00:00\",\"description\":\"Duroflex&reg;-Wave : ondul\u00e9 dans le bord de coupe pour cr\u00e9er un profil de coupe ondul\u00e9, par exemple pour \u00e9viter les blessures de coupe \u25ba En savoir plus ici !\",\"breadcrumb\":{\"@id\":\"https:\/\/graef-gnu.com\/produkt\/duroflex-wave\/#breadcrumb\"},\"inLanguage\":\"fr-FR\",\"potentialAction\":[{\"@type\":\"ReadAction\",\"target\":[\"https:\/\/graef-gnu.com\/produkt\/duroflex-wave\/\"]}]},{\"@type\":\"ImageObject\",\"inLanguage\":\"fr-FR\",\"@id\":\"https:\/\/graef-gnu.com\/produkt\/duroflex-wave\/#primaryimage\",\"url\":\"https:\/\/graef-gnu.com\/wp-content\/uploads\/gnu-duroflex-wave.jpg\",\"contentUrl\":\"https:\/\/graef-gnu.com\/wp-content\/uploads\/gnu-duroflex-wave.jpg\",\"width\":890,\"height\":300},{\"@type\":\"BreadcrumbList\",\"@id\":\"https:\/\/graef-gnu.com\/produkt\/duroflex-wave\/#breadcrumb\",\"itemListElement\":[{\"@type\":\"ListItem\",\"position\":1,\"name\":\"Startseite\",\"item\":\"https:\/\/graef-gnu.com\/fr\/\"},{\"@type\":\"ListItem\",\"position\":2,\"name\":\"Formes \u00e0 plat\",\"item\":\"https:\/\/graef-gnu.com\/fr\/formes-a-plat\/\"},{\"@type\":\"ListItem\",\"position\":3,\"name\":\"Duroflex&reg;-Wave\"}]},{\"@type\":\"WebSite\",\"@id\":\"https:\/\/graef-gnu.com\/#website\",\"url\":\"https:\/\/graef-gnu.com\/\",\"name\":\"August Graef GNU\",\"description\":\"\",\"potentialAction\":[{\"@type\":\"SearchAction\",\"target\":{\"@type\":\"EntryPoint\",\"urlTemplate\":\"https:\/\/graef-gnu.com\/?s={search_term_string}\"},\"query-input\":\"required name=search_term_string\"}],\"inLanguage\":\"fr-FR\"}]}<\/script>\n<!-- \/ Yoast SEO plugin. -->","yoast_head_json":{"title":"Duroflex&reg;-Wave - August Graef GNU","description":"Duroflex&reg;-Wave : ondul\u00e9 dans le bord de coupe pour cr\u00e9er un profil de coupe ondul\u00e9, par exemple pour \u00e9viter les blessures de coupe \u25ba En savoir plus ici !","robots":{"index":"index","follow":"follow","max-snippet":"max-snippet:-1","max-image-preview":"max-image-preview:large","max-video-preview":"max-video-preview:-1"},"canonical":"https:\/\/graef-gnu.com\/produkt\/duroflex-wave\/","og_locale":"fr_FR","og_type":"article","og_title":"Duroflex&reg;-Wave - August Graef GNU","og_description":"Duroflex&reg;-Wave : ondul\u00e9 dans le bord de coupe pour cr\u00e9er un profil de coupe ondul\u00e9, par exemple pour \u00e9viter les blessures de coupe \u25ba En savoir plus ici !","og_url":"https:\/\/graef-gnu.com\/produkt\/duroflex-wave\/","og_site_name":"August Graef GNU","article_modified_time":"2021-11-01T16:51:56+00:00","og_image":[{"width":890,"height":300,"url":"https:\/\/graef-gnu.com\/wp-content\/uploads\/gnu-duroflex-wave.jpg","type":"image\/jpeg"}],"twitter_card":"summary_large_image","schema":{"@context":"https:\/\/schema.org","@graph":[{"@type":"WebPage","@id":"https:\/\/graef-gnu.com\/produkt\/duroflex-wave\/","url":"https:\/\/graef-gnu.com\/produkt\/duroflex-wave\/","name":"Duroflex&reg;-Wave - August Graef GNU","isPartOf":{"@id":"https:\/\/graef-gnu.com\/#website"},"primaryImageOfPage":{"@id":"https:\/\/graef-gnu.com\/produkt\/duroflex-wave\/#primaryimage"},"image":{"@id":"https:\/\/graef-gnu.com\/produkt\/duroflex-wave\/#primaryimage"},"thumbnailUrl":"https:\/\/graef-gnu.com\/wp-content\/uploads\/gnu-duroflex-wave.jpg","datePublished":"2021-10-05T08:47:15+00:00","dateModified":"2021-11-01T16:51:56+00:00","description":"Duroflex&reg;-Wave : ondul\u00e9 dans le bord de coupe pour cr\u00e9er un profil de coupe ondul\u00e9, par exemple pour \u00e9viter les blessures de coupe \u25ba En savoir plus ici !","breadcrumb":{"@id":"https:\/\/graef-gnu.com\/produkt\/duroflex-wave\/#breadcrumb"},"inLanguage":"fr-FR","potentialAction":[{"@type":"ReadAction","target":["https:\/\/graef-gnu.com\/produkt\/duroflex-wave\/"]}]},{"@type":"ImageObject","inLanguage":"fr-FR","@id":"https:\/\/graef-gnu.com\/produkt\/duroflex-wave\/#primaryimage","url":"https:\/\/graef-gnu.com\/wp-content\/uploads\/gnu-duroflex-wave.jpg","contentUrl":"https:\/\/graef-gnu.com\/wp-content\/uploads\/gnu-duroflex-wave.jpg","width":890,"height":300},{"@type":"BreadcrumbList","@id":"https:\/\/graef-gnu.com\/produkt\/duroflex-wave\/#breadcrumb","itemListElement":[{"@type":"ListItem","position":1,"name":"Startseite","item":"https:\/\/graef-gnu.com\/fr\/"},{"@type":"ListItem","position":2,"name":"Formes \u00e0 plat","item":"https:\/\/graef-gnu.com\/fr\/formes-a-plat\/"},{"@type":"ListItem","position":3,"name":"Duroflex&reg;-Wave"}]},{"@type":"WebSite","@id":"https:\/\/graef-gnu.com\/#website","url":"https:\/\/graef-gnu.com\/","name":"August Graef GNU","description":"","potentialAction":[{"@type":"SearchAction","target":{"@type":"EntryPoint","urlTemplate":"https:\/\/graef-gnu.com\/?s={search_term_string}"},"query-input":"required name=search_term_string"}],"inLanguage":"fr-FR"}]}},"_links":{"self":[{"href":"https:\/\/graef-gnu.com\/fr\/wp-json\/wp\/v2\/product\/135303","targetHints":{"allow":["GET"]}}],"collection":[{"href":"https:\/\/graef-gnu.com\/fr\/wp-json\/wp\/v2\/product"}],"about":[{"href":"https:\/\/graef-gnu.com\/fr\/wp-json\/wp\/v2\/types\/product"}],"wp:featuredmedia":[{"embeddable":true,"href":"https:\/\/graef-gnu.com\/fr\/wp-json\/wp\/v2\/media\/132881"}],"wp:attachment":[{"href":"https:\/\/graef-gnu.com\/fr\/wp-json\/wp\/v2\/media?parent=135303"}],"wp:term":[{"taxonomy":"product_cat","embeddable":true,"href":"https:\/\/graef-gnu.com\/fr\/wp-json\/wp\/v2\/product_cat?post=135303"},{"taxonomy":"product_tag","embeddable":true,"href":"https:\/\/graef-gnu.com\/fr\/wp-json\/wp\/v2\/product_tag?post=135303"}],"curies":[{"name":"wp","href":"https:\/\/api.w.org\/{rel}","templated":true}]}}