{"id":135476,"date":"2021-02-11T11:04:22","date_gmt":"2021-10-05T08:47:26","guid":{"rendered":"https:\/\/www.graef-gnu.com\/produkt\/gnu-sprinteject\/"},"modified":"2021-10-05T10:47:26","modified_gmt":"2021-10-05T08:47:26","slug":"gnu-sprinteject-2","status":"publish","type":"product","link":"https:\/\/graef-gnu.com\/fr\/produkt\/gnu-sprinteject-2\/","title":{"rendered":"GNU Sprinteject"},"content":{"rendered":"<p>GNU Sprinteject peut \u00eatre utilis\u00e9 pour le carton compact et aussi pour le carton ondul\u00e9. La force de rappel et d&#8217;\u00e9jection sp\u00e9cialement r\u00e9gl\u00e9e assure un d\u00e9tachement propre de la feuille du couteau et est rendue possible par le mat\u00e9riau de haute qualit\u00e9 et la forme sp\u00e9ciale. Le mat\u00e9riau est extr\u00eamement r\u00e9sistant \u00e0 l&#8217;abrasion lorsqu&#8217;il est utilis\u00e9 pour l&#8217;usage auquel il est destin\u00e9.<br \/>\nLe GNU Sprinteject est certifi\u00e9 s\u00fbr pour la production de bo\u00eetes pliantes pour aliments.<\/p>\n","protected":false},"excerpt":{"rendered":"<p>GNU Sprinteject peut \u00eatre utilis\u00e9 pour le carton compact et aussi pour le carton ondul\u00e9. La force de rappel et d&#8217;\u00e9jection sp\u00e9cialement r\u00e9gl\u00e9e assure un d\u00e9tachement propre de la feuille du couteau et est rendue possible par le mat\u00e9riau de haute qualit\u00e9 et la forme sp\u00e9ciale.<\/p>\n","protected":false},"featured_media":132814,"template":"","meta":{"_acf_changed":false},"product_cat":[6709],"product_tag":[],"class_list":{"0":"post-135476","1":"product","2":"type-product","3":"status-publish","4":"has-post-thumbnail","6":"product_group-profiles-fr","7":"product_cat-materiaux-dejection","8":"pa_ablaengung-a-1-m-fr","9":"pa_hoehe-70-mm-fr","10":"pa_hoehe-725-mm-fr","11":"pa_hoehe-73-mm-fr","12":"pa_hoehe-80-mm-fr","13":"pa_hoehe-95-mm-fr","14":"pa_profilbreite-3-mm-fr","15":"pa_profilbreite-5-mm-fr","16":"pa_profilbreite-75-mm-fr","17":"pa_profilbreite-8-mm-fr","19":"first","20":"instock","21":"purchasable","22":"product-type-variable"},"acf":[],"yoast_head":"<!-- This site is optimized with the Yoast SEO plugin v22.6 - https:\/\/yoast.com\/wordpress\/plugins\/seo\/ -->\n<title>GNU Sprinteject - August Graef GNU<\/title>\n<meta name=\"description\" content=\"GNU Sprinteject pour le carton compact et ondul\u00e9 \u2705 certifi\u00e9 pour la production de bo\u00eetes pliantes pour l&#039;alimentation \u2705 Demande ici !\" \/>\n<meta name=\"robots\" content=\"index, follow, max-snippet:-1, max-image-preview:large, max-video-preview:-1\" \/>\n<link rel=\"canonical\" href=\"https:\/\/graef-gnu.com\/produkt\/gnu-sprinteject\/\" \/>\n<meta property=\"og:locale\" content=\"fr_FR\" \/>\n<meta property=\"og:type\" content=\"article\" \/>\n<meta property=\"og:title\" content=\"GNU Sprinteject - August Graef GNU\" \/>\n<meta property=\"og:description\" content=\"GNU Sprinteject pour le carton compact et ondul\u00e9 \u2705 certifi\u00e9 pour la production de bo\u00eetes pliantes pour l&#039;alimentation \u2705 Demande ici !\" \/>\n<meta property=\"og:url\" content=\"https:\/\/graef-gnu.com\/produkt\/gnu-sprinteject\/\" \/>\n<meta property=\"og:site_name\" content=\"August Graef GNU\" \/>\n<meta property=\"og:image\" content=\"https:\/\/graef-gnu.com\/wp-content\/uploads\/gnu_sprinteject.jpg\" \/>\n\t<meta property=\"og:image:width\" content=\"890\" \/>\n\t<meta property=\"og:image:height\" content=\"300\" \/>\n\t<meta property=\"og:image:type\" content=\"image\/jpeg\" \/>\n<meta name=\"twitter:card\" content=\"summary_large_image\" \/>\n<script type=\"application\/ld+json\" class=\"yoast-schema-graph\">{\"@context\":\"https:\/\/schema.org\",\"@graph\":[{\"@type\":\"WebPage\",\"@id\":\"https:\/\/graef-gnu.com\/produkt\/gnu-sprinteject\/\",\"url\":\"https:\/\/graef-gnu.com\/produkt\/gnu-sprinteject\/\",\"name\":\"GNU Sprinteject - August Graef GNU\",\"isPartOf\":{\"@id\":\"https:\/\/graef-gnu.com\/#website\"},\"primaryImageOfPage\":{\"@id\":\"https:\/\/graef-gnu.com\/produkt\/gnu-sprinteject\/#primaryimage\"},\"image\":{\"@id\":\"https:\/\/graef-gnu.com\/produkt\/gnu-sprinteject\/#primaryimage\"},\"thumbnailUrl\":\"https:\/\/graef-gnu.com\/wp-content\/uploads\/gnu_sprinteject.jpg\",\"datePublished\":\"2021-10-05T08:47:26+00:00\",\"dateModified\":\"2021-10-05T08:47:26+00:00\",\"description\":\"GNU Sprinteject pour le carton compact et ondul\u00e9 \u2705 certifi\u00e9 pour la production de bo\u00eetes pliantes pour l'alimentation \u2705 Demande ici !\",\"breadcrumb\":{\"@id\":\"https:\/\/graef-gnu.com\/produkt\/gnu-sprinteject\/#breadcrumb\"},\"inLanguage\":\"fr-FR\",\"potentialAction\":[{\"@type\":\"ReadAction\",\"target\":[\"https:\/\/graef-gnu.com\/produkt\/gnu-sprinteject\/\"]}]},{\"@type\":\"ImageObject\",\"inLanguage\":\"fr-FR\",\"@id\":\"https:\/\/graef-gnu.com\/produkt\/gnu-sprinteject\/#primaryimage\",\"url\":\"https:\/\/graef-gnu.com\/wp-content\/uploads\/gnu_sprinteject.jpg\",\"contentUrl\":\"https:\/\/graef-gnu.com\/wp-content\/uploads\/gnu_sprinteject.jpg\",\"width\":890,\"height\":300},{\"@type\":\"BreadcrumbList\",\"@id\":\"https:\/\/graef-gnu.com\/produkt\/gnu-sprinteject\/#breadcrumb\",\"itemListElement\":[{\"@type\":\"ListItem\",\"position\":1,\"name\":\"Startseite\",\"item\":\"https:\/\/graef-gnu.com\/fr\/\"},{\"@type\":\"ListItem\",\"position\":2,\"name\":\"Formes \u00e0 plat\",\"item\":\"https:\/\/graef-gnu.com\/fr\/formes-a-plat\/\"},{\"@type\":\"ListItem\",\"position\":3,\"name\":\"GNU Sprinteject\"}]},{\"@type\":\"WebSite\",\"@id\":\"https:\/\/graef-gnu.com\/#website\",\"url\":\"https:\/\/graef-gnu.com\/\",\"name\":\"August Graef GNU\",\"description\":\"\",\"potentialAction\":[{\"@type\":\"SearchAction\",\"target\":{\"@type\":\"EntryPoint\",\"urlTemplate\":\"https:\/\/graef-gnu.com\/?s={search_term_string}\"},\"query-input\":\"required name=search_term_string\"}],\"inLanguage\":\"fr-FR\"}]}<\/script>\n<!-- \/ Yoast SEO plugin. -->","yoast_head_json":{"title":"GNU Sprinteject - August Graef GNU","description":"GNU Sprinteject pour le carton compact et ondul\u00e9 \u2705 certifi\u00e9 pour la production de bo\u00eetes pliantes pour l'alimentation \u2705 Demande ici !","robots":{"index":"index","follow":"follow","max-snippet":"max-snippet:-1","max-image-preview":"max-image-preview:large","max-video-preview":"max-video-preview:-1"},"canonical":"https:\/\/graef-gnu.com\/produkt\/gnu-sprinteject\/","og_locale":"fr_FR","og_type":"article","og_title":"GNU Sprinteject - August Graef GNU","og_description":"GNU Sprinteject pour le carton compact et ondul\u00e9 \u2705 certifi\u00e9 pour la production de bo\u00eetes pliantes pour l'alimentation \u2705 Demande ici !","og_url":"https:\/\/graef-gnu.com\/produkt\/gnu-sprinteject\/","og_site_name":"August Graef GNU","og_image":[{"width":890,"height":300,"url":"https:\/\/graef-gnu.com\/wp-content\/uploads\/gnu_sprinteject.jpg","type":"image\/jpeg"}],"twitter_card":"summary_large_image","schema":{"@context":"https:\/\/schema.org","@graph":[{"@type":"WebPage","@id":"https:\/\/graef-gnu.com\/produkt\/gnu-sprinteject\/","url":"https:\/\/graef-gnu.com\/produkt\/gnu-sprinteject\/","name":"GNU Sprinteject - August Graef GNU","isPartOf":{"@id":"https:\/\/graef-gnu.com\/#website"},"primaryImageOfPage":{"@id":"https:\/\/graef-gnu.com\/produkt\/gnu-sprinteject\/#primaryimage"},"image":{"@id":"https:\/\/graef-gnu.com\/produkt\/gnu-sprinteject\/#primaryimage"},"thumbnailUrl":"https:\/\/graef-gnu.com\/wp-content\/uploads\/gnu_sprinteject.jpg","datePublished":"2021-10-05T08:47:26+00:00","dateModified":"2021-10-05T08:47:26+00:00","description":"GNU Sprinteject pour le carton compact et ondul\u00e9 \u2705 certifi\u00e9 pour la production de bo\u00eetes pliantes pour l'alimentation \u2705 Demande ici !","breadcrumb":{"@id":"https:\/\/graef-gnu.com\/produkt\/gnu-sprinteject\/#breadcrumb"},"inLanguage":"fr-FR","potentialAction":[{"@type":"ReadAction","target":["https:\/\/graef-gnu.com\/produkt\/gnu-sprinteject\/"]}]},{"@type":"ImageObject","inLanguage":"fr-FR","@id":"https:\/\/graef-gnu.com\/produkt\/gnu-sprinteject\/#primaryimage","url":"https:\/\/graef-gnu.com\/wp-content\/uploads\/gnu_sprinteject.jpg","contentUrl":"https:\/\/graef-gnu.com\/wp-content\/uploads\/gnu_sprinteject.jpg","width":890,"height":300},{"@type":"BreadcrumbList","@id":"https:\/\/graef-gnu.com\/produkt\/gnu-sprinteject\/#breadcrumb","itemListElement":[{"@type":"ListItem","position":1,"name":"Startseite","item":"https:\/\/graef-gnu.com\/fr\/"},{"@type":"ListItem","position":2,"name":"Formes \u00e0 plat","item":"https:\/\/graef-gnu.com\/fr\/formes-a-plat\/"},{"@type":"ListItem","position":3,"name":"GNU Sprinteject"}]},{"@type":"WebSite","@id":"https:\/\/graef-gnu.com\/#website","url":"https:\/\/graef-gnu.com\/","name":"August Graef GNU","description":"","potentialAction":[{"@type":"SearchAction","target":{"@type":"EntryPoint","urlTemplate":"https:\/\/graef-gnu.com\/?s={search_term_string}"},"query-input":"required name=search_term_string"}],"inLanguage":"fr-FR"}]}},"_links":{"self":[{"href":"https:\/\/graef-gnu.com\/fr\/wp-json\/wp\/v2\/product\/135476","targetHints":{"allow":["GET"]}}],"collection":[{"href":"https:\/\/graef-gnu.com\/fr\/wp-json\/wp\/v2\/product"}],"about":[{"href":"https:\/\/graef-gnu.com\/fr\/wp-json\/wp\/v2\/types\/product"}],"wp:featuredmedia":[{"embeddable":true,"href":"https:\/\/graef-gnu.com\/fr\/wp-json\/wp\/v2\/media\/132814"}],"wp:attachment":[{"href":"https:\/\/graef-gnu.com\/fr\/wp-json\/wp\/v2\/media?parent=135476"}],"wp:term":[{"taxonomy":"product_cat","embeddable":true,"href":"https:\/\/graef-gnu.com\/fr\/wp-json\/wp\/v2\/product_cat?post=135476"},{"taxonomy":"product_tag","embeddable":true,"href":"https:\/\/graef-gnu.com\/fr\/wp-json\/wp\/v2\/product_tag?post=135476"}],"curies":[{"name":"wp","href":"https:\/\/api.w.org\/{rel}","templated":true}]}}