{"id":135556,"date":"2021-02-11T11:03:13","date_gmt":"2021-10-05T08:47:34","guid":{"rendered":"https:\/\/www.graef-gnu.com\/produkt\/wave-r\/"},"modified":"2021-10-05T10:47:34","modified_gmt":"2021-10-05T08:47:34","slug":"perftec-wave-r-2","status":"publish","type":"product","link":"https:\/\/graef-gnu.com\/fr\/produkt\/perftec-wave-r-2\/","title":{"rendered":"Wave-R"},"content":{"rendered":"<p>Une ligne de coupe rotative dont le bord de coupe est ondul\u00e9 pour cr\u00e9er un profil de coupe ondul\u00e9, par exemple pour \u00e9viter les blessures de coupe.<\/p>\n","protected":false},"excerpt":{"rendered":"<p>Une ligne de coupe rotative dont le bord de coupe est ondul\u00e9 pour cr\u00e9er un profil de coupe ondul\u00e9, par exemple pour \u00e9viter les blessures de coupe.<\/p>\n","protected":false},"featured_media":133562,"template":"","meta":{"_acf_changed":false},"product_cat":[6717],"product_tag":[],"class_list":{"0":"post-135556","1":"product","2":"type-product","3":"status-publish","4":"has-post-thumbnail","6":"product_group-perforer-fr","7":"product_cat-poinconnage-rotatif","8":"pa_ablaengung-sur-lanneau","9":"pa_hoehe-254-mm-fr","10":"pa_hoehe-264-mm-fr","11":"pa_nuten-avec-encoches","12":"pa_nuten-n-a-fr","13":"pa_staerke-breite-142-mm-fr","14":"pa_welle-35-mm-fr","15":"pa_welle-5-0-6-0-mm-fr-2","16":"pa_wicklung-durchmesser-487-mm-fr","17":"pa_wicklung-durchmesser-cw-560-mm-fr","18":"pa_zaehne-12-tpi-fr","19":"pa_zaehne-n-a-fr","21":"first","22":"instock","23":"purchasable","24":"product-type-variable"},"acf":[],"yoast_head":"<!-- This site is optimized with the Yoast SEO plugin v22.6 - https:\/\/yoast.com\/wordpress\/plugins\/seo\/ -->\n<title>Wave-R - August Graef GNU<\/title>\n<meta name=\"description\" content=\"Ligne de coupe rotative pour cr\u00e9er un profil de coupe ondul\u00e9, par exemple pour \u00e9viter les blessures de coupe \u2705 En savoir plus ici !\" \/>\n<meta name=\"robots\" content=\"index, follow, max-snippet:-1, max-image-preview:large, max-video-preview:-1\" \/>\n<link rel=\"canonical\" href=\"https:\/\/graef-gnu.com\/produkt\/perftec-wave-r\/\" \/>\n<meta property=\"og:locale\" content=\"fr_FR\" \/>\n<meta property=\"og:type\" content=\"article\" \/>\n<meta property=\"og:title\" content=\"Wave-R - August Graef GNU\" \/>\n<meta property=\"og:description\" content=\"Ligne de coupe rotative pour cr\u00e9er un profil de coupe ondul\u00e9, par exemple pour \u00e9viter les blessures de coupe \u2705 En savoir plus ici !\" \/>\n<meta property=\"og:url\" content=\"https:\/\/graef-gnu.com\/produkt\/perftec-wave-r\/\" \/>\n<meta property=\"og:site_name\" content=\"August Graef GNU\" \/>\n<meta property=\"og:image\" content=\"https:\/\/graef-gnu.com\/wp-content\/uploads\/gnu-perftec-wave-r.jpg\" \/>\n\t<meta property=\"og:image:width\" content=\"890\" \/>\n\t<meta property=\"og:image:height\" content=\"300\" \/>\n\t<meta property=\"og:image:type\" content=\"image\/jpeg\" \/>\n<meta name=\"twitter:card\" content=\"summary_large_image\" \/>\n<script type=\"application\/ld+json\" class=\"yoast-schema-graph\">{\"@context\":\"https:\/\/schema.org\",\"@graph\":[{\"@type\":\"WebPage\",\"@id\":\"https:\/\/graef-gnu.com\/produkt\/perftec-wave-r\/\",\"url\":\"https:\/\/graef-gnu.com\/produkt\/perftec-wave-r\/\",\"name\":\"Wave-R - August Graef GNU\",\"isPartOf\":{\"@id\":\"https:\/\/graef-gnu.com\/#website\"},\"primaryImageOfPage\":{\"@id\":\"https:\/\/graef-gnu.com\/produkt\/perftec-wave-r\/#primaryimage\"},\"image\":{\"@id\":\"https:\/\/graef-gnu.com\/produkt\/perftec-wave-r\/#primaryimage\"},\"thumbnailUrl\":\"https:\/\/graef-gnu.com\/wp-content\/uploads\/gnu-perftec-wave-r.jpg\",\"datePublished\":\"2021-10-05T08:47:34+00:00\",\"dateModified\":\"2021-10-05T08:47:34+00:00\",\"description\":\"Ligne de coupe rotative pour cr\u00e9er un profil de coupe ondul\u00e9, par exemple pour \u00e9viter les blessures de coupe \u2705 En savoir plus ici !\",\"breadcrumb\":{\"@id\":\"https:\/\/graef-gnu.com\/produkt\/perftec-wave-r\/#breadcrumb\"},\"inLanguage\":\"fr-FR\",\"potentialAction\":[{\"@type\":\"ReadAction\",\"target\":[\"https:\/\/graef-gnu.com\/produkt\/perftec-wave-r\/\"]}]},{\"@type\":\"ImageObject\",\"inLanguage\":\"fr-FR\",\"@id\":\"https:\/\/graef-gnu.com\/produkt\/perftec-wave-r\/#primaryimage\",\"url\":\"https:\/\/graef-gnu.com\/wp-content\/uploads\/gnu-perftec-wave-r.jpg\",\"contentUrl\":\"https:\/\/graef-gnu.com\/wp-content\/uploads\/gnu-perftec-wave-r.jpg\",\"width\":890,\"height\":300},{\"@type\":\"BreadcrumbList\",\"@id\":\"https:\/\/graef-gnu.com\/produkt\/perftec-wave-r\/#breadcrumb\",\"itemListElement\":[{\"@type\":\"ListItem\",\"position\":1,\"name\":\"Startseite\",\"item\":\"https:\/\/graef-gnu.com\/fr\/\"},{\"@type\":\"ListItem\",\"position\":2,\"name\":\"Formes \u00e0 plat\",\"item\":\"https:\/\/graef-gnu.com\/fr\/formes-a-plat\/\"},{\"@type\":\"ListItem\",\"position\":3,\"name\":\"Wave-R\"}]},{\"@type\":\"WebSite\",\"@id\":\"https:\/\/graef-gnu.com\/#website\",\"url\":\"https:\/\/graef-gnu.com\/\",\"name\":\"August Graef GNU\",\"description\":\"\",\"potentialAction\":[{\"@type\":\"SearchAction\",\"target\":{\"@type\":\"EntryPoint\",\"urlTemplate\":\"https:\/\/graef-gnu.com\/?s={search_term_string}\"},\"query-input\":\"required name=search_term_string\"}],\"inLanguage\":\"fr-FR\"}]}<\/script>\n<!-- \/ Yoast SEO plugin. -->","yoast_head_json":{"title":"Wave-R - August Graef GNU","description":"Ligne de coupe rotative pour cr\u00e9er un profil de coupe ondul\u00e9, par exemple pour \u00e9viter les blessures de coupe \u2705 En savoir plus ici !","robots":{"index":"index","follow":"follow","max-snippet":"max-snippet:-1","max-image-preview":"max-image-preview:large","max-video-preview":"max-video-preview:-1"},"canonical":"https:\/\/graef-gnu.com\/produkt\/perftec-wave-r\/","og_locale":"fr_FR","og_type":"article","og_title":"Wave-R - August Graef GNU","og_description":"Ligne de coupe rotative pour cr\u00e9er un profil de coupe ondul\u00e9, par exemple pour \u00e9viter les blessures de coupe \u2705 En savoir plus ici !","og_url":"https:\/\/graef-gnu.com\/produkt\/perftec-wave-r\/","og_site_name":"August Graef GNU","og_image":[{"width":890,"height":300,"url":"https:\/\/graef-gnu.com\/wp-content\/uploads\/gnu-perftec-wave-r.jpg","type":"image\/jpeg"}],"twitter_card":"summary_large_image","schema":{"@context":"https:\/\/schema.org","@graph":[{"@type":"WebPage","@id":"https:\/\/graef-gnu.com\/produkt\/perftec-wave-r\/","url":"https:\/\/graef-gnu.com\/produkt\/perftec-wave-r\/","name":"Wave-R - August Graef GNU","isPartOf":{"@id":"https:\/\/graef-gnu.com\/#website"},"primaryImageOfPage":{"@id":"https:\/\/graef-gnu.com\/produkt\/perftec-wave-r\/#primaryimage"},"image":{"@id":"https:\/\/graef-gnu.com\/produkt\/perftec-wave-r\/#primaryimage"},"thumbnailUrl":"https:\/\/graef-gnu.com\/wp-content\/uploads\/gnu-perftec-wave-r.jpg","datePublished":"2021-10-05T08:47:34+00:00","dateModified":"2021-10-05T08:47:34+00:00","description":"Ligne de coupe rotative pour cr\u00e9er un profil de coupe ondul\u00e9, par exemple pour \u00e9viter les blessures de coupe \u2705 En savoir plus ici !","breadcrumb":{"@id":"https:\/\/graef-gnu.com\/produkt\/perftec-wave-r\/#breadcrumb"},"inLanguage":"fr-FR","potentialAction":[{"@type":"ReadAction","target":["https:\/\/graef-gnu.com\/produkt\/perftec-wave-r\/"]}]},{"@type":"ImageObject","inLanguage":"fr-FR","@id":"https:\/\/graef-gnu.com\/produkt\/perftec-wave-r\/#primaryimage","url":"https:\/\/graef-gnu.com\/wp-content\/uploads\/gnu-perftec-wave-r.jpg","contentUrl":"https:\/\/graef-gnu.com\/wp-content\/uploads\/gnu-perftec-wave-r.jpg","width":890,"height":300},{"@type":"BreadcrumbList","@id":"https:\/\/graef-gnu.com\/produkt\/perftec-wave-r\/#breadcrumb","itemListElement":[{"@type":"ListItem","position":1,"name":"Startseite","item":"https:\/\/graef-gnu.com\/fr\/"},{"@type":"ListItem","position":2,"name":"Formes \u00e0 plat","item":"https:\/\/graef-gnu.com\/fr\/formes-a-plat\/"},{"@type":"ListItem","position":3,"name":"Wave-R"}]},{"@type":"WebSite","@id":"https:\/\/graef-gnu.com\/#website","url":"https:\/\/graef-gnu.com\/","name":"August Graef GNU","description":"","potentialAction":[{"@type":"SearchAction","target":{"@type":"EntryPoint","urlTemplate":"https:\/\/graef-gnu.com\/?s={search_term_string}"},"query-input":"required name=search_term_string"}],"inLanguage":"fr-FR"}]}},"_links":{"self":[{"href":"https:\/\/graef-gnu.com\/fr\/wp-json\/wp\/v2\/product\/135556","targetHints":{"allow":["GET"]}}],"collection":[{"href":"https:\/\/graef-gnu.com\/fr\/wp-json\/wp\/v2\/product"}],"about":[{"href":"https:\/\/graef-gnu.com\/fr\/wp-json\/wp\/v2\/types\/product"}],"wp:featuredmedia":[{"embeddable":true,"href":"https:\/\/graef-gnu.com\/fr\/wp-json\/wp\/v2\/media\/133562"}],"wp:attachment":[{"href":"https:\/\/graef-gnu.com\/fr\/wp-json\/wp\/v2\/media?parent=135556"}],"wp:term":[{"taxonomy":"product_cat","embeddable":true,"href":"https:\/\/graef-gnu.com\/fr\/wp-json\/wp\/v2\/product_cat?post=135556"},{"taxonomy":"product_tag","embeddable":true,"href":"https:\/\/graef-gnu.com\/fr\/wp-json\/wp\/v2\/product_tag?post=135556"}],"curies":[{"name":"wp","href":"https:\/\/api.w.org\/{rel}","templated":true}]}}