{"id":135596,"date":"2021-02-11T10:57:32","date_gmt":"2021-10-05T08:47:39","guid":{"rendered":"https:\/\/www.graef-gnu.com\/produkt\/duroflex-supercut\/"},"modified":"2021-11-01T17:52:04","modified_gmt":"2021-11-01T16:52:04","slug":"duroflex-supercut","status":"publish","type":"product","link":"https:\/\/graef-gnu.com\/fr\/produkt\/duroflex-supercut\/","title":{"rendered":"Duroflex<sup>&reg;<\/sup> Supercut"},"content":{"rendered":"<p>Le filet de coupe non plus ultra avec un tranchant tremp\u00e9 et une rectification microfine avec des tol\u00e9rances de hauteur minimales pour une perforation sans peluche et des films autocollants.<\/p>\n","protected":false},"excerpt":{"rendered":"<p>Le filet de coupe non plus ultra avec une coupe durcie et une rectification microfine avec des tol\u00e9rances de hauteur minimales pour une perforation sans peluche et des films autocollants.<\/p>\n","protected":false},"featured_media":133482,"template":"","meta":{"_acf_changed":false},"product_cat":[6776],"product_tag":[],"class_list":{"0":"post-135596","1":"product","2":"type-product","3":"status-publish","4":"has-post-thumbnail","6":"product_group-decouper","7":"product_cat-decoupage-a-plat","8":"pa_ablaengung-a-1-m-fr","9":"pa_ablaengung-sur-lanneau","10":"pa_hoehe-12-mm-fr-2","11":"pa_hoehe-2256-mm-fr","12":"pa_hoehe-228-mm-fr","13":"pa_hoehe-231-mm-fr","14":"pa_hoehe-2312-mm-fr","15":"pa_hoehe-233-mm-fr","16":"pa_hoehe-2332-mm-fr","17":"pa_hoehe-234-mm-fr","18":"pa_hoehe-235-mm-fr","19":"pa_hoehe-2356-mm-fr","20":"pa_hoehe-236-mm-fr","21":"pa_hoehe-2365-mm-fr","22":"pa_hoehe-237-mm-fr","23":"pa_hoehe-238-mm-fr","24":"pa_hoehe-266-mm-fr","25":"pa_hoehe-30-mm-fr","26":"pa_hoehe-300-mm-fr","27":"pa_hoehe-32-mm-fr","28":"pa_hoehe-40-mm-fr","29":"pa_hoehe-50-mm-fr","30":"pa_hoehe-60-mm-fr-2","31":"pa_hoehe-7-mm-fr","32":"pa_hoehe-8-mm-fr","33":"pa_schliff-oc","34":"pa_schliff-ocd","35":"pa_schliff-om","36":"pa_schliff-omd","37":"pa_staerke-breite-04-mm-fr","38":"pa_staerke-breite-045-mm-fr","39":"pa_staerke-breite-05-mm-fr","40":"pa_staerke-breite-07-mm-fr","41":"pa_staerke-breite-105-mm-fr","42":"pa_wicklung-durchmesser-acw-480-mm-fr","43":"pa_wicklung-durchmesser-acw-560-mm-fr","44":"pa_wicklung-durchmesser-cw-480-mm-fr","45":"pa_wicklung-durchmesser-cw-560-mm-fr","46":"pa_wicklung-durchmesser-n-a-fr","48":"first","49":"instock","50":"purchasable","51":"product-type-variable"},"acf":[],"yoast_head":"<!-- This site is optimized with the Yoast SEO plugin v22.6 - https:\/\/yoast.com\/wordpress\/plugins\/seo\/ -->\n<title>Duroflex&reg; Supercut - August Graef GNU<\/title>\n<meta name=\"description\" content=\"Ligne de coupe non plus ultra avec tranchant tremp\u00e9 et meulage microfin avec des tol\u00e9rances de hauteur minimales pour une perforation sans peluche et des films auto-adh\u00e9sifs - Demandez ici !\" \/>\n<meta name=\"robots\" content=\"index, follow, max-snippet:-1, max-image-preview:large, max-video-preview:-1\" \/>\n<link rel=\"canonical\" href=\"https:\/\/graef-gnu.com\/produkt\/duroflex-supercut\/\" \/>\n<meta property=\"og:locale\" content=\"fr_FR\" \/>\n<meta property=\"og:type\" content=\"article\" \/>\n<meta property=\"og:title\" content=\"Duroflex&reg; Supercut - August Graef GNU\" \/>\n<meta property=\"og:description\" content=\"Ligne de coupe non plus ultra avec tranchant tremp\u00e9 et meulage microfin avec des tol\u00e9rances de hauteur minimales pour une perforation sans peluche et des films auto-adh\u00e9sifs - Demandez ici !\" \/>\n<meta property=\"og:url\" content=\"https:\/\/graef-gnu.com\/produkt\/duroflex-supercut\/\" \/>\n<meta property=\"og:site_name\" content=\"August Graef GNU\" \/>\n<meta property=\"article:modified_time\" content=\"2021-11-01T16:52:04+00:00\" \/>\n<meta property=\"og:image\" content=\"https:\/\/graef-gnu.com\/wp-content\/uploads\/gnu-shop-duroflex-doppelseitig.jpg\" \/>\n\t<meta property=\"og:image:width\" content=\"890\" \/>\n\t<meta property=\"og:image:height\" content=\"300\" \/>\n\t<meta property=\"og:image:type\" content=\"image\/jpeg\" \/>\n<meta name=\"twitter:card\" content=\"summary_large_image\" \/>\n<meta name=\"twitter:label1\" content=\"Dur\u00e9e de lecture estim\u00e9e\" \/>\n\t<meta name=\"twitter:data1\" content=\"1 minute\" \/>\n<script type=\"application\/ld+json\" class=\"yoast-schema-graph\">{\"@context\":\"https:\/\/schema.org\",\"@graph\":[{\"@type\":\"WebPage\",\"@id\":\"https:\/\/graef-gnu.com\/produkt\/duroflex-supercut\/\",\"url\":\"https:\/\/graef-gnu.com\/produkt\/duroflex-supercut\/\",\"name\":\"Duroflex&reg; Supercut - August Graef GNU\",\"isPartOf\":{\"@id\":\"https:\/\/graef-gnu.com\/#website\"},\"primaryImageOfPage\":{\"@id\":\"https:\/\/graef-gnu.com\/produkt\/duroflex-supercut\/#primaryimage\"},\"image\":{\"@id\":\"https:\/\/graef-gnu.com\/produkt\/duroflex-supercut\/#primaryimage\"},\"thumbnailUrl\":\"https:\/\/graef-gnu.com\/wp-content\/uploads\/gnu-shop-duroflex-doppelseitig.jpg\",\"datePublished\":\"2021-10-05T08:47:39+00:00\",\"dateModified\":\"2021-11-01T16:52:04+00:00\",\"description\":\"Ligne de coupe non plus ultra avec tranchant tremp\u00e9 et meulage microfin avec des tol\u00e9rances de hauteur minimales pour une perforation sans peluche et des films auto-adh\u00e9sifs - Demandez ici !\",\"breadcrumb\":{\"@id\":\"https:\/\/graef-gnu.com\/produkt\/duroflex-supercut\/#breadcrumb\"},\"inLanguage\":\"fr-FR\",\"potentialAction\":[{\"@type\":\"ReadAction\",\"target\":[\"https:\/\/graef-gnu.com\/produkt\/duroflex-supercut\/\"]}]},{\"@type\":\"ImageObject\",\"inLanguage\":\"fr-FR\",\"@id\":\"https:\/\/graef-gnu.com\/produkt\/duroflex-supercut\/#primaryimage\",\"url\":\"https:\/\/graef-gnu.com\/wp-content\/uploads\/gnu-shop-duroflex-doppelseitig.jpg\",\"contentUrl\":\"https:\/\/graef-gnu.com\/wp-content\/uploads\/gnu-shop-duroflex-doppelseitig.jpg\",\"width\":890,\"height\":300},{\"@type\":\"BreadcrumbList\",\"@id\":\"https:\/\/graef-gnu.com\/produkt\/duroflex-supercut\/#breadcrumb\",\"itemListElement\":[{\"@type\":\"ListItem\",\"position\":1,\"name\":\"Startseite\",\"item\":\"https:\/\/graef-gnu.com\/fr\/\"},{\"@type\":\"ListItem\",\"position\":2,\"name\":\"Formes \u00e0 plat\",\"item\":\"https:\/\/graef-gnu.com\/fr\/formes-a-plat\/\"},{\"@type\":\"ListItem\",\"position\":3,\"name\":\"Duroflex&reg; Supercut\"}]},{\"@type\":\"WebSite\",\"@id\":\"https:\/\/graef-gnu.com\/#website\",\"url\":\"https:\/\/graef-gnu.com\/\",\"name\":\"August Graef GNU\",\"description\":\"\",\"potentialAction\":[{\"@type\":\"SearchAction\",\"target\":{\"@type\":\"EntryPoint\",\"urlTemplate\":\"https:\/\/graef-gnu.com\/?s={search_term_string}\"},\"query-input\":\"required name=search_term_string\"}],\"inLanguage\":\"fr-FR\"}]}<\/script>\n<!-- \/ Yoast SEO plugin. -->","yoast_head_json":{"title":"Duroflex&reg; Supercut - August Graef GNU","description":"Ligne de coupe non plus ultra avec tranchant tremp\u00e9 et meulage microfin avec des tol\u00e9rances de hauteur minimales pour une perforation sans peluche et des films auto-adh\u00e9sifs - Demandez ici !","robots":{"index":"index","follow":"follow","max-snippet":"max-snippet:-1","max-image-preview":"max-image-preview:large","max-video-preview":"max-video-preview:-1"},"canonical":"https:\/\/graef-gnu.com\/produkt\/duroflex-supercut\/","og_locale":"fr_FR","og_type":"article","og_title":"Duroflex&reg; Supercut - August Graef GNU","og_description":"Ligne de coupe non plus ultra avec tranchant tremp\u00e9 et meulage microfin avec des tol\u00e9rances de hauteur minimales pour une perforation sans peluche et des films auto-adh\u00e9sifs - Demandez ici !","og_url":"https:\/\/graef-gnu.com\/produkt\/duroflex-supercut\/","og_site_name":"August Graef GNU","article_modified_time":"2021-11-01T16:52:04+00:00","og_image":[{"width":890,"height":300,"url":"https:\/\/graef-gnu.com\/wp-content\/uploads\/gnu-shop-duroflex-doppelseitig.jpg","type":"image\/jpeg"}],"twitter_card":"summary_large_image","twitter_misc":{"Dur\u00e9e de lecture estim\u00e9e":"1 minute"},"schema":{"@context":"https:\/\/schema.org","@graph":[{"@type":"WebPage","@id":"https:\/\/graef-gnu.com\/produkt\/duroflex-supercut\/","url":"https:\/\/graef-gnu.com\/produkt\/duroflex-supercut\/","name":"Duroflex&reg; Supercut - August Graef GNU","isPartOf":{"@id":"https:\/\/graef-gnu.com\/#website"},"primaryImageOfPage":{"@id":"https:\/\/graef-gnu.com\/produkt\/duroflex-supercut\/#primaryimage"},"image":{"@id":"https:\/\/graef-gnu.com\/produkt\/duroflex-supercut\/#primaryimage"},"thumbnailUrl":"https:\/\/graef-gnu.com\/wp-content\/uploads\/gnu-shop-duroflex-doppelseitig.jpg","datePublished":"2021-10-05T08:47:39+00:00","dateModified":"2021-11-01T16:52:04+00:00","description":"Ligne de coupe non plus ultra avec tranchant tremp\u00e9 et meulage microfin avec des tol\u00e9rances de hauteur minimales pour une perforation sans peluche et des films auto-adh\u00e9sifs - Demandez ici !","breadcrumb":{"@id":"https:\/\/graef-gnu.com\/produkt\/duroflex-supercut\/#breadcrumb"},"inLanguage":"fr-FR","potentialAction":[{"@type":"ReadAction","target":["https:\/\/graef-gnu.com\/produkt\/duroflex-supercut\/"]}]},{"@type":"ImageObject","inLanguage":"fr-FR","@id":"https:\/\/graef-gnu.com\/produkt\/duroflex-supercut\/#primaryimage","url":"https:\/\/graef-gnu.com\/wp-content\/uploads\/gnu-shop-duroflex-doppelseitig.jpg","contentUrl":"https:\/\/graef-gnu.com\/wp-content\/uploads\/gnu-shop-duroflex-doppelseitig.jpg","width":890,"height":300},{"@type":"BreadcrumbList","@id":"https:\/\/graef-gnu.com\/produkt\/duroflex-supercut\/#breadcrumb","itemListElement":[{"@type":"ListItem","position":1,"name":"Startseite","item":"https:\/\/graef-gnu.com\/fr\/"},{"@type":"ListItem","position":2,"name":"Formes \u00e0 plat","item":"https:\/\/graef-gnu.com\/fr\/formes-a-plat\/"},{"@type":"ListItem","position":3,"name":"Duroflex&reg; Supercut"}]},{"@type":"WebSite","@id":"https:\/\/graef-gnu.com\/#website","url":"https:\/\/graef-gnu.com\/","name":"August Graef GNU","description":"","potentialAction":[{"@type":"SearchAction","target":{"@type":"EntryPoint","urlTemplate":"https:\/\/graef-gnu.com\/?s={search_term_string}"},"query-input":"required name=search_term_string"}],"inLanguage":"fr-FR"}]}},"_links":{"self":[{"href":"https:\/\/graef-gnu.com\/fr\/wp-json\/wp\/v2\/product\/135596","targetHints":{"allow":["GET"]}}],"collection":[{"href":"https:\/\/graef-gnu.com\/fr\/wp-json\/wp\/v2\/product"}],"about":[{"href":"https:\/\/graef-gnu.com\/fr\/wp-json\/wp\/v2\/types\/product"}],"wp:featuredmedia":[{"embeddable":true,"href":"https:\/\/graef-gnu.com\/fr\/wp-json\/wp\/v2\/media\/133482"}],"wp:attachment":[{"href":"https:\/\/graef-gnu.com\/fr\/wp-json\/wp\/v2\/media?parent=135596"}],"wp:term":[{"taxonomy":"product_cat","embeddable":true,"href":"https:\/\/graef-gnu.com\/fr\/wp-json\/wp\/v2\/product_cat?post=135596"},{"taxonomy":"product_tag","embeddable":true,"href":"https:\/\/graef-gnu.com\/fr\/wp-json\/wp\/v2\/product_tag?post=135596"}],"curies":[{"name":"wp","href":"https:\/\/api.w.org\/{rel}","templated":true}]}}