{"id":135640,"date":"2021-02-11T11:04:31","date_gmt":"2021-10-05T08:47:46","guid":{"rendered":"https:\/\/www.graef-gnu.com\/produkt\/gnu-ep-autofix\/"},"modified":"2021-10-05T10:47:46","modified_gmt":"2021-10-05T08:47:46","slug":"gnu-ep-autofix-2","status":"publish","type":"product","link":"https:\/\/graef-gnu.com\/fr\/produkt\/gnu-ep-autofix-2\/","title":{"rendered":"GNU EP Autofix"},"content":{"rendered":"<p>Apr\u00e8s le caoutchouc mousse, le classique parmi les caoutchoucs d&#8217;\u00e9jection, mais \u00e0 cellules ferm\u00e9es. Il est encore utilis\u00e9 sur de nombreuses matrices de d\u00e9coupe malgr\u00e9 le nombre croissant d&#8217;alternatives. Ce caoutchouc se caract\u00e9rise par un bon rapport qualit\u00e9-prix.<\/p>\n<p>Egalement disponible en version auto-adh\u00e9sive.<\/p>\n","protected":false},"excerpt":{"rendered":"<p>Apr\u00e8s le caoutchouc mousse, le classique parmi les caoutchoucs d&#8217;\u00e9jection, mais \u00e0 cellules ferm\u00e9es. Il est encore utilis\u00e9 sur de nombreuses matrices de d\u00e9coupe malgr\u00e9 le nombre croissant d&#8217;alternatives.<\/p>\n","protected":false},"featured_media":133573,"template":"","meta":{"_acf_changed":false},"product_cat":[6709],"product_tag":[],"class_list":{"0":"post-135640","1":"product","2":"type-product","3":"status-publish","4":"has-post-thumbnail","6":"product_group-plaques-fr","7":"product_cat-materiaux-dejection","8":"pa_ablaengung-a-1-m-fr","9":"pa_ablaengung-a-500-mm-fr","10":"pa_dimension-1-m-fr","11":"pa_hoehe-10-mm-fr-2","12":"pa_hoehe-11-mm-fr","13":"pa_hoehe-115-mm-fr","14":"pa_hoehe-12-mm-fr-2","15":"pa_hoehe-13-mm-fr-3","16":"pa_hoehe-14-mm-fr","17":"pa_hoehe-15-mm-fr","18":"pa_hoehe-3-mm-fr","19":"pa_hoehe-4-mm-fr","20":"pa_hoehe-6-mm-fr","21":"pa_hoehe-7-mm-fr","22":"pa_hoehe-8-mm-fr","23":"pa_profilbreite-10-mm-fr","24":"pa_profilbreite-12-mm-fr","25":"pa_profilbreite-7-mm-fr","26":"pa_profilbreite-8-mm-fr","27":"pa_shore-haerte-shore-20-a-fr","29":"first","30":"instock","31":"purchasable","32":"product-type-variable"},"acf":[],"yoast_head":"<!-- This site is optimized with the Yoast SEO plugin v22.6 - https:\/\/yoast.com\/wordpress\/plugins\/seo\/ -->\n<title>GNU EP Autofix - August Graef GNU<\/title>\n<meta name=\"description\" content=\"Caoutchouc d&#039;\u00e9jection GNU EP Autofix \u25ba bon rapport qualit\u00e9-prix \u2705 \u00c9galement disponible en autocollant \u2705 Informez-vous en ligne maintenant !\" \/>\n<meta name=\"robots\" content=\"index, follow, max-snippet:-1, max-image-preview:large, max-video-preview:-1\" \/>\n<link rel=\"canonical\" href=\"https:\/\/graef-gnu.com\/produkt\/gnu-ep-autofix\/\" \/>\n<meta property=\"og:locale\" content=\"fr_FR\" \/>\n<meta property=\"og:type\" content=\"article\" \/>\n<meta property=\"og:title\" content=\"GNU EP Autofix - August Graef GNU\" \/>\n<meta property=\"og:description\" content=\"Caoutchouc d&#039;\u00e9jection GNU EP Autofix \u25ba bon rapport qualit\u00e9-prix \u2705 \u00c9galement disponible en autocollant \u2705 Informez-vous en ligne maintenant !\" \/>\n<meta property=\"og:url\" content=\"https:\/\/graef-gnu.com\/produkt\/gnu-ep-autofix\/\" \/>\n<meta property=\"og:site_name\" content=\"August Graef GNU\" \/>\n<meta property=\"og:image\" content=\"https:\/\/graef-gnu.com\/wp-content\/uploads\/gnu_epdm_autofix.jpg\" \/>\n\t<meta property=\"og:image:width\" content=\"890\" \/>\n\t<meta property=\"og:image:height\" content=\"300\" \/>\n\t<meta property=\"og:image:type\" content=\"image\/jpeg\" \/>\n<meta name=\"twitter:card\" content=\"summary_large_image\" \/>\n<script type=\"application\/ld+json\" class=\"yoast-schema-graph\">{\"@context\":\"https:\/\/schema.org\",\"@graph\":[{\"@type\":\"WebPage\",\"@id\":\"https:\/\/graef-gnu.com\/produkt\/gnu-ep-autofix\/\",\"url\":\"https:\/\/graef-gnu.com\/produkt\/gnu-ep-autofix\/\",\"name\":\"GNU EP Autofix - August Graef GNU\",\"isPartOf\":{\"@id\":\"https:\/\/graef-gnu.com\/#website\"},\"primaryImageOfPage\":{\"@id\":\"https:\/\/graef-gnu.com\/produkt\/gnu-ep-autofix\/#primaryimage\"},\"image\":{\"@id\":\"https:\/\/graef-gnu.com\/produkt\/gnu-ep-autofix\/#primaryimage\"},\"thumbnailUrl\":\"https:\/\/graef-gnu.com\/wp-content\/uploads\/gnu_epdm_autofix.jpg\",\"datePublished\":\"2021-10-05T08:47:46+00:00\",\"dateModified\":\"2021-10-05T08:47:46+00:00\",\"description\":\"Caoutchouc d'\u00e9jection GNU EP Autofix \u25ba bon rapport qualit\u00e9-prix \u2705 \u00c9galement disponible en autocollant \u2705 Informez-vous en ligne maintenant !\",\"breadcrumb\":{\"@id\":\"https:\/\/graef-gnu.com\/produkt\/gnu-ep-autofix\/#breadcrumb\"},\"inLanguage\":\"fr-FR\",\"potentialAction\":[{\"@type\":\"ReadAction\",\"target\":[\"https:\/\/graef-gnu.com\/produkt\/gnu-ep-autofix\/\"]}]},{\"@type\":\"ImageObject\",\"inLanguage\":\"fr-FR\",\"@id\":\"https:\/\/graef-gnu.com\/produkt\/gnu-ep-autofix\/#primaryimage\",\"url\":\"https:\/\/graef-gnu.com\/wp-content\/uploads\/gnu_epdm_autofix.jpg\",\"contentUrl\":\"https:\/\/graef-gnu.com\/wp-content\/uploads\/gnu_epdm_autofix.jpg\",\"width\":890,\"height\":300},{\"@type\":\"BreadcrumbList\",\"@id\":\"https:\/\/graef-gnu.com\/produkt\/gnu-ep-autofix\/#breadcrumb\",\"itemListElement\":[{\"@type\":\"ListItem\",\"position\":1,\"name\":\"Startseite\",\"item\":\"https:\/\/graef-gnu.com\/fr\/\"},{\"@type\":\"ListItem\",\"position\":2,\"name\":\"Formes \u00e0 plat\",\"item\":\"https:\/\/graef-gnu.com\/fr\/formes-a-plat\/\"},{\"@type\":\"ListItem\",\"position\":3,\"name\":\"GNU EP Autofix\"}]},{\"@type\":\"WebSite\",\"@id\":\"https:\/\/graef-gnu.com\/#website\",\"url\":\"https:\/\/graef-gnu.com\/\",\"name\":\"August Graef GNU\",\"description\":\"\",\"potentialAction\":[{\"@type\":\"SearchAction\",\"target\":{\"@type\":\"EntryPoint\",\"urlTemplate\":\"https:\/\/graef-gnu.com\/?s={search_term_string}\"},\"query-input\":\"required name=search_term_string\"}],\"inLanguage\":\"fr-FR\"}]}<\/script>\n<!-- \/ Yoast SEO plugin. -->","yoast_head_json":{"title":"GNU EP Autofix - August Graef GNU","description":"Caoutchouc d'\u00e9jection GNU EP Autofix \u25ba bon rapport qualit\u00e9-prix \u2705 \u00c9galement disponible en autocollant \u2705 Informez-vous en ligne maintenant !","robots":{"index":"index","follow":"follow","max-snippet":"max-snippet:-1","max-image-preview":"max-image-preview:large","max-video-preview":"max-video-preview:-1"},"canonical":"https:\/\/graef-gnu.com\/produkt\/gnu-ep-autofix\/","og_locale":"fr_FR","og_type":"article","og_title":"GNU EP Autofix - August Graef GNU","og_description":"Caoutchouc d'\u00e9jection GNU EP Autofix \u25ba bon rapport qualit\u00e9-prix \u2705 \u00c9galement disponible en autocollant \u2705 Informez-vous en ligne maintenant !","og_url":"https:\/\/graef-gnu.com\/produkt\/gnu-ep-autofix\/","og_site_name":"August Graef GNU","og_image":[{"width":890,"height":300,"url":"https:\/\/graef-gnu.com\/wp-content\/uploads\/gnu_epdm_autofix.jpg","type":"image\/jpeg"}],"twitter_card":"summary_large_image","schema":{"@context":"https:\/\/schema.org","@graph":[{"@type":"WebPage","@id":"https:\/\/graef-gnu.com\/produkt\/gnu-ep-autofix\/","url":"https:\/\/graef-gnu.com\/produkt\/gnu-ep-autofix\/","name":"GNU EP Autofix - August Graef GNU","isPartOf":{"@id":"https:\/\/graef-gnu.com\/#website"},"primaryImageOfPage":{"@id":"https:\/\/graef-gnu.com\/produkt\/gnu-ep-autofix\/#primaryimage"},"image":{"@id":"https:\/\/graef-gnu.com\/produkt\/gnu-ep-autofix\/#primaryimage"},"thumbnailUrl":"https:\/\/graef-gnu.com\/wp-content\/uploads\/gnu_epdm_autofix.jpg","datePublished":"2021-10-05T08:47:46+00:00","dateModified":"2021-10-05T08:47:46+00:00","description":"Caoutchouc d'\u00e9jection GNU EP Autofix \u25ba bon rapport qualit\u00e9-prix \u2705 \u00c9galement disponible en autocollant \u2705 Informez-vous en ligne maintenant !","breadcrumb":{"@id":"https:\/\/graef-gnu.com\/produkt\/gnu-ep-autofix\/#breadcrumb"},"inLanguage":"fr-FR","potentialAction":[{"@type":"ReadAction","target":["https:\/\/graef-gnu.com\/produkt\/gnu-ep-autofix\/"]}]},{"@type":"ImageObject","inLanguage":"fr-FR","@id":"https:\/\/graef-gnu.com\/produkt\/gnu-ep-autofix\/#primaryimage","url":"https:\/\/graef-gnu.com\/wp-content\/uploads\/gnu_epdm_autofix.jpg","contentUrl":"https:\/\/graef-gnu.com\/wp-content\/uploads\/gnu_epdm_autofix.jpg","width":890,"height":300},{"@type":"BreadcrumbList","@id":"https:\/\/graef-gnu.com\/produkt\/gnu-ep-autofix\/#breadcrumb","itemListElement":[{"@type":"ListItem","position":1,"name":"Startseite","item":"https:\/\/graef-gnu.com\/fr\/"},{"@type":"ListItem","position":2,"name":"Formes \u00e0 plat","item":"https:\/\/graef-gnu.com\/fr\/formes-a-plat\/"},{"@type":"ListItem","position":3,"name":"GNU EP Autofix"}]},{"@type":"WebSite","@id":"https:\/\/graef-gnu.com\/#website","url":"https:\/\/graef-gnu.com\/","name":"August Graef GNU","description":"","potentialAction":[{"@type":"SearchAction","target":{"@type":"EntryPoint","urlTemplate":"https:\/\/graef-gnu.com\/?s={search_term_string}"},"query-input":"required name=search_term_string"}],"inLanguage":"fr-FR"}]}},"_links":{"self":[{"href":"https:\/\/graef-gnu.com\/fr\/wp-json\/wp\/v2\/product\/135640","targetHints":{"allow":["GET"]}}],"collection":[{"href":"https:\/\/graef-gnu.com\/fr\/wp-json\/wp\/v2\/product"}],"about":[{"href":"https:\/\/graef-gnu.com\/fr\/wp-json\/wp\/v2\/types\/product"}],"wp:featuredmedia":[{"embeddable":true,"href":"https:\/\/graef-gnu.com\/fr\/wp-json\/wp\/v2\/media\/133573"}],"wp:attachment":[{"href":"https:\/\/graef-gnu.com\/fr\/wp-json\/wp\/v2\/media?parent=135640"}],"wp:term":[{"taxonomy":"product_cat","embeddable":true,"href":"https:\/\/graef-gnu.com\/fr\/wp-json\/wp\/v2\/product_cat?post=135640"},{"taxonomy":"product_tag","embeddable":true,"href":"https:\/\/graef-gnu.com\/fr\/wp-json\/wp\/v2\/product_tag?post=135640"}],"curies":[{"name":"wp","href":"https:\/\/api.w.org\/{rel}","templated":true}]}}