{"id":135641,"date":"2021-02-11T11:02:03","date_gmt":"2021-10-05T08:47:46","guid":{"rendered":"https:\/\/www.graef-gnu.com\/produkt\/creasetec-double-r\/"},"modified":"2021-10-05T10:47:46","modified_gmt":"2021-10-05T08:47:46","slug":"creasetec-double-r-2","status":"publish","type":"product","link":"https:\/\/graef-gnu.com\/fr\/produkt\/creasetec-double-r-2\/","title":{"rendered":"Creasetec<sup>&reg;<\/sup> Double R"},"content":{"rendered":"<p>Creasetec<sup>&reg;<\/sup>-Double R est une r\u00e8gle \u00e0 rainer ou une r\u00e8gle \u00e0 rainer avec deux rainures rapproch\u00e9es pour cr\u00e9er deux rainures dans un espace tr\u00e8s r\u00e9duit avec une seule r\u00e8gle.<\/p>\n","protected":false},"excerpt":{"rendered":"<p>Creasetec<sup>&reg;<\/sup>-Double R est une r\u00e8gle \u00e0 rainer ou une r\u00e8gle \u00e0 rainer avec deux rainures rapproch\u00e9es pour cr\u00e9er deux rainures dans un espace tr\u00e8s r\u00e9duit avec une seule r\u00e8gle.<\/p>\n","protected":false},"featured_media":133465,"template":"","meta":{"_acf_changed":false},"product_cat":[6717],"product_tag":[],"class_list":{"0":"post-135641","1":"product","2":"type-product","3":"status-publish","4":"has-post-thumbnail","6":"product_group-rainurer","7":"product_cat-poinconnage-rotatif","8":"pa_ablaengung-a-1-m-fr","9":"pa_ablaengung-sur-lanneau","10":"pa_hoehe-226-mm-fr","11":"pa_hoehe-228-mm-fr","12":"pa_hoehe-230-mm-fr","13":"pa_hoehe-231-mm-fr","14":"pa_hoehe-232-mm-fr","15":"pa_hoehe-233-mm-fr","16":"pa_staerke-breite-3-8-pt-fr","17":"pa_staerke-breite-4-8-pt-fr","18":"pa_wicklung-durchmesser-acw-480-mm-fr","19":"pa_wicklung-durchmesser-acw-560-mm-fr","20":"pa_wicklung-durchmesser-cw-560-mm-fr","21":"pa_wicklung-durchmesser-n-a-fr","23":"first","24":"instock","25":"purchasable","26":"product-type-variable"},"acf":[],"yoast_head":"<!-- This site is optimized with the Yoast SEO plugin v22.6 - https:\/\/yoast.com\/wordpress\/plugins\/seo\/ -->\n<title>Creasetec&reg; Double R - August Graef GNU<\/title>\n<meta name=\"description\" content=\"Ligne de pliage ou ligne de t\u00eate de pliage avec deux plis rapproch\u00e9s pour cr\u00e9er deux plis dans un espace tr\u00e8s r\u00e9duit avec une ligne \u2705 Demandez ici !\" \/>\n<meta name=\"robots\" content=\"index, follow, max-snippet:-1, max-image-preview:large, max-video-preview:-1\" \/>\n<link rel=\"canonical\" href=\"https:\/\/graef-gnu.com\/produkt\/creasetec-double-r\/\" \/>\n<meta property=\"og:locale\" content=\"fr_FR\" \/>\n<meta property=\"og:type\" content=\"article\" \/>\n<meta property=\"og:title\" content=\"Creasetec&reg; Double R - August Graef GNU\" \/>\n<meta property=\"og:description\" content=\"Ligne de pliage ou ligne de t\u00eate de pliage avec deux plis rapproch\u00e9s pour cr\u00e9er deux plis dans un espace tr\u00e8s r\u00e9duit avec une ligne \u2705 Demandez ici !\" \/>\n<meta property=\"og:url\" content=\"https:\/\/graef-gnu.com\/produkt\/creasetec-double-r\/\" \/>\n<meta property=\"og:site_name\" content=\"August Graef GNU\" \/>\n<meta property=\"og:image\" content=\"https:\/\/graef-gnu.com\/wp-content\/uploads\/gnu-creastec-double-r.jpg\" \/>\n\t<meta property=\"og:image:width\" content=\"890\" \/>\n\t<meta property=\"og:image:height\" content=\"300\" \/>\n\t<meta property=\"og:image:type\" content=\"image\/jpeg\" \/>\n<meta name=\"twitter:card\" content=\"summary_large_image\" \/>\n<script type=\"application\/ld+json\" class=\"yoast-schema-graph\">{\"@context\":\"https:\/\/schema.org\",\"@graph\":[{\"@type\":\"WebPage\",\"@id\":\"https:\/\/graef-gnu.com\/produkt\/creasetec-double-r\/\",\"url\":\"https:\/\/graef-gnu.com\/produkt\/creasetec-double-r\/\",\"name\":\"Creasetec&reg; Double R - August Graef GNU\",\"isPartOf\":{\"@id\":\"https:\/\/graef-gnu.com\/#website\"},\"primaryImageOfPage\":{\"@id\":\"https:\/\/graef-gnu.com\/produkt\/creasetec-double-r\/#primaryimage\"},\"image\":{\"@id\":\"https:\/\/graef-gnu.com\/produkt\/creasetec-double-r\/#primaryimage\"},\"thumbnailUrl\":\"https:\/\/graef-gnu.com\/wp-content\/uploads\/gnu-creastec-double-r.jpg\",\"datePublished\":\"2021-10-05T08:47:46+00:00\",\"dateModified\":\"2021-10-05T08:47:46+00:00\",\"description\":\"Ligne de pliage ou ligne de t\u00eate de pliage avec deux plis rapproch\u00e9s pour cr\u00e9er deux plis dans un espace tr\u00e8s r\u00e9duit avec une ligne \u2705 Demandez ici !\",\"breadcrumb\":{\"@id\":\"https:\/\/graef-gnu.com\/produkt\/creasetec-double-r\/#breadcrumb\"},\"inLanguage\":\"fr-FR\",\"potentialAction\":[{\"@type\":\"ReadAction\",\"target\":[\"https:\/\/graef-gnu.com\/produkt\/creasetec-double-r\/\"]}]},{\"@type\":\"ImageObject\",\"inLanguage\":\"fr-FR\",\"@id\":\"https:\/\/graef-gnu.com\/produkt\/creasetec-double-r\/#primaryimage\",\"url\":\"https:\/\/graef-gnu.com\/wp-content\/uploads\/gnu-creastec-double-r.jpg\",\"contentUrl\":\"https:\/\/graef-gnu.com\/wp-content\/uploads\/gnu-creastec-double-r.jpg\",\"width\":890,\"height\":300},{\"@type\":\"BreadcrumbList\",\"@id\":\"https:\/\/graef-gnu.com\/produkt\/creasetec-double-r\/#breadcrumb\",\"itemListElement\":[{\"@type\":\"ListItem\",\"position\":1,\"name\":\"Startseite\",\"item\":\"https:\/\/graef-gnu.com\/fr\/\"},{\"@type\":\"ListItem\",\"position\":2,\"name\":\"Formes \u00e0 plat\",\"item\":\"https:\/\/graef-gnu.com\/fr\/formes-a-plat\/\"},{\"@type\":\"ListItem\",\"position\":3,\"name\":\"Creasetec&reg; Double R\"}]},{\"@type\":\"WebSite\",\"@id\":\"https:\/\/graef-gnu.com\/#website\",\"url\":\"https:\/\/graef-gnu.com\/\",\"name\":\"August Graef GNU\",\"description\":\"\",\"potentialAction\":[{\"@type\":\"SearchAction\",\"target\":{\"@type\":\"EntryPoint\",\"urlTemplate\":\"https:\/\/graef-gnu.com\/?s={search_term_string}\"},\"query-input\":\"required name=search_term_string\"}],\"inLanguage\":\"fr-FR\"}]}<\/script>\n<!-- \/ Yoast SEO plugin. -->","yoast_head_json":{"title":"Creasetec&reg; Double R - August Graef GNU","description":"Ligne de pliage ou ligne de t\u00eate de pliage avec deux plis rapproch\u00e9s pour cr\u00e9er deux plis dans un espace tr\u00e8s r\u00e9duit avec une ligne \u2705 Demandez ici !","robots":{"index":"index","follow":"follow","max-snippet":"max-snippet:-1","max-image-preview":"max-image-preview:large","max-video-preview":"max-video-preview:-1"},"canonical":"https:\/\/graef-gnu.com\/produkt\/creasetec-double-r\/","og_locale":"fr_FR","og_type":"article","og_title":"Creasetec&reg; Double R - August Graef GNU","og_description":"Ligne de pliage ou ligne de t\u00eate de pliage avec deux plis rapproch\u00e9s pour cr\u00e9er deux plis dans un espace tr\u00e8s r\u00e9duit avec une ligne \u2705 Demandez ici !","og_url":"https:\/\/graef-gnu.com\/produkt\/creasetec-double-r\/","og_site_name":"August Graef GNU","og_image":[{"width":890,"height":300,"url":"https:\/\/graef-gnu.com\/wp-content\/uploads\/gnu-creastec-double-r.jpg","type":"image\/jpeg"}],"twitter_card":"summary_large_image","schema":{"@context":"https:\/\/schema.org","@graph":[{"@type":"WebPage","@id":"https:\/\/graef-gnu.com\/produkt\/creasetec-double-r\/","url":"https:\/\/graef-gnu.com\/produkt\/creasetec-double-r\/","name":"Creasetec&reg; Double R - August Graef GNU","isPartOf":{"@id":"https:\/\/graef-gnu.com\/#website"},"primaryImageOfPage":{"@id":"https:\/\/graef-gnu.com\/produkt\/creasetec-double-r\/#primaryimage"},"image":{"@id":"https:\/\/graef-gnu.com\/produkt\/creasetec-double-r\/#primaryimage"},"thumbnailUrl":"https:\/\/graef-gnu.com\/wp-content\/uploads\/gnu-creastec-double-r.jpg","datePublished":"2021-10-05T08:47:46+00:00","dateModified":"2021-10-05T08:47:46+00:00","description":"Ligne de pliage ou ligne de t\u00eate de pliage avec deux plis rapproch\u00e9s pour cr\u00e9er deux plis dans un espace tr\u00e8s r\u00e9duit avec une ligne \u2705 Demandez ici !","breadcrumb":{"@id":"https:\/\/graef-gnu.com\/produkt\/creasetec-double-r\/#breadcrumb"},"inLanguage":"fr-FR","potentialAction":[{"@type":"ReadAction","target":["https:\/\/graef-gnu.com\/produkt\/creasetec-double-r\/"]}]},{"@type":"ImageObject","inLanguage":"fr-FR","@id":"https:\/\/graef-gnu.com\/produkt\/creasetec-double-r\/#primaryimage","url":"https:\/\/graef-gnu.com\/wp-content\/uploads\/gnu-creastec-double-r.jpg","contentUrl":"https:\/\/graef-gnu.com\/wp-content\/uploads\/gnu-creastec-double-r.jpg","width":890,"height":300},{"@type":"BreadcrumbList","@id":"https:\/\/graef-gnu.com\/produkt\/creasetec-double-r\/#breadcrumb","itemListElement":[{"@type":"ListItem","position":1,"name":"Startseite","item":"https:\/\/graef-gnu.com\/fr\/"},{"@type":"ListItem","position":2,"name":"Formes \u00e0 plat","item":"https:\/\/graef-gnu.com\/fr\/formes-a-plat\/"},{"@type":"ListItem","position":3,"name":"Creasetec&reg; Double R"}]},{"@type":"WebSite","@id":"https:\/\/graef-gnu.com\/#website","url":"https:\/\/graef-gnu.com\/","name":"August Graef GNU","description":"","potentialAction":[{"@type":"SearchAction","target":{"@type":"EntryPoint","urlTemplate":"https:\/\/graef-gnu.com\/?s={search_term_string}"},"query-input":"required name=search_term_string"}],"inLanguage":"fr-FR"}]}},"_links":{"self":[{"href":"https:\/\/graef-gnu.com\/fr\/wp-json\/wp\/v2\/product\/135641","targetHints":{"allow":["GET"]}}],"collection":[{"href":"https:\/\/graef-gnu.com\/fr\/wp-json\/wp\/v2\/product"}],"about":[{"href":"https:\/\/graef-gnu.com\/fr\/wp-json\/wp\/v2\/types\/product"}],"wp:featuredmedia":[{"embeddable":true,"href":"https:\/\/graef-gnu.com\/fr\/wp-json\/wp\/v2\/media\/133465"}],"wp:attachment":[{"href":"https:\/\/graef-gnu.com\/fr\/wp-json\/wp\/v2\/media?parent=135641"}],"wp:term":[{"taxonomy":"product_cat","embeddable":true,"href":"https:\/\/graef-gnu.com\/fr\/wp-json\/wp\/v2\/product_cat?post=135641"},{"taxonomy":"product_tag","embeddable":true,"href":"https:\/\/graef-gnu.com\/fr\/wp-json\/wp\/v2\/product_tag?post=135641"}],"curies":[{"name":"wp","href":"https:\/\/api.w.org\/{rel}","templated":true}]}}