{"id":135854,"date":"2021-04-22T13:46:30","date_gmt":"2021-10-05T08:48:00","guid":{"rendered":"https:\/\/www.graef-gnu.com\/produkt\/gnu-c3-autofix\/"},"modified":"2021-10-05T10:48:00","modified_gmt":"2021-10-05T08:48:00","slug":"gnu-c3-autofix-2","status":"publish","type":"product","link":"https:\/\/graef-gnu.com\/fr\/produkt\/gnu-c3-autofix-2\/","title":{"rendered":"GNU C3 Autofix"},"content":{"rendered":"<p>Les entretoises du profil C3 facilitent l&#8217;utilisation de la matrice de rainage PENTRA sur la r\u00e8gle de rainage et, en combinaison, permettent d&#8217;obtenir des r\u00e9sultats de pliage parfaits.<br \/>\nLe GNU C3 est certifi\u00e9 s\u00fbr pour la production de barquettes pliantes pour aliments. Cette version auto-adh\u00e9sive d&#8217;Autofix a \u00e9t\u00e9 d\u00e9velopp\u00e9e dans le cadre d&#8217;un processus de production sp\u00e9cial,<br \/>\nafin de r\u00e9sister \u00e0 des charges permanentes maximales et de r\u00e9pondre \u00e0 des exigences telles qu&#8217;une application et un retrait rapides et faciles.<\/p>\n","protected":false},"excerpt":{"rendered":"<p>Les entretoises du profil C3 facilitent l&#8217;utilisation de la matrice de rainage PENTRA sur la r\u00e8gle de rainage et, en combinaison, permettent d&#8217;obtenir des r\u00e9sultats de pliage parfaits.<\/p>\n","protected":false},"featured_media":134019,"template":"","meta":{"_acf_changed":false},"product_cat":[6709],"product_tag":[],"class_list":{"0":"post-135854","1":"product","2":"type-product","3":"status-publish","4":"has-post-thumbnail","6":"product_cat-materiaux-dejection","7":"pa_ablaengung-a-1-m-fr","8":"pa_ablaengung-rouleau","9":"pa_hoehe-70-mm-fr","10":"pa_hoehe-73-mm-fr","11":"pa_profilbreite-12-mm-fr","13":"first","14":"instock","15":"purchasable","16":"product-type-variable"},"acf":[],"yoast_head":"<!-- This site is optimized with the Yoast SEO plugin v22.6 - https:\/\/yoast.com\/wordpress\/plugins\/seo\/ -->\n<title>GNU C3 Autofix - August Graef GNU<\/title>\n<meta name=\"description\" content=\"Les entretoises de profil C3 facilitent l&#039;utilisation de la matrice de rainage PENTRA sur la r\u00e8gle de rainage et, combin\u00e9es, permettent d&#039;obtenir des r\u00e9sultats de pliage parfaits. Informez-vous ici !\" \/>\n<meta name=\"robots\" content=\"index, follow, max-snippet:-1, max-image-preview:large, max-video-preview:-1\" \/>\n<link rel=\"canonical\" href=\"https:\/\/graef-gnu.com\/produkt\/gnu-c3-autofix\/\" \/>\n<meta property=\"og:locale\" content=\"fr_FR\" \/>\n<meta property=\"og:type\" content=\"article\" \/>\n<meta property=\"og:title\" content=\"GNU C3 Autofix - August Graef GNU\" \/>\n<meta property=\"og:description\" content=\"Les entretoises de profil C3 facilitent l&#039;utilisation de la matrice de rainage PENTRA sur la r\u00e8gle de rainage et, combin\u00e9es, permettent d&#039;obtenir des r\u00e9sultats de pliage parfaits. Informez-vous ici !\" \/>\n<meta property=\"og:url\" content=\"https:\/\/graef-gnu.com\/produkt\/gnu-c3-autofix\/\" \/>\n<meta property=\"og:site_name\" content=\"August Graef GNU\" \/>\n<meta property=\"og:image\" content=\"https:\/\/graef-gnu.com\/wp-content\/uploads\/gnu_c3_autofix.jpg\" \/>\n\t<meta property=\"og:image:width\" content=\"890\" \/>\n\t<meta property=\"og:image:height\" content=\"300\" \/>\n\t<meta property=\"og:image:type\" content=\"image\/jpeg\" \/>\n<meta name=\"twitter:card\" content=\"summary_large_image\" \/>\n<script type=\"application\/ld+json\" class=\"yoast-schema-graph\">{\"@context\":\"https:\/\/schema.org\",\"@graph\":[{\"@type\":\"WebPage\",\"@id\":\"https:\/\/graef-gnu.com\/produkt\/gnu-c3-autofix\/\",\"url\":\"https:\/\/graef-gnu.com\/produkt\/gnu-c3-autofix\/\",\"name\":\"GNU C3 Autofix - August Graef GNU\",\"isPartOf\":{\"@id\":\"https:\/\/graef-gnu.com\/#website\"},\"primaryImageOfPage\":{\"@id\":\"https:\/\/graef-gnu.com\/produkt\/gnu-c3-autofix\/#primaryimage\"},\"image\":{\"@id\":\"https:\/\/graef-gnu.com\/produkt\/gnu-c3-autofix\/#primaryimage\"},\"thumbnailUrl\":\"https:\/\/graef-gnu.com\/wp-content\/uploads\/gnu_c3_autofix.jpg\",\"datePublished\":\"2021-10-05T08:48:00+00:00\",\"dateModified\":\"2021-10-05T08:48:00+00:00\",\"description\":\"Les entretoises de profil C3 facilitent l'utilisation de la matrice de rainage PENTRA sur la r\u00e8gle de rainage et, combin\u00e9es, permettent d'obtenir des r\u00e9sultats de pliage parfaits. Informez-vous ici !\",\"breadcrumb\":{\"@id\":\"https:\/\/graef-gnu.com\/produkt\/gnu-c3-autofix\/#breadcrumb\"},\"inLanguage\":\"fr-FR\",\"potentialAction\":[{\"@type\":\"ReadAction\",\"target\":[\"https:\/\/graef-gnu.com\/produkt\/gnu-c3-autofix\/\"]}]},{\"@type\":\"ImageObject\",\"inLanguage\":\"fr-FR\",\"@id\":\"https:\/\/graef-gnu.com\/produkt\/gnu-c3-autofix\/#primaryimage\",\"url\":\"https:\/\/graef-gnu.com\/wp-content\/uploads\/gnu_c3_autofix.jpg\",\"contentUrl\":\"https:\/\/graef-gnu.com\/wp-content\/uploads\/gnu_c3_autofix.jpg\",\"width\":890,\"height\":300},{\"@type\":\"BreadcrumbList\",\"@id\":\"https:\/\/graef-gnu.com\/produkt\/gnu-c3-autofix\/#breadcrumb\",\"itemListElement\":[{\"@type\":\"ListItem\",\"position\":1,\"name\":\"Startseite\",\"item\":\"https:\/\/graef-gnu.com\/fr\/\"},{\"@type\":\"ListItem\",\"position\":2,\"name\":\"Formes \u00e0 plat\",\"item\":\"https:\/\/graef-gnu.com\/fr\/formes-a-plat\/\"},{\"@type\":\"ListItem\",\"position\":3,\"name\":\"GNU C3 Autofix\"}]},{\"@type\":\"WebSite\",\"@id\":\"https:\/\/graef-gnu.com\/#website\",\"url\":\"https:\/\/graef-gnu.com\/\",\"name\":\"August Graef GNU\",\"description\":\"\",\"potentialAction\":[{\"@type\":\"SearchAction\",\"target\":{\"@type\":\"EntryPoint\",\"urlTemplate\":\"https:\/\/graef-gnu.com\/?s={search_term_string}\"},\"query-input\":\"required name=search_term_string\"}],\"inLanguage\":\"fr-FR\"}]}<\/script>\n<!-- \/ Yoast SEO plugin. -->","yoast_head_json":{"title":"GNU C3 Autofix - August Graef GNU","description":"Les entretoises de profil C3 facilitent l'utilisation de la matrice de rainage PENTRA sur la r\u00e8gle de rainage et, combin\u00e9es, permettent d'obtenir des r\u00e9sultats de pliage parfaits. Informez-vous ici !","robots":{"index":"index","follow":"follow","max-snippet":"max-snippet:-1","max-image-preview":"max-image-preview:large","max-video-preview":"max-video-preview:-1"},"canonical":"https:\/\/graef-gnu.com\/produkt\/gnu-c3-autofix\/","og_locale":"fr_FR","og_type":"article","og_title":"GNU C3 Autofix - August Graef GNU","og_description":"Les entretoises de profil C3 facilitent l'utilisation de la matrice de rainage PENTRA sur la r\u00e8gle de rainage et, combin\u00e9es, permettent d'obtenir des r\u00e9sultats de pliage parfaits. Informez-vous ici !","og_url":"https:\/\/graef-gnu.com\/produkt\/gnu-c3-autofix\/","og_site_name":"August Graef GNU","og_image":[{"width":890,"height":300,"url":"https:\/\/graef-gnu.com\/wp-content\/uploads\/gnu_c3_autofix.jpg","type":"image\/jpeg"}],"twitter_card":"summary_large_image","schema":{"@context":"https:\/\/schema.org","@graph":[{"@type":"WebPage","@id":"https:\/\/graef-gnu.com\/produkt\/gnu-c3-autofix\/","url":"https:\/\/graef-gnu.com\/produkt\/gnu-c3-autofix\/","name":"GNU C3 Autofix - August Graef GNU","isPartOf":{"@id":"https:\/\/graef-gnu.com\/#website"},"primaryImageOfPage":{"@id":"https:\/\/graef-gnu.com\/produkt\/gnu-c3-autofix\/#primaryimage"},"image":{"@id":"https:\/\/graef-gnu.com\/produkt\/gnu-c3-autofix\/#primaryimage"},"thumbnailUrl":"https:\/\/graef-gnu.com\/wp-content\/uploads\/gnu_c3_autofix.jpg","datePublished":"2021-10-05T08:48:00+00:00","dateModified":"2021-10-05T08:48:00+00:00","description":"Les entretoises de profil C3 facilitent l'utilisation de la matrice de rainage PENTRA sur la r\u00e8gle de rainage et, combin\u00e9es, permettent d'obtenir des r\u00e9sultats de pliage parfaits. Informez-vous ici !","breadcrumb":{"@id":"https:\/\/graef-gnu.com\/produkt\/gnu-c3-autofix\/#breadcrumb"},"inLanguage":"fr-FR","potentialAction":[{"@type":"ReadAction","target":["https:\/\/graef-gnu.com\/produkt\/gnu-c3-autofix\/"]}]},{"@type":"ImageObject","inLanguage":"fr-FR","@id":"https:\/\/graef-gnu.com\/produkt\/gnu-c3-autofix\/#primaryimage","url":"https:\/\/graef-gnu.com\/wp-content\/uploads\/gnu_c3_autofix.jpg","contentUrl":"https:\/\/graef-gnu.com\/wp-content\/uploads\/gnu_c3_autofix.jpg","width":890,"height":300},{"@type":"BreadcrumbList","@id":"https:\/\/graef-gnu.com\/produkt\/gnu-c3-autofix\/#breadcrumb","itemListElement":[{"@type":"ListItem","position":1,"name":"Startseite","item":"https:\/\/graef-gnu.com\/fr\/"},{"@type":"ListItem","position":2,"name":"Formes \u00e0 plat","item":"https:\/\/graef-gnu.com\/fr\/formes-a-plat\/"},{"@type":"ListItem","position":3,"name":"GNU C3 Autofix"}]},{"@type":"WebSite","@id":"https:\/\/graef-gnu.com\/#website","url":"https:\/\/graef-gnu.com\/","name":"August Graef GNU","description":"","potentialAction":[{"@type":"SearchAction","target":{"@type":"EntryPoint","urlTemplate":"https:\/\/graef-gnu.com\/?s={search_term_string}"},"query-input":"required name=search_term_string"}],"inLanguage":"fr-FR"}]}},"_links":{"self":[{"href":"https:\/\/graef-gnu.com\/fr\/wp-json\/wp\/v2\/product\/135854","targetHints":{"allow":["GET"]}}],"collection":[{"href":"https:\/\/graef-gnu.com\/fr\/wp-json\/wp\/v2\/product"}],"about":[{"href":"https:\/\/graef-gnu.com\/fr\/wp-json\/wp\/v2\/types\/product"}],"wp:featuredmedia":[{"embeddable":true,"href":"https:\/\/graef-gnu.com\/fr\/wp-json\/wp\/v2\/media\/134019"}],"wp:attachment":[{"href":"https:\/\/graef-gnu.com\/fr\/wp-json\/wp\/v2\/media?parent=135854"}],"wp:term":[{"taxonomy":"product_cat","embeddable":true,"href":"https:\/\/graef-gnu.com\/fr\/wp-json\/wp\/v2\/product_cat?post=135854"},{"taxonomy":"product_tag","embeddable":true,"href":"https:\/\/graef-gnu.com\/fr\/wp-json\/wp\/v2\/product_tag?post=135854"}],"curies":[{"name":"wp","href":"https:\/\/api.w.org\/{rel}","templated":true}]}}