{"id":135886,"date":"2021-02-11T11:05:14","date_gmt":"2021-10-05T08:48:06","guid":{"rendered":"https:\/\/www.graef-gnu.com\/produkt\/gnu-cork\/"},"modified":"2021-10-05T10:48:06","modified_gmt":"2021-10-05T08:48:06","slug":"gnu-cork-2","status":"publish","type":"product","link":"https:\/\/graef-gnu.com\/fr\/produkt\/gnu-cork-2\/","title":{"rendered":"GNU Cork"},"content":{"rendered":"<p>Le mat\u00e9riau d&#8217;\u00e9jection GNU Cork est une combinaison magistrale des membranes \u00e9lastiques des cellules de li\u00e8ge et de l&#8217;\u00e9lasticit\u00e9 du caoutchouc. Ce compos\u00e9 unique garantit une excellente r\u00e9silience et une bonne r\u00e9sistance \u00e0 l&#8217;abrasion.<\/p>\n","protected":false},"excerpt":{"rendered":"<p>Le mat\u00e9riau d&#8217;\u00e9jection GNU Cork est une combinaison magistrale des membranes \u00e9lastiques des cellules de li\u00e8ge et de l&#8217;\u00e9lasticit\u00e9 du caoutchouc. Ce compos\u00e9 unique garantit une excellente r\u00e9silience et une bonne r\u00e9sistance \u00e0 l&#8217;abrasion.<\/p>\n","protected":false},"featured_media":132812,"template":"","meta":{"_acf_changed":false},"product_cat":[6709],"product_tag":[],"class_list":{"0":"post-135886","1":"product","2":"type-product","3":"status-publish","4":"has-post-thumbnail","6":"product_group-plaques-fr","7":"product_cat-materiaux-dejection","8":"pa_dimension-066-m-fr","9":"pa_hoehe-10-mm-fr-2","10":"pa_hoehe-12-mm-fr-2","11":"pa_hoehe-7-mm-fr","12":"pa_shore-haerte-65-shore-a-fr","14":"first","15":"instock","16":"purchasable","17":"product-type-variable"},"acf":[],"yoast_head":"<!-- This site is optimized with the Yoast SEO plugin v22.6 - https:\/\/yoast.com\/wordpress\/plugins\/seo\/ -->\n<title>GNU Cork - August Graef GNU<\/title>\n<meta name=\"description\" content=\"Mat\u00e9riau d&#039;\u00e9jection GNU Cork - combinaison magistrale des membranes \u00e9lastiques des cellules de li\u00e8ge et de l&#039;\u00e9lasticit\u00e9 du caoutchouc \u25ba Informez-vous ici !\" \/>\n<meta name=\"robots\" content=\"index, follow, max-snippet:-1, max-image-preview:large, max-video-preview:-1\" \/>\n<link rel=\"canonical\" href=\"https:\/\/graef-gnu.com\/produkt\/gnu-cork\/\" \/>\n<meta property=\"og:locale\" content=\"fr_FR\" \/>\n<meta property=\"og:type\" content=\"article\" \/>\n<meta property=\"og:title\" content=\"GNU Cork - August Graef GNU\" \/>\n<meta property=\"og:description\" content=\"Mat\u00e9riau d&#039;\u00e9jection GNU Cork - combinaison magistrale des membranes \u00e9lastiques des cellules de li\u00e8ge et de l&#039;\u00e9lasticit\u00e9 du caoutchouc \u25ba Informez-vous ici !\" \/>\n<meta property=\"og:url\" content=\"https:\/\/graef-gnu.com\/produkt\/gnu-cork\/\" \/>\n<meta property=\"og:site_name\" content=\"August Graef GNU\" \/>\n<meta property=\"og:image\" content=\"https:\/\/graef-gnu.com\/wp-content\/uploads\/gnu_korkgummi-1.jpg\" \/>\n\t<meta property=\"og:image:width\" content=\"890\" \/>\n\t<meta property=\"og:image:height\" content=\"300\" \/>\n\t<meta property=\"og:image:type\" content=\"image\/jpeg\" \/>\n<meta name=\"twitter:card\" content=\"summary_large_image\" \/>\n<script type=\"application\/ld+json\" class=\"yoast-schema-graph\">{\"@context\":\"https:\/\/schema.org\",\"@graph\":[{\"@type\":\"WebPage\",\"@id\":\"https:\/\/graef-gnu.com\/produkt\/gnu-cork\/\",\"url\":\"https:\/\/graef-gnu.com\/produkt\/gnu-cork\/\",\"name\":\"GNU Cork - August Graef GNU\",\"isPartOf\":{\"@id\":\"https:\/\/graef-gnu.com\/#website\"},\"primaryImageOfPage\":{\"@id\":\"https:\/\/graef-gnu.com\/produkt\/gnu-cork\/#primaryimage\"},\"image\":{\"@id\":\"https:\/\/graef-gnu.com\/produkt\/gnu-cork\/#primaryimage\"},\"thumbnailUrl\":\"https:\/\/graef-gnu.com\/wp-content\/uploads\/gnu_korkgummi-1.jpg\",\"datePublished\":\"2021-10-05T08:48:06+00:00\",\"dateModified\":\"2021-10-05T08:48:06+00:00\",\"description\":\"Mat\u00e9riau d'\u00e9jection GNU Cork - combinaison magistrale des membranes \u00e9lastiques des cellules de li\u00e8ge et de l'\u00e9lasticit\u00e9 du caoutchouc \u25ba Informez-vous ici !\",\"breadcrumb\":{\"@id\":\"https:\/\/graef-gnu.com\/produkt\/gnu-cork\/#breadcrumb\"},\"inLanguage\":\"fr-FR\",\"potentialAction\":[{\"@type\":\"ReadAction\",\"target\":[\"https:\/\/graef-gnu.com\/produkt\/gnu-cork\/\"]}]},{\"@type\":\"ImageObject\",\"inLanguage\":\"fr-FR\",\"@id\":\"https:\/\/graef-gnu.com\/produkt\/gnu-cork\/#primaryimage\",\"url\":\"https:\/\/graef-gnu.com\/wp-content\/uploads\/gnu_korkgummi-1.jpg\",\"contentUrl\":\"https:\/\/graef-gnu.com\/wp-content\/uploads\/gnu_korkgummi-1.jpg\",\"width\":890,\"height\":300},{\"@type\":\"BreadcrumbList\",\"@id\":\"https:\/\/graef-gnu.com\/produkt\/gnu-cork\/#breadcrumb\",\"itemListElement\":[{\"@type\":\"ListItem\",\"position\":1,\"name\":\"Startseite\",\"item\":\"https:\/\/graef-gnu.com\/fr\/\"},{\"@type\":\"ListItem\",\"position\":2,\"name\":\"Formes \u00e0 plat\",\"item\":\"https:\/\/graef-gnu.com\/fr\/formes-a-plat\/\"},{\"@type\":\"ListItem\",\"position\":3,\"name\":\"GNU Cork\"}]},{\"@type\":\"WebSite\",\"@id\":\"https:\/\/graef-gnu.com\/#website\",\"url\":\"https:\/\/graef-gnu.com\/\",\"name\":\"August Graef GNU\",\"description\":\"\",\"potentialAction\":[{\"@type\":\"SearchAction\",\"target\":{\"@type\":\"EntryPoint\",\"urlTemplate\":\"https:\/\/graef-gnu.com\/?s={search_term_string}\"},\"query-input\":\"required name=search_term_string\"}],\"inLanguage\":\"fr-FR\"}]}<\/script>\n<!-- \/ Yoast SEO plugin. -->","yoast_head_json":{"title":"GNU Cork - August Graef GNU","description":"Mat\u00e9riau d'\u00e9jection GNU Cork - combinaison magistrale des membranes \u00e9lastiques des cellules de li\u00e8ge et de l'\u00e9lasticit\u00e9 du caoutchouc \u25ba Informez-vous ici !","robots":{"index":"index","follow":"follow","max-snippet":"max-snippet:-1","max-image-preview":"max-image-preview:large","max-video-preview":"max-video-preview:-1"},"canonical":"https:\/\/graef-gnu.com\/produkt\/gnu-cork\/","og_locale":"fr_FR","og_type":"article","og_title":"GNU Cork - August Graef GNU","og_description":"Mat\u00e9riau d'\u00e9jection GNU Cork - combinaison magistrale des membranes \u00e9lastiques des cellules de li\u00e8ge et de l'\u00e9lasticit\u00e9 du caoutchouc \u25ba Informez-vous ici !","og_url":"https:\/\/graef-gnu.com\/produkt\/gnu-cork\/","og_site_name":"August Graef GNU","og_image":[{"width":890,"height":300,"url":"https:\/\/graef-gnu.com\/wp-content\/uploads\/gnu_korkgummi-1.jpg","type":"image\/jpeg"}],"twitter_card":"summary_large_image","schema":{"@context":"https:\/\/schema.org","@graph":[{"@type":"WebPage","@id":"https:\/\/graef-gnu.com\/produkt\/gnu-cork\/","url":"https:\/\/graef-gnu.com\/produkt\/gnu-cork\/","name":"GNU Cork - August Graef GNU","isPartOf":{"@id":"https:\/\/graef-gnu.com\/#website"},"primaryImageOfPage":{"@id":"https:\/\/graef-gnu.com\/produkt\/gnu-cork\/#primaryimage"},"image":{"@id":"https:\/\/graef-gnu.com\/produkt\/gnu-cork\/#primaryimage"},"thumbnailUrl":"https:\/\/graef-gnu.com\/wp-content\/uploads\/gnu_korkgummi-1.jpg","datePublished":"2021-10-05T08:48:06+00:00","dateModified":"2021-10-05T08:48:06+00:00","description":"Mat\u00e9riau d'\u00e9jection GNU Cork - combinaison magistrale des membranes \u00e9lastiques des cellules de li\u00e8ge et de l'\u00e9lasticit\u00e9 du caoutchouc \u25ba Informez-vous ici !","breadcrumb":{"@id":"https:\/\/graef-gnu.com\/produkt\/gnu-cork\/#breadcrumb"},"inLanguage":"fr-FR","potentialAction":[{"@type":"ReadAction","target":["https:\/\/graef-gnu.com\/produkt\/gnu-cork\/"]}]},{"@type":"ImageObject","inLanguage":"fr-FR","@id":"https:\/\/graef-gnu.com\/produkt\/gnu-cork\/#primaryimage","url":"https:\/\/graef-gnu.com\/wp-content\/uploads\/gnu_korkgummi-1.jpg","contentUrl":"https:\/\/graef-gnu.com\/wp-content\/uploads\/gnu_korkgummi-1.jpg","width":890,"height":300},{"@type":"BreadcrumbList","@id":"https:\/\/graef-gnu.com\/produkt\/gnu-cork\/#breadcrumb","itemListElement":[{"@type":"ListItem","position":1,"name":"Startseite","item":"https:\/\/graef-gnu.com\/fr\/"},{"@type":"ListItem","position":2,"name":"Formes \u00e0 plat","item":"https:\/\/graef-gnu.com\/fr\/formes-a-plat\/"},{"@type":"ListItem","position":3,"name":"GNU Cork"}]},{"@type":"WebSite","@id":"https:\/\/graef-gnu.com\/#website","url":"https:\/\/graef-gnu.com\/","name":"August Graef GNU","description":"","potentialAction":[{"@type":"SearchAction","target":{"@type":"EntryPoint","urlTemplate":"https:\/\/graef-gnu.com\/?s={search_term_string}"},"query-input":"required name=search_term_string"}],"inLanguage":"fr-FR"}]}},"_links":{"self":[{"href":"https:\/\/graef-gnu.com\/fr\/wp-json\/wp\/v2\/product\/135886","targetHints":{"allow":["GET"]}}],"collection":[{"href":"https:\/\/graef-gnu.com\/fr\/wp-json\/wp\/v2\/product"}],"about":[{"href":"https:\/\/graef-gnu.com\/fr\/wp-json\/wp\/v2\/types\/product"}],"wp:featuredmedia":[{"embeddable":true,"href":"https:\/\/graef-gnu.com\/fr\/wp-json\/wp\/v2\/media\/132812"}],"wp:attachment":[{"href":"https:\/\/graef-gnu.com\/fr\/wp-json\/wp\/v2\/media?parent=135886"}],"wp:term":[{"taxonomy":"product_cat","embeddable":true,"href":"https:\/\/graef-gnu.com\/fr\/wp-json\/wp\/v2\/product_cat?post=135886"},{"taxonomy":"product_tag","embeddable":true,"href":"https:\/\/graef-gnu.com\/fr\/wp-json\/wp\/v2\/product_tag?post=135886"}],"curies":[{"name":"wp","href":"https:\/\/api.w.org\/{rel}","templated":true}]}}