{"id":135900,"date":"2021-02-11T11:04:37","date_gmt":"2021-10-05T08:48:10","guid":{"rendered":"https:\/\/www.graef-gnu.com\/produkt\/le-quart-de-tour-de-gnu-celleject\/"},"modified":"2021-11-01T17:43:52","modified_gmt":"2021-11-01T16:43:52","slug":"gnu-celleject-quarter-round","status":"publish","type":"product","link":"https:\/\/graef-gnu.com\/fr\/produkt\/gnu-celleject-quarter-round\/","title":{"rendered":"Le quart de ronde de GNU CellEject"},"content":{"rendered":"<p>Le quart de rond GNU CellEject est fabriqu\u00e9 \u00e0 partir du plastique unique haute performance GNU Vulcollan. Ce caoutchouc \u00e9jecteur haute performance pour outils de poin\u00e7onnage de haute qualit\u00e9 peut \u00eatre tr\u00e8s bien comprim\u00e9 sans d\u00e9formation importante et permanente. M\u00eame sous des charges continues extr\u00eames, ces profil\u00e9s impressionnent par leur haute compressibilit\u00e9 et leur force de rappel ainsi que par leur bonne r\u00e9sistance \u00e0 l&#8217;abrasion. L&#8217;application de ce profil permet d&#8217;obtenir des ar\u00eates de coupe propres \u00e0 des vitesses de machine \u00e9lev\u00e9es.<br \/>\n<em><br \/>\nVulkollan\u00ae est une marque d\u00e9pos\u00e9e de Bayer AG.<\/em><\/p>\n","protected":false},"excerpt":{"rendered":"<p>Le quart de rond GNU CellEject est fabriqu\u00e9 \u00e0 partir du plastique unique haute performance GNU Cellular Collan. Ce caoutchouc \u00e9jecteur haute performance pour outils de poin\u00e7onnage de haute qualit\u00e9 peut \u00eatre tr\u00e8s bien comprim\u00e9 sans d\u00e9formation importante et permanente.<\/p>\n","protected":false},"featured_media":133618,"template":"","meta":{"_acf_changed":false},"product_cat":[6709],"product_tag":[],"class_list":{"0":"post-135900","1":"product","2":"type-product","3":"status-publish","4":"has-post-thumbnail","6":"product_group-profiles-fr","7":"product_cat-materiaux-dejection","8":"pa_ablaengung-a-1-m-fr-2","9":"pa_abstandhalter-quetschfase-avec-entretoise","10":"pa_abstandhalter-quetschfase-n-a-fr","11":"pa_hoehe-10-mm-fr-2","12":"pa_hoehe-12-mm-fr-2","13":"pa_hoehe-13-mm-fr-3","14":"pa_hoehe-14-mm-fr","15":"pa_hoehe-7-mm-fr","16":"pa_profilbreite-10-mm-fr","17":"pa_profilbreite-12-mm-fr","18":"pa_profilbreite-13-mm-fr","19":"pa_profilbreite-14-mm-fr","20":"pa_profilbreite-7-mm-fr","21":"pa_raumgewicht-rg-35-40-fr","22":"pa_raumgewicht-rg-45-50-fr","23":"pa_raumgewicht-rg-60-65-fr","25":"first","26":"instock","27":"purchasable","28":"product-type-variable"},"acf":[],"yoast_head":"<!-- This site is optimized with the Yoast SEO plugin v22.6 - https:\/\/yoast.com\/wordpress\/plugins\/seo\/ -->\n<title>Le quart de ronde de GNU CellEject - August Graef GNU<\/title>\n<meta name=\"description\" content=\"GNU CellEject quart de rond en GNU Vulcollan \u25ba convient aux charges continues extr\u00eames \u2705 bonne r\u00e9sistance \u00e0 l&#039;abrasion\u2705 En savoir plus ici !\" \/>\n<meta name=\"robots\" content=\"index, follow, max-snippet:-1, max-image-preview:large, max-video-preview:-1\" \/>\n<link rel=\"canonical\" href=\"https:\/\/graef-gnu.com\/produkt\/gnu-celleject-viertelrund\/\" \/>\n<meta property=\"og:locale\" content=\"fr_FR\" \/>\n<meta property=\"og:type\" content=\"article\" \/>\n<meta property=\"og:title\" content=\"Le quart de ronde de GNU CellEject - August Graef GNU\" \/>\n<meta property=\"og:description\" content=\"GNU CellEject quart de rond en GNU Vulcollan \u25ba convient aux charges continues extr\u00eames \u2705 bonne r\u00e9sistance \u00e0 l&#039;abrasion\u2705 En savoir plus ici !\" \/>\n<meta property=\"og:url\" content=\"https:\/\/graef-gnu.com\/produkt\/gnu-celleject-viertelrund\/\" \/>\n<meta property=\"og:site_name\" content=\"August Graef GNU\" \/>\n<meta property=\"article:modified_time\" content=\"2021-11-01T16:43:52+00:00\" \/>\n<meta property=\"og:image\" content=\"https:\/\/graef-gnu.com\/wp-content\/uploads\/gnu_celleject_viertelrund-2.jpg\" \/>\n\t<meta property=\"og:image:width\" content=\"890\" \/>\n\t<meta property=\"og:image:height\" content=\"300\" \/>\n\t<meta property=\"og:image:type\" content=\"image\/jpeg\" \/>\n<meta name=\"twitter:card\" content=\"summary_large_image\" \/>\n<meta name=\"twitter:label1\" content=\"Dur\u00e9e de lecture estim\u00e9e\" \/>\n\t<meta name=\"twitter:data1\" content=\"1 minute\" \/>\n<script type=\"application\/ld+json\" class=\"yoast-schema-graph\">{\"@context\":\"https:\/\/schema.org\",\"@graph\":[{\"@type\":\"WebPage\",\"@id\":\"https:\/\/graef-gnu.com\/produkt\/gnu-celleject-viertelrund\/\",\"url\":\"https:\/\/graef-gnu.com\/produkt\/gnu-celleject-viertelrund\/\",\"name\":\"Le quart de ronde de GNU CellEject - August Graef GNU\",\"isPartOf\":{\"@id\":\"https:\/\/graef-gnu.com\/#website\"},\"primaryImageOfPage\":{\"@id\":\"https:\/\/graef-gnu.com\/produkt\/gnu-celleject-viertelrund\/#primaryimage\"},\"image\":{\"@id\":\"https:\/\/graef-gnu.com\/produkt\/gnu-celleject-viertelrund\/#primaryimage\"},\"thumbnailUrl\":\"https:\/\/graef-gnu.com\/wp-content\/uploads\/gnu_celleject_viertelrund-2.jpg\",\"datePublished\":\"2021-10-05T08:48:10+00:00\",\"dateModified\":\"2021-11-01T16:43:52+00:00\",\"description\":\"GNU CellEject quart de rond en GNU Vulcollan \u25ba convient aux charges continues extr\u00eames \u2705 bonne r\u00e9sistance \u00e0 l'abrasion\u2705 En savoir plus ici !\",\"breadcrumb\":{\"@id\":\"https:\/\/graef-gnu.com\/produkt\/gnu-celleject-viertelrund\/#breadcrumb\"},\"inLanguage\":\"fr-FR\",\"potentialAction\":[{\"@type\":\"ReadAction\",\"target\":[\"https:\/\/graef-gnu.com\/produkt\/gnu-celleject-viertelrund\/\"]}]},{\"@type\":\"ImageObject\",\"inLanguage\":\"fr-FR\",\"@id\":\"https:\/\/graef-gnu.com\/produkt\/gnu-celleject-viertelrund\/#primaryimage\",\"url\":\"https:\/\/graef-gnu.com\/wp-content\/uploads\/gnu_celleject_viertelrund-2.jpg\",\"contentUrl\":\"https:\/\/graef-gnu.com\/wp-content\/uploads\/gnu_celleject_viertelrund-2.jpg\",\"width\":890,\"height\":300},{\"@type\":\"BreadcrumbList\",\"@id\":\"https:\/\/graef-gnu.com\/produkt\/gnu-celleject-viertelrund\/#breadcrumb\",\"itemListElement\":[{\"@type\":\"ListItem\",\"position\":1,\"name\":\"Startseite\",\"item\":\"https:\/\/graef-gnu.com\/fr\/\"},{\"@type\":\"ListItem\",\"position\":2,\"name\":\"Formes \u00e0 plat\",\"item\":\"https:\/\/graef-gnu.com\/fr\/formes-a-plat\/\"},{\"@type\":\"ListItem\",\"position\":3,\"name\":\"Le quart de ronde de GNU CellEject\"}]},{\"@type\":\"WebSite\",\"@id\":\"https:\/\/graef-gnu.com\/#website\",\"url\":\"https:\/\/graef-gnu.com\/\",\"name\":\"August Graef GNU\",\"description\":\"\",\"potentialAction\":[{\"@type\":\"SearchAction\",\"target\":{\"@type\":\"EntryPoint\",\"urlTemplate\":\"https:\/\/graef-gnu.com\/?s={search_term_string}\"},\"query-input\":\"required name=search_term_string\"}],\"inLanguage\":\"fr-FR\"}]}<\/script>\n<!-- \/ Yoast SEO plugin. -->","yoast_head_json":{"title":"Le quart de ronde de GNU CellEject - August Graef GNU","description":"GNU CellEject quart de rond en GNU Vulcollan \u25ba convient aux charges continues extr\u00eames \u2705 bonne r\u00e9sistance \u00e0 l'abrasion\u2705 En savoir plus ici !","robots":{"index":"index","follow":"follow","max-snippet":"max-snippet:-1","max-image-preview":"max-image-preview:large","max-video-preview":"max-video-preview:-1"},"canonical":"https:\/\/graef-gnu.com\/produkt\/gnu-celleject-viertelrund\/","og_locale":"fr_FR","og_type":"article","og_title":"Le quart de ronde de GNU CellEject - August Graef GNU","og_description":"GNU CellEject quart de rond en GNU Vulcollan \u25ba convient aux charges continues extr\u00eames \u2705 bonne r\u00e9sistance \u00e0 l'abrasion\u2705 En savoir plus ici !","og_url":"https:\/\/graef-gnu.com\/produkt\/gnu-celleject-viertelrund\/","og_site_name":"August Graef GNU","article_modified_time":"2021-11-01T16:43:52+00:00","og_image":[{"width":890,"height":300,"url":"https:\/\/graef-gnu.com\/wp-content\/uploads\/gnu_celleject_viertelrund-2.jpg","type":"image\/jpeg"}],"twitter_card":"summary_large_image","twitter_misc":{"Dur\u00e9e de lecture estim\u00e9e":"1 minute"},"schema":{"@context":"https:\/\/schema.org","@graph":[{"@type":"WebPage","@id":"https:\/\/graef-gnu.com\/produkt\/gnu-celleject-viertelrund\/","url":"https:\/\/graef-gnu.com\/produkt\/gnu-celleject-viertelrund\/","name":"Le quart de ronde de GNU CellEject - August Graef GNU","isPartOf":{"@id":"https:\/\/graef-gnu.com\/#website"},"primaryImageOfPage":{"@id":"https:\/\/graef-gnu.com\/produkt\/gnu-celleject-viertelrund\/#primaryimage"},"image":{"@id":"https:\/\/graef-gnu.com\/produkt\/gnu-celleject-viertelrund\/#primaryimage"},"thumbnailUrl":"https:\/\/graef-gnu.com\/wp-content\/uploads\/gnu_celleject_viertelrund-2.jpg","datePublished":"2021-10-05T08:48:10+00:00","dateModified":"2021-11-01T16:43:52+00:00","description":"GNU CellEject quart de rond en GNU Vulcollan \u25ba convient aux charges continues extr\u00eames \u2705 bonne r\u00e9sistance \u00e0 l'abrasion\u2705 En savoir plus ici !","breadcrumb":{"@id":"https:\/\/graef-gnu.com\/produkt\/gnu-celleject-viertelrund\/#breadcrumb"},"inLanguage":"fr-FR","potentialAction":[{"@type":"ReadAction","target":["https:\/\/graef-gnu.com\/produkt\/gnu-celleject-viertelrund\/"]}]},{"@type":"ImageObject","inLanguage":"fr-FR","@id":"https:\/\/graef-gnu.com\/produkt\/gnu-celleject-viertelrund\/#primaryimage","url":"https:\/\/graef-gnu.com\/wp-content\/uploads\/gnu_celleject_viertelrund-2.jpg","contentUrl":"https:\/\/graef-gnu.com\/wp-content\/uploads\/gnu_celleject_viertelrund-2.jpg","width":890,"height":300},{"@type":"BreadcrumbList","@id":"https:\/\/graef-gnu.com\/produkt\/gnu-celleject-viertelrund\/#breadcrumb","itemListElement":[{"@type":"ListItem","position":1,"name":"Startseite","item":"https:\/\/graef-gnu.com\/fr\/"},{"@type":"ListItem","position":2,"name":"Formes \u00e0 plat","item":"https:\/\/graef-gnu.com\/fr\/formes-a-plat\/"},{"@type":"ListItem","position":3,"name":"Le quart de ronde de GNU CellEject"}]},{"@type":"WebSite","@id":"https:\/\/graef-gnu.com\/#website","url":"https:\/\/graef-gnu.com\/","name":"August Graef GNU","description":"","potentialAction":[{"@type":"SearchAction","target":{"@type":"EntryPoint","urlTemplate":"https:\/\/graef-gnu.com\/?s={search_term_string}"},"query-input":"required name=search_term_string"}],"inLanguage":"fr-FR"}]}},"_links":{"self":[{"href":"https:\/\/graef-gnu.com\/fr\/wp-json\/wp\/v2\/product\/135900","targetHints":{"allow":["GET"]}}],"collection":[{"href":"https:\/\/graef-gnu.com\/fr\/wp-json\/wp\/v2\/product"}],"about":[{"href":"https:\/\/graef-gnu.com\/fr\/wp-json\/wp\/v2\/types\/product"}],"wp:featuredmedia":[{"embeddable":true,"href":"https:\/\/graef-gnu.com\/fr\/wp-json\/wp\/v2\/media\/133618"}],"wp:attachment":[{"href":"https:\/\/graef-gnu.com\/fr\/wp-json\/wp\/v2\/media?parent=135900"}],"wp:term":[{"taxonomy":"product_cat","embeddable":true,"href":"https:\/\/graef-gnu.com\/fr\/wp-json\/wp\/v2\/product_cat?post=135900"},{"taxonomy":"product_tag","embeddable":true,"href":"https:\/\/graef-gnu.com\/fr\/wp-json\/wp\/v2\/product_tag?post=135900"}],"curies":[{"name":"wp","href":"https:\/\/api.w.org\/{rel}","templated":true}]}}