{"id":136092,"date":"2021-02-11T10:58:52","date_gmt":"2021-10-05T08:48:32","guid":{"rendered":"https:\/\/www.graef-gnu.com\/produkt\/striptec-perf-aiguille\/"},"modified":"2021-11-02T16:43:34","modified_gmt":"2021-11-02T15:43:34","slug":"striptec-perf-aiguille","status":"publish","type":"product","link":"https:\/\/graef-gnu.com\/fr\/produkt\/striptec-perf-aiguille\/","title":{"rendered":"Striptec<sup>&reg;<\/sup>-Perf-Aiguille"},"content":{"rendered":"<p>Ligne d&#8217;effeuillage perfor\u00e9e \u00e0 dents pointues pour le carton et le carton ondul\u00e9 particuli\u00e8rement compliqu\u00e9s. Permet de collecter en toute s\u00e9curit\u00e9 les d\u00e9chets de perforation.<\/p>\n","protected":false},"excerpt":{"rendered":"<p>Ligne d&#8217;effeuillage perfor\u00e9e \u00e0 dents pointues pour le carton et le carton ondul\u00e9 particuli\u00e8rement compliqu\u00e9s. Permet de collecter en toute s\u00e9curit\u00e9 les d\u00e9chets de perforation.<\/p>\n","protected":false},"featured_media":133470,"template":"","meta":{"_acf_changed":false},"product_cat":[6776],"product_tag":[],"class_list":{"0":"post-136092","1":"product","2":"type-product","3":"status-publish","4":"has-post-thumbnail","6":"product_group-ejecter","7":"product_cat-decoupage-a-plat","8":"pa_ablaengung-a-1-m-fr","9":"pa_ablaengung-sur-lanneau","10":"pa_haerte-750-850n-fr","11":"pa_haerte-h2extra-fr","12":"pa_hoehe-50-mm-fr","13":"pa_hoehe-51-mm-fr","14":"pa_hoehe-52-mm-fr","15":"pa_hoehe-55-mm-fr-2","16":"pa_staerke-breite-105-mm-fr","17":"pa_teilung-n-a-fr","18":"pa_wicklung-durchmesser-acw-560-mm-fr","19":"pa_wicklung-durchmesser-cw-560-mm-fr","20":"pa_wicklung-durchmesser-n-a-fr","21":"pa_zaehne-dent-pointue-de-5-mm","23":"first","24":"instock","25":"purchasable","26":"product-type-variable"},"acf":[],"yoast_head":"<!-- This site is optimized with the Yoast SEO plugin v22.6 - https:\/\/yoast.com\/wordpress\/plugins\/seo\/ -->\n<title>Striptec&reg;-Perf-Aiguille - August Graef GNU<\/title>\n<meta name=\"description\" content=\"Ligne d&#039;effeuillage perfor\u00e9e avec dent pointue pour les bo\u00eetes en carton particuli\u00e8rement compliqu\u00e9es et le carton ondul\u00e9 \u2705 Permet une prise s\u00fbre des d\u00e9chets de perforation \u2705 Demande ici !\" \/>\n<meta name=\"robots\" content=\"index, follow, max-snippet:-1, max-image-preview:large, max-video-preview:-1\" \/>\n<link rel=\"canonical\" href=\"https:\/\/graef-gnu.com\/produkt\/striptec-perf-needle\/\" \/>\n<meta property=\"og:locale\" content=\"fr_FR\" \/>\n<meta property=\"og:type\" content=\"article\" \/>\n<meta property=\"og:title\" content=\"Striptec&reg;-Perf-Aiguille - August Graef GNU\" \/>\n<meta property=\"og:description\" content=\"Ligne d&#039;effeuillage perfor\u00e9e avec dent pointue pour les bo\u00eetes en carton particuli\u00e8rement compliqu\u00e9es et le carton ondul\u00e9 \u2705 Permet une prise s\u00fbre des d\u00e9chets de perforation \u2705 Demande ici !\" \/>\n<meta property=\"og:url\" content=\"https:\/\/graef-gnu.com\/produkt\/striptec-perf-needle\/\" \/>\n<meta property=\"og:site_name\" content=\"August Graef GNU\" \/>\n<meta property=\"article:modified_time\" content=\"2021-11-02T15:43:34+00:00\" \/>\n<meta property=\"og:image\" content=\"https:\/\/graef-gnu.com\/wp-content\/uploads\/gnu-strip-perftec-needle-tooth.jpg\" \/>\n\t<meta property=\"og:image:width\" content=\"890\" \/>\n\t<meta property=\"og:image:height\" content=\"300\" \/>\n\t<meta property=\"og:image:type\" content=\"image\/jpeg\" \/>\n<meta name=\"twitter:card\" content=\"summary_large_image\" \/>\n<script type=\"application\/ld+json\" class=\"yoast-schema-graph\">{\"@context\":\"https:\/\/schema.org\",\"@graph\":[{\"@type\":\"WebPage\",\"@id\":\"https:\/\/graef-gnu.com\/produkt\/striptec-perf-needle\/\",\"url\":\"https:\/\/graef-gnu.com\/produkt\/striptec-perf-needle\/\",\"name\":\"Striptec&reg;-Perf-Aiguille - August Graef GNU\",\"isPartOf\":{\"@id\":\"https:\/\/graef-gnu.com\/#website\"},\"primaryImageOfPage\":{\"@id\":\"https:\/\/graef-gnu.com\/produkt\/striptec-perf-needle\/#primaryimage\"},\"image\":{\"@id\":\"https:\/\/graef-gnu.com\/produkt\/striptec-perf-needle\/#primaryimage\"},\"thumbnailUrl\":\"https:\/\/graef-gnu.com\/wp-content\/uploads\/gnu-strip-perftec-needle-tooth.jpg\",\"datePublished\":\"2021-10-05T08:48:32+00:00\",\"dateModified\":\"2021-11-02T15:43:34+00:00\",\"description\":\"Ligne d'effeuillage perfor\u00e9e avec dent pointue pour les bo\u00eetes en carton particuli\u00e8rement compliqu\u00e9es et le carton ondul\u00e9 \u2705 Permet une prise s\u00fbre des d\u00e9chets de perforation \u2705 Demande ici !\",\"breadcrumb\":{\"@id\":\"https:\/\/graef-gnu.com\/produkt\/striptec-perf-needle\/#breadcrumb\"},\"inLanguage\":\"fr-FR\",\"potentialAction\":[{\"@type\":\"ReadAction\",\"target\":[\"https:\/\/graef-gnu.com\/produkt\/striptec-perf-needle\/\"]}]},{\"@type\":\"ImageObject\",\"inLanguage\":\"fr-FR\",\"@id\":\"https:\/\/graef-gnu.com\/produkt\/striptec-perf-needle\/#primaryimage\",\"url\":\"https:\/\/graef-gnu.com\/wp-content\/uploads\/gnu-strip-perftec-needle-tooth.jpg\",\"contentUrl\":\"https:\/\/graef-gnu.com\/wp-content\/uploads\/gnu-strip-perftec-needle-tooth.jpg\",\"width\":890,\"height\":300},{\"@type\":\"BreadcrumbList\",\"@id\":\"https:\/\/graef-gnu.com\/produkt\/striptec-perf-needle\/#breadcrumb\",\"itemListElement\":[{\"@type\":\"ListItem\",\"position\":1,\"name\":\"Startseite\",\"item\":\"https:\/\/graef-gnu.com\/fr\/\"},{\"@type\":\"ListItem\",\"position\":2,\"name\":\"Formes \u00e0 plat\",\"item\":\"https:\/\/graef-gnu.com\/fr\/formes-a-plat\/\"},{\"@type\":\"ListItem\",\"position\":3,\"name\":\"Striptec&reg;-Perf-Aiguille\"}]},{\"@type\":\"WebSite\",\"@id\":\"https:\/\/graef-gnu.com\/#website\",\"url\":\"https:\/\/graef-gnu.com\/\",\"name\":\"August Graef GNU\",\"description\":\"\",\"potentialAction\":[{\"@type\":\"SearchAction\",\"target\":{\"@type\":\"EntryPoint\",\"urlTemplate\":\"https:\/\/graef-gnu.com\/?s={search_term_string}\"},\"query-input\":\"required name=search_term_string\"}],\"inLanguage\":\"fr-FR\"}]}<\/script>\n<!-- \/ Yoast SEO plugin. -->","yoast_head_json":{"title":"Striptec&reg;-Perf-Aiguille - August Graef GNU","description":"Ligne d'effeuillage perfor\u00e9e avec dent pointue pour les bo\u00eetes en carton particuli\u00e8rement compliqu\u00e9es et le carton ondul\u00e9 \u2705 Permet une prise s\u00fbre des d\u00e9chets de perforation \u2705 Demande ici !","robots":{"index":"index","follow":"follow","max-snippet":"max-snippet:-1","max-image-preview":"max-image-preview:large","max-video-preview":"max-video-preview:-1"},"canonical":"https:\/\/graef-gnu.com\/produkt\/striptec-perf-needle\/","og_locale":"fr_FR","og_type":"article","og_title":"Striptec&reg;-Perf-Aiguille - August Graef GNU","og_description":"Ligne d'effeuillage perfor\u00e9e avec dent pointue pour les bo\u00eetes en carton particuli\u00e8rement compliqu\u00e9es et le carton ondul\u00e9 \u2705 Permet une prise s\u00fbre des d\u00e9chets de perforation \u2705 Demande ici !","og_url":"https:\/\/graef-gnu.com\/produkt\/striptec-perf-needle\/","og_site_name":"August Graef GNU","article_modified_time":"2021-11-02T15:43:34+00:00","og_image":[{"width":890,"height":300,"url":"https:\/\/graef-gnu.com\/wp-content\/uploads\/gnu-strip-perftec-needle-tooth.jpg","type":"image\/jpeg"}],"twitter_card":"summary_large_image","schema":{"@context":"https:\/\/schema.org","@graph":[{"@type":"WebPage","@id":"https:\/\/graef-gnu.com\/produkt\/striptec-perf-needle\/","url":"https:\/\/graef-gnu.com\/produkt\/striptec-perf-needle\/","name":"Striptec&reg;-Perf-Aiguille - August Graef GNU","isPartOf":{"@id":"https:\/\/graef-gnu.com\/#website"},"primaryImageOfPage":{"@id":"https:\/\/graef-gnu.com\/produkt\/striptec-perf-needle\/#primaryimage"},"image":{"@id":"https:\/\/graef-gnu.com\/produkt\/striptec-perf-needle\/#primaryimage"},"thumbnailUrl":"https:\/\/graef-gnu.com\/wp-content\/uploads\/gnu-strip-perftec-needle-tooth.jpg","datePublished":"2021-10-05T08:48:32+00:00","dateModified":"2021-11-02T15:43:34+00:00","description":"Ligne d'effeuillage perfor\u00e9e avec dent pointue pour les bo\u00eetes en carton particuli\u00e8rement compliqu\u00e9es et le carton ondul\u00e9 \u2705 Permet une prise s\u00fbre des d\u00e9chets de perforation \u2705 Demande ici !","breadcrumb":{"@id":"https:\/\/graef-gnu.com\/produkt\/striptec-perf-needle\/#breadcrumb"},"inLanguage":"fr-FR","potentialAction":[{"@type":"ReadAction","target":["https:\/\/graef-gnu.com\/produkt\/striptec-perf-needle\/"]}]},{"@type":"ImageObject","inLanguage":"fr-FR","@id":"https:\/\/graef-gnu.com\/produkt\/striptec-perf-needle\/#primaryimage","url":"https:\/\/graef-gnu.com\/wp-content\/uploads\/gnu-strip-perftec-needle-tooth.jpg","contentUrl":"https:\/\/graef-gnu.com\/wp-content\/uploads\/gnu-strip-perftec-needle-tooth.jpg","width":890,"height":300},{"@type":"BreadcrumbList","@id":"https:\/\/graef-gnu.com\/produkt\/striptec-perf-needle\/#breadcrumb","itemListElement":[{"@type":"ListItem","position":1,"name":"Startseite","item":"https:\/\/graef-gnu.com\/fr\/"},{"@type":"ListItem","position":2,"name":"Formes \u00e0 plat","item":"https:\/\/graef-gnu.com\/fr\/formes-a-plat\/"},{"@type":"ListItem","position":3,"name":"Striptec&reg;-Perf-Aiguille"}]},{"@type":"WebSite","@id":"https:\/\/graef-gnu.com\/#website","url":"https:\/\/graef-gnu.com\/","name":"August Graef GNU","description":"","potentialAction":[{"@type":"SearchAction","target":{"@type":"EntryPoint","urlTemplate":"https:\/\/graef-gnu.com\/?s={search_term_string}"},"query-input":"required name=search_term_string"}],"inLanguage":"fr-FR"}]}},"_links":{"self":[{"href":"https:\/\/graef-gnu.com\/fr\/wp-json\/wp\/v2\/product\/136092","targetHints":{"allow":["GET"]}}],"collection":[{"href":"https:\/\/graef-gnu.com\/fr\/wp-json\/wp\/v2\/product"}],"about":[{"href":"https:\/\/graef-gnu.com\/fr\/wp-json\/wp\/v2\/types\/product"}],"wp:featuredmedia":[{"embeddable":true,"href":"https:\/\/graef-gnu.com\/fr\/wp-json\/wp\/v2\/media\/133470"}],"wp:attachment":[{"href":"https:\/\/graef-gnu.com\/fr\/wp-json\/wp\/v2\/media?parent=136092"}],"wp:term":[{"taxonomy":"product_cat","embeddable":true,"href":"https:\/\/graef-gnu.com\/fr\/wp-json\/wp\/v2\/product_cat?post=136092"},{"taxonomy":"product_tag","embeddable":true,"href":"https:\/\/graef-gnu.com\/fr\/wp-json\/wp\/v2\/product_tag?post=136092"}],"curies":[{"name":"wp","href":"https:\/\/api.w.org\/{rel}","templated":true}]}}