{"id":136184,"date":"2021-04-24T11:33:39","date_gmt":"2021-10-05T08:48:42","guid":{"rendered":"https:\/\/www.graef-gnu.com\/produkt\/autofixe-gnu-cushioncrease\/"},"modified":"2021-10-27T16:01:27","modified_gmt":"2021-10-27T14:01:27","slug":"gnu-cushioncrease-autofix","status":"publish","type":"product","link":"https:\/\/graef-gnu.com\/fr\/produkt\/gnu-cushioncrease-autofix\/","title":{"rendered":"GNU CushionCrease Autofix"},"content":{"rendered":"<p>GNU CushionCrease permet de faciliter et de pr\u00e9parer de mani\u00e8re optimale le rainurage et le pliage ult\u00e9rieur en compressant de grandes surfaces. Gr\u00e2ce \u00e0 cette compression de grande surface et \u00e0 sa forme sp\u00e9ciale, ce produit est \u00e9galement adapt\u00e9 aux vagues multiples. Cette version auto-adh\u00e9sive d&#8217;Autofix a \u00e9t\u00e9 d\u00e9velopp\u00e9e dans le cadre d&#8217;un processus de production sp\u00e9cial,<br \/>\npour r\u00e9sister \u00e0 des charges permanentes maximales et r\u00e9pondre \u00e0 des exigences telles qu&#8217;une application et un retrait rapides et faciles. GNU CushionCrease est certifi\u00e9 s\u00fbr pour une utilisation dans la fabrication de cartons alimentaires pliants.<\/p>\n","protected":false},"excerpt":{"rendered":"<p>GNU CushionCrease permet de faciliter et de pr\u00e9parer de mani\u00e8re optimale le rainurage et le pliage ult\u00e9rieur en compressant de grandes surfaces. Gr\u00e2ce \u00e0 cette compression de grande surface et \u00e0 sa forme sp\u00e9ciale, ce produit est \u00e9galement adapt\u00e9 aux vagues multiples.<\/p>\n","protected":false},"featured_media":133888,"template":"","meta":{"_acf_changed":false},"product_cat":[6709],"product_tag":[],"class_list":{"0":"post-136184","1":"product","2":"type-product","3":"status-publish","4":"has-post-thumbnail","6":"product_group-profiles-fr","7":"product_cat-materiaux-dejection","8":"pa_ablaengung-rouleau","9":"pa_hoehe-100-mm-fr","10":"pa_hoehe-11-mm-fr","11":"pa_hoehe-45-mm-fr","12":"pa_hoehe-50-mm-fr-2","13":"pa_hoehe-55-mm-fr","14":"pa_hoehe-57-mm-fr","15":"pa_hoehe-6-mm-5-mm-fr","16":"pa_hoehe-60-mm-fr","17":"pa_hoehe-635-mm-fr","18":"pa_hoehe-699-mm-fr","19":"pa_hoehe-70-mm-fr","20":"pa_hoehe-75-mm-fr","21":"pa_hoehe-8-mm-7-mm-fr","22":"pa_hoehe-80-mm-fr","23":"pa_hoehe-85-mm-fr","24":"pa_hoehe-90-mm-fr","25":"pa_hoehe-94-mm-fr","26":"pa_hoehe-95-mm-fr","27":"pa_hoehe-965-mm-fr","28":"pa_hoehe-97-mm-fr","30":"first","31":"instock","32":"purchasable","33":"product-type-variable"},"acf":[],"yoast_head":"<!-- This site is optimized with the Yoast SEO plugin v22.6 - https:\/\/yoast.com\/wordpress\/plugins\/seo\/ -->\n<title>GNU CushionCrease Autofix - August Graef GNU<\/title>\n<meta name=\"description\" content=\"GNU CushionCrease Autofix \u25ba version autocollante \u2705 Diff\u00e9rentes hauteurs disponibles \u2705 Informez-vous ici !\" \/>\n<meta name=\"robots\" content=\"index, follow, max-snippet:-1, max-image-preview:large, max-video-preview:-1\" \/>\n<link rel=\"canonical\" href=\"https:\/\/graef-gnu.com\/produkt\/gnu-cushioncrease-autofix\/\" \/>\n<meta property=\"og:locale\" content=\"fr_FR\" \/>\n<meta property=\"og:type\" content=\"article\" \/>\n<meta property=\"og:title\" content=\"GNU CushionCrease Autofix - August Graef GNU\" \/>\n<meta property=\"og:description\" content=\"GNU CushionCrease Autofix \u25ba version autocollante \u2705 Diff\u00e9rentes hauteurs disponibles \u2705 Informez-vous ici !\" \/>\n<meta property=\"og:url\" content=\"https:\/\/graef-gnu.com\/produkt\/gnu-cushioncrease-autofix\/\" \/>\n<meta property=\"og:site_name\" content=\"August Graef GNU\" \/>\n<meta property=\"article:modified_time\" content=\"2021-10-27T14:01:27+00:00\" \/>\n<meta property=\"og:image\" content=\"https:\/\/graef-gnu.com\/wp-content\/uploads\/gnu_cushion_crease-1.jpg\" \/>\n\t<meta property=\"og:image:width\" content=\"890\" \/>\n\t<meta property=\"og:image:height\" content=\"300\" \/>\n\t<meta property=\"og:image:type\" content=\"image\/jpeg\" \/>\n<meta name=\"twitter:card\" content=\"summary_large_image\" \/>\n<meta name=\"twitter:label1\" content=\"Dur\u00e9e de lecture estim\u00e9e\" \/>\n\t<meta name=\"twitter:data1\" content=\"1 minute\" \/>\n<script type=\"application\/ld+json\" class=\"yoast-schema-graph\">{\"@context\":\"https:\/\/schema.org\",\"@graph\":[{\"@type\":\"WebPage\",\"@id\":\"https:\/\/graef-gnu.com\/produkt\/gnu-cushioncrease-autofix\/\",\"url\":\"https:\/\/graef-gnu.com\/produkt\/gnu-cushioncrease-autofix\/\",\"name\":\"GNU CushionCrease Autofix - August Graef GNU\",\"isPartOf\":{\"@id\":\"https:\/\/graef-gnu.com\/#website\"},\"primaryImageOfPage\":{\"@id\":\"https:\/\/graef-gnu.com\/produkt\/gnu-cushioncrease-autofix\/#primaryimage\"},\"image\":{\"@id\":\"https:\/\/graef-gnu.com\/produkt\/gnu-cushioncrease-autofix\/#primaryimage\"},\"thumbnailUrl\":\"https:\/\/graef-gnu.com\/wp-content\/uploads\/gnu_cushion_crease-1.jpg\",\"datePublished\":\"2021-10-05T08:48:42+00:00\",\"dateModified\":\"2021-10-27T14:01:27+00:00\",\"description\":\"GNU CushionCrease Autofix \u25ba version autocollante \u2705 Diff\u00e9rentes hauteurs disponibles \u2705 Informez-vous ici !\",\"breadcrumb\":{\"@id\":\"https:\/\/graef-gnu.com\/produkt\/gnu-cushioncrease-autofix\/#breadcrumb\"},\"inLanguage\":\"fr-FR\",\"potentialAction\":[{\"@type\":\"ReadAction\",\"target\":[\"https:\/\/graef-gnu.com\/produkt\/gnu-cushioncrease-autofix\/\"]}]},{\"@type\":\"ImageObject\",\"inLanguage\":\"fr-FR\",\"@id\":\"https:\/\/graef-gnu.com\/produkt\/gnu-cushioncrease-autofix\/#primaryimage\",\"url\":\"https:\/\/graef-gnu.com\/wp-content\/uploads\/gnu_cushion_crease-1.jpg\",\"contentUrl\":\"https:\/\/graef-gnu.com\/wp-content\/uploads\/gnu_cushion_crease-1.jpg\",\"width\":890,\"height\":300},{\"@type\":\"BreadcrumbList\",\"@id\":\"https:\/\/graef-gnu.com\/produkt\/gnu-cushioncrease-autofix\/#breadcrumb\",\"itemListElement\":[{\"@type\":\"ListItem\",\"position\":1,\"name\":\"Startseite\",\"item\":\"https:\/\/graef-gnu.com\/fr\/\"},{\"@type\":\"ListItem\",\"position\":2,\"name\":\"Formes \u00e0 plat\",\"item\":\"https:\/\/graef-gnu.com\/fr\/formes-a-plat\/\"},{\"@type\":\"ListItem\",\"position\":3,\"name\":\"GNU CushionCrease Autofix\"}]},{\"@type\":\"WebSite\",\"@id\":\"https:\/\/graef-gnu.com\/#website\",\"url\":\"https:\/\/graef-gnu.com\/\",\"name\":\"August Graef GNU\",\"description\":\"\",\"potentialAction\":[{\"@type\":\"SearchAction\",\"target\":{\"@type\":\"EntryPoint\",\"urlTemplate\":\"https:\/\/graef-gnu.com\/?s={search_term_string}\"},\"query-input\":\"required name=search_term_string\"}],\"inLanguage\":\"fr-FR\"}]}<\/script>\n<!-- \/ Yoast SEO plugin. -->","yoast_head_json":{"title":"GNU CushionCrease Autofix - August Graef GNU","description":"GNU CushionCrease Autofix \u25ba version autocollante \u2705 Diff\u00e9rentes hauteurs disponibles \u2705 Informez-vous ici !","robots":{"index":"index","follow":"follow","max-snippet":"max-snippet:-1","max-image-preview":"max-image-preview:large","max-video-preview":"max-video-preview:-1"},"canonical":"https:\/\/graef-gnu.com\/produkt\/gnu-cushioncrease-autofix\/","og_locale":"fr_FR","og_type":"article","og_title":"GNU CushionCrease Autofix - August Graef GNU","og_description":"GNU CushionCrease Autofix \u25ba version autocollante \u2705 Diff\u00e9rentes hauteurs disponibles \u2705 Informez-vous ici !","og_url":"https:\/\/graef-gnu.com\/produkt\/gnu-cushioncrease-autofix\/","og_site_name":"August Graef GNU","article_modified_time":"2021-10-27T14:01:27+00:00","og_image":[{"width":890,"height":300,"url":"https:\/\/graef-gnu.com\/wp-content\/uploads\/gnu_cushion_crease-1.jpg","type":"image\/jpeg"}],"twitter_card":"summary_large_image","twitter_misc":{"Dur\u00e9e de lecture estim\u00e9e":"1 minute"},"schema":{"@context":"https:\/\/schema.org","@graph":[{"@type":"WebPage","@id":"https:\/\/graef-gnu.com\/produkt\/gnu-cushioncrease-autofix\/","url":"https:\/\/graef-gnu.com\/produkt\/gnu-cushioncrease-autofix\/","name":"GNU CushionCrease Autofix - August Graef GNU","isPartOf":{"@id":"https:\/\/graef-gnu.com\/#website"},"primaryImageOfPage":{"@id":"https:\/\/graef-gnu.com\/produkt\/gnu-cushioncrease-autofix\/#primaryimage"},"image":{"@id":"https:\/\/graef-gnu.com\/produkt\/gnu-cushioncrease-autofix\/#primaryimage"},"thumbnailUrl":"https:\/\/graef-gnu.com\/wp-content\/uploads\/gnu_cushion_crease-1.jpg","datePublished":"2021-10-05T08:48:42+00:00","dateModified":"2021-10-27T14:01:27+00:00","description":"GNU CushionCrease Autofix \u25ba version autocollante \u2705 Diff\u00e9rentes hauteurs disponibles \u2705 Informez-vous ici !","breadcrumb":{"@id":"https:\/\/graef-gnu.com\/produkt\/gnu-cushioncrease-autofix\/#breadcrumb"},"inLanguage":"fr-FR","potentialAction":[{"@type":"ReadAction","target":["https:\/\/graef-gnu.com\/produkt\/gnu-cushioncrease-autofix\/"]}]},{"@type":"ImageObject","inLanguage":"fr-FR","@id":"https:\/\/graef-gnu.com\/produkt\/gnu-cushioncrease-autofix\/#primaryimage","url":"https:\/\/graef-gnu.com\/wp-content\/uploads\/gnu_cushion_crease-1.jpg","contentUrl":"https:\/\/graef-gnu.com\/wp-content\/uploads\/gnu_cushion_crease-1.jpg","width":890,"height":300},{"@type":"BreadcrumbList","@id":"https:\/\/graef-gnu.com\/produkt\/gnu-cushioncrease-autofix\/#breadcrumb","itemListElement":[{"@type":"ListItem","position":1,"name":"Startseite","item":"https:\/\/graef-gnu.com\/fr\/"},{"@type":"ListItem","position":2,"name":"Formes \u00e0 plat","item":"https:\/\/graef-gnu.com\/fr\/formes-a-plat\/"},{"@type":"ListItem","position":3,"name":"GNU CushionCrease Autofix"}]},{"@type":"WebSite","@id":"https:\/\/graef-gnu.com\/#website","url":"https:\/\/graef-gnu.com\/","name":"August Graef GNU","description":"","potentialAction":[{"@type":"SearchAction","target":{"@type":"EntryPoint","urlTemplate":"https:\/\/graef-gnu.com\/?s={search_term_string}"},"query-input":"required name=search_term_string"}],"inLanguage":"fr-FR"}]}},"_links":{"self":[{"href":"https:\/\/graef-gnu.com\/fr\/wp-json\/wp\/v2\/product\/136184","targetHints":{"allow":["GET"]}}],"collection":[{"href":"https:\/\/graef-gnu.com\/fr\/wp-json\/wp\/v2\/product"}],"about":[{"href":"https:\/\/graef-gnu.com\/fr\/wp-json\/wp\/v2\/types\/product"}],"wp:featuredmedia":[{"embeddable":true,"href":"https:\/\/graef-gnu.com\/fr\/wp-json\/wp\/v2\/media\/133888"}],"wp:attachment":[{"href":"https:\/\/graef-gnu.com\/fr\/wp-json\/wp\/v2\/media?parent=136184"}],"wp:term":[{"taxonomy":"product_cat","embeddable":true,"href":"https:\/\/graef-gnu.com\/fr\/wp-json\/wp\/v2\/product_cat?post=136184"},{"taxonomy":"product_tag","embeddable":true,"href":"https:\/\/graef-gnu.com\/fr\/wp-json\/wp\/v2\/product_tag?post=136184"}],"curies":[{"name":"wp","href":"https:\/\/api.w.org\/{rel}","templated":true}]}}