{"id":136277,"date":"2021-02-11T10:59:34","date_gmt":"2021-10-05T08:48:52","guid":{"rendered":"https:\/\/www.graef-gnu.com\/produkt\/gnu-serrated-r\/"},"modified":"2021-10-05T11:00:52","modified_gmt":"2021-10-05T09:00:52","slug":"gnu-serrated-r","status":"publish","type":"product","link":"https:\/\/graef-gnu.com\/fr\/produkt\/gnu-serrated-r\/","title":{"rendered":"GNU-Serrated R"},"content":{"rendered":"<p>Le R dentel\u00e9 est la ligne de coupe standard pour le poin\u00e7onnage rotatif. Il est tremp\u00e9 sur les bords et disponible en version double face et simple face. Disponible en 10, 12 et 20 tpi.<\/p>\n","protected":false},"excerpt":{"rendered":"<p>Le R dentel\u00e9 est la ligne de coupe standard pour le poin\u00e7onnage rotatif. Il est tremp\u00e9 sur les bords et disponible en version double face et simple face. Disponible en 10, 12 et 20 tpi.<\/p>\n","protected":false},"featured_media":132875,"template":"","meta":{"_acf_changed":false},"product_cat":[6717],"product_tag":[],"class_list":{"0":"post-136277","1":"product","2":"type-product","3":"status-publish","4":"has-post-thumbnail","6":"product_group-decouper","7":"product_cat-poinconnage-rotatif","8":"pa_ablaengung-a-1-m-fr","9":"pa_ablaengung-sur-lanneau","10":"pa_hoehe-200-mm-fr","11":"pa_hoehe-216-mm-fr","12":"pa_hoehe-218-mm-fr","13":"pa_hoehe-224-mm-fr","14":"pa_hoehe-230-mm-fr","15":"pa_hoehe-234-mm-fr","16":"pa_hoehe-238-mm-fr","17":"pa_hoehe-240-mm-fr","18":"pa_hoehe-244-mm-fr","19":"pa_hoehe-246-mm-fr","20":"pa_hoehe-2464-mm-fr","21":"pa_hoehe-248-mm-fr","22":"pa_hoehe-250-mm-fr","23":"pa_hoehe-251-mm-fr","24":"pa_hoehe-2514-mm-fr","25":"pa_hoehe-2515-mm-fr","26":"pa_hoehe-254-mm-fr","27":"pa_hoehe-256-mm-fr","28":"pa_hoehe-256-mm-fr-2","29":"pa_hoehe-258-mm-fr","30":"pa_hoehe-258-mm-fr-2","31":"pa_hoehe-259-mm-fr","32":"pa_hoehe-260-mm-fr","33":"pa_hoehe-261-mm-fr","34":"pa_hoehe-2616-mm-fr","35":"pa_hoehe-262-mm-fr","36":"pa_hoehe-264-mm-fr","37":"pa_hoehe-266-mm-fr","38":"pa_hoehe-270-mm-fr","39":"pa_hoehe-271-mm-fr","40":"pa_hoehe-274-mm-fr","41":"pa_hoehe-286-mm-fr","42":"pa_hoehe-288-mm-fr","43":"pa_hoehe-293-mm-fr","44":"pa_hoehe-294-mm-fr","45":"pa_hoehe-300-mm-fr","46":"pa_hoehe-3016-mm-fr","47":"pa_hoehe-305-mm-fr","48":"pa_hoehe-3125-mm-fr","49":"pa_hoehe-326-mm-fr","50":"pa_hoehe-336-mm-fr","51":"pa_hoehe-355-mm-fr","52":"pa_hoehe-390-mm-fr","53":"pa_nuten-avec-encoches","54":"pa_nuten-n-a-fr","55":"pa_staerke-breite-142-mm-fr","56":"pa_staerke-breite-20-mm-fr","57":"pa_wicklung-durchmesser-177-mm-fr","58":"pa_wicklung-durchmesser-270-mm-fr","59":"pa_wicklung-durchmesser-366-mm-fr","60":"pa_wicklung-durchmesser-487-mm-fr","61":"pa_wicklung-durchmesser-acw-560-mm-fr","62":"pa_wicklung-durchmesser-cw-560-mm-fr","63":"pa_wicklung-durchmesser-n-a-fr","64":"pa_zaehne-10-tpi-fr","65":"pa_zaehne-12-tpi-fr","66":"pa_zaehne-20-tpi-fr","68":"first","69":"instock","70":"purchasable","71":"product-type-variable"},"acf":[],"yoast_head":"<!-- This site is optimized with the Yoast SEO plugin v22.6 - https:\/\/yoast.com\/wordpress\/plugins\/seo\/ -->\n<title>GNU-Serrated R - August Graef GNU<\/title>\n<meta name=\"description\" content=\"Ligne de coupe standard pour le poin\u00e7onnage rotatif \u25ba tremp\u00e9 et disponible en version double face et simple face\u2705 en 10, 12 et 20 tpi\u2705 Renseignez-vous ici !\" \/>\n<meta name=\"robots\" content=\"index, follow, max-snippet:-1, max-image-preview:large, max-video-preview:-1\" \/>\n<link rel=\"canonical\" href=\"https:\/\/graef-gnu.com\/produkt\/gnu-serrated-r\/\" \/>\n<meta property=\"og:locale\" content=\"fr_FR\" \/>\n<meta property=\"og:type\" content=\"article\" \/>\n<meta property=\"og:title\" content=\"GNU-Serrated R - August Graef GNU\" \/>\n<meta property=\"og:description\" content=\"Ligne de coupe standard pour le poin\u00e7onnage rotatif \u25ba tremp\u00e9 et disponible en version double face et simple face\u2705 en 10, 12 et 20 tpi\u2705 Renseignez-vous ici !\" \/>\n<meta property=\"og:url\" content=\"https:\/\/graef-gnu.com\/produkt\/gnu-serrated-r\/\" \/>\n<meta property=\"og:site_name\" content=\"August Graef GNU\" \/>\n<meta property=\"article:modified_time\" content=\"2021-10-05T09:00:52+00:00\" \/>\n<meta property=\"og:image\" content=\"https:\/\/graef-gnu.com\/wp-content\/uploads\/gnu-doppelseit-ig-gezahnt-12tpi.jpg\" \/>\n\t<meta property=\"og:image:width\" content=\"890\" \/>\n\t<meta property=\"og:image:height\" content=\"300\" \/>\n\t<meta property=\"og:image:type\" content=\"image\/jpeg\" \/>\n<meta name=\"twitter:card\" content=\"summary_large_image\" \/>\n<script type=\"application\/ld+json\" class=\"yoast-schema-graph\">{\"@context\":\"https:\/\/schema.org\",\"@graph\":[{\"@type\":\"WebPage\",\"@id\":\"https:\/\/graef-gnu.com\/produkt\/gnu-serrated-r\/\",\"url\":\"https:\/\/graef-gnu.com\/produkt\/gnu-serrated-r\/\",\"name\":\"GNU-Serrated R - August Graef GNU\",\"isPartOf\":{\"@id\":\"https:\/\/graef-gnu.com\/#website\"},\"primaryImageOfPage\":{\"@id\":\"https:\/\/graef-gnu.com\/produkt\/gnu-serrated-r\/#primaryimage\"},\"image\":{\"@id\":\"https:\/\/graef-gnu.com\/produkt\/gnu-serrated-r\/#primaryimage\"},\"thumbnailUrl\":\"https:\/\/graef-gnu.com\/wp-content\/uploads\/gnu-doppelseit-ig-gezahnt-12tpi.jpg\",\"datePublished\":\"2021-10-05T08:48:52+00:00\",\"dateModified\":\"2021-10-05T09:00:52+00:00\",\"description\":\"Ligne de coupe standard pour le poin\u00e7onnage rotatif \u25ba tremp\u00e9 et disponible en version double face et simple face\u2705 en 10, 12 et 20 tpi\u2705 Renseignez-vous ici !\",\"breadcrumb\":{\"@id\":\"https:\/\/graef-gnu.com\/produkt\/gnu-serrated-r\/#breadcrumb\"},\"inLanguage\":\"fr-FR\",\"potentialAction\":[{\"@type\":\"ReadAction\",\"target\":[\"https:\/\/graef-gnu.com\/produkt\/gnu-serrated-r\/\"]}]},{\"@type\":\"ImageObject\",\"inLanguage\":\"fr-FR\",\"@id\":\"https:\/\/graef-gnu.com\/produkt\/gnu-serrated-r\/#primaryimage\",\"url\":\"https:\/\/graef-gnu.com\/wp-content\/uploads\/gnu-doppelseit-ig-gezahnt-12tpi.jpg\",\"contentUrl\":\"https:\/\/graef-gnu.com\/wp-content\/uploads\/gnu-doppelseit-ig-gezahnt-12tpi.jpg\",\"width\":890,\"height\":300},{\"@type\":\"BreadcrumbList\",\"@id\":\"https:\/\/graef-gnu.com\/produkt\/gnu-serrated-r\/#breadcrumb\",\"itemListElement\":[{\"@type\":\"ListItem\",\"position\":1,\"name\":\"Startseite\",\"item\":\"https:\/\/graef-gnu.com\/fr\/\"},{\"@type\":\"ListItem\",\"position\":2,\"name\":\"Formes \u00e0 plat\",\"item\":\"https:\/\/graef-gnu.com\/fr\/formes-a-plat\/\"},{\"@type\":\"ListItem\",\"position\":3,\"name\":\"GNU-Serrated R\"}]},{\"@type\":\"WebSite\",\"@id\":\"https:\/\/graef-gnu.com\/#website\",\"url\":\"https:\/\/graef-gnu.com\/\",\"name\":\"August Graef GNU\",\"description\":\"\",\"potentialAction\":[{\"@type\":\"SearchAction\",\"target\":{\"@type\":\"EntryPoint\",\"urlTemplate\":\"https:\/\/graef-gnu.com\/?s={search_term_string}\"},\"query-input\":\"required name=search_term_string\"}],\"inLanguage\":\"fr-FR\"}]}<\/script>\n<!-- \/ Yoast SEO plugin. -->","yoast_head_json":{"title":"GNU-Serrated R - August Graef GNU","description":"Ligne de coupe standard pour le poin\u00e7onnage rotatif \u25ba tremp\u00e9 et disponible en version double face et simple face\u2705 en 10, 12 et 20 tpi\u2705 Renseignez-vous ici !","robots":{"index":"index","follow":"follow","max-snippet":"max-snippet:-1","max-image-preview":"max-image-preview:large","max-video-preview":"max-video-preview:-1"},"canonical":"https:\/\/graef-gnu.com\/produkt\/gnu-serrated-r\/","og_locale":"fr_FR","og_type":"article","og_title":"GNU-Serrated R - August Graef GNU","og_description":"Ligne de coupe standard pour le poin\u00e7onnage rotatif \u25ba tremp\u00e9 et disponible en version double face et simple face\u2705 en 10, 12 et 20 tpi\u2705 Renseignez-vous ici !","og_url":"https:\/\/graef-gnu.com\/produkt\/gnu-serrated-r\/","og_site_name":"August Graef GNU","article_modified_time":"2021-10-05T09:00:52+00:00","og_image":[{"width":890,"height":300,"url":"https:\/\/graef-gnu.com\/wp-content\/uploads\/gnu-doppelseit-ig-gezahnt-12tpi.jpg","type":"image\/jpeg"}],"twitter_card":"summary_large_image","schema":{"@context":"https:\/\/schema.org","@graph":[{"@type":"WebPage","@id":"https:\/\/graef-gnu.com\/produkt\/gnu-serrated-r\/","url":"https:\/\/graef-gnu.com\/produkt\/gnu-serrated-r\/","name":"GNU-Serrated R - August Graef GNU","isPartOf":{"@id":"https:\/\/graef-gnu.com\/#website"},"primaryImageOfPage":{"@id":"https:\/\/graef-gnu.com\/produkt\/gnu-serrated-r\/#primaryimage"},"image":{"@id":"https:\/\/graef-gnu.com\/produkt\/gnu-serrated-r\/#primaryimage"},"thumbnailUrl":"https:\/\/graef-gnu.com\/wp-content\/uploads\/gnu-doppelseit-ig-gezahnt-12tpi.jpg","datePublished":"2021-10-05T08:48:52+00:00","dateModified":"2021-10-05T09:00:52+00:00","description":"Ligne de coupe standard pour le poin\u00e7onnage rotatif \u25ba tremp\u00e9 et disponible en version double face et simple face\u2705 en 10, 12 et 20 tpi\u2705 Renseignez-vous ici !","breadcrumb":{"@id":"https:\/\/graef-gnu.com\/produkt\/gnu-serrated-r\/#breadcrumb"},"inLanguage":"fr-FR","potentialAction":[{"@type":"ReadAction","target":["https:\/\/graef-gnu.com\/produkt\/gnu-serrated-r\/"]}]},{"@type":"ImageObject","inLanguage":"fr-FR","@id":"https:\/\/graef-gnu.com\/produkt\/gnu-serrated-r\/#primaryimage","url":"https:\/\/graef-gnu.com\/wp-content\/uploads\/gnu-doppelseit-ig-gezahnt-12tpi.jpg","contentUrl":"https:\/\/graef-gnu.com\/wp-content\/uploads\/gnu-doppelseit-ig-gezahnt-12tpi.jpg","width":890,"height":300},{"@type":"BreadcrumbList","@id":"https:\/\/graef-gnu.com\/produkt\/gnu-serrated-r\/#breadcrumb","itemListElement":[{"@type":"ListItem","position":1,"name":"Startseite","item":"https:\/\/graef-gnu.com\/fr\/"},{"@type":"ListItem","position":2,"name":"Formes \u00e0 plat","item":"https:\/\/graef-gnu.com\/fr\/formes-a-plat\/"},{"@type":"ListItem","position":3,"name":"GNU-Serrated R"}]},{"@type":"WebSite","@id":"https:\/\/graef-gnu.com\/#website","url":"https:\/\/graef-gnu.com\/","name":"August Graef GNU","description":"","potentialAction":[{"@type":"SearchAction","target":{"@type":"EntryPoint","urlTemplate":"https:\/\/graef-gnu.com\/?s={search_term_string}"},"query-input":"required name=search_term_string"}],"inLanguage":"fr-FR"}]}},"_links":{"self":[{"href":"https:\/\/graef-gnu.com\/fr\/wp-json\/wp\/v2\/product\/136277","targetHints":{"allow":["GET"]}}],"collection":[{"href":"https:\/\/graef-gnu.com\/fr\/wp-json\/wp\/v2\/product"}],"about":[{"href":"https:\/\/graef-gnu.com\/fr\/wp-json\/wp\/v2\/types\/product"}],"wp:featuredmedia":[{"embeddable":true,"href":"https:\/\/graef-gnu.com\/fr\/wp-json\/wp\/v2\/media\/132875"}],"wp:attachment":[{"href":"https:\/\/graef-gnu.com\/fr\/wp-json\/wp\/v2\/media?parent=136277"}],"wp:term":[{"taxonomy":"product_cat","embeddable":true,"href":"https:\/\/graef-gnu.com\/fr\/wp-json\/wp\/v2\/product_cat?post=136277"},{"taxonomy":"product_tag","embeddable":true,"href":"https:\/\/graef-gnu.com\/fr\/wp-json\/wp\/v2\/product_tag?post=136277"}],"curies":[{"name":"wp","href":"https:\/\/api.w.org\/{rel}","templated":true}]}}